{"id":217510,"date":"2025-09-02T12:00:51","date_gmt":"2025-09-02T12:00:51","guid":{"rendered":"https:\/\/homeofwool.com\/?post_type=product&#038;p=217510"},"modified":"2026-03-24T12:09:26","modified_gmt":"2026-03-24T12:09:26","slug":"wollstoff","status":"publish","type":"product","link":"https:\/\/homeofwool.com\/de\/shop\/wool-fabric\/","title":{"rendered":"100% Schurwollstoff"},"content":{"rendered":"<p>Unser Stoff aus reiner und unbehandelter Schurwolle 100% vereint Strapazierf\u00e4higkeit und Komfort. Er ist dicht und dennoch weich gewebt, f\u00fchlt sich angenehm auf der Haut an und ist gleichzeitig \u00e4u\u00dferst strapazierf\u00e4hig. Diese chemikalienfreie Wolle ist frei von Bleichmitteln, Farbstoffen oder anderen Veredelungen und so naturbelassen wie nur m\u00f6glich. Jede Bestellung wird auf Ma\u00df zugeschnitten, sodass Sie ein durchgehendes St\u00fcck Stoff erhalten, das genau auf Ihre Bed\u00fcrfnisse zugeschnitten ist.<\/p>\n<p>Wolle zeichnet sich dadurch aus, dass sie sich so angenehm anf\u00fchlt, dass sie perfekt zum t\u00e4glichen Komfort passt. Dieses atmungsaktive Wollgewebe kann bis zu 30% seines Gewichts an Feuchtigkeit aufnehmen, ohne sich jemals feucht anzuf\u00fchlen. Der Stoff f\u00fchlt sich frisch an und ist niemals klamm. Au\u00dferdem ist er von Natur aus flexibel. Er passt sich Ihrer K\u00f6rpertemperatur und der Jahreszeit an. Im Winter warm und im Sommer atmungsaktiv. Immer nat\u00fcrlich resistent gegen Hausstaubmilben.<\/p>\n<p>Ob Sie nun einen Matratzenbezug aus Wolle oder nat\u00fcrliche Wolle f\u00fcr Kissen ben\u00f6tigen, dieser Stoff ist die perfekte Wahl. Er ist der beste umweltfreundliche Wollstoff f\u00fcr Ihre Heimprojekte.<\/p>","protected":false},"excerpt":{"rendered":"<p>Dieser Stoff aus Bio-Wolle ist weich, dicht und v\u00f6llig unbehandelt. Mit 440 g\/m\u00b2 und einer Breite von 150 cm (59\u2033) ist er aus reiner Schurwolle gewebt und bietet eine nat\u00fcrlich atmungsaktive Oberfl\u00e4che, die zu jeder Jahreszeit bequem bleibt. Perfekt f\u00fcr Wolle f\u00fcr Bettw\u00e4sche, Kissenprojekte oder einen individuellen Matratzenbezug aus Wolle.<\/p>\n<div class=\"global-icon-set\">\n<div class=\"global-icon-set__items\">\n<div class=\"global-icon-set__item\">\n<div class=\"global-icon-set__image\">\n                                    <img decoding=\"async\" src=\"https:\/\/homeofwool.com\/wp-content\/uploads\/2025\/09\/VOCs-min-300x300.png\" alt=\"vocs frei\" \/>\n                                <\/div>\n<div class=\"global-icon-set__title\">VOC-frei<\/div>\n<\/p><\/div>\n<div class=\"global-icon-set__item\">\n<div class=\"global-icon-set__image\">\n                                    <img decoding=\"async\" src=\"https:\/\/homeofwool.com\/wp-content\/uploads\/2025\/09\/FR-min-300x300.png\" alt=\"feuerfestes Symbol\" \/>\n                                <\/div>\n<div class=\"global-icon-set__title\">Schwer entflammbar<\/div>\n<\/p><\/div>\n<div class=\"global-icon-set__item\">\n<div class=\"global-icon-set__image\">\n                                    <img decoding=\"async\" src=\"https:\/\/homeofwool.com\/wp-content\/uploads\/2025\/09\/Hypoallergenic-min-300x300.png\" alt=\"hypoallergenes Symbol\" \/>\n                                <\/div>\n<div class=\"global-icon-set__title\">Hypoallergen<\/div>\n<\/p><\/div>\n<div class=\"global-icon-set__item\">\n<div class=\"global-icon-set__image\">\n                                    <img decoding=\"async\" src=\"https:\/\/homeofwool.com\/wp-content\/uploads\/2025\/09\/free-of-synthetics-icon-300x300.png\" alt=\"frei von synthetischen Stoffen Symbol\" \/>\n                                <\/div>\n<div class=\"global-icon-set__title\">Frei von synthetischen Stoffen<\/div>\n<\/p><\/div>\n<div class=\"global-icon-set__item\">\n<div class=\"global-icon-set__image\">\n                                    <img decoding=\"async\" src=\"https:\/\/homeofwool.com\/wp-content\/uploads\/2025\/09\/chemical-free-icon-300x300.png\" alt=\"Symbol f\u00fcr Chemikalienfreiheit\" \/>\n                                <\/div>\n<div class=\"global-icon-set__title\">Chemikalienfrei<\/div>\n<\/p><\/div>\n<div class=\"global-icon-set__item\">\n<div class=\"global-icon-set__image\">\n                                    <img decoding=\"async\" src=\"https:\/\/homeofwool.com\/wp-content\/uploads\/2025\/09\/anti-bacterial-icon-300x300.png\" alt=\"antibakterielles Symbol\" \/>\n                                <\/div>\n<div class=\"global-icon-set__title\">Anti-mikrobiell &amp; Anti-bakteriell<\/div>\n<\/p><\/div>\n<\/p><\/div>\n<\/p><\/div>","protected":false},"featured_media":219189,"template":"","meta":{"_acf_changed":false},"product_brand":[],"product_cat":[25],"product_tag":[107,108,109,110],"class_list":{"0":"post-217510","1":"product","2":"type-product","3":"status-publish","4":"has-post-thumbnail","6":"product_cat-wool-fabrics-batting","7":"product_tag-pure-wool-fabric","8":"product_tag-wool-fabric-by-the-yard","9":"product_tag-wool-fabric-for-applique","10":"product_tag-wool-upholstery-fabric","12":"first","13":"instock","14":"shipping-taxable","15":"purchasable","16":"product-type-variable"},"acf":[],"yoast_head":"<!-- This site is optimized with the Yoast SEO Premium plugin v27.3 (Yoast SEO v27.3) - https:\/\/yoast.com\/product\/yoast-seo-premium-wordpress\/ -->\n<title>Virgin Wool Fabric \u2013 Organic &amp; Breathable, Cut-to-size | Home of Wool<\/title>\n<meta name=\"description\" content=\"Made from organic virgin wool, this durable, breathable fabric is perfect for bedding, mattress covers, pillows, and more. Free of chemicals. Cut to size.\" \/>\n<meta name=\"robots\" content=\"index, follow, max-snippet:-1, max-image-preview:large, max-video-preview:-1\" \/>\n<link rel=\"canonical\" href=\"https:\/\/homeofwool.com\/de\/shop\/wollstoff\/\" \/>\n<meta property=\"og:locale\" content=\"de_DE\" \/>\n<meta property=\"og:type\" content=\"article\" \/>\n<meta property=\"og:title\" content=\"100% Virgin Wool Fabric\" \/>\n<meta property=\"og:description\" content=\"Made from organic virgin wool, this durable, breathable fabric is perfect for bedding, mattress covers, pillows, and more. Free of chemicals. Cut to size.\" \/>\n<meta property=\"og:url\" content=\"https:\/\/homeofwool.com\/de\/shop\/wollstoff\/\" \/>\n<meta property=\"og:site_name\" content=\"Home of Wool\" \/>\n<meta property=\"article:publisher\" content=\"https:\/\/facebook.com\/HomeOfWoolOfficial\" \/>\n<meta property=\"article:modified_time\" content=\"2026-03-24T12:09:26+00:00\" \/>\n<meta property=\"og:image\" content=\"https:\/\/homeofwool.com\/wp-content\/uploads\/2025\/09\/home-of-wool-100-virgin-wool-fabric-1-main.jpg\" \/>\n\t<meta property=\"og:image:width\" content=\"2000\" \/>\n\t<meta property=\"og:image:height\" content=\"1599\" \/>\n\t<meta property=\"og:image:type\" content=\"image\/jpeg\" \/>\n<meta name=\"twitter:card\" content=\"summary_large_image\" \/>\n<meta name=\"twitter:label1\" content=\"Gesch\u00e4tzte Lesezeit\" \/>\n\t<meta name=\"twitter:data1\" content=\"1\u00a0Minute\" \/>\n<script type=\"application\/ld+json\" class=\"yoast-schema-graph\">{\"@context\":\"https:\\\/\\\/schema.org\",\"@graph\":[{\"@type\":\"WebPage\",\"@id\":\"https:\\\/\\\/homeofwool.com\\\/shop\\\/wool-fabric\\\/\",\"url\":\"https:\\\/\\\/homeofwool.com\\\/shop\\\/wool-fabric\\\/\",\"name\":\"Virgin Wool Fabric \u2013 Organic & Breathable, Cut-to-size | Home of Wool\",\"isPartOf\":{\"@id\":\"https:\\\/\\\/homeofwool.com\\\/#website\"},\"primaryImageOfPage\":{\"@id\":\"https:\\\/\\\/homeofwool.com\\\/shop\\\/wool-fabric\\\/#primaryimage\"},\"image\":{\"@id\":\"https:\\\/\\\/homeofwool.com\\\/shop\\\/wool-fabric\\\/#primaryimage\"},\"thumbnailUrl\":\"https:\\\/\\\/homeofwool.com\\\/wp-content\\\/uploads\\\/2025\\\/09\\\/home-of-wool-100-virgin-wool-fabric-1-main.jpg\",\"datePublished\":\"2025-09-02T12:00:51+00:00\",\"dateModified\":\"2026-03-24T12:09:26+00:00\",\"description\":\"Made from organic virgin wool, this durable, breathable fabric is perfect for bedding, mattress covers, pillows, and more. Free of chemicals. Cut to size.\",\"breadcrumb\":{\"@id\":\"https:\\\/\\\/homeofwool.com\\\/shop\\\/wool-fabric\\\/#breadcrumb\"},\"inLanguage\":\"de\",\"potentialAction\":[{\"@type\":\"ReadAction\",\"target\":[\"https:\\\/\\\/homeofwool.com\\\/shop\\\/wool-fabric\\\/\"]}]},{\"@type\":\"ImageObject\",\"inLanguage\":\"de\",\"@id\":\"https:\\\/\\\/homeofwool.com\\\/shop\\\/wool-fabric\\\/#primaryimage\",\"url\":\"https:\\\/\\\/homeofwool.com\\\/wp-content\\\/uploads\\\/2025\\\/09\\\/home-of-wool-100-virgin-wool-fabric-1-main.jpg\",\"contentUrl\":\"https:\\\/\\\/homeofwool.com\\\/wp-content\\\/uploads\\\/2025\\\/09\\\/home-of-wool-100-virgin-wool-fabric-1-main.jpg\",\"width\":2000,\"height\":1599,\"caption\":\"close up of 100% virgin wool fabric\"},{\"@type\":\"BreadcrumbList\",\"@id\":\"https:\\\/\\\/homeofwool.com\\\/shop\\\/wool-fabric\\\/#breadcrumb\",\"itemListElement\":[{\"@type\":\"ListItem\",\"position\":1,\"name\":\"Home\",\"item\":\"https:\\\/\\\/homeofwool.com\\\/\"},{\"@type\":\"ListItem\",\"position\":2,\"name\":\"Products\",\"item\":\"https:\\\/\\\/homeofwool.com\\\/header-search-2\\\/\"},{\"@type\":\"ListItem\",\"position\":3,\"name\":\"100% Virgin Wool Fabric\"}]},{\"@type\":\"WebSite\",\"@id\":\"https:\\\/\\\/homeofwool.com\\\/#website\",\"url\":\"https:\\\/\\\/homeofwool.com\\\/\",\"name\":\"Home of Wool\",\"description\":\"\",\"publisher\":{\"@id\":\"https:\\\/\\\/homeofwool.com\\\/#organization\"},\"potentialAction\":[{\"@type\":\"SearchAction\",\"target\":{\"@type\":\"EntryPoint\",\"urlTemplate\":\"https:\\\/\\\/homeofwool.com\\\/?s={search_term_string}\"},\"query-input\":{\"@type\":\"PropertyValueSpecification\",\"valueRequired\":true,\"valueName\":\"search_term_string\"}}],\"inLanguage\":\"de\"},{\"@type\":\"Organization\",\"@id\":\"https:\\\/\\\/homeofwool.com\\\/#organization\",\"name\":\"Home of Wool\",\"url\":\"https:\\\/\\\/homeofwool.com\\\/\",\"logo\":{\"@type\":\"ImageObject\",\"inLanguage\":\"de\",\"@id\":\"https:\\\/\\\/homeofwool.com\\\/#\\\/schema\\\/logo\\\/image\\\/\",\"url\":\"https:\\\/\\\/homeofwool.com\\\/wp-content\\\/uploads\\\/2025\\\/09\\\/WhatsApp-Image-2025-12-02-at-16.23.20.jpeg\",\"contentUrl\":\"https:\\\/\\\/homeofwool.com\\\/wp-content\\\/uploads\\\/2025\\\/09\\\/WhatsApp-Image-2025-12-02-at-16.23.20.jpeg\",\"width\":700,\"height\":247,\"caption\":\"Home of Wool\"},\"image\":{\"@id\":\"https:\\\/\\\/homeofwool.com\\\/#\\\/schema\\\/logo\\\/image\\\/\"},\"sameAs\":[\"https:\\\/\\\/facebook.com\\\/HomeOfWoolOfficial\"]}]}<\/script>\n<!-- \/ Yoast SEO Premium plugin. -->","yoast_head_json":{"title":"Schurwollstoff \u2013 Bio &amp; atmungsaktiv, nach Ma\u00df zugeschnitten | Home of Wool","description":"Dieser strapazierf\u00e4hige, atmungsaktive Stoff aus biologischer Schurwolle eignet sich perfekt f\u00fcr Bettw\u00e4sche, Matratzenbez\u00fcge, Kissen und vieles mehr. Frei von Chemikalien. Nach Ma\u00df zugeschnitten.","robots":{"index":"index","follow":"follow","max-snippet":"max-snippet:-1","max-image-preview":"max-image-preview:large","max-video-preview":"max-video-preview:-1"},"canonical":"https:\/\/homeofwool.com\/de\/shop\/wollstoff\/","og_locale":"de_DE","og_type":"article","og_title":"100% Virgin Wool Fabric","og_description":"Made from organic virgin wool, this durable, breathable fabric is perfect for bedding, mattress covers, pillows, and more. Free of chemicals. Cut to size.","og_url":"https:\/\/homeofwool.com\/de\/shop\/wollstoff\/","og_site_name":"Home of Wool","article_publisher":"https:\/\/facebook.com\/HomeOfWoolOfficial","article_modified_time":"2026-03-24T12:09:26+00:00","og_image":[{"width":2000,"height":1599,"url":"https:\/\/homeofwool.com\/wp-content\/uploads\/2025\/09\/home-of-wool-100-virgin-wool-fabric-1-main.jpg","type":"image\/jpeg"}],"twitter_card":"summary_large_image","twitter_misc":{"Gesch\u00e4tzte Lesezeit":"1\u00a0Minute"},"schema":{"@context":"https:\/\/schema.org","@graph":[{"@type":"WebPage","@id":"https:\/\/homeofwool.com\/shop\/wool-fabric\/","url":"https:\/\/homeofwool.com\/shop\/wool-fabric\/","name":"Schurwollstoff \u2013 Bio &amp; atmungsaktiv, nach Ma\u00df zugeschnitten | Home of Wool","isPartOf":{"@id":"https:\/\/homeofwool.com\/#website"},"primaryImageOfPage":{"@id":"https:\/\/homeofwool.com\/shop\/wool-fabric\/#primaryimage"},"image":{"@id":"https:\/\/homeofwool.com\/shop\/wool-fabric\/#primaryimage"},"thumbnailUrl":"https:\/\/homeofwool.com\/wp-content\/uploads\/2025\/09\/home-of-wool-100-virgin-wool-fabric-1-main.jpg","datePublished":"2025-09-02T12:00:51+00:00","dateModified":"2026-03-24T12:09:26+00:00","description":"Dieser strapazierf\u00e4hige, atmungsaktive Stoff aus biologischer Schurwolle eignet sich perfekt f\u00fcr Bettw\u00e4sche, Matratzenbez\u00fcge, Kissen und vieles mehr. Frei von Chemikalien. Nach Ma\u00df zugeschnitten.","breadcrumb":{"@id":"https:\/\/homeofwool.com\/shop\/wool-fabric\/#breadcrumb"},"inLanguage":"de","potentialAction":[{"@type":"ReadAction","target":["https:\/\/homeofwool.com\/shop\/wool-fabric\/"]}]},{"@type":"ImageObject","inLanguage":"de","@id":"https:\/\/homeofwool.com\/shop\/wool-fabric\/#primaryimage","url":"https:\/\/homeofwool.com\/wp-content\/uploads\/2025\/09\/home-of-wool-100-virgin-wool-fabric-1-main.jpg","contentUrl":"https:\/\/homeofwool.com\/wp-content\/uploads\/2025\/09\/home-of-wool-100-virgin-wool-fabric-1-main.jpg","width":2000,"height":1599,"caption":"close up of 100% virgin wool fabric"},{"@type":"BreadcrumbList","@id":"https:\/\/homeofwool.com\/shop\/wool-fabric\/#breadcrumb","itemListElement":[{"@type":"ListItem","position":1,"name":"Home","item":"https:\/\/homeofwool.com\/"},{"@type":"ListItem","position":2,"name":"Products","item":"https:\/\/homeofwool.com\/header-search-2\/"},{"@type":"ListItem","position":3,"name":"100% Virgin Wool Fabric"}]},{"@type":"WebSite","@id":"https:\/\/homeofwool.com\/#website","url":"https:\/\/homeofwool.com\/","name":"Heimat der Wolle","description":"","publisher":{"@id":"https:\/\/homeofwool.com\/#organization"},"potentialAction":[{"@type":"SearchAction","target":{"@type":"EntryPoint","urlTemplate":"https:\/\/homeofwool.com\/?s={search_term_string}"},"query-input":{"@type":"PropertyValueSpecification","valueRequired":true,"valueName":"search_term_string"}}],"inLanguage":"de"},{"@type":"Organization","@id":"https:\/\/homeofwool.com\/#organization","name":"Heimat der Wolle","url":"https:\/\/homeofwool.com\/","logo":{"@type":"ImageObject","inLanguage":"de","@id":"https:\/\/homeofwool.com\/#\/schema\/logo\/image\/","url":"https:\/\/homeofwool.com\/wp-content\/uploads\/2025\/09\/WhatsApp-Image-2025-12-02-at-16.23.20.jpeg","contentUrl":"https:\/\/homeofwool.com\/wp-content\/uploads\/2025\/09\/WhatsApp-Image-2025-12-02-at-16.23.20.jpeg","width":700,"height":247,"caption":"Home of Wool"},"image":{"@id":"https:\/\/homeofwool.com\/#\/schema\/logo\/image\/"},"sameAs":["https:\/\/facebook.com\/HomeOfWoolOfficial"]}]}},"_links":{"self":[{"href":"https:\/\/homeofwool.com\/de\/wp-json\/wp\/v2\/product\/217510","targetHints":{"allow":["GET"]}}],"collection":[{"href":"https:\/\/homeofwool.com\/de\/wp-json\/wp\/v2\/product"}],"about":[{"href":"https:\/\/homeofwool.com\/de\/wp-json\/wp\/v2\/types\/product"}],"version-history":[{"count":2,"href":"https:\/\/homeofwool.com\/de\/wp-json\/wp\/v2\/product\/217510\/revisions"}],"predecessor-version":[{"id":229008,"href":"https:\/\/homeofwool.com\/de\/wp-json\/wp\/v2\/product\/217510\/revisions\/229008"}],"wp:featuredmedia":[{"embeddable":true,"href":"https:\/\/homeofwool.com\/de\/wp-json\/wp\/v2\/media\/219189"}],"wp:attachment":[{"href":"https:\/\/homeofwool.com\/de\/wp-json\/wp\/v2\/media?parent=217510"}],"wp:term":[{"taxonomy":"product_brand","embeddable":true,"href":"https:\/\/homeofwool.com\/de\/wp-json\/wp\/v2\/product_brand?post=217510"},{"taxonomy":"product_cat","embeddable":true,"href":"https:\/\/homeofwool.com\/de\/wp-json\/wp\/v2\/product_cat?post=217510"},{"taxonomy":"product_tag","embeddable":true,"href":"https:\/\/homeofwool.com\/de\/wp-json\/wp\/v2\/product_tag?post=217510"}],"curies":[{"name":"wp","href":"https:\/\/api.w.org\/{rel}","templated":true}]}}