{"id":217509,"date":"2025-09-02T12:00:51","date_gmt":"2025-09-02T12:00:51","guid":{"rendered":"https:\/\/homeofwool.com\/?post_type=product&#038;p=217509"},"modified":"2025-10-23T10:23:59","modified_gmt":"2025-10-23T10:23:59","slug":"grau-gestreifter-leinenstoff","status":"publish","type":"product","link":"https:\/\/homeofwool.com\/de\/shop\/grey-striped-linen-fabric\/","title":{"rendered":"Grau gestreifter Leinenstoff"},"content":{"rendered":"<p>Unser grau gestreifter Leinenstoff ist eine gute Wahl f\u00fcr alle, die Sch\u00f6nheit, Gesundheit und Nachhaltigkeit in ihrem Zuhause suchen. Dieser aus reinen Flachsfasern hergestellte, OEKO-TEX-zertifizierte Stoff ist v\u00f6llig frei von Beschichtungen, Ausr\u00fcstungen oder sch\u00e4dlichen Chemikalien. Die dezenten grauen Streifen sorgen f\u00fcr ein zeitloses Detail, das zu fast jeder Einrichtung passt. Luftig und angenehm k\u00fchl ist er perfekt f\u00fcr alle Jahreszeiten.<\/p>\n<p>Dieses chemikalienfreie Leinen ist nicht nur sicher f\u00fcr empfindliche Haut, sondern auch hypoallergen und somit eine ausgezeichnete Wahl f\u00fcr Familien mit Allergien oder Asthma. Leinen ist robust genug f\u00fcr den t\u00e4glichen Gebrauch. Es ist strapazierf\u00e4hig genug f\u00fcr Polsterungen. Perfekt auch f\u00fcr Kissenbez\u00fcge und Vorh\u00e4nge. Mit der Zeit wird es weicher, beh\u00e4lt aber seine Form, sodass Ihre St\u00fccke \u00fcber Jahre hinweg sch\u00f6n bleiben.<\/p>\n<p>Wir bieten diesen ma\u00dfgeschneiderten Leinenstoff in durchgehenden L\u00e4ngen an, sodass Sie genau die Menge bestellen k\u00f6nnen, die Sie f\u00fcr Ihr Projekt ben\u00f6tigen, ohne dass Material verschwendet wird. Da es sich um einen ungef\u00e4rbten und ungebleichten Leinenstoff handelt, strahlt er den ruhigen Charme des nat\u00fcrlichen Lebens aus.<\/p>\n<p><strong>SCHRUMPFLUNG<\/strong> (nach dem Waschen):<br \/>\nL\u00e4ngs: 5%<br \/>\nBreite: 0%<\/p>\n<p>Waschen Sie das Produkt im Schonwaschgang mit einem milden Waschmittel ohne Aufheller. Da es sich um einen nat\u00fcrlichen Stoff handelt, wird er beim Waschen knittern.<\/p>\n<p><strong>VORTEILE VON LEINEN<\/strong><\/p>\n<p>Leinen ist wie kein anderer Stoff fleckenresistent, sodass es sehr leicht sauber zu halten ist. Leinen ist bei weitem unser strapazierf\u00e4higster Stoff, viel haltbarer und widerstandsf\u00e4higer als Baumwolle. Au\u00dferdem ist Leinen \u00e4u\u00dferst schimmelresistent.<\/p>\n<ul>\n<li>Leinen ist 30% st\u00e4rker als Baumwolle.<\/li>\n<li>Stark schmutzabweisend<\/li>\n<li>Hat eine hohe Feuchtigkeitsaufnahmef\u00e4higkeit<\/li>\n<li>Hypoallergen<\/li>\n<li>Hoch atmungsaktiv<\/li>\n<li>Strukturell stabile Fasern, damit Produkte ihre Form behalten<\/li>\n<li>Umweltfreundlich \u2013 weniger Wasser und Chemikalien f\u00fcr den Anbau<\/li>\n<\/ul>","protected":false},"excerpt":{"rendered":"<p>Bringen Sie zeitlose Eleganz in Ihr Zuhause mit unserem grau gestreiften Leinen. Dieser nat\u00fcrliche Leinenstoff ist OEKO-TEX-zertifiziert, frei von Giftstoffen und auf Festigkeit und Langlebigkeit gewebt. Er eignet sich perfekt f\u00fcr Polster, Bettw\u00e4sche oder Alltagsprojekte und ist ein sicheres, umweltfreundliches Leinen, das genauso gut aussieht, wie es sich anf\u00fchlt.<\/p>\n<div class=\"global-icon-set\">\n<div class=\"global-icon-set__items\">\n<div class=\"global-icon-set__item\">\n<div class=\"global-icon-set__image\">\n                                    <img decoding=\"async\" src=\"https:\/\/homeofwool.com\/wp-content\/uploads\/2025\/09\/VOCs-min-300x300.png\" alt=\"vocs frei\" \/>\n                                <\/div>\n<div class=\"global-icon-set__title\">VOC-frei<\/div>\n<\/p><\/div>\n<div class=\"global-icon-set__item\">\n<div class=\"global-icon-set__image\">\n                                    <img decoding=\"async\" src=\"https:\/\/homeofwool.com\/wp-content\/uploads\/2025\/09\/Hypoallergenic-min-300x300.png\" alt=\"hypoallergenes Symbol\" \/>\n                                <\/div>\n<div class=\"global-icon-set__title\">Hypoallergen<\/div>\n<\/p><\/div>\n<div class=\"global-icon-set__item\">\n<div class=\"global-icon-set__image\">\n                                    <img decoding=\"async\" src=\"https:\/\/homeofwool.com\/wp-content\/uploads\/2025\/09\/free-of-synthetics-icon-300x300.png\" alt=\"frei von synthetischen Stoffen Symbol\" \/>\n                                <\/div>\n<div class=\"global-icon-set__title\">Frei von synthetischen Stoffen<\/div>\n<\/p><\/div>\n<div class=\"global-icon-set__item\">\n<div class=\"global-icon-set__image\">\n                                    <img decoding=\"async\" src=\"https:\/\/homeofwool.com\/wp-content\/uploads\/2025\/09\/chemical-free-icon-300x300.png\" alt=\"Symbol f\u00fcr Chemikalienfreiheit\" \/>\n                                <\/div>\n<div class=\"global-icon-set__title\">Chemikalienfrei<\/div>\n<\/p><\/div>\n<\/p><\/div>\n<\/p><\/div>","protected":false},"featured_media":222995,"template":"","meta":{"_acf_changed":false},"product_brand":[],"product_cat":[25],"product_tag":[85,86,87,88,90,96,91,92,93,97,94,98,95],"class_list":{"0":"post-217509","1":"product","2":"type-product","3":"status-publish","4":"has-post-thumbnail","6":"product_cat-wool-fabrics-batting","7":"product_tag-craft-supplies","8":"product_tag-eco-friendly-textile","9":"product_tag-flax-linen-fabric","10":"product_tag-flax-linen-fabric-by-the-yard-or-meter","11":"product_tag-linen-fabric","12":"product_tag-linen-fabric-with-stripes","13":"product_tag-natural-linen","14":"product_tag-prewashed-linen","15":"product_tag-pure-flax-linen","16":"product_tag-pure-linen","17":"product_tag-sewing-supply","18":"product_tag-striped-linen-fabric","19":"product_tag-undyed-fibers","21":"first","22":"instock","23":"shipping-taxable","24":"purchasable","25":"product-type-variable"},"acf":[],"yoast_head":"<!-- This site is optimized with the Yoast SEO Premium plugin v27.4 (Yoast SEO v27.4) - https:\/\/yoast.com\/product\/yoast-seo-premium-wordpress\/ -->\n<title>100% Linen Fabric with Grey Stripes \u2013 Certified &amp; Durable | Home of Wool<\/title>\n<meta name=\"description\" content=\"OEKO-TEX linen fabric with subtle grey stripes, eco-friendly, breathable, and long-lasting. Perfect for upholstery, safe DIY projects, and timeless home d\u00e9cor.\" \/>\n<meta name=\"robots\" content=\"index, follow, max-snippet:-1, max-image-preview:large, max-video-preview:-1\" \/>\n<link rel=\"canonical\" href=\"https:\/\/homeofwool.com\/de\/shop\/grau-gestreifter-leinenstoff\/\" \/>\n<meta property=\"og:locale\" content=\"de_DE\" \/>\n<meta property=\"og:type\" content=\"article\" \/>\n<meta property=\"og:title\" content=\"Grey Striped Linen Fabric\" \/>\n<meta property=\"og:description\" content=\"OEKO-TEX linen fabric with subtle grey stripes, eco-friendly, breathable, and long-lasting. Perfect for upholstery, safe DIY projects, and timeless home d\u00e9cor.\" \/>\n<meta property=\"og:url\" content=\"https:\/\/homeofwool.com\/de\/shop\/grau-gestreifter-leinenstoff\/\" \/>\n<meta property=\"og:site_name\" content=\"Home of Wool\" \/>\n<meta property=\"article:publisher\" content=\"https:\/\/facebook.com\/HomeOfWoolOfficial\" \/>\n<meta property=\"article:modified_time\" content=\"2025-10-23T10:23:59+00:00\" \/>\n<meta property=\"og:image\" content=\"https:\/\/homeofwool.com\/wp-content\/uploads\/2025\/09\/home-of-wool-grey-striped-linen-fabric-6.jpg\" \/>\n\t<meta property=\"og:image:width\" content=\"2000\" \/>\n\t<meta property=\"og:image:height\" content=\"1600\" \/>\n\t<meta property=\"og:image:type\" content=\"image\/jpeg\" \/>\n<meta name=\"twitter:card\" content=\"summary_large_image\" \/>\n<meta name=\"twitter:label1\" content=\"Gesch\u00e4tzte Lesezeit\" \/>\n\t<meta name=\"twitter:data1\" content=\"2\u00a0Minuten\" \/>\n<script type=\"application\/ld+json\" class=\"yoast-schema-graph\">{\"@context\":\"https:\\\/\\\/schema.org\",\"@graph\":[{\"@type\":\"WebPage\",\"@id\":\"https:\\\/\\\/homeofwool.com\\\/fi\\\/shop\\\/harmaa-raidallinen-pellavakangas\\\/\",\"url\":\"https:\\\/\\\/homeofwool.com\\\/fi\\\/shop\\\/harmaa-raidallinen-pellavakangas\\\/\",\"name\":\"100% Linen Fabric with Grey Stripes \u2013 Certified & Durable | Home of Wool\",\"isPartOf\":{\"@id\":\"https:\\\/\\\/homeofwool.com\\\/#website\"},\"primaryImageOfPage\":{\"@id\":\"https:\\\/\\\/homeofwool.com\\\/fi\\\/shop\\\/harmaa-raidallinen-pellavakangas\\\/#primaryimage\"},\"image\":{\"@id\":\"https:\\\/\\\/homeofwool.com\\\/fi\\\/shop\\\/harmaa-raidallinen-pellavakangas\\\/#primaryimage\"},\"thumbnailUrl\":\"https:\\\/\\\/homeofwool.com\\\/wp-content\\\/uploads\\\/2025\\\/09\\\/home-of-wool-grey-striped-linen-fabric-6.jpg\",\"datePublished\":\"2025-09-02T12:00:51+00:00\",\"dateModified\":\"2025-10-23T10:23:59+00:00\",\"description\":\"OEKO-TEX linen fabric with subtle grey stripes, eco-friendly, breathable, and long-lasting. Perfect for upholstery, safe DIY projects, and timeless home d\u00e9cor.\",\"breadcrumb\":{\"@id\":\"https:\\\/\\\/homeofwool.com\\\/fi\\\/shop\\\/harmaa-raidallinen-pellavakangas\\\/#breadcrumb\"},\"inLanguage\":\"de\",\"potentialAction\":[{\"@type\":\"ReadAction\",\"target\":[\"https:\\\/\\\/homeofwool.com\\\/fi\\\/shop\\\/harmaa-raidallinen-pellavakangas\\\/\"]}]},{\"@type\":\"ImageObject\",\"inLanguage\":\"de\",\"@id\":\"https:\\\/\\\/homeofwool.com\\\/fi\\\/shop\\\/harmaa-raidallinen-pellavakangas\\\/#primaryimage\",\"url\":\"https:\\\/\\\/homeofwool.com\\\/wp-content\\\/uploads\\\/2025\\\/09\\\/home-of-wool-grey-striped-linen-fabric-6.jpg\",\"contentUrl\":\"https:\\\/\\\/homeofwool.com\\\/wp-content\\\/uploads\\\/2025\\\/09\\\/home-of-wool-grey-striped-linen-fabric-6.jpg\",\"width\":2000,\"height\":1600,\"caption\":\"grey striped linen fabric close up showing the pattern\"},{\"@type\":\"BreadcrumbList\",\"@id\":\"https:\\\/\\\/homeofwool.com\\\/fi\\\/shop\\\/harmaa-raidallinen-pellavakangas\\\/#breadcrumb\",\"itemListElement\":[{\"@type\":\"ListItem\",\"position\":1,\"name\":\"Home\",\"item\":\"https:\\\/\\\/homeofwool.com\\\/\"},{\"@type\":\"ListItem\",\"position\":2,\"name\":\"Products\",\"item\":\"https:\\\/\\\/homeofwool.com\\\/header-search-2\\\/\"},{\"@type\":\"ListItem\",\"position\":3,\"name\":\"Grey Striped Linen Fabric\"}]},{\"@type\":\"WebSite\",\"@id\":\"https:\\\/\\\/homeofwool.com\\\/#website\",\"url\":\"https:\\\/\\\/homeofwool.com\\\/\",\"name\":\"Home of Wool\",\"description\":\"\",\"publisher\":{\"@id\":\"https:\\\/\\\/homeofwool.com\\\/#organization\"},\"potentialAction\":[{\"@type\":\"SearchAction\",\"target\":{\"@type\":\"EntryPoint\",\"urlTemplate\":\"https:\\\/\\\/homeofwool.com\\\/?s={search_term_string}\"},\"query-input\":{\"@type\":\"PropertyValueSpecification\",\"valueRequired\":true,\"valueName\":\"search_term_string\"}}],\"inLanguage\":\"de\"},{\"@type\":\"Organization\",\"@id\":\"https:\\\/\\\/homeofwool.com\\\/#organization\",\"name\":\"Home of Wool\",\"url\":\"https:\\\/\\\/homeofwool.com\\\/\",\"logo\":{\"@type\":\"ImageObject\",\"inLanguage\":\"de\",\"@id\":\"https:\\\/\\\/homeofwool.com\\\/#\\\/schema\\\/logo\\\/image\\\/\",\"url\":\"https:\\\/\\\/homeofwool.com\\\/wp-content\\\/uploads\\\/2025\\\/09\\\/WhatsApp-Image-2025-12-02-at-16.23.20.jpeg\",\"contentUrl\":\"https:\\\/\\\/homeofwool.com\\\/wp-content\\\/uploads\\\/2025\\\/09\\\/WhatsApp-Image-2025-12-02-at-16.23.20.jpeg\",\"width\":700,\"height\":247,\"caption\":\"Home of Wool\"},\"image\":{\"@id\":\"https:\\\/\\\/homeofwool.com\\\/#\\\/schema\\\/logo\\\/image\\\/\"},\"sameAs\":[\"https:\\\/\\\/facebook.com\\\/HomeOfWoolOfficial\"]}]}<\/script>\n<!-- \/ Yoast SEO Premium plugin. -->","yoast_head_json":{"title":"100% Leinenstoff mit grauen Streifen \u2013 zertifiziert und strapazierf\u00e4hig | Home of Wool","description":"OEKO-TEX-Leinenstoff mit dezenten grauen Streifen, umweltfreundlich, atmungsaktiv und langlebig. Perfekt f\u00fcr Polster, sichere DIY-Projekte und zeitlose Wohnkultur.","robots":{"index":"index","follow":"follow","max-snippet":"max-snippet:-1","max-image-preview":"max-image-preview:large","max-video-preview":"max-video-preview:-1"},"canonical":"https:\/\/homeofwool.com\/de\/shop\/grau-gestreifter-leinenstoff\/","og_locale":"de_DE","og_type":"article","og_title":"Grey Striped Linen Fabric","og_description":"OEKO-TEX linen fabric with subtle grey stripes, eco-friendly, breathable, and long-lasting. Perfect for upholstery, safe DIY projects, and timeless home d\u00e9cor.","og_url":"https:\/\/homeofwool.com\/de\/shop\/grau-gestreifter-leinenstoff\/","og_site_name":"Home of Wool","article_publisher":"https:\/\/facebook.com\/HomeOfWoolOfficial","article_modified_time":"2025-10-23T10:23:59+00:00","og_image":[{"width":2000,"height":1600,"url":"https:\/\/homeofwool.com\/wp-content\/uploads\/2025\/09\/home-of-wool-grey-striped-linen-fabric-6.jpg","type":"image\/jpeg"}],"twitter_card":"summary_large_image","twitter_misc":{"Gesch\u00e4tzte Lesezeit":"2\u00a0Minuten"},"schema":{"@context":"https:\/\/schema.org","@graph":[{"@type":"WebPage","@id":"https:\/\/homeofwool.com\/fi\/shop\/harmaa-raidallinen-pellavakangas\/","url":"https:\/\/homeofwool.com\/fi\/shop\/harmaa-raidallinen-pellavakangas\/","name":"100% Leinenstoff mit grauen Streifen \u2013 zertifiziert und strapazierf\u00e4hig | Home of Wool","isPartOf":{"@id":"https:\/\/homeofwool.com\/#website"},"primaryImageOfPage":{"@id":"https:\/\/homeofwool.com\/fi\/shop\/harmaa-raidallinen-pellavakangas\/#primaryimage"},"image":{"@id":"https:\/\/homeofwool.com\/fi\/shop\/harmaa-raidallinen-pellavakangas\/#primaryimage"},"thumbnailUrl":"https:\/\/homeofwool.com\/wp-content\/uploads\/2025\/09\/home-of-wool-grey-striped-linen-fabric-6.jpg","datePublished":"2025-09-02T12:00:51+00:00","dateModified":"2025-10-23T10:23:59+00:00","description":"OEKO-TEX-Leinenstoff mit dezenten grauen Streifen, umweltfreundlich, atmungsaktiv und langlebig. Perfekt f\u00fcr Polster, sichere DIY-Projekte und zeitlose Wohnkultur.","breadcrumb":{"@id":"https:\/\/homeofwool.com\/fi\/shop\/harmaa-raidallinen-pellavakangas\/#breadcrumb"},"inLanguage":"de","potentialAction":[{"@type":"ReadAction","target":["https:\/\/homeofwool.com\/fi\/shop\/harmaa-raidallinen-pellavakangas\/"]}]},{"@type":"ImageObject","inLanguage":"de","@id":"https:\/\/homeofwool.com\/fi\/shop\/harmaa-raidallinen-pellavakangas\/#primaryimage","url":"https:\/\/homeofwool.com\/wp-content\/uploads\/2025\/09\/home-of-wool-grey-striped-linen-fabric-6.jpg","contentUrl":"https:\/\/homeofwool.com\/wp-content\/uploads\/2025\/09\/home-of-wool-grey-striped-linen-fabric-6.jpg","width":2000,"height":1600,"caption":"grey striped linen fabric close up showing the pattern"},{"@type":"BreadcrumbList","@id":"https:\/\/homeofwool.com\/fi\/shop\/harmaa-raidallinen-pellavakangas\/#breadcrumb","itemListElement":[{"@type":"ListItem","position":1,"name":"Home","item":"https:\/\/homeofwool.com\/"},{"@type":"ListItem","position":2,"name":"Products","item":"https:\/\/homeofwool.com\/header-search-2\/"},{"@type":"ListItem","position":3,"name":"Grey Striped Linen Fabric"}]},{"@type":"WebSite","@id":"https:\/\/homeofwool.com\/#website","url":"https:\/\/homeofwool.com\/","name":"Heimat der Wolle","description":"","publisher":{"@id":"https:\/\/homeofwool.com\/#organization"},"potentialAction":[{"@type":"SearchAction","target":{"@type":"EntryPoint","urlTemplate":"https:\/\/homeofwool.com\/?s={search_term_string}"},"query-input":{"@type":"PropertyValueSpecification","valueRequired":true,"valueName":"search_term_string"}}],"inLanguage":"de"},{"@type":"Organization","@id":"https:\/\/homeofwool.com\/#organization","name":"Heimat der Wolle","url":"https:\/\/homeofwool.com\/","logo":{"@type":"ImageObject","inLanguage":"de","@id":"https:\/\/homeofwool.com\/#\/schema\/logo\/image\/","url":"https:\/\/homeofwool.com\/wp-content\/uploads\/2025\/09\/WhatsApp-Image-2025-12-02-at-16.23.20.jpeg","contentUrl":"https:\/\/homeofwool.com\/wp-content\/uploads\/2025\/09\/WhatsApp-Image-2025-12-02-at-16.23.20.jpeg","width":700,"height":247,"caption":"Home of Wool"},"image":{"@id":"https:\/\/homeofwool.com\/#\/schema\/logo\/image\/"},"sameAs":["https:\/\/facebook.com\/HomeOfWoolOfficial"]}]}},"_links":{"self":[{"href":"https:\/\/homeofwool.com\/de\/wp-json\/wp\/v2\/product\/217509","targetHints":{"allow":["GET"]}}],"collection":[{"href":"https:\/\/homeofwool.com\/de\/wp-json\/wp\/v2\/product"}],"about":[{"href":"https:\/\/homeofwool.com\/de\/wp-json\/wp\/v2\/types\/product"}],"version-history":[{"count":0,"href":"https:\/\/homeofwool.com\/de\/wp-json\/wp\/v2\/product\/217509\/revisions"}],"wp:featuredmedia":[{"embeddable":true,"href":"https:\/\/homeofwool.com\/de\/wp-json\/wp\/v2\/media\/222995"}],"wp:attachment":[{"href":"https:\/\/homeofwool.com\/de\/wp-json\/wp\/v2\/media?parent=217509"}],"wp:term":[{"taxonomy":"product_brand","embeddable":true,"href":"https:\/\/homeofwool.com\/de\/wp-json\/wp\/v2\/product_brand?post=217509"},{"taxonomy":"product_cat","embeddable":true,"href":"https:\/\/homeofwool.com\/de\/wp-json\/wp\/v2\/product_cat?post=217509"},{"taxonomy":"product_tag","embeddable":true,"href":"https:\/\/homeofwool.com\/de\/wp-json\/wp\/v2\/product_tag?post=217509"}],"curies":[{"name":"wp","href":"https:\/\/api.w.org\/{rel}","templated":true}]}}