{"id":217505,"date":"2025-09-02T12:00:50","date_gmt":"2025-09-02T12:00:50","guid":{"rendered":"https:\/\/homeofwool.com\/?post_type=product&#038;p=217505"},"modified":"2025-09-24T12:39:27","modified_gmt":"2025-09-24T12:39:27","slug":"sackleinen-ahnlicher-stoff","status":"publish","type":"product","link":"https:\/\/homeofwool.com\/de\/shop\/burlap-like-fabric\/","title":{"rendered":"62% Leinen und 38% Baumwollgewebe in Sackleinenoptik"},"content":{"rendered":"<p>Dieses jute\u00e4hnliche Gewebe ist eine Mischung aus 62%-Leinen und 38%-Baumwolle, wodurch ein Stoff entsteht, der zeitlos aussieht und sich dennoch edel anf\u00fchlt. Es wird in Litauen hergestellt und ist nach dem OEKO-TEX Standard 100 zertifiziert. Es bietet den Reiz von Jute, ohne zu kratzen und ohne den typischen Geruch. Menschen mit Allergien oder Empfindlichkeiten werden seine sanfte Beschaffenheit zu sch\u00e4tzen wissen. Alle, die reine Materialien sch\u00e4tzen, werden seine Authentizit\u00e4t lieben.<\/p>\n<p>Die glatte Oberfl\u00e4che aus Sackleinen f\u00fchlt sich angenehm an, ist aber mit einem Gewicht von 400 g\/m\u00b2 robust genug f\u00fcr Polster, Kissen oder sogar Matratzenbez\u00fcge. Mit einer Breite von 145 cm ist es vielseitig einsetzbar, sowohl f\u00fcr kleine Akzente als auch f\u00fcr auff\u00e4llige Einrichtungsgegenst\u00e4nde.<\/p>\n<p>Die nat\u00fcrliche Schmutzabweisung von Leinen sorgt daf\u00fcr, dass es lange frisch bleibt. Es ist sehr atmungsaktiv, wodurch es zu jeder Jahreszeit angenehm k\u00fchl bleibt. Da diese strapazierf\u00e4hige Naturfasermischung einen hohen Leinenanteil hat, ist sie widerstandsf\u00e4hig, pflegeleicht und langlebig.<\/p>\n<p>Wir schneiden jede Bestellung nach Ihren Ma\u00dfen in einem St\u00fcck zu. Wenn Sie sich zun\u00e4chst ein Bild von der Qualit\u00e4t machen m\u00f6chten, k\u00f6nnen Sie in unserem Gesch\u00e4ft Stoffmuster erhalten.<\/p>\n<p><strong>SCHRUMPFLUNG<\/strong> (nach dem Waschen):<\/p>\n<ul>\n<li>L\u00e4ngs: 5%<\/li>\n<li>Breite: 5%<\/li>\n<\/ul>\n<p>Waschen Sie das Produkt im Schonwaschgang mit einem milden Waschmittel ohne Aufheller. Da es sich um einen nat\u00fcrlichen Stoff handelt, wird er beim Waschen knittern.<\/p>\n<p><strong>VORTEILE VON LEINEN<\/strong><\/p>\n<ul>\n<li>Leinen ist 30% st\u00e4rker als Baumwolle.<\/li>\n<li>Stark schmutzabweisend<\/li>\n<li>Hat eine hohe Feuchtigkeitsaufnahmef\u00e4higkeit<\/li>\n<li>Hypoallergen<\/li>\n<li>Hoch atmungsaktiv<\/li>\n<li>Strukturell stabile Fasern, damit Produkte ihre Form behalten<\/li>\n<li>Umweltfreundlich \u2013 weniger Wasser und Chemikalien f\u00fcr den Anbau<\/li>\n<\/ul>","protected":false},"excerpt":{"rendered":"<p>Bringen Sie mit unserem nat\u00fcrlichen Jute-Stoffersatz organischen Charme in Ihr Zuhause. Gewebt aus 62%-Leinen und 38%-Baumwolle, beh\u00e4lt er das Aussehen von Jute, f\u00fchlt sich jedoch weich und glatt an. Kein Juckreiz oder starker Geruch. Dieser farbstofffreie Stoff ist im Geiste eine geruchsneutrale Jute, die auf jede beliebige L\u00e4nge zugeschnitten werden kann, um Polster, Kissen oder unverwechselbare Dekorationen herzustellen.<\/p>\n<p><strong>Gewicht<\/strong>: 400 g\/m\u00b2<br \/>\n<strong>Breite<\/strong>: 150 cm (59\u2033)<\/p>\n<p><strong>Zeit nehmen<\/strong>: 1\u20133 Tage<br \/>\n<strong>Lieferzeit<\/strong>: 1\u20134 Wochen<\/p>\n<div class=\"global-icon-set\">\n<div class=\"global-icon-set__items\">\n<div class=\"global-icon-set__item\">\n<div class=\"global-icon-set__image\">\n                                    <img decoding=\"async\" src=\"https:\/\/homeofwool.com\/wp-content\/uploads\/2025\/09\/VOCs-min-300x300.png\" alt=\"vocs frei\" \/>\n                                <\/div>\n<div class=\"global-icon-set__title\">VOC-frei<\/div>\n<\/p><\/div>\n<div class=\"global-icon-set__item\">\n<div class=\"global-icon-set__image\">\n                                    <img decoding=\"async\" src=\"https:\/\/homeofwool.com\/wp-content\/uploads\/2025\/09\/Hypoallergenic-min-300x300.png\" alt=\"hypoallergenes Symbol\" \/>\n                                <\/div>\n<div class=\"global-icon-set__title\">Hypoallergen<\/div>\n<\/p><\/div>\n<div class=\"global-icon-set__item\">\n<div class=\"global-icon-set__image\">\n                                    <img decoding=\"async\" src=\"https:\/\/homeofwool.com\/wp-content\/uploads\/2025\/09\/free-of-synthetics-icon-300x300.png\" alt=\"frei von synthetischen Stoffen Symbol\" \/>\n                                <\/div>\n<div class=\"global-icon-set__title\">Frei von synthetischen Stoffen<\/div>\n<\/p><\/div>\n<div class=\"global-icon-set__item\">\n<div class=\"global-icon-set__image\">\n                                    <img decoding=\"async\" src=\"https:\/\/homeofwool.com\/wp-content\/uploads\/2025\/09\/chemical-free-icon-300x300.png\" alt=\"Symbol f\u00fcr Chemikalienfreiheit\" \/>\n                                <\/div>\n<div class=\"global-icon-set__title\">Chemikalienfrei<\/div>\n<\/p><\/div>\n<\/p><\/div>\n<\/p><\/div>","protected":false},"featured_media":218473,"template":"","meta":{"_acf_changed":false},"product_brand":[],"product_cat":[25],"product_tag":[83,84,85,86,87,88,89,90,91,92,93,94,95],"class_list":{"0":"post-217505","1":"product","2":"type-product","3":"status-publish","4":"has-post-thumbnail","6":"product_cat-wool-fabrics-batting","7":"product_tag-cotton-fabric","8":"product_tag-cotton-linen-blend-fabric","9":"product_tag-craft-supplies","10":"product_tag-eco-friendly-textile","11":"product_tag-flax-linen-fabric","12":"product_tag-flax-linen-fabric-by-the-yard-or-meter","13":"product_tag-linen-cotton-blend-fabric","14":"product_tag-linen-fabric","15":"product_tag-natural-linen","16":"product_tag-prewashed-linen","17":"product_tag-pure-flax-linen","18":"product_tag-sewing-supply","19":"product_tag-undyed-fibers","21":"first","22":"instock","23":"shipping-taxable","24":"purchasable","25":"product-type-variable"},"acf":[],"yoast_head":"<!-- This site is optimized with the Yoast SEO Premium plugin v27.4 (Yoast SEO v27.4) - https:\/\/yoast.com\/product\/yoast-seo-premium-wordpress\/ -->\n<title>62% Linen &amp; 38% Cotton Burlap-Like Fabric \u2013 All-Natural | Home of Wool<\/title>\n<meta name=\"description\" content=\"Soft, durable, and dye-free, the Natural Burlap Fabric blends linen and cotton for a breathable, allergy-friendly textile. Perfect for upholstery, cushions, and distinctive home d\u00e9cor.\" \/>\n<meta name=\"robots\" content=\"index, follow, max-snippet:-1, max-image-preview:large, max-video-preview:-1\" \/>\n<link rel=\"canonical\" href=\"https:\/\/homeofwool.com\/de\/shop\/sackleinen-ahnlicher-stoff\/\" \/>\n<meta property=\"og:locale\" content=\"de_DE\" \/>\n<meta property=\"og:type\" content=\"article\" \/>\n<meta property=\"og:title\" content=\"62% Linen and 38% Cotton Burlap-Like Fabric\" \/>\n<meta property=\"og:description\" content=\"Soft, durable, and dye-free, the Natural Burlap Fabric blends linen and cotton for a breathable, allergy-friendly textile. Perfect for upholstery, cushions, and distinctive home d\u00e9cor.\" \/>\n<meta property=\"og:url\" content=\"https:\/\/homeofwool.com\/de\/shop\/sackleinen-ahnlicher-stoff\/\" \/>\n<meta property=\"og:site_name\" content=\"Home of Wool\" \/>\n<meta property=\"article:publisher\" content=\"https:\/\/facebook.com\/HomeOfWoolOfficial\" \/>\n<meta property=\"article:modified_time\" content=\"2025-09-24T12:39:27+00:00\" \/>\n<meta property=\"og:image\" content=\"https:\/\/homeofwool.com\/wp-content\/uploads\/2025\/09\/home-of-wool-62-linen-38-cotton-1-main.jpg\" \/>\n\t<meta property=\"og:image:width\" content=\"1042\" \/>\n\t<meta property=\"og:image:height\" content=\"833\" \/>\n\t<meta property=\"og:image:type\" content=\"image\/jpeg\" \/>\n<meta name=\"twitter:card\" content=\"summary_large_image\" \/>\n<meta name=\"twitter:label1\" content=\"Gesch\u00e4tzte Lesezeit\" \/>\n\t<meta name=\"twitter:data1\" content=\"2\u00a0Minuten\" \/>\n<script type=\"application\/ld+json\" class=\"yoast-schema-graph\">{\"@context\":\"https:\\\/\\\/schema.org\",\"@graph\":[{\"@type\":\"WebPage\",\"@id\":\"https:\\\/\\\/homeofwool.com\\\/nl\\\/winkelen\\\/juteachtige-stof\\\/\",\"url\":\"https:\\\/\\\/homeofwool.com\\\/nl\\\/winkelen\\\/juteachtige-stof\\\/\",\"name\":\"62% Linen & 38% Cotton Burlap-Like Fabric \u2013 All-Natural | Home of Wool\",\"isPartOf\":{\"@id\":\"https:\\\/\\\/homeofwool.com\\\/#website\"},\"primaryImageOfPage\":{\"@id\":\"https:\\\/\\\/homeofwool.com\\\/nl\\\/winkelen\\\/juteachtige-stof\\\/#primaryimage\"},\"image\":{\"@id\":\"https:\\\/\\\/homeofwool.com\\\/nl\\\/winkelen\\\/juteachtige-stof\\\/#primaryimage\"},\"thumbnailUrl\":\"https:\\\/\\\/homeofwool.com\\\/wp-content\\\/uploads\\\/2025\\\/09\\\/home-of-wool-62-linen-38-cotton-1-main.jpg\",\"datePublished\":\"2025-09-02T12:00:50+00:00\",\"dateModified\":\"2025-09-24T12:39:27+00:00\",\"description\":\"Soft, durable, and dye-free, the Natural Burlap Fabric blends linen and cotton for a breathable, allergy-friendly textile. Perfect for upholstery, cushions, and distinctive home d\u00e9cor.\",\"breadcrumb\":{\"@id\":\"https:\\\/\\\/homeofwool.com\\\/nl\\\/winkelen\\\/juteachtige-stof\\\/#breadcrumb\"},\"inLanguage\":\"de\",\"potentialAction\":[{\"@type\":\"ReadAction\",\"target\":[\"https:\\\/\\\/homeofwool.com\\\/nl\\\/winkelen\\\/juteachtige-stof\\\/\"]}]},{\"@type\":\"ImageObject\",\"inLanguage\":\"de\",\"@id\":\"https:\\\/\\\/homeofwool.com\\\/nl\\\/winkelen\\\/juteachtige-stof\\\/#primaryimage\",\"url\":\"https:\\\/\\\/homeofwool.com\\\/wp-content\\\/uploads\\\/2025\\\/09\\\/home-of-wool-62-linen-38-cotton-1-main.jpg\",\"contentUrl\":\"https:\\\/\\\/homeofwool.com\\\/wp-content\\\/uploads\\\/2025\\\/09\\\/home-of-wool-62-linen-38-cotton-1-main.jpg\",\"width\":1042,\"height\":833,\"caption\":\"62% linen & 38% cotton blend fabric\"},{\"@type\":\"BreadcrumbList\",\"@id\":\"https:\\\/\\\/homeofwool.com\\\/nl\\\/winkelen\\\/juteachtige-stof\\\/#breadcrumb\",\"itemListElement\":[{\"@type\":\"ListItem\",\"position\":1,\"name\":\"Home\",\"item\":\"https:\\\/\\\/homeofwool.com\\\/\"},{\"@type\":\"ListItem\",\"position\":2,\"name\":\"Products\",\"item\":\"https:\\\/\\\/homeofwool.com\\\/header-search-2\\\/\"},{\"@type\":\"ListItem\",\"position\":3,\"name\":\"62% Linen and 38% Cotton Burlap-Like Fabric\"}]},{\"@type\":\"WebSite\",\"@id\":\"https:\\\/\\\/homeofwool.com\\\/#website\",\"url\":\"https:\\\/\\\/homeofwool.com\\\/\",\"name\":\"Home of Wool\",\"description\":\"\",\"publisher\":{\"@id\":\"https:\\\/\\\/homeofwool.com\\\/#organization\"},\"potentialAction\":[{\"@type\":\"SearchAction\",\"target\":{\"@type\":\"EntryPoint\",\"urlTemplate\":\"https:\\\/\\\/homeofwool.com\\\/?s={search_term_string}\"},\"query-input\":{\"@type\":\"PropertyValueSpecification\",\"valueRequired\":true,\"valueName\":\"search_term_string\"}}],\"inLanguage\":\"de\"},{\"@type\":\"Organization\",\"@id\":\"https:\\\/\\\/homeofwool.com\\\/#organization\",\"name\":\"Home of Wool\",\"url\":\"https:\\\/\\\/homeofwool.com\\\/\",\"logo\":{\"@type\":\"ImageObject\",\"inLanguage\":\"de\",\"@id\":\"https:\\\/\\\/homeofwool.com\\\/#\\\/schema\\\/logo\\\/image\\\/\",\"url\":\"https:\\\/\\\/homeofwool.com\\\/wp-content\\\/uploads\\\/2025\\\/09\\\/WhatsApp-Image-2025-12-02-at-16.23.20.jpeg\",\"contentUrl\":\"https:\\\/\\\/homeofwool.com\\\/wp-content\\\/uploads\\\/2025\\\/09\\\/WhatsApp-Image-2025-12-02-at-16.23.20.jpeg\",\"width\":700,\"height\":247,\"caption\":\"Home of Wool\"},\"image\":{\"@id\":\"https:\\\/\\\/homeofwool.com\\\/#\\\/schema\\\/logo\\\/image\\\/\"},\"sameAs\":[\"https:\\\/\\\/facebook.com\\\/HomeOfWoolOfficial\"]}]}<\/script>\n<!-- \/ Yoast SEO Premium plugin. -->","yoast_head_json":{"title":"62% Leinen &amp; 38% Baumwollstoff in Sackleinenoptik \u2013 rein nat\u00fcrlich | Home of Wool","description":"Der weiche, strapazierf\u00e4hige und farbstofffreie Natural Burlap Fabric ist eine Mischung aus Leinen und Baumwolle und somit ein atmungsaktives, allergikerfreundliches Textil. Perfekt f\u00fcr Polster, Kissen und eine unverwechselbare Wohnraumgestaltung.","robots":{"index":"index","follow":"follow","max-snippet":"max-snippet:-1","max-image-preview":"max-image-preview:large","max-video-preview":"max-video-preview:-1"},"canonical":"https:\/\/homeofwool.com\/de\/shop\/sackleinen-ahnlicher-stoff\/","og_locale":"de_DE","og_type":"article","og_title":"62% Linen and 38% Cotton Burlap-Like Fabric","og_description":"Soft, durable, and dye-free, the Natural Burlap Fabric blends linen and cotton for a breathable, allergy-friendly textile. Perfect for upholstery, cushions, and distinctive home d\u00e9cor.","og_url":"https:\/\/homeofwool.com\/de\/shop\/sackleinen-ahnlicher-stoff\/","og_site_name":"Home of Wool","article_publisher":"https:\/\/facebook.com\/HomeOfWoolOfficial","article_modified_time":"2025-09-24T12:39:27+00:00","og_image":[{"width":1042,"height":833,"url":"https:\/\/homeofwool.com\/wp-content\/uploads\/2025\/09\/home-of-wool-62-linen-38-cotton-1-main.jpg","type":"image\/jpeg"}],"twitter_card":"summary_large_image","twitter_misc":{"Gesch\u00e4tzte Lesezeit":"2\u00a0Minuten"},"schema":{"@context":"https:\/\/schema.org","@graph":[{"@type":"WebPage","@id":"https:\/\/homeofwool.com\/nl\/winkelen\/juteachtige-stof\/","url":"https:\/\/homeofwool.com\/nl\/winkelen\/juteachtige-stof\/","name":"62% Leinen &amp; 38% Baumwollstoff in Sackleinenoptik \u2013 rein nat\u00fcrlich | Home of Wool","isPartOf":{"@id":"https:\/\/homeofwool.com\/#website"},"primaryImageOfPage":{"@id":"https:\/\/homeofwool.com\/nl\/winkelen\/juteachtige-stof\/#primaryimage"},"image":{"@id":"https:\/\/homeofwool.com\/nl\/winkelen\/juteachtige-stof\/#primaryimage"},"thumbnailUrl":"https:\/\/homeofwool.com\/wp-content\/uploads\/2025\/09\/home-of-wool-62-linen-38-cotton-1-main.jpg","datePublished":"2025-09-02T12:00:50+00:00","dateModified":"2025-09-24T12:39:27+00:00","description":"Der weiche, strapazierf\u00e4hige und farbstofffreie Natural Burlap Fabric ist eine Mischung aus Leinen und Baumwolle und somit ein atmungsaktives, allergikerfreundliches Textil. Perfekt f\u00fcr Polster, Kissen und eine unverwechselbare Wohnraumgestaltung.","breadcrumb":{"@id":"https:\/\/homeofwool.com\/nl\/winkelen\/juteachtige-stof\/#breadcrumb"},"inLanguage":"de","potentialAction":[{"@type":"ReadAction","target":["https:\/\/homeofwool.com\/nl\/winkelen\/juteachtige-stof\/"]}]},{"@type":"ImageObject","inLanguage":"de","@id":"https:\/\/homeofwool.com\/nl\/winkelen\/juteachtige-stof\/#primaryimage","url":"https:\/\/homeofwool.com\/wp-content\/uploads\/2025\/09\/home-of-wool-62-linen-38-cotton-1-main.jpg","contentUrl":"https:\/\/homeofwool.com\/wp-content\/uploads\/2025\/09\/home-of-wool-62-linen-38-cotton-1-main.jpg","width":1042,"height":833,"caption":"62% linen & 38% cotton blend fabric"},{"@type":"BreadcrumbList","@id":"https:\/\/homeofwool.com\/nl\/winkelen\/juteachtige-stof\/#breadcrumb","itemListElement":[{"@type":"ListItem","position":1,"name":"Home","item":"https:\/\/homeofwool.com\/"},{"@type":"ListItem","position":2,"name":"Products","item":"https:\/\/homeofwool.com\/header-search-2\/"},{"@type":"ListItem","position":3,"name":"62% Linen and 38% Cotton Burlap-Like Fabric"}]},{"@type":"WebSite","@id":"https:\/\/homeofwool.com\/#website","url":"https:\/\/homeofwool.com\/","name":"Heimat der Wolle","description":"","publisher":{"@id":"https:\/\/homeofwool.com\/#organization"},"potentialAction":[{"@type":"SearchAction","target":{"@type":"EntryPoint","urlTemplate":"https:\/\/homeofwool.com\/?s={search_term_string}"},"query-input":{"@type":"PropertyValueSpecification","valueRequired":true,"valueName":"search_term_string"}}],"inLanguage":"de"},{"@type":"Organization","@id":"https:\/\/homeofwool.com\/#organization","name":"Heimat der Wolle","url":"https:\/\/homeofwool.com\/","logo":{"@type":"ImageObject","inLanguage":"de","@id":"https:\/\/homeofwool.com\/#\/schema\/logo\/image\/","url":"https:\/\/homeofwool.com\/wp-content\/uploads\/2025\/09\/WhatsApp-Image-2025-12-02-at-16.23.20.jpeg","contentUrl":"https:\/\/homeofwool.com\/wp-content\/uploads\/2025\/09\/WhatsApp-Image-2025-12-02-at-16.23.20.jpeg","width":700,"height":247,"caption":"Home of Wool"},"image":{"@id":"https:\/\/homeofwool.com\/#\/schema\/logo\/image\/"},"sameAs":["https:\/\/facebook.com\/HomeOfWoolOfficial"]}]}},"_links":{"self":[{"href":"https:\/\/homeofwool.com\/de\/wp-json\/wp\/v2\/product\/217505","targetHints":{"allow":["GET"]}}],"collection":[{"href":"https:\/\/homeofwool.com\/de\/wp-json\/wp\/v2\/product"}],"about":[{"href":"https:\/\/homeofwool.com\/de\/wp-json\/wp\/v2\/types\/product"}],"version-history":[{"count":0,"href":"https:\/\/homeofwool.com\/de\/wp-json\/wp\/v2\/product\/217505\/revisions"}],"wp:featuredmedia":[{"embeddable":true,"href":"https:\/\/homeofwool.com\/de\/wp-json\/wp\/v2\/media\/218473"}],"wp:attachment":[{"href":"https:\/\/homeofwool.com\/de\/wp-json\/wp\/v2\/media?parent=217505"}],"wp:term":[{"taxonomy":"product_brand","embeddable":true,"href":"https:\/\/homeofwool.com\/de\/wp-json\/wp\/v2\/product_brand?post=217505"},{"taxonomy":"product_cat","embeddable":true,"href":"https:\/\/homeofwool.com\/de\/wp-json\/wp\/v2\/product_cat?post=217505"},{"taxonomy":"product_tag","embeddable":true,"href":"https:\/\/homeofwool.com\/de\/wp-json\/wp\/v2\/product_tag?post=217505"}],"curies":[{"name":"wp","href":"https:\/\/api.w.org\/{rel}","templated":true}]}}