{"id":217501,"date":"2025-09-02T12:00:50","date_gmt":"2025-09-02T12:00:50","guid":{"rendered":"https:\/\/homeofwool.com\/?post_type=product&#038;p=217501"},"modified":"2026-02-09T13:06:03","modified_gmt":"2026-02-09T13:06:03","slug":"wollproben","status":"publish","type":"product","link":"https:\/\/homeofwool.com\/de\/shop\/wool-samples\/","title":{"rendered":"Wollproben"},"content":{"rendered":"<p>Die Wahl der richtigen Bettw\u00e4sche oder Kissenf\u00fcllung ist eine sehr pers\u00f6nliche Entscheidung. Deshalb bieten wir Ihnen Wollproben an, damit Sie sich bei Ihrer Wahl sicher sein k\u00f6nnen. Jede Probe stammt aus genau der Wolle, die wir f\u00fcr alle unsere Bettwaren und Matratzen verwenden. Wenn Sie sie in den H\u00e4nden halten, k\u00f6nnen Sie die Beschaffenheit der Fasern sp\u00fcren und wie sie die Luft auf ganz nat\u00fcrliche Weise durchlassen.<\/p>\n<p>Unsere Wollf\u00fcllungsprobe ist besonders hilfreich f\u00fcr Menschen mit Allergien, Asthma oder Empfindlichkeiten, die sichergehen m\u00f6chten, dass das Material sicher und sanft ist. Anhand einer Probe k\u00f6nnen Sie auch den Unterschied zwischen Woll- und Synthetikf\u00fcllungen erkennen. Wenn Sie \u00fcber die Anschaffung einer neuen Matratze, eines neuen Kissens oder eines ma\u00dfgeschneiderten Produkts nachdenken, k\u00f6nnen Sie durch das Ausprobieren der Wolle eine sichere Wahl treffen.<\/p>","protected":false},"excerpt":{"rendered":"<p>Mit unseren Wollproben k\u00f6nnen Sie die Reinheit und Haptik unserer nat\u00fcrlichen F\u00fcllung erleben, bevor Sie sich zu einem gr\u00f6\u00dferen Kauf entschlie\u00dfen. Jede Wollprobe wird in einer gro\u00dfz\u00fcgigen Handvoll geliefert, sodass Sie die Qualit\u00e4t unserer Bio-Wollf\u00fcllung selbst anfassen, riechen und sehen k\u00f6nnen.<\/p>\n<div class=\"global-icon-set\">\n<div class=\"global-icon-set__items\">\n<div class=\"global-icon-set__item\">\n<div class=\"global-icon-set__image\">\n                                    <img decoding=\"async\" src=\"https:\/\/homeofwool.com\/wp-content\/uploads\/2025\/09\/VOCs-min-300x300.png\" alt=\"vocs frei\" \/>\n                                <\/div>\n<div class=\"global-icon-set__title\">VOC-frei<\/div>\n<\/p><\/div>\n<div class=\"global-icon-set__item\">\n<div class=\"global-icon-set__image\">\n                                    <img decoding=\"async\" src=\"https:\/\/homeofwool.com\/wp-content\/uploads\/2025\/09\/FR-min-300x300.png\" alt=\"feuerfestes Symbol\" \/>\n                                <\/div>\n<div class=\"global-icon-set__title\">Schwer entflammbar<\/div>\n<\/p><\/div>\n<div class=\"global-icon-set__item\">\n<div class=\"global-icon-set__image\">\n                                    <img decoding=\"async\" src=\"https:\/\/homeofwool.com\/wp-content\/uploads\/2025\/09\/Hypoallergenic-min-300x300.png\" alt=\"hypoallergenes Symbol\" \/>\n                                <\/div>\n<div class=\"global-icon-set__title\">Hypoallergen<\/div>\n<\/p><\/div>\n<div class=\"global-icon-set__item\">\n<div class=\"global-icon-set__image\">\n                                    <img decoding=\"async\" src=\"https:\/\/homeofwool.com\/wp-content\/uploads\/2025\/09\/free-of-synthetics-icon-300x300.png\" alt=\"frei von synthetischen Stoffen Symbol\" \/>\n                                <\/div>\n<div class=\"global-icon-set__title\">Frei von synthetischen Stoffen<\/div>\n<\/p><\/div>\n<div class=\"global-icon-set__item\">\n<div class=\"global-icon-set__image\">\n                                    <img decoding=\"async\" src=\"https:\/\/homeofwool.com\/wp-content\/uploads\/2025\/09\/chemical-free-icon-300x300.png\" alt=\"Symbol f\u00fcr Chemikalienfreiheit\" \/>\n                                <\/div>\n<div class=\"global-icon-set__title\">Chemikalienfrei<\/div>\n<\/p><\/div>\n<div class=\"global-icon-set__item\">\n<div class=\"global-icon-set__image\">\n                                    <img decoding=\"async\" src=\"https:\/\/homeofwool.com\/wp-content\/uploads\/2025\/09\/anti-bacterial-icon-300x300.png\" alt=\"antibakterielles Symbol\" \/>\n                                <\/div>\n<div class=\"global-icon-set__title\">Anti-mikrobiell &amp; Anti-bakteriell<\/div>\n<\/p><\/div>\n<\/p><\/div>\n<\/p><\/div>","protected":false},"featured_media":219184,"template":"","meta":{"_acf_changed":false},"product_brand":[],"product_cat":[253,25],"product_tag":[72,73,74,75,76,77,1370,78,79,80,81,82],"class_list":{"0":"post-217501","1":"product","2":"type-product","3":"status-publish","4":"has-post-thumbnail","6":"product_cat-product-samples","7":"product_cat-wool-fabrics-batting","8":"product_tag-amigurumi-doll-stuffing","9":"product_tag-carded-wool","10":"product_tag-crafts-supplies","11":"product_tag-crochet-doll-stuffing","12":"product_tag-doll-stuffing","13":"product_tag-loose-wool","14":"product_tag-nosteps","15":"product_tag-pure-sheep-wool","16":"product_tag-sofa-stuffing","17":"product_tag-toy-stuffing","18":"product_tag-waldorf-doll-kit","19":"product_tag-wool-pillow-stuffing","21":"first","22":"instock","23":"shipping-taxable","24":"purchasable","25":"product-type-simple"},"acf":[],"yoast_head":"<!-- This site is optimized with the Yoast SEO Premium plugin v27.4 (Yoast SEO v27.4) - https:\/\/yoast.com\/product\/yoast-seo-premium-wordpress\/ -->\n<title>Wool Stuffing Sample \u2013 All-Natural, Unbleached, Undyed | Home of Wool<\/title>\n<meta name=\"description\" content=\"Pure and natural, the Wool Stuffing Sample lets you feel unbleached, undyed wool before use. Breathable, hypoallergenic, and chemical-free, it\u2019s ideal for crafting, DIY, and safe projects.\" \/>\n<meta name=\"robots\" content=\"index, follow, max-snippet:-1, max-image-preview:large, max-video-preview:-1\" \/>\n<link rel=\"canonical\" href=\"https:\/\/homeofwool.com\/de\/shop\/wollproben\/\" \/>\n<meta property=\"og:locale\" content=\"de_DE\" \/>\n<meta property=\"og:type\" content=\"article\" \/>\n<meta property=\"og:title\" content=\"Wool Samples\" \/>\n<meta property=\"og:description\" content=\"Pure and natural, the Wool Stuffing Sample lets you feel unbleached, undyed wool before use. Breathable, hypoallergenic, and chemical-free, it\u2019s ideal for crafting, DIY, and safe projects.\" \/>\n<meta property=\"og:url\" content=\"https:\/\/homeofwool.com\/de\/shop\/wollproben\/\" \/>\n<meta property=\"og:site_name\" content=\"Home of Wool\" \/>\n<meta property=\"article:publisher\" content=\"https:\/\/facebook.com\/HomeOfWoolOfficial\" \/>\n<meta property=\"article:modified_time\" content=\"2026-02-09T13:06:03+00:00\" \/>\n<meta property=\"og:image\" content=\"https:\/\/homeofwool.com\/wp-content\/uploads\/2025\/09\/home-of-wool-wool-samples-1-main-en.jpg\" \/>\n\t<meta property=\"og:image:width\" content=\"1520\" \/>\n\t<meta property=\"og:image:height\" content=\"1900\" \/>\n\t<meta property=\"og:image:type\" content=\"image\/jpeg\" \/>\n<meta name=\"twitter:card\" content=\"summary_large_image\" \/>\n<meta name=\"twitter:label1\" content=\"Gesch\u00e4tzte Lesezeit\" \/>\n\t<meta name=\"twitter:data1\" content=\"1\u00a0Minute\" \/>\n<script type=\"application\/ld+json\" class=\"yoast-schema-graph\">{\"@context\":\"https:\\\/\\\/schema.org\",\"@graph\":[{\"@type\":\"WebPage\",\"@id\":\"https:\\\/\\\/homeofwool.com\\\/de\\\/shop\\\/wollproben\\\/\",\"url\":\"https:\\\/\\\/homeofwool.com\\\/de\\\/shop\\\/wollproben\\\/\",\"name\":\"Wool Stuffing Sample \u2013 All-Natural, Unbleached, Undyed | Home of Wool\",\"isPartOf\":{\"@id\":\"https:\\\/\\\/homeofwool.com\\\/#website\"},\"primaryImageOfPage\":{\"@id\":\"https:\\\/\\\/homeofwool.com\\\/de\\\/shop\\\/wollproben\\\/#primaryimage\"},\"image\":{\"@id\":\"https:\\\/\\\/homeofwool.com\\\/de\\\/shop\\\/wollproben\\\/#primaryimage\"},\"thumbnailUrl\":\"https:\\\/\\\/homeofwool.com\\\/wp-content\\\/uploads\\\/2025\\\/09\\\/home-of-wool-wool-samples-1-main-en.jpg\",\"datePublished\":\"2025-09-02T12:00:50+00:00\",\"dateModified\":\"2026-02-09T13:06:03+00:00\",\"description\":\"Pure and natural, the Wool Stuffing Sample lets you feel unbleached, undyed wool before use. Breathable, hypoallergenic, and chemical-free, it\u2019s ideal for crafting, DIY, and safe projects.\",\"breadcrumb\":{\"@id\":\"https:\\\/\\\/homeofwool.com\\\/de\\\/shop\\\/wollproben\\\/#breadcrumb\"},\"inLanguage\":\"de\",\"potentialAction\":[{\"@type\":\"ReadAction\",\"target\":[\"https:\\\/\\\/homeofwool.com\\\/de\\\/shop\\\/wollproben\\\/\"]}]},{\"@type\":\"ImageObject\",\"inLanguage\":\"de\",\"@id\":\"https:\\\/\\\/homeofwool.com\\\/de\\\/shop\\\/wollproben\\\/#primaryimage\",\"url\":\"https:\\\/\\\/homeofwool.com\\\/wp-content\\\/uploads\\\/2025\\\/09\\\/home-of-wool-wool-samples-1-main-en.jpg\",\"contentUrl\":\"https:\\\/\\\/homeofwool.com\\\/wp-content\\\/uploads\\\/2025\\\/09\\\/home-of-wool-wool-samples-1-main-en.jpg\",\"width\":1520,\"height\":1900,\"caption\":\"handful of wool on a branded cardboard piece tied with jude twine\"},{\"@type\":\"BreadcrumbList\",\"@id\":\"https:\\\/\\\/homeofwool.com\\\/de\\\/shop\\\/wollproben\\\/#breadcrumb\",\"itemListElement\":[{\"@type\":\"ListItem\",\"position\":1,\"name\":\"Home\",\"item\":\"https:\\\/\\\/homeofwool.com\\\/\"},{\"@type\":\"ListItem\",\"position\":2,\"name\":\"Products\",\"item\":\"https:\\\/\\\/homeofwool.com\\\/header-search-2\\\/\"},{\"@type\":\"ListItem\",\"position\":3,\"name\":\"Wool Samples\"}]},{\"@type\":\"WebSite\",\"@id\":\"https:\\\/\\\/homeofwool.com\\\/#website\",\"url\":\"https:\\\/\\\/homeofwool.com\\\/\",\"name\":\"Home of Wool\",\"description\":\"\",\"publisher\":{\"@id\":\"https:\\\/\\\/homeofwool.com\\\/#organization\"},\"potentialAction\":[{\"@type\":\"SearchAction\",\"target\":{\"@type\":\"EntryPoint\",\"urlTemplate\":\"https:\\\/\\\/homeofwool.com\\\/?s={search_term_string}\"},\"query-input\":{\"@type\":\"PropertyValueSpecification\",\"valueRequired\":true,\"valueName\":\"search_term_string\"}}],\"inLanguage\":\"de\"},{\"@type\":\"Organization\",\"@id\":\"https:\\\/\\\/homeofwool.com\\\/#organization\",\"name\":\"Home of Wool\",\"url\":\"https:\\\/\\\/homeofwool.com\\\/\",\"logo\":{\"@type\":\"ImageObject\",\"inLanguage\":\"de\",\"@id\":\"https:\\\/\\\/homeofwool.com\\\/#\\\/schema\\\/logo\\\/image\\\/\",\"url\":\"https:\\\/\\\/homeofwool.com\\\/wp-content\\\/uploads\\\/2025\\\/09\\\/WhatsApp-Image-2025-12-02-at-16.23.20.jpeg\",\"contentUrl\":\"https:\\\/\\\/homeofwool.com\\\/wp-content\\\/uploads\\\/2025\\\/09\\\/WhatsApp-Image-2025-12-02-at-16.23.20.jpeg\",\"width\":700,\"height\":247,\"caption\":\"Home of Wool\"},\"image\":{\"@id\":\"https:\\\/\\\/homeofwool.com\\\/#\\\/schema\\\/logo\\\/image\\\/\"},\"sameAs\":[\"https:\\\/\\\/facebook.com\\\/HomeOfWoolOfficial\"]}]}<\/script>\n<!-- \/ Yoast SEO Premium plugin. -->","yoast_head_json":{"title":"Wollf\u00fcllmaterial-Muster \u2013 rein nat\u00fcrlich, ungebleicht, ungef\u00e4rbt | Home of Wool","description":"Rein und nat\u00fcrlich \u2013 mit der Wollf\u00fcllprobe k\u00f6nnen Sie ungebleichte, ungef\u00e4rbte Wolle vor dem Gebrauch f\u00fchlen. Atmungsaktiv, hypoallergen und frei von Chemikalien, ideal f\u00fcr Bastelarbeiten, DIY-Projekte und sichere Projekte.","robots":{"index":"index","follow":"follow","max-snippet":"max-snippet:-1","max-image-preview":"max-image-preview:large","max-video-preview":"max-video-preview:-1"},"canonical":"https:\/\/homeofwool.com\/de\/shop\/wollproben\/","og_locale":"de_DE","og_type":"article","og_title":"Wool Samples","og_description":"Pure and natural, the Wool Stuffing Sample lets you feel unbleached, undyed wool before use. Breathable, hypoallergenic, and chemical-free, it\u2019s ideal for crafting, DIY, and safe projects.","og_url":"https:\/\/homeofwool.com\/de\/shop\/wollproben\/","og_site_name":"Home of Wool","article_publisher":"https:\/\/facebook.com\/HomeOfWoolOfficial","article_modified_time":"2026-02-09T13:06:03+00:00","og_image":[{"width":1520,"height":1900,"url":"https:\/\/homeofwool.com\/wp-content\/uploads\/2025\/09\/home-of-wool-wool-samples-1-main-en.jpg","type":"image\/jpeg"}],"twitter_card":"summary_large_image","twitter_misc":{"Gesch\u00e4tzte Lesezeit":"1\u00a0Minute"},"schema":{"@context":"https:\/\/schema.org","@graph":[{"@type":"WebPage","@id":"https:\/\/homeofwool.com\/de\/shop\/wollproben\/","url":"https:\/\/homeofwool.com\/de\/shop\/wollproben\/","name":"Wollf\u00fcllmaterial-Muster \u2013 rein nat\u00fcrlich, ungebleicht, ungef\u00e4rbt | Home of Wool","isPartOf":{"@id":"https:\/\/homeofwool.com\/#website"},"primaryImageOfPage":{"@id":"https:\/\/homeofwool.com\/de\/shop\/wollproben\/#primaryimage"},"image":{"@id":"https:\/\/homeofwool.com\/de\/shop\/wollproben\/#primaryimage"},"thumbnailUrl":"https:\/\/homeofwool.com\/wp-content\/uploads\/2025\/09\/home-of-wool-wool-samples-1-main-en.jpg","datePublished":"2025-09-02T12:00:50+00:00","dateModified":"2026-02-09T13:06:03+00:00","description":"Rein und nat\u00fcrlich \u2013 mit der Wollf\u00fcllprobe k\u00f6nnen Sie ungebleichte, ungef\u00e4rbte Wolle vor dem Gebrauch f\u00fchlen. Atmungsaktiv, hypoallergen und frei von Chemikalien, ideal f\u00fcr Bastelarbeiten, DIY-Projekte und sichere Projekte.","breadcrumb":{"@id":"https:\/\/homeofwool.com\/de\/shop\/wollproben\/#breadcrumb"},"inLanguage":"de","potentialAction":[{"@type":"ReadAction","target":["https:\/\/homeofwool.com\/de\/shop\/wollproben\/"]}]},{"@type":"ImageObject","inLanguage":"de","@id":"https:\/\/homeofwool.com\/de\/shop\/wollproben\/#primaryimage","url":"https:\/\/homeofwool.com\/wp-content\/uploads\/2025\/09\/home-of-wool-wool-samples-1-main-en.jpg","contentUrl":"https:\/\/homeofwool.com\/wp-content\/uploads\/2025\/09\/home-of-wool-wool-samples-1-main-en.jpg","width":1520,"height":1900,"caption":"handful of wool on a branded cardboard piece tied with jude twine"},{"@type":"BreadcrumbList","@id":"https:\/\/homeofwool.com\/de\/shop\/wollproben\/#breadcrumb","itemListElement":[{"@type":"ListItem","position":1,"name":"Home","item":"https:\/\/homeofwool.com\/"},{"@type":"ListItem","position":2,"name":"Products","item":"https:\/\/homeofwool.com\/header-search-2\/"},{"@type":"ListItem","position":3,"name":"Wool Samples"}]},{"@type":"WebSite","@id":"https:\/\/homeofwool.com\/#website","url":"https:\/\/homeofwool.com\/","name":"Heimat der Wolle","description":"","publisher":{"@id":"https:\/\/homeofwool.com\/#organization"},"potentialAction":[{"@type":"SearchAction","target":{"@type":"EntryPoint","urlTemplate":"https:\/\/homeofwool.com\/?s={search_term_string}"},"query-input":{"@type":"PropertyValueSpecification","valueRequired":true,"valueName":"search_term_string"}}],"inLanguage":"de"},{"@type":"Organization","@id":"https:\/\/homeofwool.com\/#organization","name":"Heimat der Wolle","url":"https:\/\/homeofwool.com\/","logo":{"@type":"ImageObject","inLanguage":"de","@id":"https:\/\/homeofwool.com\/#\/schema\/logo\/image\/","url":"https:\/\/homeofwool.com\/wp-content\/uploads\/2025\/09\/WhatsApp-Image-2025-12-02-at-16.23.20.jpeg","contentUrl":"https:\/\/homeofwool.com\/wp-content\/uploads\/2025\/09\/WhatsApp-Image-2025-12-02-at-16.23.20.jpeg","width":700,"height":247,"caption":"Home of Wool"},"image":{"@id":"https:\/\/homeofwool.com\/#\/schema\/logo\/image\/"},"sameAs":["https:\/\/facebook.com\/HomeOfWoolOfficial"]}]}},"_links":{"self":[{"href":"https:\/\/homeofwool.com\/de\/wp-json\/wp\/v2\/product\/217501","targetHints":{"allow":["GET"]}}],"collection":[{"href":"https:\/\/homeofwool.com\/de\/wp-json\/wp\/v2\/product"}],"about":[{"href":"https:\/\/homeofwool.com\/de\/wp-json\/wp\/v2\/types\/product"}],"version-history":[{"count":1,"href":"https:\/\/homeofwool.com\/de\/wp-json\/wp\/v2\/product\/217501\/revisions"}],"predecessor-version":[{"id":227507,"href":"https:\/\/homeofwool.com\/de\/wp-json\/wp\/v2\/product\/217501\/revisions\/227507"}],"wp:featuredmedia":[{"embeddable":true,"href":"https:\/\/homeofwool.com\/de\/wp-json\/wp\/v2\/media\/219184"}],"wp:attachment":[{"href":"https:\/\/homeofwool.com\/de\/wp-json\/wp\/v2\/media?parent=217501"}],"wp:term":[{"taxonomy":"product_brand","embeddable":true,"href":"https:\/\/homeofwool.com\/de\/wp-json\/wp\/v2\/product_brand?post=217501"},{"taxonomy":"product_cat","embeddable":true,"href":"https:\/\/homeofwool.com\/de\/wp-json\/wp\/v2\/product_cat?post=217501"},{"taxonomy":"product_tag","embeddable":true,"href":"https:\/\/homeofwool.com\/de\/wp-json\/wp\/v2\/product_tag?post=217501"}],"curies":[{"name":"wp","href":"https:\/\/api.w.org\/{rel}","templated":true}]}}