{"id":217500,"date":"2025-09-02T12:00:50","date_gmt":"2025-09-02T12:00:50","guid":{"rendered":"https:\/\/homeofwool.com\/?post_type=product&#038;p=217500"},"modified":"2026-02-11T14:24:47","modified_gmt":"2026-02-11T14:24:47","slug":"stoffmuster","status":"publish","type":"product","link":"https:\/\/homeofwool.com\/de\/shop\/fabric-samples\/","title":{"rendered":"Stoffmuster"},"content":{"rendered":"<p>Es ist schwierig, einen Stoff auszuw\u00e4hlen, ohne ihn anzufassen. Deshalb bieten wir Ihnen Stoffmuster aus nat\u00fcrlichen Materialien im Format 10 x 10 cm an, die wir weltweit kostenlos versenden. Sie k\u00f6nnen Ihre Muster einzeln ausw\u00e4hlen und nur die Stoffe ausw\u00e4hlen, die Sie sich pers\u00f6nlich ansehen m\u00f6chten. Ganz gleich, ob Sie Bettw\u00e4sche, Kissen oder eine ma\u00dfgeschneiderte Matratze entwerfen \u2013 mit unseren Bio-Stoffmustern k\u00f6nnen Sie die Textur, das Gewicht und das Gef\u00fchl zu Hause erkunden, bevor Sie eine gr\u00f6\u00dfere Bestellung aufgeben.<\/p>\n<p><strong>Verf\u00fcgbare Bio-Stoffe f\u00fcr Muster:<\/strong><\/p>\n<ul>\n<li>100% Schurwollstoff<\/li>\n<li>100% Jersey aus Schurwolle<\/li>\n<li>100% Baumwollstoff (leicht)<\/li>\n<li>100% Baumwollstoff (mittleres Gewicht)<\/li>\n<li>100% Baumwollstoff (schwer)<\/li>\n<li>100% Leinenstoff<\/li>\n<li>100% Leinenstoff, strukturiert<\/li>\n<li>100% Leinenstoff, mittelschwer<\/li>\n<li>Leinenstoff mit d\u00fcnnen grauen Streifen<\/li>\n<li>Grau gestreifter Leinenstoff<\/li>\n<li>Schwarz gestreifter Leinenstoff<\/li>\n<li>Blau gestreifter Leinenstoff<\/li>\n<li>Rot gestreifter Leinenstoff<\/li>\n<li>59% Leinen \/ 41% Baumwollstoff<\/li>\n<li>62% Leinen \/ 38% Baumwollstoff<\/li>\n<li>100% Maulbeerseidenstoff<\/li>\n<li>100% Maulbeerseidenstoff (Muschel)<\/li>\n<li>100% Hanf<\/li>\n<\/ul>\n<p>Jedes Muster steht f\u00fcr unser Engagement f\u00fcr ein nachhaltiges, nat\u00fcrliches Leben. Mit diesen Stoffmustern f\u00fcr Kissen, Matratzen und Bettw\u00e4sche k\u00f6nnen Sie eine sichere Wahl treffen, die Ihrem Komfort und Stil entspricht.<\/p>","protected":false},"excerpt":{"rendered":"<p>Mit unseren Stoffmustern k\u00f6nnen Sie zu Hause die Textur und das Gewicht der Stoffe erkunden, bevor Sie sich entscheiden. Ob Sie sich nun f\u00fcr Kissenstoffmuster, Matratzenstoffmuster oder Bettw\u00e4sche-Stoffmuster interessieren \u2013 Sie haben die M\u00f6glichkeit, die Stoffe vor dem Kauf ganz bequem auszuprobieren.<\/p>\n<p><strong>GR\u00d6SSE<\/strong>: 4 x 4 Zoll (10 x 10 cm)<\/p>\n<div class=\"global-icon-set\">\n<div class=\"global-icon-set__items\">\n<div class=\"global-icon-set__item\">\n<div class=\"global-icon-set__image\">\n                                    <img decoding=\"async\" src=\"https:\/\/homeofwool.com\/wp-content\/uploads\/2025\/09\/VOCs-min-300x300.png\" alt=\"vocs frei\" \/>\n                                <\/div>\n<div class=\"global-icon-set__title\">VOC-frei<\/div>\n<\/p><\/div>\n<div class=\"global-icon-set__item\">\n<div class=\"global-icon-set__image\">\n                                    <img decoding=\"async\" src=\"https:\/\/homeofwool.com\/wp-content\/uploads\/2025\/09\/free-of-synthetics-icon-300x300.png\" alt=\"frei von synthetischen Stoffen Symbol\" \/>\n                                <\/div>\n<div class=\"global-icon-set__title\">Frei von synthetischen Stoffen<\/div>\n<\/p><\/div>\n<div class=\"global-icon-set__item\">\n<div class=\"global-icon-set__image\">\n                                    <img decoding=\"async\" src=\"https:\/\/homeofwool.com\/wp-content\/uploads\/2025\/09\/chemical-free-icon-300x300.png\" alt=\"Symbol f\u00fcr Chemikalienfreiheit\" \/>\n                                <\/div>\n<div class=\"global-icon-set__title\">Chemikalienfrei<\/div>\n<\/p><\/div>\n<\/p><\/div>\n<\/p><\/div>","protected":false},"featured_media":224482,"template":"","meta":{"_acf_changed":false},"product_brand":[],"product_cat":[253,25],"product_tag":[26,27,28,29,1370],"class_list":{"0":"post-217500","1":"product","2":"type-product","3":"status-publish","4":"has-post-thumbnail","6":"product_cat-product-samples","7":"product_cat-wool-fabrics-batting","8":"product_tag-fabric-scraps","9":"product_tag-fabric-scraps-buy","10":"product_tag-fabric-scraps-projects","11":"product_tag-leftover-fabric-pieces","12":"product_tag-nosteps","14":"first","15":"instock","16":"shipping-taxable","17":"purchasable","18":"product-type-simple"},"acf":[],"yoast_head":"<!-- This site is optimized with the Yoast SEO Premium plugin v27.4 (Yoast SEO v27.4) - https:\/\/yoast.com\/product\/yoast-seo-premium-wordpress\/ -->\n<title>Fabric Samples \u2013 Try Before You Buy Fabric | Home of Wool<\/title>\n<meta name=\"description\" content=\"Tactile, natural, and chemical-free, the Fabric Samples let you explore texture, weight, and feel at home. Perfect for cushions, bedding, and custom mattress projects.\" \/>\n<meta name=\"robots\" content=\"index, follow, max-snippet:-1, max-image-preview:large, max-video-preview:-1\" \/>\n<link rel=\"canonical\" href=\"https:\/\/homeofwool.com\/de\/shop\/stoffmuster\/\" \/>\n<meta property=\"og:locale\" content=\"de_DE\" \/>\n<meta property=\"og:type\" content=\"article\" \/>\n<meta property=\"og:title\" content=\"Fabric Samples\" \/>\n<meta property=\"og:description\" content=\"Tactile, natural, and chemical-free, the Fabric Samples let you explore texture, weight, and feel at home. Perfect for cushions, bedding, and custom mattress projects.\" \/>\n<meta property=\"og:url\" content=\"https:\/\/homeofwool.com\/de\/shop\/stoffmuster\/\" \/>\n<meta property=\"og:site_name\" content=\"Home of Wool\" \/>\n<meta property=\"article:publisher\" content=\"https:\/\/facebook.com\/HomeOfWoolOfficial\" \/>\n<meta property=\"article:modified_time\" content=\"2026-02-11T14:24:47+00:00\" \/>\n<meta property=\"og:image\" content=\"https:\/\/homeofwool.com\/wp-content\/uploads\/2025\/09\/home-of-wool-fabric-samples-main.jpg\" \/>\n\t<meta property=\"og:image:width\" content=\"1900\" \/>\n\t<meta property=\"og:image:height\" content=\"1520\" \/>\n\t<meta property=\"og:image:type\" content=\"image\/jpeg\" \/>\n<meta name=\"twitter:card\" content=\"summary_large_image\" \/>\n<meta name=\"twitter:label1\" content=\"Gesch\u00e4tzte Lesezeit\" \/>\n\t<meta name=\"twitter:data1\" content=\"2\u00a0Minuten\" \/>\n<script type=\"application\/ld+json\" class=\"yoast-schema-graph\">{\"@context\":\"https:\\\/\\\/schema.org\",\"@graph\":[{\"@type\":\"WebPage\",\"@id\":\"https:\\\/\\\/homeofwool.com\\\/shop\\\/fabric-samples\\\/\",\"url\":\"https:\\\/\\\/homeofwool.com\\\/shop\\\/fabric-samples\\\/\",\"name\":\"Fabric Samples \u2013 Try Before You Buy Fabric | Home of Wool\",\"isPartOf\":{\"@id\":\"https:\\\/\\\/homeofwool.com\\\/#website\"},\"primaryImageOfPage\":{\"@id\":\"https:\\\/\\\/homeofwool.com\\\/shop\\\/fabric-samples\\\/#primaryimage\"},\"image\":{\"@id\":\"https:\\\/\\\/homeofwool.com\\\/shop\\\/fabric-samples\\\/#primaryimage\"},\"thumbnailUrl\":\"https:\\\/\\\/homeofwool.com\\\/wp-content\\\/uploads\\\/2025\\\/09\\\/home-of-wool-fabric-samples-main.jpg\",\"datePublished\":\"2025-09-02T12:00:50+00:00\",\"dateModified\":\"2026-02-11T14:24:47+00:00\",\"description\":\"Tactile, natural, and chemical-free, the Fabric Samples let you explore texture, weight, and feel at home. Perfect for cushions, bedding, and custom mattress projects.\",\"breadcrumb\":{\"@id\":\"https:\\\/\\\/homeofwool.com\\\/shop\\\/fabric-samples\\\/#breadcrumb\"},\"inLanguage\":\"de\",\"potentialAction\":[{\"@type\":\"ReadAction\",\"target\":[\"https:\\\/\\\/homeofwool.com\\\/shop\\\/fabric-samples\\\/\"]}]},{\"@type\":\"ImageObject\",\"inLanguage\":\"de\",\"@id\":\"https:\\\/\\\/homeofwool.com\\\/shop\\\/fabric-samples\\\/#primaryimage\",\"url\":\"https:\\\/\\\/homeofwool.com\\\/wp-content\\\/uploads\\\/2025\\\/09\\\/home-of-wool-fabric-samples-main.jpg\",\"contentUrl\":\"https:\\\/\\\/homeofwool.com\\\/wp-content\\\/uploads\\\/2025\\\/09\\\/home-of-wool-fabric-samples-main.jpg\",\"width\":1900,\"height\":1520,\"caption\":\"hands holding fabric sample card\"},{\"@type\":\"BreadcrumbList\",\"@id\":\"https:\\\/\\\/homeofwool.com\\\/shop\\\/fabric-samples\\\/#breadcrumb\",\"itemListElement\":[{\"@type\":\"ListItem\",\"position\":1,\"name\":\"Home\",\"item\":\"https:\\\/\\\/homeofwool.com\\\/\"},{\"@type\":\"ListItem\",\"position\":2,\"name\":\"Products\",\"item\":\"https:\\\/\\\/homeofwool.com\\\/header-search-2\\\/\"},{\"@type\":\"ListItem\",\"position\":3,\"name\":\"Fabric Samples\"}]},{\"@type\":\"WebSite\",\"@id\":\"https:\\\/\\\/homeofwool.com\\\/#website\",\"url\":\"https:\\\/\\\/homeofwool.com\\\/\",\"name\":\"Home of Wool\",\"description\":\"\",\"publisher\":{\"@id\":\"https:\\\/\\\/homeofwool.com\\\/#organization\"},\"potentialAction\":[{\"@type\":\"SearchAction\",\"target\":{\"@type\":\"EntryPoint\",\"urlTemplate\":\"https:\\\/\\\/homeofwool.com\\\/?s={search_term_string}\"},\"query-input\":{\"@type\":\"PropertyValueSpecification\",\"valueRequired\":true,\"valueName\":\"search_term_string\"}}],\"inLanguage\":\"de\"},{\"@type\":\"Organization\",\"@id\":\"https:\\\/\\\/homeofwool.com\\\/#organization\",\"name\":\"Home of Wool\",\"url\":\"https:\\\/\\\/homeofwool.com\\\/\",\"logo\":{\"@type\":\"ImageObject\",\"inLanguage\":\"de\",\"@id\":\"https:\\\/\\\/homeofwool.com\\\/#\\\/schema\\\/logo\\\/image\\\/\",\"url\":\"https:\\\/\\\/homeofwool.com\\\/wp-content\\\/uploads\\\/2025\\\/09\\\/WhatsApp-Image-2025-12-02-at-16.23.20.jpeg\",\"contentUrl\":\"https:\\\/\\\/homeofwool.com\\\/wp-content\\\/uploads\\\/2025\\\/09\\\/WhatsApp-Image-2025-12-02-at-16.23.20.jpeg\",\"width\":700,\"height\":247,\"caption\":\"Home of Wool\"},\"image\":{\"@id\":\"https:\\\/\\\/homeofwool.com\\\/#\\\/schema\\\/logo\\\/image\\\/\"},\"sameAs\":[\"https:\\\/\\\/facebook.com\\\/HomeOfWoolOfficial\"]}]}<\/script>\n<!-- \/ Yoast SEO Premium plugin. -->","yoast_head_json":{"title":"Stoffmuster \u2013 Probieren Sie den Stoff vor dem Kauf aus | Home of Wool","description":"Die Stoffmuster sind taktil, nat\u00fcrlich und frei von Chemikalien und erm\u00f6glichen es Ihnen, die Textur, das Gewicht und das Gef\u00fchl zu Hause zu erkunden. Perfekt f\u00fcr Kissen, Bettw\u00e4sche und individuelle Matratzenprojekte.","robots":{"index":"index","follow":"follow","max-snippet":"max-snippet:-1","max-image-preview":"max-image-preview:large","max-video-preview":"max-video-preview:-1"},"canonical":"https:\/\/homeofwool.com\/de\/shop\/stoffmuster\/","og_locale":"de_DE","og_type":"article","og_title":"Fabric Samples","og_description":"Tactile, natural, and chemical-free, the Fabric Samples let you explore texture, weight, and feel at home. Perfect for cushions, bedding, and custom mattress projects.","og_url":"https:\/\/homeofwool.com\/de\/shop\/stoffmuster\/","og_site_name":"Home of Wool","article_publisher":"https:\/\/facebook.com\/HomeOfWoolOfficial","article_modified_time":"2026-02-11T14:24:47+00:00","og_image":[{"width":1900,"height":1520,"url":"https:\/\/homeofwool.com\/wp-content\/uploads\/2025\/09\/home-of-wool-fabric-samples-main.jpg","type":"image\/jpeg"}],"twitter_card":"summary_large_image","twitter_misc":{"Gesch\u00e4tzte Lesezeit":"2\u00a0Minuten"},"schema":{"@context":"https:\/\/schema.org","@graph":[{"@type":"WebPage","@id":"https:\/\/homeofwool.com\/shop\/fabric-samples\/","url":"https:\/\/homeofwool.com\/shop\/fabric-samples\/","name":"Stoffmuster \u2013 Probieren Sie den Stoff vor dem Kauf aus | Home of Wool","isPartOf":{"@id":"https:\/\/homeofwool.com\/#website"},"primaryImageOfPage":{"@id":"https:\/\/homeofwool.com\/shop\/fabric-samples\/#primaryimage"},"image":{"@id":"https:\/\/homeofwool.com\/shop\/fabric-samples\/#primaryimage"},"thumbnailUrl":"https:\/\/homeofwool.com\/wp-content\/uploads\/2025\/09\/home-of-wool-fabric-samples-main.jpg","datePublished":"2025-09-02T12:00:50+00:00","dateModified":"2026-02-11T14:24:47+00:00","description":"Die Stoffmuster sind taktil, nat\u00fcrlich und frei von Chemikalien und erm\u00f6glichen es Ihnen, die Textur, das Gewicht und das Gef\u00fchl zu Hause zu erkunden. Perfekt f\u00fcr Kissen, Bettw\u00e4sche und individuelle Matratzenprojekte.","breadcrumb":{"@id":"https:\/\/homeofwool.com\/shop\/fabric-samples\/#breadcrumb"},"inLanguage":"de","potentialAction":[{"@type":"ReadAction","target":["https:\/\/homeofwool.com\/shop\/fabric-samples\/"]}]},{"@type":"ImageObject","inLanguage":"de","@id":"https:\/\/homeofwool.com\/shop\/fabric-samples\/#primaryimage","url":"https:\/\/homeofwool.com\/wp-content\/uploads\/2025\/09\/home-of-wool-fabric-samples-main.jpg","contentUrl":"https:\/\/homeofwool.com\/wp-content\/uploads\/2025\/09\/home-of-wool-fabric-samples-main.jpg","width":1900,"height":1520,"caption":"hands holding fabric sample card"},{"@type":"BreadcrumbList","@id":"https:\/\/homeofwool.com\/shop\/fabric-samples\/#breadcrumb","itemListElement":[{"@type":"ListItem","position":1,"name":"Home","item":"https:\/\/homeofwool.com\/"},{"@type":"ListItem","position":2,"name":"Products","item":"https:\/\/homeofwool.com\/header-search-2\/"},{"@type":"ListItem","position":3,"name":"Fabric Samples"}]},{"@type":"WebSite","@id":"https:\/\/homeofwool.com\/#website","url":"https:\/\/homeofwool.com\/","name":"Heimat der Wolle","description":"","publisher":{"@id":"https:\/\/homeofwool.com\/#organization"},"potentialAction":[{"@type":"SearchAction","target":{"@type":"EntryPoint","urlTemplate":"https:\/\/homeofwool.com\/?s={search_term_string}"},"query-input":{"@type":"PropertyValueSpecification","valueRequired":true,"valueName":"search_term_string"}}],"inLanguage":"de"},{"@type":"Organization","@id":"https:\/\/homeofwool.com\/#organization","name":"Heimat der Wolle","url":"https:\/\/homeofwool.com\/","logo":{"@type":"ImageObject","inLanguage":"de","@id":"https:\/\/homeofwool.com\/#\/schema\/logo\/image\/","url":"https:\/\/homeofwool.com\/wp-content\/uploads\/2025\/09\/WhatsApp-Image-2025-12-02-at-16.23.20.jpeg","contentUrl":"https:\/\/homeofwool.com\/wp-content\/uploads\/2025\/09\/WhatsApp-Image-2025-12-02-at-16.23.20.jpeg","width":700,"height":247,"caption":"Home of Wool"},"image":{"@id":"https:\/\/homeofwool.com\/#\/schema\/logo\/image\/"},"sameAs":["https:\/\/facebook.com\/HomeOfWoolOfficial"]}]}},"_links":{"self":[{"href":"https:\/\/homeofwool.com\/de\/wp-json\/wp\/v2\/product\/217500","targetHints":{"allow":["GET"]}}],"collection":[{"href":"https:\/\/homeofwool.com\/de\/wp-json\/wp\/v2\/product"}],"about":[{"href":"https:\/\/homeofwool.com\/de\/wp-json\/wp\/v2\/types\/product"}],"version-history":[{"count":1,"href":"https:\/\/homeofwool.com\/de\/wp-json\/wp\/v2\/product\/217500\/revisions"}],"predecessor-version":[{"id":227509,"href":"https:\/\/homeofwool.com\/de\/wp-json\/wp\/v2\/product\/217500\/revisions\/227509"}],"wp:featuredmedia":[{"embeddable":true,"href":"https:\/\/homeofwool.com\/de\/wp-json\/wp\/v2\/media\/224482"}],"wp:attachment":[{"href":"https:\/\/homeofwool.com\/de\/wp-json\/wp\/v2\/media?parent=217500"}],"wp:term":[{"taxonomy":"product_brand","embeddable":true,"href":"https:\/\/homeofwool.com\/de\/wp-json\/wp\/v2\/product_brand?post=217500"},{"taxonomy":"product_cat","embeddable":true,"href":"https:\/\/homeofwool.com\/de\/wp-json\/wp\/v2\/product_cat?post=217500"},{"taxonomy":"product_tag","embeddable":true,"href":"https:\/\/homeofwool.com\/de\/wp-json\/wp\/v2\/product_tag?post=217500"}],"curies":[{"name":"wp","href":"https:\/\/api.w.org\/{rel}","templated":true}]}}