{"id":217499,"date":"2025-09-02T12:00:50","date_gmt":"2025-09-02T12:00:50","guid":{"rendered":"https:\/\/homeofwool.com\/?post_type=product&#038;p=217499"},"modified":"2026-02-09T10:24:44","modified_gmt":"2026-02-09T10:24:44","slug":"nomad-warmedecke","status":"publish","type":"product","link":"https:\/\/homeofwool.com\/de\/shop\/nomad-heat-blanket\/","title":{"rendered":"Decke aus schwerer Wolle"},"content":{"rendered":"<p>Diese Campingdecke verbindet alte Handwerkskunst mit modernem Komfort. Sie ist aus 100% Naturwolle gefertigt und bietet ein perfektes Gleichgewicht zwischen W\u00e4rme und Atmungsaktivit\u00e4t.<\/p>\n<p>Die temperaturregulierenden Eigenschaften von Wolle helfen Ihrem K\u00f6rper, eine angenehme W\u00e4rme zu bewahren, ohne zu \u00fcberhitzen. Dank der nat\u00fcrlichen Widerstandsf\u00e4higkeit von Wolle gegen Hausstaubmilben und Bakterien ist diese Decke wirklich hypoallergen. Sicher, sauber und wohltuend. Gut f\u00fcr Menschen mit empfindlicher Haut und mit purem Komfort, in dem Sie sich wirklich entspannen k\u00f6nnen.<\/p>\n<p>Alle unsere Produkte sind frei von Chemikalien. Ob als Campingdecke, Glampingdecke oder Outdoor-Wolldecke \u2013 sie sorgt f\u00fcr authentischen Komfort und ein Gef\u00fchl der N\u00e4he zur Natur. Wir stellen jede Decke unserer Nomad Heat-Kollektion in Bulgarien her. Sie ist f\u00fcr Reisen und den t\u00e4glichen Gebrauch konzipiert. Sie ist warm und robust. Hergestellt, um Generationen zu \u00fcberdauern.<\/p>\n<p><strong>GR\u00d6SSEN-OPTIONEN:<\/strong><\/p>\n<ul>\n<li>63 x 75\u2033 (160 \u0445 190 cm)<\/li>\n<\/ul>","protected":false},"excerpt":{"rendered":"<p>H\u00fcllen Sie sich in den Komfort unserer schweren Wolldecke. Sie ist aus reinen Wollfasern gewebt und besticht durch ihr authentisches Aussehen und die Sch\u00f6nheit nat\u00fcrlicher Wollfarben. Sie ist temperaturregulierend und atmungsaktiv und vermittelt das beruhigende Gef\u00fchl einer wohltuenden Umarmung. Sie h\u00e4lt Sie warm und gem\u00fctlich, ohne dass Sie schwitzen oder sich stickig f\u00fchlen. Keine Farbstoffe oder Chemikalien. Nur reine Wollfasern, die kalte Tage und N\u00e4chte in Momente des Komforts verwandeln.<\/p>\n<div class=\"global-icon-set\">\n<div class=\"global-icon-set__items\">\n<div class=\"global-icon-set__item\">\n<div class=\"global-icon-set__image\">\n                                    <img decoding=\"async\" src=\"https:\/\/homeofwool.com\/wp-content\/uploads\/2025\/09\/handmade-icon-300x300.png\" alt=\"handgefertigte Ikone\" \/>\n                                <\/div>\n<div class=\"global-icon-set__title\">Handgefertigt<\/div>\n<\/p><\/div>\n<div class=\"global-icon-set__item\">\n<div class=\"global-icon-set__image\">\n                                    <img decoding=\"async\" src=\"https:\/\/homeofwool.com\/wp-content\/uploads\/2025\/09\/VOCs-min-300x300.png\" alt=\"vocs frei\" \/>\n                                <\/div>\n<div class=\"global-icon-set__title\">VOC-frei<\/div>\n<\/p><\/div>\n<div class=\"global-icon-set__item\">\n<div class=\"global-icon-set__image\">\n                                    <img decoding=\"async\" src=\"https:\/\/homeofwool.com\/wp-content\/uploads\/2025\/09\/FR-min-300x300.png\" alt=\"feuerfestes Symbol\" \/>\n                                <\/div>\n<div class=\"global-icon-set__title\">Schwer entflammbar<\/div>\n<\/p><\/div>\n<div class=\"global-icon-set__item\">\n<div class=\"global-icon-set__image\">\n                                    <img decoding=\"async\" src=\"https:\/\/homeofwool.com\/wp-content\/uploads\/2025\/09\/Hypoallergenic-min-300x300.png\" alt=\"hypoallergenes Symbol\" \/>\n                                <\/div>\n<div class=\"global-icon-set__title\">Hypoallergen<\/div>\n<\/p><\/div>\n<div class=\"global-icon-set__item\">\n<div class=\"global-icon-set__image\">\n                                    <img decoding=\"async\" src=\"https:\/\/homeofwool.com\/wp-content\/uploads\/2025\/09\/free-of-synthetics-icon-300x300.png\" alt=\"frei von synthetischen Stoffen Symbol\" \/>\n                                <\/div>\n<div class=\"global-icon-set__title\">Frei von synthetischen Stoffen<\/div>\n<\/p><\/div>\n<div class=\"global-icon-set__item\">\n<div class=\"global-icon-set__image\">\n                                    <img decoding=\"async\" src=\"https:\/\/homeofwool.com\/wp-content\/uploads\/2025\/09\/chemical-free-icon-300x300.png\" alt=\"Symbol f\u00fcr Chemikalienfreiheit\" \/>\n                                <\/div>\n<div class=\"global-icon-set__title\">Chemikalienfrei<\/div>\n<\/p><\/div>\n<div class=\"global-icon-set__item\">\n<div class=\"global-icon-set__image\">\n                                    <img decoding=\"async\" src=\"https:\/\/homeofwool.com\/wp-content\/uploads\/2025\/09\/certified-materials-icon-300x300.png\" alt=\"Symbol f\u00fcr zertifizierte Materialien\" \/>\n                                <\/div>\n<div class=\"global-icon-set__title\">100% Reine zertifizierte Materialien<\/div>\n<\/p><\/div>\n<\/p><\/div>\n<\/p><\/div>","protected":false},"featured_media":228005,"template":"","meta":{"_acf_changed":false},"product_brand":[],"product_cat":[1366,60],"product_tag":[61,62,63,64,65,66,67,68,69,70,71],"class_list":{"0":"post-217499","1":"product","2":"type-product","3":"status-publish","4":"has-post-thumbnail","6":"product_cat-womens-day","7":"product_cat-blankets-duvets","8":"product_tag-all-natural-wool-blankets","9":"product_tag-chemical-free-wool-blanket","10":"product_tag-handmade-blanket","11":"product_tag-heavyweight-wool-blanket","12":"product_tag-large-wool-blanket","13":"product_tag-organic-wool-blanket","14":"product_tag-pure-wool-blanket","15":"product_tag-throws-for-beds","16":"product_tag-travel-blanket","17":"product_tag-washable-wool-blanket","18":"product_tag-wool-blanket-camping","20":"first","21":"instock","22":"shipping-taxable","23":"purchasable","24":"product-type-variable"},"acf":[],"yoast_head":"<!-- This site is optimized with the Yoast SEO Premium plugin v27.4 (Yoast SEO v27.4) - https:\/\/yoast.com\/product\/yoast-seo-premium-wordpress\/ -->\n<title>Heavy Wool Blanket \u2013 Organic, Hypoallergenic Throw for Beds | Home of Wool<\/title>\n<meta name=\"description\" content=\"Durable and natural, the Heavy Wool Blanket provides breathable warmth. Hypoallergenic and toxin-free, it ensures sustainable comfort for outdoor adventures, glamping, or cozy nights.\" \/>\n<meta name=\"robots\" content=\"index, follow, max-snippet:-1, max-image-preview:large, max-video-preview:-1\" \/>\n<link rel=\"canonical\" href=\"https:\/\/homeofwool.com\/de\/shop\/nomad-warmedecke\/\" \/>\n<meta property=\"og:locale\" content=\"de_DE\" \/>\n<meta property=\"og:type\" content=\"article\" \/>\n<meta property=\"og:title\" content=\"Heavy Wool Blanket\" \/>\n<meta property=\"og:description\" content=\"Durable and natural, the Heavy Wool Blanket provides breathable warmth. Hypoallergenic and toxin-free, it ensures sustainable comfort for outdoor adventures, glamping, or cozy nights.\" \/>\n<meta property=\"og:url\" content=\"https:\/\/homeofwool.com\/de\/shop\/nomad-warmedecke\/\" \/>\n<meta property=\"og:site_name\" content=\"Home of Wool\" \/>\n<meta property=\"article:publisher\" content=\"https:\/\/facebook.com\/HomeOfWoolOfficial\" \/>\n<meta property=\"article:modified_time\" content=\"2026-02-09T10:24:44+00:00\" \/>\n<meta property=\"og:image\" content=\"https:\/\/homeofwool.com\/wp-content\/uploads\/2025\/09\/home-of-wool-nomad-heavy-wool-blanket-mainn.jpg\" \/>\n\t<meta property=\"og:image:width\" content=\"1920\" \/>\n\t<meta property=\"og:image:height\" content=\"1536\" \/>\n\t<meta property=\"og:image:type\" content=\"image\/jpeg\" \/>\n<meta name=\"twitter:card\" content=\"summary_large_image\" \/>\n<meta name=\"twitter:label1\" content=\"Gesch\u00e4tzte Lesezeit\" \/>\n\t<meta name=\"twitter:data1\" content=\"1\u00a0Minute\" \/>\n<script type=\"application\/ld+json\" class=\"yoast-schema-graph\">{\"@context\":\"https:\\\/\\\/schema.org\",\"@graph\":[{\"@type\":\"WebPage\",\"@id\":\"https:\\\/\\\/homeofwool.com\\\/shop\\\/nomad-heat-blanket\\\/\",\"url\":\"https:\\\/\\\/homeofwool.com\\\/shop\\\/nomad-heat-blanket\\\/\",\"name\":\"Heavy Wool Blanket \u2013 Organic, Hypoallergenic Throw for Beds | Home of Wool\",\"isPartOf\":{\"@id\":\"https:\\\/\\\/homeofwool.com\\\/#website\"},\"primaryImageOfPage\":{\"@id\":\"https:\\\/\\\/homeofwool.com\\\/shop\\\/nomad-heat-blanket\\\/#primaryimage\"},\"image\":{\"@id\":\"https:\\\/\\\/homeofwool.com\\\/shop\\\/nomad-heat-blanket\\\/#primaryimage\"},\"thumbnailUrl\":\"https:\\\/\\\/homeofwool.com\\\/wp-content\\\/uploads\\\/2025\\\/09\\\/home-of-wool-nomad-heavy-wool-blanket-mainn.jpg\",\"datePublished\":\"2025-09-02T12:00:50+00:00\",\"dateModified\":\"2026-02-09T10:24:44+00:00\",\"description\":\"Durable and natural, the Heavy Wool Blanket provides breathable warmth. Hypoallergenic and toxin-free, it ensures sustainable comfort for outdoor adventures, glamping, or cozy nights.\",\"breadcrumb\":{\"@id\":\"https:\\\/\\\/homeofwool.com\\\/shop\\\/nomad-heat-blanket\\\/#breadcrumb\"},\"inLanguage\":\"de\",\"potentialAction\":[{\"@type\":\"ReadAction\",\"target\":[\"https:\\\/\\\/homeofwool.com\\\/shop\\\/nomad-heat-blanket\\\/\"]}]},{\"@type\":\"ImageObject\",\"inLanguage\":\"de\",\"@id\":\"https:\\\/\\\/homeofwool.com\\\/shop\\\/nomad-heat-blanket\\\/#primaryimage\",\"url\":\"https:\\\/\\\/homeofwool.com\\\/wp-content\\\/uploads\\\/2025\\\/09\\\/home-of-wool-nomad-heavy-wool-blanket-mainn.jpg\",\"contentUrl\":\"https:\\\/\\\/homeofwool.com\\\/wp-content\\\/uploads\\\/2025\\\/09\\\/home-of-wool-nomad-heavy-wool-blanket-mainn.jpg\",\"width\":1920,\"height\":1536,\"caption\":\"nomad heat folded heavy wool blanket\"},{\"@type\":\"BreadcrumbList\",\"@id\":\"https:\\\/\\\/homeofwool.com\\\/shop\\\/nomad-heat-blanket\\\/#breadcrumb\",\"itemListElement\":[{\"@type\":\"ListItem\",\"position\":1,\"name\":\"Home\",\"item\":\"https:\\\/\\\/homeofwool.com\\\/\"},{\"@type\":\"ListItem\",\"position\":2,\"name\":\"Products\",\"item\":\"https:\\\/\\\/homeofwool.com\\\/header-search-2\\\/\"},{\"@type\":\"ListItem\",\"position\":3,\"name\":\"Heavy Wool Blanket\"}]},{\"@type\":\"WebSite\",\"@id\":\"https:\\\/\\\/homeofwool.com\\\/#website\",\"url\":\"https:\\\/\\\/homeofwool.com\\\/\",\"name\":\"Home of Wool\",\"description\":\"\",\"publisher\":{\"@id\":\"https:\\\/\\\/homeofwool.com\\\/#organization\"},\"potentialAction\":[{\"@type\":\"SearchAction\",\"target\":{\"@type\":\"EntryPoint\",\"urlTemplate\":\"https:\\\/\\\/homeofwool.com\\\/?s={search_term_string}\"},\"query-input\":{\"@type\":\"PropertyValueSpecification\",\"valueRequired\":true,\"valueName\":\"search_term_string\"}}],\"inLanguage\":\"de\"},{\"@type\":\"Organization\",\"@id\":\"https:\\\/\\\/homeofwool.com\\\/#organization\",\"name\":\"Home of Wool\",\"url\":\"https:\\\/\\\/homeofwool.com\\\/\",\"logo\":{\"@type\":\"ImageObject\",\"inLanguage\":\"de\",\"@id\":\"https:\\\/\\\/homeofwool.com\\\/#\\\/schema\\\/logo\\\/image\\\/\",\"url\":\"https:\\\/\\\/homeofwool.com\\\/wp-content\\\/uploads\\\/2025\\\/09\\\/WhatsApp-Image-2025-12-02-at-16.23.20.jpeg\",\"contentUrl\":\"https:\\\/\\\/homeofwool.com\\\/wp-content\\\/uploads\\\/2025\\\/09\\\/WhatsApp-Image-2025-12-02-at-16.23.20.jpeg\",\"width\":700,\"height\":247,\"caption\":\"Home of Wool\"},\"image\":{\"@id\":\"https:\\\/\\\/homeofwool.com\\\/#\\\/schema\\\/logo\\\/image\\\/\"},\"sameAs\":[\"https:\\\/\\\/facebook.com\\\/HomeOfWoolOfficial\"]}]}<\/script>\n<!-- \/ Yoast SEO Premium plugin. -->","yoast_head_json":{"title":"Schwere Wolldecke \u2013 Bio, hypoallergene Tagesdecke f\u00fcr Betten | Home of Wool","description":"Die strapazierf\u00e4hige und nat\u00fcrliche Heavy Wool Blanket bietet atmungsaktive W\u00e4rme. Sie ist hypoallergen und frei von Giftstoffen und sorgt f\u00fcr nachhaltigen Komfort bei Outdoor-Abenteuern, Glamping oder gem\u00fctlichen N\u00e4chten.","robots":{"index":"index","follow":"follow","max-snippet":"max-snippet:-1","max-image-preview":"max-image-preview:large","max-video-preview":"max-video-preview:-1"},"canonical":"https:\/\/homeofwool.com\/de\/shop\/nomad-warmedecke\/","og_locale":"de_DE","og_type":"article","og_title":"Heavy Wool Blanket","og_description":"Durable and natural, the Heavy Wool Blanket provides breathable warmth. Hypoallergenic and toxin-free, it ensures sustainable comfort for outdoor adventures, glamping, or cozy nights.","og_url":"https:\/\/homeofwool.com\/de\/shop\/nomad-warmedecke\/","og_site_name":"Home of Wool","article_publisher":"https:\/\/facebook.com\/HomeOfWoolOfficial","article_modified_time":"2026-02-09T10:24:44+00:00","og_image":[{"width":1920,"height":1536,"url":"https:\/\/homeofwool.com\/wp-content\/uploads\/2025\/09\/home-of-wool-nomad-heavy-wool-blanket-mainn.jpg","type":"image\/jpeg"}],"twitter_card":"summary_large_image","twitter_misc":{"Gesch\u00e4tzte Lesezeit":"1\u00a0Minute"},"schema":{"@context":"https:\/\/schema.org","@graph":[{"@type":"WebPage","@id":"https:\/\/homeofwool.com\/shop\/nomad-heat-blanket\/","url":"https:\/\/homeofwool.com\/shop\/nomad-heat-blanket\/","name":"Schwere Wolldecke \u2013 Bio, hypoallergene Tagesdecke f\u00fcr Betten | Home of Wool","isPartOf":{"@id":"https:\/\/homeofwool.com\/#website"},"primaryImageOfPage":{"@id":"https:\/\/homeofwool.com\/shop\/nomad-heat-blanket\/#primaryimage"},"image":{"@id":"https:\/\/homeofwool.com\/shop\/nomad-heat-blanket\/#primaryimage"},"thumbnailUrl":"https:\/\/homeofwool.com\/wp-content\/uploads\/2025\/09\/home-of-wool-nomad-heavy-wool-blanket-mainn.jpg","datePublished":"2025-09-02T12:00:50+00:00","dateModified":"2026-02-09T10:24:44+00:00","description":"Die strapazierf\u00e4hige und nat\u00fcrliche Heavy Wool Blanket bietet atmungsaktive W\u00e4rme. Sie ist hypoallergen und frei von Giftstoffen und sorgt f\u00fcr nachhaltigen Komfort bei Outdoor-Abenteuern, Glamping oder gem\u00fctlichen N\u00e4chten.","breadcrumb":{"@id":"https:\/\/homeofwool.com\/shop\/nomad-heat-blanket\/#breadcrumb"},"inLanguage":"de","potentialAction":[{"@type":"ReadAction","target":["https:\/\/homeofwool.com\/shop\/nomad-heat-blanket\/"]}]},{"@type":"ImageObject","inLanguage":"de","@id":"https:\/\/homeofwool.com\/shop\/nomad-heat-blanket\/#primaryimage","url":"https:\/\/homeofwool.com\/wp-content\/uploads\/2025\/09\/home-of-wool-nomad-heavy-wool-blanket-mainn.jpg","contentUrl":"https:\/\/homeofwool.com\/wp-content\/uploads\/2025\/09\/home-of-wool-nomad-heavy-wool-blanket-mainn.jpg","width":1920,"height":1536,"caption":"nomad heat folded heavy wool blanket"},{"@type":"BreadcrumbList","@id":"https:\/\/homeofwool.com\/shop\/nomad-heat-blanket\/#breadcrumb","itemListElement":[{"@type":"ListItem","position":1,"name":"Home","item":"https:\/\/homeofwool.com\/"},{"@type":"ListItem","position":2,"name":"Products","item":"https:\/\/homeofwool.com\/header-search-2\/"},{"@type":"ListItem","position":3,"name":"Heavy Wool Blanket"}]},{"@type":"WebSite","@id":"https:\/\/homeofwool.com\/#website","url":"https:\/\/homeofwool.com\/","name":"Heimat der Wolle","description":"","publisher":{"@id":"https:\/\/homeofwool.com\/#organization"},"potentialAction":[{"@type":"SearchAction","target":{"@type":"EntryPoint","urlTemplate":"https:\/\/homeofwool.com\/?s={search_term_string}"},"query-input":{"@type":"PropertyValueSpecification","valueRequired":true,"valueName":"search_term_string"}}],"inLanguage":"de"},{"@type":"Organization","@id":"https:\/\/homeofwool.com\/#organization","name":"Heimat der Wolle","url":"https:\/\/homeofwool.com\/","logo":{"@type":"ImageObject","inLanguage":"de","@id":"https:\/\/homeofwool.com\/#\/schema\/logo\/image\/","url":"https:\/\/homeofwool.com\/wp-content\/uploads\/2025\/09\/WhatsApp-Image-2025-12-02-at-16.23.20.jpeg","contentUrl":"https:\/\/homeofwool.com\/wp-content\/uploads\/2025\/09\/WhatsApp-Image-2025-12-02-at-16.23.20.jpeg","width":700,"height":247,"caption":"Home of Wool"},"image":{"@id":"https:\/\/homeofwool.com\/#\/schema\/logo\/image\/"},"sameAs":["https:\/\/facebook.com\/HomeOfWoolOfficial"]}]}},"_links":{"self":[{"href":"https:\/\/homeofwool.com\/de\/wp-json\/wp\/v2\/product\/217499","targetHints":{"allow":["GET"]}}],"collection":[{"href":"https:\/\/homeofwool.com\/de\/wp-json\/wp\/v2\/product"}],"about":[{"href":"https:\/\/homeofwool.com\/de\/wp-json\/wp\/v2\/types\/product"}],"version-history":[{"count":4,"href":"https:\/\/homeofwool.com\/de\/wp-json\/wp\/v2\/product\/217499\/revisions"}],"predecessor-version":[{"id":228137,"href":"https:\/\/homeofwool.com\/de\/wp-json\/wp\/v2\/product\/217499\/revisions\/228137"}],"wp:featuredmedia":[{"embeddable":true,"href":"https:\/\/homeofwool.com\/de\/wp-json\/wp\/v2\/media\/228005"}],"wp:attachment":[{"href":"https:\/\/homeofwool.com\/de\/wp-json\/wp\/v2\/media?parent=217499"}],"wp:term":[{"taxonomy":"product_brand","embeddable":true,"href":"https:\/\/homeofwool.com\/de\/wp-json\/wp\/v2\/product_brand?post=217499"},{"taxonomy":"product_cat","embeddable":true,"href":"https:\/\/homeofwool.com\/de\/wp-json\/wp\/v2\/product_cat?post=217499"},{"taxonomy":"product_tag","embeddable":true,"href":"https:\/\/homeofwool.com\/de\/wp-json\/wp\/v2\/product_tag?post=217499"}],"curies":[{"name":"wp","href":"https:\/\/api.w.org\/{rel}","templated":true}]}}