{"id":219982,"date":"2025-09-27T08:34:20","date_gmt":"2025-09-27T08:34:20","guid":{"rendered":"https:\/\/homeofwool.com\/delivery-returns\/"},"modified":"2026-01-14T09:39:25","modified_gmt":"2026-01-14T09:39:25","slug":"lieferrucksendungen","status":"publish","type":"page","link":"https:\/\/homeofwool.com\/de\/delivery-returns\/","title":{"rendered":"Lieferung R\u00fccksendungen"},"content":{"rendered":"<div data-elementor-type=\"wp-page\" data-elementor-id=\"219982\" class=\"elementor elementor-219982\" data-elementor-post-type=\"page\">\n\t\t\t\t<div class=\"elementor-element elementor-element-650a4cd page_content e-flex e-con-boxed e-con e-parent\" data-id=\"650a4cd\" data-element_type=\"container\" data-e-type=\"container\">\n\t\t\t\t\t<div class=\"e-con-inner\">\n\t\t\t\t<div class=\"elementor-element elementor-element-dde89e9 elementor-widget elementor-widget-heading\" data-id=\"dde89e9\" data-element_type=\"widget\" data-e-type=\"widget\" data-widget_type=\"heading.default\">\n\t\t\t\t\t<h1 class=\"elementor-heading-title elementor-size-default\">Lieferung und R\u00fcckgabe<\/h1>\t\t\t\t<\/div>\n\t\t\t\t<div class=\"elementor-element elementor-element-9d3f92a elementor-widget elementor-widget-heading\" data-id=\"9d3f92a\" data-element_type=\"widget\" data-e-type=\"widget\" data-widget_type=\"heading.default\">\n\t\t\t\t\t<h2 class=\"elementor-heading-title elementor-size-default\">Versand<\/h2>\t\t\t\t<\/div>\n\t\t\t\t<div class=\"elementor-element elementor-element-ca08fbf page_content elementor-widget elementor-widget-text-editor\" data-id=\"ca08fbf\" data-element_type=\"widget\" data-e-type=\"widget\" data-widget_type=\"text-editor.default\">\n\t\t\t\t\t\t\t\t\t<div class=\"wpb_text_column wpb_content_element\"><div class=\"wpb_wrapper\"><div class=\"wpb_text_column wpb_content_element\"><div class=\"wpb_wrapper\"><div class=\"wpb_column vc_column_container vc_col-sm-8 et-dark-column\"><div class=\"vc_column-inner\"><div class=\"wpb_wrapper\"><div class=\"wpb_text_column wpb_content_element\"><div class=\"wpb_wrapper\"><div class=\"vc_tta-panel-body\"><div class=\"wpb_text_column wpb_content_element\"><div class=\"wpb_wrapper\"><p>Wir liefern weltweit und bieten <strong>Kostenloser weltweiter Versand f\u00fcr alle Bestellungen<\/strong>, zu Ihnen nach Hause. Bezahlte Versandoptionen sind ebenfalls verf\u00fcgbar, siehe unten.<\/p><p>Alle L\u00e4nder werden auf DDP-Basis (Delivery Duty Paid) versandt, d.h. Steuern und Abgaben sind im Endpreis enthalten und Sie erhalten das Paket an Ihrer Haust\u00fcr, Sie m\u00fcssen es nicht verzollen.<\/p><p>F\u00fcr die VAE: Pakete aus dem Ausland m\u00fcssen pers\u00f6nlich beim zentralen Postamt abgeholt werden.<\/p><p>Wir k\u00f6nnen auch an Postf\u00e4cher liefern, aber bitte vergewissern Sie sich, dass Ihr Postfach Pakete dieser Gr\u00f6\u00dfe annehmen kann, andernfalls kann Ihr Paket zur\u00fcckgeschickt werden.<\/p><p>Wir raten Ihnen dringend, Ihre Online-Sendungsverfolgung zu verfolgen, damit Sie wissen, wann Ihr Paket bei Ihrem Postamt eintrifft.<\/p><p>Alle Artikel sind in wiederverwertbarem Kunststoff verpackt, der vor Schmutz, Wasser und St\u00f6\u00dfen sch\u00fctzt.<\/p><p>Bitte \u00fcberpr\u00fcfen Sie Ihr Paket bei der Ankunft und nehmen Sie es nicht an, wenn es besch\u00e4digt ist. Auf diese Weise wird das Paket an uns zur\u00fcckgeschickt und wir werden ein neues anfertigen und Ihnen zusenden. Wenn Sie ein Paket annehmen, das besch\u00e4digt ist, k\u00f6nnen wir Sie nicht entsch\u00e4digen.<\/p><p><span data-teams=\"true\">F\u00fcr U.S.-Lieferungen: Die U.S. Customs and Border Protection kann gelegentlich eine Sendung zur\u00fcckhalten, wenn diese nach den U.S. Anti-Dumping\/Countervailing Duty (AD\/CVD) Regeln gepr\u00fcft wird. In diesem Fall ist FedEx m\u00f6glicherweise nicht in der Lage, die Sendung mit einer eigenen Kaution abzufertigen, und Sie (der eingetragene Empf\u00e4nger\/Einf\u00fchrer) werden gebeten, mit FedEx oder einem anderen Zollmakler zusammenzuarbeiten, um eine Zollkaution einzurichten und alle erforderlichen Z\u00f6lle\/Steuern (Bareinlagen) zu zahlen, damit das Paket freigegeben wird. Diese Anforderungen werden von den US-Beh\u00f6rden festgelegt und liegen au\u00dferhalb der Kontrolle des Absenders und von FedEx.<\/span>\u00a0<\/p><\/div><\/div><\/div><\/div><\/div><div class=\"wpb_text_column wpb_content_element\"><div class=\"wpb_wrapper\"><h2>Bedingungen f\u00fcr kostenlosen Versand<\/h2><div class=\"vc_tta-panel-body\"><div class=\"wpb_text_column wpb_content_element\"><div class=\"wpb_wrapper\"><p><strong>Preis<\/strong>: Kostenlos in alle Teile der Welt<\/p><p><strong>Tr\u00e4ger<\/strong>:<br \/>Die bulgarische Post in Zusammenarbeit mit den nationalen Postdiensten in Ihrem Land, d.h. USPS in den USA, Canada Post, Parcel Force im Vereinigten K\u00f6nigreich, Australia Post, etc. - Sie alle sind 100% zuverl\u00e4ssig, und von den Tausenden Paketen, die wir bisher mit ihnen verschickt haben, ging kein einziges verloren.<\/p><p><strong>Lieferfristen:<\/strong><br \/>Bei eingeschriebenen Sendungen ist bei der Zustellung eine Unterschrift erforderlich. Wenn Sie zum Zeitpunkt der Zustellung nicht zu Hause sind, wird das Paket gem\u00e4\u00df den Richtlinien Ihrer nationalen Post behandelt. In den meisten F\u00e4llen, z. B. in den USA, Kanada, Australien und Gro\u00dfbritannien, erhalten Sie eine Nachricht, dass Sie Ihr Paket bei Ihrem \u00f6rtlichen Postamt abholen oder dort anrufen k\u00f6nnen, um die Zustellung zu einem geeigneten Zeitpunkt zu verschieben.<\/p><p><strong>Transitzeiten<\/strong>\u00a0(ungef\u00e4hre Angaben, nicht garantiert):<\/p><ul><li style=\"margin-bottom: 10px;\">USA Festland - 3 Wochen<\/li><li style=\"margin-bottom: 10px;\">USA (Hawaii, AK) - 4 Wochen<\/li><li style=\"margin-bottom: 10px;\">Kanada - 3 Wochen<\/li><li style=\"margin-bottom: 10px;\">Afrika - 3 Wochen<\/li><li style=\"margin-bottom: 10px;\">Australien - 3 Wochen<\/li><li style=\"margin-bottom: 10px;\">Asien - 3 Wochen<\/li><li style=\"margin-bottom: 10px;\">S\u00fcdamerika - 3-4 Wochen<\/li><li style=\"margin-bottom: 10px;\">Europ\u00e4ische Union - 2 Wochen<\/li><li style=\"margin-bottom: 10px;\">UK - 2 Wochen<\/li><\/ul><\/div><\/div><\/div><\/div><\/div><div class=\"wpb_text_column wpb_content_element\"><div class=\"wpb_wrapper\"><div class=\"vc_tta-panel-body\"><div class=\"wpb_text_column wpb_content_element\"><div class=\"wpb_wrapper\"><h2>Express 3-Tage-Versandbedingungen<\/h2><p><strong>Preis<\/strong>: Bitte benutzen Sie die daf\u00fcr vorgesehenen\u00a0<a href=\"https:\/\/homeofwool.com\/de\/shop\/zusatzliche-gebuhr\/\">Expresszustellung Upgrade<\/a>\u00a0Auflistung in unserem Shop oder senden Sie uns eine Nachricht f\u00fcr eine Sch\u00e4tzung der Versandkosten.<\/p><p><strong>Tr\u00e4ger<\/strong>: DHL<\/p><p><strong>Lieferfristen:<\/strong><br \/>F\u00fcr den Versand ist eine Telefonnummer erforderlich. Pakete werden an Ihre T\u00fcr geliefert und eine Unterschrift ist erforderlich, um sie zu akzeptieren.<\/p><p><strong>Transitzeiten<\/strong>\u00a0(garantiert):<\/p><ul><li>Weltweit - 3-5 Arbeitstage<\/li><\/ul><\/div><\/div><\/div><\/div><\/div><div class=\"wpb_text_column wpb_content_element\"><div class=\"wpb_wrapper\"><div class=\"vc_tta-panel-body\"><div class=\"wpb_text_column wpb_content_element\"><div class=\"wpb_wrapper\"><h2>Verfolgen Sie Ihre Lieferung<\/h2><p>Wir senden Ihnen eine Tracking-Nummer, sobald wir Ihre Bestellung versenden. Bitte behalten Sie den Tracking-Link im Auge mit\u00a0<a href=\"https:\/\/www.track-trace.com\/\" rel=\"nofollow noopener\">www.track-trace.com<\/a>\u00a0oder auf der Website Ihrer nationalen Post:<\/p><p>USA:\u00a0<a href=\"https:\/\/www.usps.com\/\" rel=\"nofollow noopener\">www.usps.com<\/a><br \/>Kanada:\u00a0<a href=\"https:\/\/www.canadapost.ca\/cpc\/en\/home.page\" rel=\"nofollow noopener\">www.canadapost.ca<\/a><br \/>Australien:\u00a0<a href=\"https:\/\/auspost.com.au\/\" rel=\"nofollow noopener\">https:\/\/auspost.com.au\/<\/a><br \/>UK:\u00a0<a href=\"https:\/\/www.parcelforce.com\/\" rel=\"nofollow noopener\">www.parcelforce.com<\/a><\/p><p>Statusaktualisierungen f\u00fcr kostenlosen und bevorzugten Versand sind erst verf\u00fcgbar, wenn das Paket den Zoll in Ihrem Land erreicht.<\/p><p>Alle Bestellungen k\u00f6nnen nachverfolgt werden\u00a0<strong><a href=\"https:\/\/homeofwool.aftership.com\/\" rel=\"nofollow noopener\">hier<\/a>.<\/strong><\/p><\/div><\/div><\/div><\/div><\/div><div class=\"wpb_text_column wpb_content_element\"><div class=\"wpb_wrapper\"><h2>Verlorenes oder versp\u00e4tetes Paket<\/h2><p>Der nationale Postdienst ist in allen Teilen der Welt sehr zuverl\u00e4ssig, und verlorene Pakete sind nach unserer Erfahrung mit dem Versand von Tausenden von Paketen in \u00fcber 40 L\u00e4nder, einschlie\u00dflich USA, Kanada, Australien, Vereinigtes K\u00f6nigreich und EU, \u00e4u\u00dferst selten.<br \/>Wenn ein Paket verloren geht, senden wir kostenlos einen Ersatz.<br \/>Sie k\u00f6nnen sich mit uns in Verbindung setzen, wenn Ihr Paket seit mehr als 1 Monat nicht mehr in Ihrem Land eingetroffen ist. Wir k\u00f6nnen die Zustellung nicht beschleunigen, aber wir k\u00f6nnen eine offizielle Anfrage an die Post stellen, um zu versuchen, das Paket zu finden.<\/p><\/div><\/div><div class=\"wpb_text_column wpb_content_element\"><div class=\"wpb_wrapper\"><h2>Stornierung Ihrer Bestellung<\/h2><p>Wenn Sie Ihre Bestellung oder einen Teil davon stornieren m\u00f6chten, setzen Sie sich bitte mit uns in Verbindung. Wir k\u00f6nnen dann die Artikel stornieren, mit deren Herstellung wir noch nicht begonnen haben.<\/p><\/div><\/div><div class=\"wpb_text_column wpb_content_element\"><div class=\"wpb_wrapper\"><h2>R\u00fccksendungen und Erstattungen<\/h2><div class=\"vc_tta-panel-body\"><div class=\"wpb_text_column wpb_content_element\"><div class=\"wpb_wrapper\"><ul><li style=\"margin-bottom: 15px;\">Wenn Sie mit Ihrem Kauf nicht zufrieden sind oder einen Artikel zur\u00fcckgeben m\u00f6chten, wenden Sie sich bitte an uns, <a href=\"https:\/\/homeofwool.com\/de\/kontakt\/\">kontaktieren Sie uns<\/a>. <strong>Sonderanfertigungen und gebrauchte Artikel k\u00f6nnen nicht zur\u00fcckgegeben werden.<br \/><\/strong><ul><li>R\u00fccksendeadresse: Bulgarien, Sofia, bul. Simeonovsko shose 24, Postleitzahl: 1700<\/li><\/ul><\/li><li style=\"margin-bottom: 15px;\">Wenn Ihr Artikel wie beschrieben und ohne Herstellungsm\u00e4ngel oder Fehler (es wurde ein anderer Stoff verwendet, ein falsches Design umgesetzt, eine Abweichung von mehr als 5% in L\u00e4nge oder Breite) bei Ihnen ankam, k\u00f6nnen Sie innerhalb der ersten 2 Wochen nach der Lieferung eine R\u00fcckgabe f\u00fcr einen nicht kundenspezifischen Artikel beantragen. Die Artikel m\u00fcssen innerhalb von 30 Tagen nach Lieferung zur\u00fcckgeschickt werden. Die R\u00fcckerstattung erfolgt ohne Plattform- und Zahlungsgeb\u00fchren und kann daher bis zu 82% des Bestellwerts betragen.<\/li><li style=\"margin-bottom: 15px;\">Wenn Ihr Artikel mit einem Fabrikations- oder Herstellungsfehler ankommt (es wurde ein anderer Stoff verwendet, ein falsches Design implementiert, mehr als 5% Abweichung in L\u00e4nge oder Breite), werden wir einen neuen Artikel anfertigen und versenden oder eine volle R\u00fcckerstattung f\u00fcr den betroffenen Artikel ausstellen.<\/li><li style=\"margin-bottom: 15px;\">Wenn Ihr Artikel nicht zugestellt wird, weil die Adresse unvollst\u00e4ndig, unleserlich oder falsch ist, der Empf\u00e4nger nicht erreichbar ist (unbekannt, umgezogen oder verstorben), die Post nicht abgeholt wurde oder die Annahme verweigert wurde, kann der Artikel auf Ihre Kosten erneut versandt werden, wobei die Kosten f\u00fcr die R\u00fccksendung in Rechnung gestellt werden. Wenn Sie nicht w\u00fcnschen, dass ein nicht kundenspezifischer Artikel erneut versandt wird, k\u00f6nnen wir eine Teilr\u00fcckerstattung ausstellen, wobei die Plattform- und Zahlungsgeb\u00fchren sowie die R\u00fccksendekosten nicht ber\u00fccksichtigt werden, so dass die R\u00fcckerstattung bis zu 82% des Artikelwertes betragen kann. Sonderanfertigungen sind von der R\u00fcckerstattung ausgeschlossen und k\u00f6nnen nur zur\u00fcckgeschickt werden.<\/li><li style=\"margin-bottom: 15px;\">Wenn Ihr Artikel zur R\u00fccksendung zugelassen ist, deklarieren Sie bitte den Wert unter $15, da sonst Zollgeb\u00fchren anfallen, obwohl es sich nicht um einen Kauf, sondern um eine R\u00fccksendung handelt. Falls Einfuhrgeb\u00fchren erhoben werden, werden diese von Ihrem Erstattungsbetrag abgezogen. Zur\u00fcckgegebene Artikel m\u00fcssen sich in ihrem urspr\u00fcnglichen Zustand befinden. Die R\u00fcckerstattung erfolgt, nachdem wir die Artikel zur\u00fcckerhalten und gepr\u00fcft haben. Die R\u00fccksendekosten gehen vollst\u00e4ndig zu Lasten des Kunden.<\/li><li style=\"margin-bottom: 15px;\">Europ\u00e4ische Renditen<br \/>Europ\u00e4ische Kunden k\u00f6nnen Pakete, einschlie\u00dflich Matratzen, mit dem Kurierdienst DPD zu einem sehr niedrigen Preis zur\u00fcckschicken, der in der Regel bei 30-40 Euro liegt. Beantragen Sie die Abholung an Ihrer Haust\u00fcr, Details unter www.dpd.com<\/li><li style=\"margin-bottom: 15px;\"><span data-teams=\"true\">Wenn der US-Zoll eine Sendung als Gegenstand von Antidumping- und Ausgleichsz\u00f6llen (AD\/CVD) einstuft und vom Importeur verlangt, eine US-Zollb\u00fcrgschaft (oft \u00fcber einen Makler) zu erwerben und die erforderlichen Zollkautionen zu entrichten, liegen daraus resultierende Zollstopps, Abfertigungsverz\u00f6gerungen oder zus\u00e4tzliche Geb\u00fchren au\u00dferhalb unserer und der Kontrolle von FedEx und k\u00f6nnen nach dem Versand nicht erstattet werden.<\/span><\/li><\/ul><p>Alle R\u00fcckerstattungen werden auf dieselbe Karte \u00fcberwiesen, mit der die Zahlung get\u00e4tigt wurde. Die \u00dcberweisung kann bis zu 3 Arbeitstage nach Ausstellung der R\u00fcckerstattung dauern.<\/p><\/div><\/div><\/div><\/div><\/div><\/div><\/div><\/div><\/div><\/div><\/div><\/div>\t\t\t\t\t\t\t\t<\/div>\n\t\t\t\t\t<\/div>\n\t\t\t\t<\/div>\n\t\t\t\t<\/div>","protected":false},"excerpt":{"rendered":"<p>Delivery &amp; Returns Shipping We ship globally and offer Free Worldwide Shipping on all orders, to your door.\u00a0Paid shipping options are also available, see below. All countries are shipped on DDP (delivery duty paid) basis, so taxes and duties are included in the final price and you will receive the package at your door, you [&hellip;]<\/p>\n","protected":false},"author":1,"featured_media":0,"parent":0,"menu_order":0,"comment_status":"closed","ping_status":"closed","template":"elementor_header_footer","meta":{"_acf_changed":false,"footnotes":""},"class_list":["post-219982","page","type-page","status-publish","hentry"],"acf":[],"yoast_head":"<!-- This site is optimized with the Yoast SEO Premium plugin v27.3 (Yoast SEO v27.3) - https:\/\/yoast.com\/product\/yoast-seo-premium-wordpress\/ -->\n<title>Delivery &amp; Returns | Home of Wool<\/title>\n<meta name=\"description\" content=\"Learn about our delivery options, shipping times, and return policy for Home of Wool products. Find details on international orders, exchanges, and how we handle each parcel with care from our atelier to your home.\" \/>\n<meta name=\"robots\" content=\"index, follow, max-snippet:-1, max-image-preview:large, max-video-preview:-1\" \/>\n<link rel=\"canonical\" href=\"https:\/\/homeofwool.com\/de\/lieferrucksendungen\/\" \/>\n<meta property=\"og:locale\" content=\"de_DE\" \/>\n<meta property=\"og:type\" content=\"article\" \/>\n<meta property=\"og:title\" content=\"Delivery Returns\" \/>\n<meta property=\"og:description\" content=\"Learn about our delivery options, shipping times, and return policy for Home of Wool products. Find details on international orders, exchanges, and how we handle each parcel with care from our atelier to your home.\" \/>\n<meta property=\"og:url\" content=\"https:\/\/homeofwool.com\/de\/lieferrucksendungen\/\" \/>\n<meta property=\"og:site_name\" content=\"Home of Wool\" \/>\n<meta property=\"article:publisher\" content=\"https:\/\/facebook.com\/HomeOfWoolOfficial\" \/>\n<meta property=\"article:modified_time\" content=\"2026-01-14T09:39:25+00:00\" \/>\n<meta name=\"twitter:card\" content=\"summary_large_image\" \/>\n<meta name=\"twitter:label1\" content=\"Gesch\u00e4tzte Lesezeit\" \/>\n\t<meta name=\"twitter:data1\" content=\"5\u00a0Minuten\" \/>\n<script type=\"application\/ld+json\" class=\"yoast-schema-graph\">{\"@context\":\"https:\\\/\\\/schema.org\",\"@graph\":[{\"@type\":\"WebPage\",\"@id\":\"https:\\\/\\\/homeofwool.com\\\/delivery-returns\\\/\",\"url\":\"https:\\\/\\\/homeofwool.com\\\/delivery-returns\\\/\",\"name\":\"Delivery & Returns | Home of Wool\",\"isPartOf\":{\"@id\":\"https:\\\/\\\/homeofwool.com\\\/#website\"},\"datePublished\":\"2025-09-27T08:34:20+00:00\",\"dateModified\":\"2026-01-14T09:39:25+00:00\",\"description\":\"Learn about our delivery options, shipping times, and return policy for Home of Wool products. Find details on international orders, exchanges, and how we handle each parcel with care from our atelier to your home.\",\"breadcrumb\":{\"@id\":\"https:\\\/\\\/homeofwool.com\\\/delivery-returns\\\/#breadcrumb\"},\"inLanguage\":\"de\",\"potentialAction\":[{\"@type\":\"ReadAction\",\"target\":[\"https:\\\/\\\/homeofwool.com\\\/delivery-returns\\\/\"]}]},{\"@type\":\"BreadcrumbList\",\"@id\":\"https:\\\/\\\/homeofwool.com\\\/delivery-returns\\\/#breadcrumb\",\"itemListElement\":[{\"@type\":\"ListItem\",\"position\":1,\"name\":\"Home\",\"item\":\"https:\\\/\\\/homeofwool.com\\\/\"},{\"@type\":\"ListItem\",\"position\":2,\"name\":\"Delivery Returns\"}]},{\"@type\":\"WebSite\",\"@id\":\"https:\\\/\\\/homeofwool.com\\\/#website\",\"url\":\"https:\\\/\\\/homeofwool.com\\\/\",\"name\":\"Home of Wool\",\"description\":\"\",\"publisher\":{\"@id\":\"https:\\\/\\\/homeofwool.com\\\/#organization\"},\"potentialAction\":[{\"@type\":\"SearchAction\",\"target\":{\"@type\":\"EntryPoint\",\"urlTemplate\":\"https:\\\/\\\/homeofwool.com\\\/?s={search_term_string}\"},\"query-input\":{\"@type\":\"PropertyValueSpecification\",\"valueRequired\":true,\"valueName\":\"search_term_string\"}}],\"inLanguage\":\"de\"},{\"@type\":\"Organization\",\"@id\":\"https:\\\/\\\/homeofwool.com\\\/#organization\",\"name\":\"Home of Wool\",\"url\":\"https:\\\/\\\/homeofwool.com\\\/\",\"logo\":{\"@type\":\"ImageObject\",\"inLanguage\":\"de\",\"@id\":\"https:\\\/\\\/homeofwool.com\\\/#\\\/schema\\\/logo\\\/image\\\/\",\"url\":\"https:\\\/\\\/homeofwool.com\\\/wp-content\\\/uploads\\\/2025\\\/09\\\/WhatsApp-Image-2025-12-02-at-16.23.20.jpeg\",\"contentUrl\":\"https:\\\/\\\/homeofwool.com\\\/wp-content\\\/uploads\\\/2025\\\/09\\\/WhatsApp-Image-2025-12-02-at-16.23.20.jpeg\",\"width\":700,\"height\":247,\"caption\":\"Home of Wool\"},\"image\":{\"@id\":\"https:\\\/\\\/homeofwool.com\\\/#\\\/schema\\\/logo\\\/image\\\/\"},\"sameAs\":[\"https:\\\/\\\/facebook.com\\\/HomeOfWoolOfficial\"]}]}<\/script>\n<!-- \/ Yoast SEO Premium plugin. -->","yoast_head_json":{"title":"Lieferung &amp; R\u00fccksendungen | Home of Wool","description":"Informieren Sie sich \u00fcber unsere Lieferoptionen, Versandzeiten und R\u00fcckgabebedingungen f\u00fcr Home of Wool-Produkte. Hier finden Sie Details zu internationalen Bestellungen, Umtausch und wie wir jedes Paket mit Sorgfalt von unserem Atelier zu Ihnen nach Hause transportieren.","robots":{"index":"index","follow":"follow","max-snippet":"max-snippet:-1","max-image-preview":"max-image-preview:large","max-video-preview":"max-video-preview:-1"},"canonical":"https:\/\/homeofwool.com\/de\/lieferrucksendungen\/","og_locale":"de_DE","og_type":"article","og_title":"Delivery Returns","og_description":"Learn about our delivery options, shipping times, and return policy for Home of Wool products. Find details on international orders, exchanges, and how we handle each parcel with care from our atelier to your home.","og_url":"https:\/\/homeofwool.com\/de\/lieferrucksendungen\/","og_site_name":"Home of Wool","article_publisher":"https:\/\/facebook.com\/HomeOfWoolOfficial","article_modified_time":"2026-01-14T09:39:25+00:00","twitter_card":"summary_large_image","twitter_misc":{"Gesch\u00e4tzte Lesezeit":"5\u00a0Minuten"},"schema":{"@context":"https:\/\/schema.org","@graph":[{"@type":"WebPage","@id":"https:\/\/homeofwool.com\/delivery-returns\/","url":"https:\/\/homeofwool.com\/delivery-returns\/","name":"Lieferung &amp; R\u00fccksendungen | Home of Wool","isPartOf":{"@id":"https:\/\/homeofwool.com\/#website"},"datePublished":"2025-09-27T08:34:20+00:00","dateModified":"2026-01-14T09:39:25+00:00","description":"Informieren Sie sich \u00fcber unsere Lieferoptionen, Versandzeiten und R\u00fcckgabebedingungen f\u00fcr Home of Wool-Produkte. Hier finden Sie Details zu internationalen Bestellungen, Umtausch und wie wir jedes Paket mit Sorgfalt von unserem Atelier zu Ihnen nach Hause transportieren.","breadcrumb":{"@id":"https:\/\/homeofwool.com\/delivery-returns\/#breadcrumb"},"inLanguage":"de","potentialAction":[{"@type":"ReadAction","target":["https:\/\/homeofwool.com\/delivery-returns\/"]}]},{"@type":"BreadcrumbList","@id":"https:\/\/homeofwool.com\/delivery-returns\/#breadcrumb","itemListElement":[{"@type":"ListItem","position":1,"name":"Home","item":"https:\/\/homeofwool.com\/"},{"@type":"ListItem","position":2,"name":"Delivery Returns"}]},{"@type":"WebSite","@id":"https:\/\/homeofwool.com\/#website","url":"https:\/\/homeofwool.com\/","name":"Heimat der Wolle","description":"","publisher":{"@id":"https:\/\/homeofwool.com\/#organization"},"potentialAction":[{"@type":"SearchAction","target":{"@type":"EntryPoint","urlTemplate":"https:\/\/homeofwool.com\/?s={search_term_string}"},"query-input":{"@type":"PropertyValueSpecification","valueRequired":true,"valueName":"search_term_string"}}],"inLanguage":"de"},{"@type":"Organization","@id":"https:\/\/homeofwool.com\/#organization","name":"Heimat der Wolle","url":"https:\/\/homeofwool.com\/","logo":{"@type":"ImageObject","inLanguage":"de","@id":"https:\/\/homeofwool.com\/#\/schema\/logo\/image\/","url":"https:\/\/homeofwool.com\/wp-content\/uploads\/2025\/09\/WhatsApp-Image-2025-12-02-at-16.23.20.jpeg","contentUrl":"https:\/\/homeofwool.com\/wp-content\/uploads\/2025\/09\/WhatsApp-Image-2025-12-02-at-16.23.20.jpeg","width":700,"height":247,"caption":"Home of Wool"},"image":{"@id":"https:\/\/homeofwool.com\/#\/schema\/logo\/image\/"},"sameAs":["https:\/\/facebook.com\/HomeOfWoolOfficial"]}]}},"_links":{"self":[{"href":"https:\/\/homeofwool.com\/de\/wp-json\/wp\/v2\/pages\/219982","targetHints":{"allow":["GET"]}}],"collection":[{"href":"https:\/\/homeofwool.com\/de\/wp-json\/wp\/v2\/pages"}],"about":[{"href":"https:\/\/homeofwool.com\/de\/wp-json\/wp\/v2\/types\/page"}],"author":[{"embeddable":true,"href":"https:\/\/homeofwool.com\/de\/wp-json\/wp\/v2\/users\/1"}],"replies":[{"embeddable":true,"href":"https:\/\/homeofwool.com\/de\/wp-json\/wp\/v2\/comments?post=219982"}],"version-history":[{"count":9,"href":"https:\/\/homeofwool.com\/de\/wp-json\/wp\/v2\/pages\/219982\/revisions"}],"predecessor-version":[{"id":227291,"href":"https:\/\/homeofwool.com\/de\/wp-json\/wp\/v2\/pages\/219982\/revisions\/227291"}],"wp:attachment":[{"href":"https:\/\/homeofwool.com\/de\/wp-json\/wp\/v2\/media?parent=219982"}],"curies":[{"name":"wp","href":"https:\/\/api.w.org\/{rel}","templated":true}]}}