{"id":219976,"date":"2025-09-27T08:34:20","date_gmt":"2025-09-27T08:34:20","guid":{"rendered":"https:\/\/homeofwool.com\/policies\/"},"modified":"2026-03-25T10:09:15","modified_gmt":"2026-03-25T10:09:15","slug":"richtlinien","status":"publish","type":"page","link":"https:\/\/homeofwool.com\/de\/policies\/","title":{"rendered":"Politiken"},"content":{"rendered":"<h1>Datenschutzbestimmungen<\/h1>\n<p><strong>Zuletzt aktualisiert:<\/strong> 10. M\u00e4rz 2026<\/p>\n<p>In dieser Datenschutzerkl\u00e4rung wird erl\u00e4utert, wie Home of Wool LTD (\u201cHome of Wool\u201d, \u201cwir\u201d, \u201cuns\u201d oder \u201cunser\u201d) personenbezogene Daten sammelt, verwendet, speichert, weitergibt und sch\u00fctzt, wenn Sie unsere Website besuchen, eine Bestellung aufgeben, mit uns Kontakt aufnehmen, sich f\u00fcr Marketingma\u00dfnahmen anmelden oder anderweitig mit uns interagieren.<\/p>\n<p>Au\u00dferdem werden Ihre Rechte gem\u00e4\u00df den geltenden Datenschutzgesetzen erl\u00e4utert, einschlie\u00dflich der Allgemeinen Datenschutzverordnung (GDPR), dem kalifornischen Verbraucherschutzgesetz in seiner ge\u00e4nderten Fassung (CCPA\/CPRA) und anderen geltenden Datenschutzgesetzen der US-Bundesstaaten.<\/p>\n<h2>1. Wer wir sind<\/h2>\n<p><strong>Home of Wool LTD<\/strong><br \/>\nMajor Thompson 57, Stockwerk 1, Apt. 26<br \/>\nSofia 1407, Bulgarien<br \/>\nMEHRWERTSTEUER: BG203654879<br \/>\nE-Mail: <a href=\"mailto:hello@homeofwool.com\">hello@homeofwool.com<\/a><\/p>\n<p>Im Sinne des geltenden Datenschutzrechts ist die Home of Wool LTD der Datenverantwortliche f\u00fcr die in dieser Datenschutzerkl\u00e4rung beschriebenen personenbezogenen Daten, sofern nicht anders angegeben.<\/p>\n<h2>2. Geltungsbereich dieser Politik<\/h2>\n<p>Diese Datenschutzrichtlinie gilt f\u00fcr personenbezogene Daten, die durch:<\/p>\n<ul>\n<li>unsere Website und unseren Online-Shop;<\/li>\n<li>Kaufabwicklung und Auftragsabwicklung;<\/li>\n<li>E-Mail, Kontaktformulare und Kundenbetreuung;<\/li>\n<li>Newsletter-Anmeldungen und Marketing-Mitteilungen;<\/li>\n<li>Cookies, Pixel, Analyseverfahren und \u00e4hnliche Technologien zur Nachverfolgung.<\/li>\n<\/ul>\n<h2>3. Gesammelte pers\u00f6nliche Daten<\/h2>\n<h3>3.1 Von Ihnen direkt bereitgestellte Informationen<\/h3>\n<p>Wir k\u00f6nnen personenbezogene Daten sammeln, die Sie uns zur Verf\u00fcgung stellen, einschlie\u00dflich:<\/p>\n<ul>\n<li>Name;<\/li>\n<li>E-Mail Adresse;<\/li>\n<li>Rufnummer;<\/li>\n<li>Rechnungsadresse;<\/li>\n<li>Lieferadresse;<\/li>\n<li>Einzelheiten zur Bestellung, einschlie\u00dflich der gekauften Produkte und Angaben zur individuellen Gestaltung;<\/li>\n<li>Einzelheiten zu Zahlungstransaktionen (die \u00fcber dritte Zahlungsanbieter abgewickelt werden);<\/li>\n<li>Mitteilungen, die Sie an uns senden, einschlie\u00dflich Supportanfragen, E-Mails und Nachrichten.<\/li>\n<\/ul>\n<h3>3.2 Automatisch gesammelte Informationen<\/h3>\n<p>Wenn Sie unsere Website besuchen oder nutzen, k\u00f6nnen wir automatisch bestimmte technische Daten und Nutzungsdaten erfassen, einschlie\u00dflich:<\/p>\n<ul>\n<li>IP-Adresse;<\/li>\n<li>Browsertyp und -version;<\/li>\n<li>Ger\u00e4tetyp und Betriebssystem;<\/li>\n<li>betrachtete Seiten und Navigationsverhalten;<\/li>\n<li>Datum und Uhrzeit der Besuche;<\/li>\n<li>verweisende Website oder Quelle;<\/li>\n<li>Cookie-Kennungen und \u00e4hnliche Online-Kennungen;<\/li>\n<li>Interaktionsdaten f\u00fcr Analysezwecke und Werbemessung.<\/li>\n<\/ul>\n<h3>3.3 Informationen von Dritten<\/h3>\n<p>Wir k\u00f6nnen Informationen von Dritten erhalten, z. B. von Zahlungsabwicklern, Lieferpartnern, Analyseanbietern, Werbepartnern und E-Mail-Marketinganbietern, wenn dies f\u00fcr den Betrieb unseres Unternehmens, die Durchf\u00fchrung von Transaktionen oder die Messung und Verbesserung unserer Dienstleistungen erforderlich ist.<\/p>\n<h2>4. Wie wir pers\u00f6nliche Daten verwenden<\/h2>\n<p>Wir k\u00f6nnen personenbezogene Daten f\u00fcr die folgenden Zwecke verwenden:<\/p>\n<ul>\n<li>um Auftr\u00e4ge zu erteilen, zu bearbeiten, zu best\u00e4tigen und auszuf\u00fchren;<\/li>\n<li>um Produkte zu entwickeln, herzustellen, anzupassen und zu liefern;<\/li>\n<li>um mit Ihnen \u00fcber Bestellungen, Lieferungen, R\u00fccksendungen und Kundenbetreuung zu kommunizieren;<\/li>\n<li>um Zahlungen zu verarbeiten und Betrug oder Missbrauch aufzudecken;<\/li>\n<li>Auftragsunterlagen, Rechnungen und Gesch\u00e4ftsunterlagen zu f\u00fchren;<\/li>\n<li>um unsere Website, Produkte, Dienstleistungen und Kundenerfahrungen zu verbessern;<\/li>\n<li>um den Website-Verkehr und die Kampagnenleistung zu analysieren;<\/li>\n<li>f\u00fcr den Versand von Newslettern, Werbe-E-Mails und Marketing-Mitteilungen, sofern dies gesetzlich zul\u00e4ssig ist;<\/li>\n<li>zur Erf\u00fcllung rechtlicher, steuerlicher, buchhalterischer, auditbezogener, betrugsvorbeugender, sanktionsbewehrter, geldw\u00e4schebek\u00e4mpfender und sonstiger regulatorischer Verpflichtungen;<\/li>\n<li>zur Begr\u00fcndung, Aus\u00fcbung oder Verteidigung von Rechtsanspr\u00fcchen.<\/li>\n<\/ul>\n<h2>5. Rechtsgrundlagen f\u00fcr die Verarbeitung<\/h2>\n<ul>\n<li><strong>Vertrag:<\/strong> wenn die Verarbeitung erforderlich ist, um Ma\u00dfnahmen auf Ihren Wunsch hin zu ergreifen oder einen Vertrag mit Ihnen zu erf\u00fcllen, z. B. bei der Bearbeitung einer Bestellung.<\/li>\n<li><strong>Gesetzliche Verpflichtung:<\/strong> wenn die Verarbeitung zur Erf\u00fcllung gesetzlicher oder beh\u00f6rdlicher Pflichten erforderlich ist.<\/li>\n<li><strong>Berechtigte Interessen:<\/strong> wenn die Verarbeitung f\u00fcr unsere legitimen Gesch\u00e4ftsinteressen erforderlich ist, sofern diese Interessen nicht durch Ihre Rechte \u00fcberlagert werden.<\/li>\n<li><strong>Einverstanden:<\/strong> wenn dies gesetzlich vorgeschrieben ist, einschlie\u00dflich f\u00fcr bestimmte Marketing- und nicht wesentliche Cookies oder Tracking-Technologien.<\/li>\n<\/ul>\n<h2>6. Cookies, Analysen, Pixel und \u00e4hnliche Technologien<\/h2>\n<p>Wir verwenden Cookies, Pixel, Tags, Skripte und \u00e4hnliche Technologien, um die Website zu betreiben, das Nutzerverhalten zu verstehen, die Leistung zu verbessern, das Marketing zu unterst\u00fctzen und die Wirksamkeit der Werbung zu messen.<\/p>\n<h3>6.1 Von uns verwendete Technologien<\/h3>\n<ul>\n<li><strong>Google Analytics<\/strong> f\u00fcr Website-Analysen und Leistungseinblicke;<\/li>\n<li><strong>Facebook (Meta)-Pixel<\/strong> f\u00fcr Werbemessung, Zielgruppenerstellung und Remarketing;<\/li>\n<li><strong>Klaviyo Tracking-Technologien<\/strong>, einschlie\u00dflich Cookies, Skripte und\/oder Pixel, f\u00fcr die Zuordnung von E-Mail-Marketing, die Segmentierung der Zielgruppe und die Messung der Marketingleistung.<\/li>\n<\/ul>\n<h3>6.2 Wie diese Technologien eingesetzt werden<\/h3>\n<p>Diese Technologien k\u00f6nnen Informationen wie Ihre IP-Adresse, Browserinformationen, Ger\u00e4teinformationen, besuchte Seiten, Kaufaktivit\u00e4ten, Verweisquellen und Interaktionen mit der Website oder Marketingmitteilungen erfassen oder ableiten.<\/p>\n<h3>6.3 Zustimmung und Cookie-Kontrollen<\/h3>\n<p>Soweit gesetzlich vorgeschrieben, bitten wir um Zustimmung, bevor wir nicht wesentliche Cookies und Tracking-Technologien platzieren oder aktivieren.<\/p>\n<p>Sie k\u00f6nnen Cookies auch \u00fcber die Einstellungen Ihres Browsers und, sofern vorhanden, \u00fcber die Cookie- oder Einwilligungseinstellungen unserer Website steuern.<\/p>\n<p>Bitte beachten Sie, dass die Deaktivierung bestimmter Cookies die Funktionalit\u00e4t der Website beeintr\u00e4chtigen kann.<\/p>\n<h2>7. Marketing-Kommunikation<\/h2>\n<p>Wenn Sie unseren Newsletter abonnieren oder anderweitig dem Erhalt von Marketingmaterial zustimmen, k\u00f6nnen wir Ihnen Werbe-E-Mails, Aktualisierungen, Angebote und \u00e4hnliche Mitteilungen zusenden.<\/p>\n<p>Sie k\u00f6nnen sich jederzeit von der Vermarktung abmelden:<\/p>\n<ul>\n<li>Klicken Sie auf den Abmeldelink in der E-Mail; oder<\/li>\n<li>Kontaktieren Sie uns unter <a href=\"mailto:hello@homeofwool.com\">hello@homeofwool.com<\/a>.<\/li>\n<\/ul>\n<p>Wenn Sie die L\u00f6schung Ihrer Marketingdaten beantragen, werden wir diesem Antrag im Rahmen des gesetzlich Zul\u00e4ssigen nachkommen. In einigen F\u00e4llen k\u00f6nnen wir begrenzte Unterdr\u00fcckungsinformationen aufbewahren, wie z. B. Ihre E-Mail-Adresse auf einer \"Do-not-contact\"-Liste, nur um sicherzustellen, dass wir Ihre Opt-out-Anfrage in Zukunft respektieren.<\/p>\n<h2>8. Auftr\u00e4ge und Aufbewahrung von Unterlagen<\/h2>\n<p>Wenn Sie eine Bestellung aufgeben, erstellen und bewahren wir Transaktionsaufzeichnungen auf, die wir f\u00fcr den Betrieb unseres Unternehmens und die Einhaltung rechtlicher Verpflichtungen ben\u00f6tigen.<\/p>\n<p>Wir k\u00f6nnen die wichtigsten Auftragsdaten aufbewahren, einschlie\u00dflich:<\/p>\n<ul>\n<li>Bestellnummer;<\/li>\n<li>Name des Erwerbers;<\/li>\n<li>gekaufte Produkte;<\/li>\n<li>Rechnungs- und Transaktionsunterlagen;<\/li>\n<li>Rechnungs- und Versanddetails;<\/li>\n<li>Zahlungsstatus und zugeh\u00f6rige Auftrags-Metadaten.<\/li>\n<\/ul>\n<p>Die Aufzeichnungen zu den Kernauftr\u00e4gen k\u00f6nnen bis zu folgenden Zeitr\u00e4umen aufbewahrt werden <strong>10 Jahre<\/strong> ab dem Ende der betreffenden Transaktion oder des Abrechnungszeitraums oder l\u00e4nger, wenn dies aufgrund geltender Gesetze, der Erfordernisse der Streitbeilegung, der Bearbeitung von R\u00fcckbuchungen, der Betrugsbek\u00e4mpfung, von Rechnungspr\u00fcfungserfordernissen, gegebenenfalls von \u00dcberpr\u00fcfungen zur Bek\u00e4mpfung der Geldw\u00e4sche, der Einhaltung von Steuervorschriften, von Rechnungslegungsvorschriften oder von Rechtsanspr\u00fcchen erforderlich ist.<\/p>\n<p>Aufgrund dieser rechtlichen und Compliance-Verpflichtungen k\u00f6nnen einige auftragsbezogene Daten nicht sofort gel\u00f6scht werden, auch wenn Sie die L\u00f6schung beantragen.<\/p>\n<h2>9. Konten und L\u00f6schungsantr\u00e4ge<\/h2>\n<p>Eink\u00e4ufe k\u00f6nnen ohne Erstellung eines Kontos get\u00e4tigt werden. Wenn Sie eine Kontofunktion nutzen oder wenn eine Kontofunktion in Zukunft angeboten wird, k\u00f6nnen Sie die L\u00f6schung Ihrer kontobezogenen personenbezogenen Daten verlangen.<\/p>\n<p>Wir kommen \u00fcberpr\u00fcften L\u00f6schungsantr\u00e4gen f\u00fcr kontobezogene Daten nach, soweit dies gesetzlich zul\u00e4ssig ist. Wir k\u00f6nnen jedoch alle Daten aufbewahren, die aufbewahrt werden m\u00fcssen, um gesetzlichen, beh\u00f6rdlichen, steuerlichen, buchhalterischen, betrugsverhindernden, streitbeilegenden oder vertraglichen Verpflichtungen nachzukommen.<\/p>\n<p>Wenn eine vollst\u00e4ndige L\u00f6schung aus rechtlichen Gr\u00fcnden nicht m\u00f6glich ist, k\u00f6nnen wir stattdessen die Verarbeitung einschr\u00e4nken und nur die Daten aufbewahren, die f\u00fcr diese Zwecke erforderlich sind.<\/p>\n<h2>10. Wie wir pers\u00f6nliche Daten weitergeben<\/h2>\n<p>Wir d\u00fcrfen personenbezogene Daten nur dann an vertrauensw\u00fcrdige Dritte weitergeben, wenn dies vern\u00fcnftigerweise erforderlich ist:<\/p>\n<ul>\n<li>Zahlungsabwickler;<\/li>\n<li>Versand- und Logistikdienstleister;<\/li>\n<li>Anbieter von Website-Hosting und Infrastruktur;<\/li>\n<li>Analytik-Anbieter;<\/li>\n<li>Anbieter von Werbung und Remarketing;<\/li>\n<li>E-Mail- und CRM-Anbieter;<\/li>\n<li>Berufsberater, Wirtschaftspr\u00fcfer, Versicherer und Rechtsbeist\u00e4nde;<\/li>\n<li>Gerichte, Regulierungsbeh\u00f6rden, Steuerbeh\u00f6rden, Strafverfolgungsbeh\u00f6rden oder andere Beh\u00f6rden, sofern dies gesetzlich vorgeschrieben ist.<\/li>\n<\/ul>\n<p>Wir verkaufen keine pers\u00f6nlichen Daten gegen Geld. Einige Analyse- oder Werbeaktivit\u00e4ten Dritter k\u00f6nnen jedoch nach bestimmten Datenschutzgesetzen in den USA als \u201cWeitergabe\u201d, \u201cVerkauf\u201d oder \u201cgezielte Werbung\u201d behandelt werden.<\/p>\n<h2>11. Internationale \u00dcberweisungen<\/h2>\n<p>Da wir international t\u00e4tig sind und Bestellungen aus mehreren L\u00e4ndern annehmen, k\u00f6nnen Ihre pers\u00f6nlichen Daten in andere L\u00e4nder als Ihr Heimatland \u00fcbertragen, dort gespeichert oder verarbeitet werden.<\/p>\n<p>Wo dies gesetzlich vorgeschrieben ist, ergreifen wir angemessene Ma\u00dfnahmen, um rechtm\u00e4\u00dfige \u00dcbermittlungsmechanismen und angemessene Sicherheitsvorkehrungen f\u00fcr internationale \u00dcbermittlungen zu verwenden.<\/p>\n<h2>12. Datensicherheit<\/h2>\n<p>Wir setzen angemessene technische und organisatorische Ma\u00dfnahmen ein, um personenbezogene Daten vor versehentlicher oder unrechtm\u00e4\u00dfiger Zerst\u00f6rung, Verlust, \u00c4nderung, unbefugter Weitergabe oder unbefugtem Zugriff zu sch\u00fctzen.<\/p>\n<p>Keine Methode der Online-\u00dcbertragung oder -Speicherung ist jedoch vollkommen sicher, und wir k\u00f6nnen keine absolute Sicherheit versprechen.<\/p>\n<h2>13. Ihre Datenschutzrechte<\/h2>\n<h3>13.1 GDPR und \u00e4hnliche Rechte<\/h3>\n<p>Vorbehaltlich des geltenden Rechts haben Sie m\u00f6glicherweise das Recht auf:<\/p>\n<ul>\n<li>dar\u00fcber informiert werden, wie Ihre personenbezogenen Daten verarbeitet werden;<\/li>\n<li>Zugang zu Ihren pers\u00f6nlichen Daten zu beantragen;<\/li>\n<li>die Berichtigung ungenauer oder unvollst\u00e4ndiger Daten zu verlangen;<\/li>\n<li>die L\u00f6schung Ihrer personenbezogenen Daten beantragen;<\/li>\n<li>die Einschr\u00e4nkung der Verarbeitung zu beantragen;<\/li>\n<li>gegen bestimmte Verarbeitungen, einschlie\u00dflich Direktmarketing, Widerspruch einlegen;<\/li>\n<li>Daten\u00fcbertragbarkeit beantragen;<\/li>\n<li>die Einwilligung zu widerrufen, wenn die Verarbeitung auf einer Einwilligung beruht;<\/li>\n<li>eine Beschwerde bei einer zust\u00e4ndigen Datenschutzbeh\u00f6rde einreichen.<\/li>\n<\/ul>\n<h3>13.2 Datenschutzrechte in Kalifornien und anderen Bundesstaaten der USA<\/h3>\n<p>Wenn Sie in Kalifornien oder in einem anderen US-Bundesstaat ans\u00e4ssig sind, in dem Datenschutzrechte gelten, haben Sie in dem Ma\u00dfe, in dem das Gesetz auf uns und Ihre Daten anwendbar ist, m\u00f6glicherweise das Recht auf:<\/p>\n<ul>\n<li>wissen, welche Kategorien personenbezogener Daten wir erheben, verwenden, offenlegen, verkaufen oder weitergeben;<\/li>\n<li>Zugang zu bestimmten personenbezogenen Daten zu beantragen, die wir \u00fcber Sie gespeichert haben;<\/li>\n<li>vorbehaltlich gesetzlicher Ausnahmen die L\u00f6schung personenbezogener Daten zu verlangen;<\/li>\n<li>die Berichtigung unzutreffender personenbezogener Daten zu verlangen;<\/li>\n<li>dem Verkauf, der Weitergabe oder der gezielten Werbung zu widersprechen;<\/li>\n<li>eine diskriminierungsfreie Behandlung bei der Aus\u00fcbung Ihrer Datenschutzrechte zu erhalten;<\/li>\n<li>gegebenenfalls Beschr\u00e4nkungen f\u00fcr bestimmte Verwendungen oder Offenlegungen sensibler personenbezogener Daten zu verlangen.<\/li>\n<\/ul>\n<h3>13.3 Wichtige Beschr\u00e4nkungen f\u00fcr die L\u00f6schung<\/h3>\n<p>Das Recht auf L\u00f6schung ist nicht absolut. Wir k\u00f6nnen L\u00f6schantr\u00e4ge ablehnen oder einschr\u00e4nken, wenn wir gesetzlich verpflichtet oder anderweitig rechtm\u00e4\u00dfig befugt sind, personenbezogene Daten aufzubewahren, z. B. f\u00fcr Bestellungsunterlagen, Steuer- und Buchhaltungsunterlagen, Betrugsverh\u00fctung, Sicherheit, Rechtsanspr\u00fcche und die Einhaltung gesetzlicher Vorschriften.<\/p>\n<h2>14. Wie Sie Ihre Rechte aus\u00fcben<\/h2>\n<p>Wenn Sie ein Recht auf Datenschutz aus\u00fcben, Auskunft, Berichtigung oder L\u00f6schung beantragen, der Verarbeitung widersprechen oder die L\u00f6schung von Marketingdaten beantragen m\u00f6chten, wenden Sie sich bitte an uns:<\/p>\n<p><a href=\"mailto:hello@homeofwool.com\">hello@homeofwool.com<\/a><\/p>\n<p>Bitte geben Sie ausreichend Informationen an, damit wir Ihre Anfrage identifizieren und gegebenenfalls Ihre Identit\u00e4t \u00fcberpr\u00fcfen k\u00f6nnen. Es kann sein, dass wir Sie um zus\u00e4tzliche Informationen bitten, die ausschlie\u00dflich der \u00dcberpr\u00fcfung und Bearbeitung Ihrer Anfrage dienen.<\/p>\n<p>Wenn es gesetzlich zul\u00e4ssig ist, kann auch ein Bevollm\u00e4chtigter in Ihrem Namen Antr\u00e4ge stellen, sofern die Voraussetzungen f\u00fcr eine \u00dcberpr\u00fcfung gegeben sind.<\/p>\n<h2>15. Antwortzeitpunkt<\/h2>\n<p>Wir werden auf \u00fcberpr\u00fcfte Datenschutzanfragen innerhalb der gesetzlich vorgeschriebenen Zeit antworten. In einigen F\u00e4llen k\u00f6nnen wir zus\u00e4tzliche Zeit ben\u00f6tigen, wenn das Gesetz es zul\u00e4sst, zum Beispiel wenn eine Anfrage komplex ist oder mehrere Anfragen gestellt werden.<\/p>\n<h2>16. Privatsph\u00e4re der Kinder<\/h2>\n<p>Unsere Website richtet sich nicht an Kinder unter 13 Jahren, und wir sammeln nicht wissentlich personenbezogene Daten von Kindern unter 13 Jahren \u00fcber die Website. Wenn Sie glauben, dass ein Kind uns personenbezogene Daten zur Verf\u00fcgung gestellt hat, kontaktieren Sie uns bitte und wir werden die Angelegenheit \u00fcberpr\u00fcfen und die Informationen gegebenenfalls entfernen.<\/p>\n<h2>17. Websites und Dienste von Drittanbietern<\/h2>\n<p>Unsere Website kann Links zu Websites, Plattformen oder Dienstleistungen Dritter enthalten. Wir haben keine Kontrolle \u00fcber die Datenschutzpraktiken Dritter und sind nicht verantwortlich f\u00fcr deren Inhalte, Sicherheit oder Richtlinien. Wir empfehlen Ihnen, die Datenschutzrichtlinien dieser Drittparteien zu lesen, bevor Sie mit ihnen interagieren.<\/p>\n<h2>18. \u00c4nderungen an dieser Datenschutzrichtlinie<\/h2>\n<p>Wir k\u00f6nnen diese Datenschutzrichtlinie von Zeit zu Zeit aktualisieren. Wenn wir dies tun, werden wir die \u00fcberarbeitete Version auf dieser Seite ver\u00f6ffentlichen.<\/p>\n<p>Die aktualisierte Fassung gilt ab dem Datum ihrer Ver\u00f6ffentlichung, es sei denn, es wird ein anderes Datum f\u00fcr das Inkrafttreten angegeben.<\/p>\n<h2>19. Kontakt<\/h2>\n<p>Wenn Sie Fragen zu dieser Datenschutzerkl\u00e4rung, unseren Datenpraktiken, Ihren Marketingpr\u00e4ferenzen oder Ihren Datenschutzrechten haben, wenden Sie sich bitte an uns:<\/p>\n<p><strong>Home of Wool LTD<\/strong><\/p>\n<p>Major Thompson 57, Stockwerk 1, Apt. 26<\/p>\n<p>Sofia 1407, Bulgarien<\/p>\n<p>E-Mail: <a href=\"mailto:hello@homeofwool.com\">hello@homeofwool.com<\/a><\/p>","protected":false},"excerpt":{"rendered":"<p>Privacy Policy Last updated: March 10th, 2026 This Privacy Policy explains how Home of Wool LTD (&#8220;Home of Wool&#8221;, &#8220;we&#8221;, &#8220;us&#8221;, or &#8220;our&#8221;) collects, uses, stores, shares, and protects personal data when you visit our website, place an order, contact us, subscribe to marketing, or otherwise interact with us. It also explains your rights under [&hellip;]<\/p>\n","protected":false},"author":1,"featured_media":0,"parent":0,"menu_order":0,"comment_status":"closed","ping_status":"closed","template":"","meta":{"_acf_changed":false,"footnotes":""},"class_list":["post-219976","page","type-page","status-publish","hentry"],"acf":[],"yoast_head":"<!-- This site is optimized with the Yoast SEO Premium plugin v27.3 (Yoast SEO v27.3) - https:\/\/yoast.com\/product\/yoast-seo-premium-wordpress\/ -->\n<title>Policies \u2013 Shipping, Returns &amp; Privacy | Home of Wool<\/title>\n<meta name=\"description\" content=\"Review our key store policies, including shipping, returns, exchanges, and privacy. Learn how we protect your data and handle your order so you can shop our natural wool collections with confidence.\" \/>\n<meta name=\"robots\" content=\"index, follow, max-snippet:-1, max-image-preview:large, max-video-preview:-1\" \/>\n<link rel=\"canonical\" href=\"https:\/\/homeofwool.com\/de\/richtlinien\/\" \/>\n<meta property=\"og:locale\" content=\"de_DE\" \/>\n<meta property=\"og:type\" content=\"article\" \/>\n<meta property=\"og:title\" content=\"Policies\" \/>\n<meta property=\"og:description\" content=\"Review our key store policies, including shipping, returns, exchanges, and privacy. Learn how we protect your data and handle your order so you can shop our natural wool collections with confidence.\" \/>\n<meta property=\"og:url\" content=\"https:\/\/homeofwool.com\/de\/richtlinien\/\" \/>\n<meta property=\"og:site_name\" content=\"Home of Wool\" \/>\n<meta property=\"article:publisher\" content=\"https:\/\/facebook.com\/HomeOfWoolOfficial\" \/>\n<meta property=\"article:modified_time\" content=\"2026-03-25T10:09:15+00:00\" \/>\n<meta name=\"twitter:card\" content=\"summary_large_image\" \/>\n<meta name=\"twitter:label1\" content=\"Gesch\u00e4tzte Lesezeit\" \/>\n\t<meta name=\"twitter:data1\" content=\"8\u00a0Minuten\" \/>\n<script type=\"application\/ld+json\" class=\"yoast-schema-graph\">{\"@context\":\"https:\\\/\\\/schema.org\",\"@graph\":[{\"@type\":\"WebPage\",\"@id\":\"https:\\\/\\\/homeofwool.com\\\/policies\\\/\",\"url\":\"https:\\\/\\\/homeofwool.com\\\/policies\\\/\",\"name\":\"Policies \u2013 Shipping, Returns & Privacy | Home of Wool\",\"isPartOf\":{\"@id\":\"https:\\\/\\\/homeofwool.com\\\/#website\"},\"datePublished\":\"2025-09-27T08:34:20+00:00\",\"dateModified\":\"2026-03-25T10:09:15+00:00\",\"description\":\"Review our key store policies, including shipping, returns, exchanges, and privacy. Learn how we protect your data and handle your order so you can shop our natural wool collections with confidence.\",\"breadcrumb\":{\"@id\":\"https:\\\/\\\/homeofwool.com\\\/policies\\\/#breadcrumb\"},\"inLanguage\":\"de\",\"potentialAction\":[{\"@type\":\"ReadAction\",\"target\":[\"https:\\\/\\\/homeofwool.com\\\/policies\\\/\"]}]},{\"@type\":\"BreadcrumbList\",\"@id\":\"https:\\\/\\\/homeofwool.com\\\/policies\\\/#breadcrumb\",\"itemListElement\":[{\"@type\":\"ListItem\",\"position\":1,\"name\":\"Home\",\"item\":\"https:\\\/\\\/homeofwool.com\\\/\"},{\"@type\":\"ListItem\",\"position\":2,\"name\":\"Policies\"}]},{\"@type\":\"WebSite\",\"@id\":\"https:\\\/\\\/homeofwool.com\\\/#website\",\"url\":\"https:\\\/\\\/homeofwool.com\\\/\",\"name\":\"Home of Wool\",\"description\":\"\",\"publisher\":{\"@id\":\"https:\\\/\\\/homeofwool.com\\\/#organization\"},\"potentialAction\":[{\"@type\":\"SearchAction\",\"target\":{\"@type\":\"EntryPoint\",\"urlTemplate\":\"https:\\\/\\\/homeofwool.com\\\/?s={search_term_string}\"},\"query-input\":{\"@type\":\"PropertyValueSpecification\",\"valueRequired\":true,\"valueName\":\"search_term_string\"}}],\"inLanguage\":\"de\"},{\"@type\":\"Organization\",\"@id\":\"https:\\\/\\\/homeofwool.com\\\/#organization\",\"name\":\"Home of Wool\",\"url\":\"https:\\\/\\\/homeofwool.com\\\/\",\"logo\":{\"@type\":\"ImageObject\",\"inLanguage\":\"de\",\"@id\":\"https:\\\/\\\/homeofwool.com\\\/#\\\/schema\\\/logo\\\/image\\\/\",\"url\":\"https:\\\/\\\/homeofwool.com\\\/wp-content\\\/uploads\\\/2025\\\/09\\\/WhatsApp-Image-2025-12-02-at-16.23.20.jpeg\",\"contentUrl\":\"https:\\\/\\\/homeofwool.com\\\/wp-content\\\/uploads\\\/2025\\\/09\\\/WhatsApp-Image-2025-12-02-at-16.23.20.jpeg\",\"width\":700,\"height\":247,\"caption\":\"Home of Wool\"},\"image\":{\"@id\":\"https:\\\/\\\/homeofwool.com\\\/#\\\/schema\\\/logo\\\/image\\\/\"},\"sameAs\":[\"https:\\\/\\\/facebook.com\\\/HomeOfWoolOfficial\"]}]}<\/script>\n<!-- \/ Yoast SEO Premium plugin. -->","yoast_head_json":{"title":"Richtlinien \u2013 Versand, R\u00fccksendungen und Datenschutz | Home of Wool","description":"Lesen Sie unsere wichtigsten Gesch\u00e4ftsbedingungen, einschlie\u00dflich Versand, R\u00fcckgabe, Umtausch und Datenschutz. Erfahren Sie, wie wir Ihre Daten sch\u00fctzen und Ihre Bestellung bearbeiten, damit Sie unsere Naturwollkollektionen unbesorgt einkaufen k\u00f6nnen.","robots":{"index":"index","follow":"follow","max-snippet":"max-snippet:-1","max-image-preview":"max-image-preview:large","max-video-preview":"max-video-preview:-1"},"canonical":"https:\/\/homeofwool.com\/de\/richtlinien\/","og_locale":"de_DE","og_type":"article","og_title":"Policies","og_description":"Review our key store policies, including shipping, returns, exchanges, and privacy. Learn how we protect your data and handle your order so you can shop our natural wool collections with confidence.","og_url":"https:\/\/homeofwool.com\/de\/richtlinien\/","og_site_name":"Home of Wool","article_publisher":"https:\/\/facebook.com\/HomeOfWoolOfficial","article_modified_time":"2026-03-25T10:09:15+00:00","twitter_card":"summary_large_image","twitter_misc":{"Gesch\u00e4tzte Lesezeit":"8\u00a0Minuten"},"schema":{"@context":"https:\/\/schema.org","@graph":[{"@type":"WebPage","@id":"https:\/\/homeofwool.com\/policies\/","url":"https:\/\/homeofwool.com\/policies\/","name":"Richtlinien \u2013 Versand, R\u00fccksendungen und Datenschutz | Home of Wool","isPartOf":{"@id":"https:\/\/homeofwool.com\/#website"},"datePublished":"2025-09-27T08:34:20+00:00","dateModified":"2026-03-25T10:09:15+00:00","description":"Lesen Sie unsere wichtigsten Gesch\u00e4ftsbedingungen, einschlie\u00dflich Versand, R\u00fcckgabe, Umtausch und Datenschutz. Erfahren Sie, wie wir Ihre Daten sch\u00fctzen und Ihre Bestellung bearbeiten, damit Sie unsere Naturwollkollektionen unbesorgt einkaufen k\u00f6nnen.","breadcrumb":{"@id":"https:\/\/homeofwool.com\/policies\/#breadcrumb"},"inLanguage":"de","potentialAction":[{"@type":"ReadAction","target":["https:\/\/homeofwool.com\/policies\/"]}]},{"@type":"BreadcrumbList","@id":"https:\/\/homeofwool.com\/policies\/#breadcrumb","itemListElement":[{"@type":"ListItem","position":1,"name":"Home","item":"https:\/\/homeofwool.com\/"},{"@type":"ListItem","position":2,"name":"Policies"}]},{"@type":"WebSite","@id":"https:\/\/homeofwool.com\/#website","url":"https:\/\/homeofwool.com\/","name":"Heimat der Wolle","description":"","publisher":{"@id":"https:\/\/homeofwool.com\/#organization"},"potentialAction":[{"@type":"SearchAction","target":{"@type":"EntryPoint","urlTemplate":"https:\/\/homeofwool.com\/?s={search_term_string}"},"query-input":{"@type":"PropertyValueSpecification","valueRequired":true,"valueName":"search_term_string"}}],"inLanguage":"de"},{"@type":"Organization","@id":"https:\/\/homeofwool.com\/#organization","name":"Heimat der Wolle","url":"https:\/\/homeofwool.com\/","logo":{"@type":"ImageObject","inLanguage":"de","@id":"https:\/\/homeofwool.com\/#\/schema\/logo\/image\/","url":"https:\/\/homeofwool.com\/wp-content\/uploads\/2025\/09\/WhatsApp-Image-2025-12-02-at-16.23.20.jpeg","contentUrl":"https:\/\/homeofwool.com\/wp-content\/uploads\/2025\/09\/WhatsApp-Image-2025-12-02-at-16.23.20.jpeg","width":700,"height":247,"caption":"Home of Wool"},"image":{"@id":"https:\/\/homeofwool.com\/#\/schema\/logo\/image\/"},"sameAs":["https:\/\/facebook.com\/HomeOfWoolOfficial"]}]}},"_links":{"self":[{"href":"https:\/\/homeofwool.com\/de\/wp-json\/wp\/v2\/pages\/219976","targetHints":{"allow":["GET"]}}],"collection":[{"href":"https:\/\/homeofwool.com\/de\/wp-json\/wp\/v2\/pages"}],"about":[{"href":"https:\/\/homeofwool.com\/de\/wp-json\/wp\/v2\/types\/page"}],"author":[{"embeddable":true,"href":"https:\/\/homeofwool.com\/de\/wp-json\/wp\/v2\/users\/1"}],"replies":[{"embeddable":true,"href":"https:\/\/homeofwool.com\/de\/wp-json\/wp\/v2\/comments?post=219976"}],"version-history":[{"count":1,"href":"https:\/\/homeofwool.com\/de\/wp-json\/wp\/v2\/pages\/219976\/revisions"}],"predecessor-version":[{"id":228749,"href":"https:\/\/homeofwool.com\/de\/wp-json\/wp\/v2\/pages\/219976\/revisions\/228749"}],"wp:attachment":[{"href":"https:\/\/homeofwool.com\/de\/wp-json\/wp\/v2\/media?parent=219976"}],"curies":[{"name":"wp","href":"https:\/\/api.w.org\/{rel}","templated":true}]}}