{"id":226899,"date":"2025-12-23T11:57:55","date_gmt":"2025-12-23T11:57:55","guid":{"rendered":"https:\/\/homeofwool.com\/?post_type=product&#038;p=226899"},"modified":"2026-04-03T13:50:15","modified_gmt":"2026-04-03T13:50:15","slug":"vugge-babybay","status":"publish","type":"product","link":"https:\/\/homeofwool.com\/da\/shop\/bassinet-babybay\/","title":{"rendered":"Babybay-vugge i uld"},"content":{"rendered":"<p class=\"ql-block\" data-block-id=\"block-aab92655-3c2c-4d7e-bed8-c47482e6fcae\">Denne Babybay-vuggemadras er udviklet som en \u00f8kologisk vuggemadras, der passer perfekt til dit barns seng. Den sidder sikkert inde i rammen og skaber en stabil, naturlig soveoverflade, der f\u00f8les betryggende. Interi\u00f8ret er bygget af lagdelt uldvattering, et materiale, der selv h\u00e5ndterer varme og fugt for at opn\u00e5 den perfekte sovetemperatur. Uld g\u00f8r dette naturligt, og der er ikke brug for tils\u00e6tningsstoffer.<\/p>\n<p class=\"ql-block\" data-block-id=\"block-129cc5a5-204a-49df-a0fe-9892dd16fdb0\">For babyer, der sover t\u00e6t p\u00e5 deres for\u00e6ldre, har luftgennemstr\u00f8mning og komfort en tendens til at betyde mere, end vi forventer. Uld hj\u00e6lper med at forhindre den fugtige, overophedede f\u00f8lelse, der er almindelig med skum, samtidig med at det er bl\u00f8dt isolerende. Overfladen st\u00f8tter din baby uden at f\u00f8les stiv. Med tiden bevarer ulden sin struktur, men er alligevel blid at r\u00f8re ved.<\/p>\n<p class=\"ql-block\" data-block-id=\"block-85e866fd-4248-4b13-9d27-1cb67ed0e4dc\">Som \u00f8kologisk madras til babybay er den naturligt allergivenlig og velegnet til husholdninger med allergi, astma eller generel overf\u00f8lsomhed. Der er ingen plastlag og ingen kemisk overfladebehandling. Kun uld og naturlige stoffer.<\/p>\n<p class=\"ql-block\" data-block-id=\"block-53cf7e38-9c6b-4a0e-b845-1603d1e93756\">Alle Babybay-vuggestuest\u00f8rrelser er tilg\u00e6ngelige, inklusive rektangul\u00e6re versioner og modeller med to afrundede hj\u00f8rner. Vi laver ogs\u00e5 specialst\u00f8rrelser efter anmodning.<\/p>","protected":false},"excerpt":{"rendered":"<p>Denne \u00f8kologiske madras til Babybay-vugge er lavet til at passe til din vugge, som den er beregnet til at blive brugt. Babybay-vuggeindsatsen i uld er fyldt med ren uld, som giver en rolig og \u00e5ndbar komfort. Alle st\u00f8rrelser er tilg\u00e6ngelige, og tilpassede \u00f8nsker er altid velkomne.<\/p>","protected":false},"featured_media":226902,"template":"","meta":{"_acf_changed":false},"product_brand":[],"product_cat":[459],"product_tag":[149],"class_list":{"0":"post-226899","1":"product","2":"type-product","3":"status-publish","4":"has-post-thumbnail","6":"product_cat-mattresses-toppers","7":"product_tag-steps","9":"first","10":"instock","11":"shipping-taxable","12":"purchasable","13":"product-type-simple"},"acf":[],"yoast_head":"<!-- This site is optimized with the Yoast SEO Premium plugin v27.5 (Yoast SEO v27.5) - https:\/\/yoast.com\/product\/yoast-seo-premium-wordpress\/ -->\n<title>Wool Babybay Bassinet Mattress \u2013 Natural Wool Insert | Home of Wool<\/title>\n<meta name=\"description\" content=\"Organic Babybay bassinet mattress insert filled with pure wool batting\u2014breathable, moisture-managing comfort. Fits all Babybay sizes; custom shapes available.\" \/>\n<meta name=\"robots\" content=\"index, follow, max-snippet:-1, max-image-preview:large, max-video-preview:-1\" \/>\n<link rel=\"canonical\" href=\"https:\/\/homeofwool.com\/da\/butik\/vugge-babybay\/\" \/>\n<meta property=\"og:locale\" content=\"da_DK\" \/>\n<meta property=\"og:type\" content=\"article\" \/>\n<meta property=\"og:title\" content=\"Wool Babybay Bassinet\" \/>\n<meta property=\"og:description\" content=\"Organic Babybay bassinet mattress insert filled with pure wool batting\u2014breathable, moisture-managing comfort. Fits all Babybay sizes; custom shapes available.\" \/>\n<meta property=\"og:url\" content=\"https:\/\/homeofwool.com\/da\/butik\/vugge-babybay\/\" \/>\n<meta property=\"og:site_name\" content=\"Home of Wool\" \/>\n<meta property=\"article:publisher\" content=\"https:\/\/facebook.com\/HomeOfWoolOfficial\" \/>\n<meta property=\"article:modified_time\" content=\"2026-04-03T13:50:15+00:00\" \/>\n<meta property=\"og:image\" content=\"https:\/\/homeofwool.com\/wp-content\/uploads\/2025\/12\/home-of-wool-babybay-bassinet-main.webp\" \/>\n\t<meta property=\"og:image:width\" content=\"1920\" \/>\n\t<meta property=\"og:image:height\" content=\"1536\" \/>\n\t<meta property=\"og:image:type\" content=\"image\/webp\" \/>\n<meta name=\"twitter:card\" content=\"summary_large_image\" \/>\n<meta name=\"twitter:label1\" content=\"Estimeret l\u00e6setid\" \/>\n\t<meta name=\"twitter:data1\" content=\"1 minut\" \/>\n<script type=\"application\/ld+json\" class=\"yoast-schema-graph\">{\"@context\":\"https:\\\/\\\/schema.org\",\"@graph\":[{\"@type\":\"WebPage\",\"@id\":\"https:\\\/\\\/homeofwool.com\\\/shop\\\/bassinet-babybay\\\/\",\"url\":\"https:\\\/\\\/homeofwool.com\\\/shop\\\/bassinet-babybay\\\/\",\"name\":\"Wool Babybay Bassinet Mattress \u2013 Natural Wool Insert | Home of Wool\",\"isPartOf\":{\"@id\":\"https:\\\/\\\/homeofwool.com\\\/#website\"},\"primaryImageOfPage\":{\"@id\":\"https:\\\/\\\/homeofwool.com\\\/shop\\\/bassinet-babybay\\\/#primaryimage\"},\"image\":{\"@id\":\"https:\\\/\\\/homeofwool.com\\\/shop\\\/bassinet-babybay\\\/#primaryimage\"},\"thumbnailUrl\":\"https:\\\/\\\/homeofwool.com\\\/wp-content\\\/uploads\\\/2025\\\/12\\\/home-of-wool-babybay-bassinet-main.webp\",\"datePublished\":\"2025-12-23T11:57:55+00:00\",\"dateModified\":\"2026-04-03T13:50:15+00:00\",\"description\":\"Organic Babybay bassinet mattress insert filled with pure wool batting\u2014breathable, moisture-managing comfort. Fits all Babybay sizes; custom shapes available.\",\"breadcrumb\":{\"@id\":\"https:\\\/\\\/homeofwool.com\\\/shop\\\/bassinet-babybay\\\/#breadcrumb\"},\"inLanguage\":\"da-DK\",\"potentialAction\":[{\"@type\":\"ReadAction\",\"target\":[\"https:\\\/\\\/homeofwool.com\\\/shop\\\/bassinet-babybay\\\/\"]}]},{\"@type\":\"ImageObject\",\"inLanguage\":\"da-DK\",\"@id\":\"https:\\\/\\\/homeofwool.com\\\/shop\\\/bassinet-babybay\\\/#primaryimage\",\"url\":\"https:\\\/\\\/homeofwool.com\\\/wp-content\\\/uploads\\\/2025\\\/12\\\/home-of-wool-babybay-bassinet-main.webp\",\"contentUrl\":\"https:\\\/\\\/homeofwool.com\\\/wp-content\\\/uploads\\\/2025\\\/12\\\/home-of-wool-babybay-bassinet-main.webp\",\"width\":1920,\"height\":1536,\"caption\":\"home of wool babybay bassinet next to a bed in a bedroom with a plant and a window with brown curtain in the background\"},{\"@type\":\"BreadcrumbList\",\"@id\":\"https:\\\/\\\/homeofwool.com\\\/shop\\\/bassinet-babybay\\\/#breadcrumb\",\"itemListElement\":[{\"@type\":\"ListItem\",\"position\":1,\"name\":\"Home\",\"item\":\"https:\\\/\\\/homeofwool.com\\\/\"},{\"@type\":\"ListItem\",\"position\":2,\"name\":\"Products\",\"item\":\"https:\\\/\\\/homeofwool.com\\\/header-search-2\\\/\"},{\"@type\":\"ListItem\",\"position\":3,\"name\":\"Wool Babybay Bassinet\"}]},{\"@type\":\"WebSite\",\"@id\":\"https:\\\/\\\/homeofwool.com\\\/#website\",\"url\":\"https:\\\/\\\/homeofwool.com\\\/\",\"name\":\"Home of Wool\",\"description\":\"\",\"publisher\":{\"@id\":\"https:\\\/\\\/homeofwool.com\\\/#organization\"},\"potentialAction\":[{\"@type\":\"SearchAction\",\"target\":{\"@type\":\"EntryPoint\",\"urlTemplate\":\"https:\\\/\\\/homeofwool.com\\\/?s={search_term_string}\"},\"query-input\":{\"@type\":\"PropertyValueSpecification\",\"valueRequired\":true,\"valueName\":\"search_term_string\"}}],\"inLanguage\":\"da-DK\"},{\"@type\":\"Organization\",\"@id\":\"https:\\\/\\\/homeofwool.com\\\/#organization\",\"name\":\"Home of Wool\",\"url\":\"https:\\\/\\\/homeofwool.com\\\/\",\"logo\":{\"@type\":\"ImageObject\",\"inLanguage\":\"da-DK\",\"@id\":\"https:\\\/\\\/homeofwool.com\\\/#\\\/schema\\\/logo\\\/image\\\/\",\"url\":\"https:\\\/\\\/homeofwool.com\\\/wp-content\\\/uploads\\\/2025\\\/09\\\/WhatsApp-Image-2025-12-02-at-16.23.20.jpeg\",\"contentUrl\":\"https:\\\/\\\/homeofwool.com\\\/wp-content\\\/uploads\\\/2025\\\/09\\\/WhatsApp-Image-2025-12-02-at-16.23.20.jpeg\",\"width\":700,\"height\":247,\"caption\":\"Home of Wool\"},\"image\":{\"@id\":\"https:\\\/\\\/homeofwool.com\\\/#\\\/schema\\\/logo\\\/image\\\/\"},\"sameAs\":[\"https:\\\/\\\/facebook.com\\\/HomeOfWoolOfficial\"]}]}<\/script>\n<!-- \/ Yoast SEO Premium plugin. -->","yoast_head_json":{"title":"Wool Babybay-vuggemadras - naturligt uldindl\u00e6g | Home of Wool","description":"\u00d8kologisk Babybay-vuggeindl\u00e6g med fyld af ren uld - \u00e5ndbar, fugtighedsregulerende komfort. Passer til alle Babybay-st\u00f8rrelser; tilpassede former f\u00e5s.","robots":{"index":"index","follow":"follow","max-snippet":"max-snippet:-1","max-image-preview":"max-image-preview:large","max-video-preview":"max-video-preview:-1"},"canonical":"https:\/\/homeofwool.com\/da\/butik\/vugge-babybay\/","og_locale":"da_DK","og_type":"article","og_title":"Wool Babybay Bassinet","og_description":"Organic Babybay bassinet mattress insert filled with pure wool batting\u2014breathable, moisture-managing comfort. Fits all Babybay sizes; custom shapes available.","og_url":"https:\/\/homeofwool.com\/da\/butik\/vugge-babybay\/","og_site_name":"Home of Wool","article_publisher":"https:\/\/facebook.com\/HomeOfWoolOfficial","article_modified_time":"2026-04-03T13:50:15+00:00","og_image":[{"width":1920,"height":1536,"url":"https:\/\/homeofwool.com\/wp-content\/uploads\/2025\/12\/home-of-wool-babybay-bassinet-main.webp","type":"image\/webp"}],"twitter_card":"summary_large_image","twitter_misc":{"Estimeret l\u00e6setid":"1 minut"},"schema":{"@context":"https:\/\/schema.org","@graph":[{"@type":"WebPage","@id":"https:\/\/homeofwool.com\/shop\/bassinet-babybay\/","url":"https:\/\/homeofwool.com\/shop\/bassinet-babybay\/","name":"Wool Babybay-vuggemadras - naturligt uldindl\u00e6g | Home of Wool","isPartOf":{"@id":"https:\/\/homeofwool.com\/#website"},"primaryImageOfPage":{"@id":"https:\/\/homeofwool.com\/shop\/bassinet-babybay\/#primaryimage"},"image":{"@id":"https:\/\/homeofwool.com\/shop\/bassinet-babybay\/#primaryimage"},"thumbnailUrl":"https:\/\/homeofwool.com\/wp-content\/uploads\/2025\/12\/home-of-wool-babybay-bassinet-main.webp","datePublished":"2025-12-23T11:57:55+00:00","dateModified":"2026-04-03T13:50:15+00:00","description":"\u00d8kologisk Babybay-vuggeindl\u00e6g med fyld af ren uld - \u00e5ndbar, fugtighedsregulerende komfort. Passer til alle Babybay-st\u00f8rrelser; tilpassede former f\u00e5s.","breadcrumb":{"@id":"https:\/\/homeofwool.com\/shop\/bassinet-babybay\/#breadcrumb"},"inLanguage":"da-DK","potentialAction":[{"@type":"ReadAction","target":["https:\/\/homeofwool.com\/shop\/bassinet-babybay\/"]}]},{"@type":"ImageObject","inLanguage":"da-DK","@id":"https:\/\/homeofwool.com\/shop\/bassinet-babybay\/#primaryimage","url":"https:\/\/homeofwool.com\/wp-content\/uploads\/2025\/12\/home-of-wool-babybay-bassinet-main.webp","contentUrl":"https:\/\/homeofwool.com\/wp-content\/uploads\/2025\/12\/home-of-wool-babybay-bassinet-main.webp","width":1920,"height":1536,"caption":"home of wool babybay bassinet next to a bed in a bedroom with a plant and a window with brown curtain in the background"},{"@type":"BreadcrumbList","@id":"https:\/\/homeofwool.com\/shop\/bassinet-babybay\/#breadcrumb","itemListElement":[{"@type":"ListItem","position":1,"name":"Home","item":"https:\/\/homeofwool.com\/"},{"@type":"ListItem","position":2,"name":"Products","item":"https:\/\/homeofwool.com\/header-search-2\/"},{"@type":"ListItem","position":3,"name":"Wool Babybay Bassinet"}]},{"@type":"WebSite","@id":"https:\/\/homeofwool.com\/#website","url":"https:\/\/homeofwool.com\/","name":"Hjemsted for uld","description":"","publisher":{"@id":"https:\/\/homeofwool.com\/#organization"},"potentialAction":[{"@type":"SearchAction","target":{"@type":"EntryPoint","urlTemplate":"https:\/\/homeofwool.com\/?s={search_term_string}"},"query-input":{"@type":"PropertyValueSpecification","valueRequired":true,"valueName":"search_term_string"}}],"inLanguage":"da-DK"},{"@type":"Organization","@id":"https:\/\/homeofwool.com\/#organization","name":"Hjemsted for uld","url":"https:\/\/homeofwool.com\/","logo":{"@type":"ImageObject","inLanguage":"da-DK","@id":"https:\/\/homeofwool.com\/#\/schema\/logo\/image\/","url":"https:\/\/homeofwool.com\/wp-content\/uploads\/2025\/09\/WhatsApp-Image-2025-12-02-at-16.23.20.jpeg","contentUrl":"https:\/\/homeofwool.com\/wp-content\/uploads\/2025\/09\/WhatsApp-Image-2025-12-02-at-16.23.20.jpeg","width":700,"height":247,"caption":"Home of Wool"},"image":{"@id":"https:\/\/homeofwool.com\/#\/schema\/logo\/image\/"},"sameAs":["https:\/\/facebook.com\/HomeOfWoolOfficial"]}]}},"_links":{"self":[{"href":"https:\/\/homeofwool.com\/da\/wp-json\/wp\/v2\/product\/226899","targetHints":{"allow":["GET"]}}],"collection":[{"href":"https:\/\/homeofwool.com\/da\/wp-json\/wp\/v2\/product"}],"about":[{"href":"https:\/\/homeofwool.com\/da\/wp-json\/wp\/v2\/types\/product"}],"version-history":[{"count":2,"href":"https:\/\/homeofwool.com\/da\/wp-json\/wp\/v2\/product\/226899\/revisions"}],"predecessor-version":[{"id":229315,"href":"https:\/\/homeofwool.com\/da\/wp-json\/wp\/v2\/product\/226899\/revisions\/229315"}],"wp:featuredmedia":[{"embeddable":true,"href":"https:\/\/homeofwool.com\/da\/wp-json\/wp\/v2\/media\/226902"}],"wp:attachment":[{"href":"https:\/\/homeofwool.com\/da\/wp-json\/wp\/v2\/media?parent=226899"}],"wp:term":[{"taxonomy":"product_brand","embeddable":true,"href":"https:\/\/homeofwool.com\/da\/wp-json\/wp\/v2\/product_brand?post=226899"},{"taxonomy":"product_cat","embeddable":true,"href":"https:\/\/homeofwool.com\/da\/wp-json\/wp\/v2\/product_cat?post=226899"},{"taxonomy":"product_tag","embeddable":true,"href":"https:\/\/homeofwool.com\/da\/wp-json\/wp\/v2\/product_tag?post=226899"}],"curies":[{"name":"wp","href":"https:\/\/api.w.org\/{rel}","templated":true}]}}