{"id":218109,"date":"2025-09-02T12:03:40","date_gmt":"2025-09-02T12:03:40","guid":{"rendered":"https:\/\/homeofwool.com\/?post_type=product&#038;p=218109"},"modified":"2026-02-09T12:55:24","modified_gmt":"2026-02-09T12:55:24","slug":"saunahue","status":"publish","type":"product","link":"https:\/\/homeofwool.com\/da\/shop\/sauna-hat\/","title":{"rendered":"Sauna-hue i uld"},"content":{"rendered":"<p>Din saunaoplevelse p\u00e5 den rigtige m\u00e5de. Vores uldne sauna-hue, der er fremstillet af 100% merinould-jersey af h\u00f8j kvalitet, er designet til at beskytte dit hoved og dit h\u00e5r mod intens varme, s\u00e5 du kan nyde l\u00e6ngere og mere afslappende sauna-sessioner i komfort.<\/p>\n<p>Denne Home of Wool sauna-hue er naturligt isolerende og tilbyder overlegen temperaturregulering, s\u00e5 du har et helt naturligt skjold til dit hoved og h\u00e5r. Uanset om du har brug for en traditionel sauna-hue eller en banya sauna-hue til dit dampbad, leverer vores uldhue til sauna-brug enest\u00e5ende komfort og ydeevne:<\/p>\n<ul>\n<li>Bl\u00f8d og behagelig<\/li>\n<li>Let og \u00e5ndbar<\/li>\n<li>Hypoallergenisk<\/li>\n<li>Antibakteriel<\/li>\n<li>Fugttransporterende<\/li>\n<li>Lugtbestandig<\/li>\n<li>Passer perfekt til alle typer saunaer<\/li>\n<li>Passer til de fleste hovedst\u00f8rrelser<\/li>\n<\/ul>\n<p>Uanset om du er en regelm\u00e6ssig sauna-g\u00e6nger eller lige er begyndt p\u00e5 din wellness-rejse, er dette den bedste sauna-hat til at forbedre din oplevelse. Oplev den varige komfort og funktionalitet i sauna-wellness-tilbeh\u00f8r, som uldelskere stoler p\u00e5.<\/p>\n<p><strong>STOF<\/strong>: 100% Jersey af jomfru merinould<\/p>","protected":false},"excerpt":{"rendered":"<p>Nyd hver eneste sauna-session med lethed og komfort i denne sauna-hue af merinould. Den er naturligt bl\u00f8d og \u00e5ndbar og beskytter dit hoved mod varmen, s\u00e5 du kan slappe af l\u00e6ngere. En tidl\u00f8s sauna-hue af uld til m\u00e6nd og kvinder, fremstillet af rene materialer til ren og afbalanceret sauna-terapi.<\/p>\n<div class=\"global-icon-set\">\n<div class=\"global-icon-set__items\">\n<div class=\"global-icon-set__item\">\n<div class=\"global-icon-set__image\">\n                                    <img decoding=\"async\" src=\"https:\/\/homeofwool.com\/wp-content\/uploads\/2025\/09\/handmade-icon-300x300.png\" alt=\"H\u00e5ndlavet ikon\" \/>\n                                <\/div>\n<div class=\"global-icon-set__title\">H\u00e5ndlavet<\/div>\n<\/p><\/div>\n<div class=\"global-icon-set__item\">\n<div class=\"global-icon-set__image\">\n                                    <img decoding=\"async\" src=\"https:\/\/homeofwool.com\/wp-content\/uploads\/2025\/09\/VOCs-min-300x300.png\" alt=\"Vocs gratis\" \/>\n                                <\/div>\n<div class=\"global-icon-set__title\">Fri for VOC'er<\/div>\n<\/p><\/div>\n<div class=\"global-icon-set__item\">\n<div class=\"global-icon-set__image\">\n                                    <img decoding=\"async\" src=\"https:\/\/homeofwool.com\/wp-content\/uploads\/2025\/09\/FR-min-300x300.png\" alt=\"Brandh\u00e6mmende ikon\" \/>\n                                <\/div>\n<div class=\"global-icon-set__title\">Flammeh\u00e6mmende<\/div>\n<\/p><\/div>\n<div class=\"global-icon-set__item\">\n<div class=\"global-icon-set__image\">\n                                    <img decoding=\"async\" src=\"https:\/\/homeofwool.com\/wp-content\/uploads\/2025\/09\/Hypoallergenic-min-300x300.png\" alt=\"Hypoallergenisk ikon\" \/>\n                                <\/div>\n<div class=\"global-icon-set__title\">Hypoallergenisk<\/div>\n<\/p><\/div>\n<div class=\"global-icon-set__item\">\n<div class=\"global-icon-set__image\">\n                                    <img decoding=\"async\" src=\"https:\/\/homeofwool.com\/wp-content\/uploads\/2025\/09\/free-of-synthetics-icon-300x300.png\" alt=\"fri for syntetiske stoffer ikon\" \/>\n                                <\/div>\n<div class=\"global-icon-set__title\">Fri for syntetiske stoffer<\/div>\n<\/p><\/div>\n<div class=\"global-icon-set__item\">\n<div class=\"global-icon-set__image\">\n                                    <img decoding=\"async\" src=\"https:\/\/homeofwool.com\/wp-content\/uploads\/2025\/09\/chemical-free-icon-300x300.png\" alt=\"ikon for kemikaliefrihed\" \/>\n                                <\/div>\n<div class=\"global-icon-set__title\">Fri for kemikalier<\/div>\n<\/p><\/div>\n<div class=\"global-icon-set__item\">\n<div class=\"global-icon-set__image\">\n                                    <img decoding=\"async\" src=\"https:\/\/homeofwool.com\/wp-content\/uploads\/2025\/09\/anti-bacterial-icon-300x300.png\" alt=\"Antibakterielt ikon\" \/>\n                                <\/div>\n<div class=\"global-icon-set__title\">Anti-mikrobiel og anti-bakteriel<\/div>\n<\/p><\/div>\n<div class=\"global-icon-set__item\">\n<div class=\"global-icon-set__image\">\n                                    <img decoding=\"async\" src=\"https:\/\/homeofwool.com\/wp-content\/uploads\/2025\/09\/certified-materials-icon-300x300.png\" alt=\"ikon for certificerede materialer\" \/>\n                                <\/div>\n<div class=\"global-icon-set__title\">100% rene certificerede materialer<\/div>\n<\/p><\/div>\n<\/p><\/div>\n<\/p><\/div>","protected":false},"featured_media":224429,"template":"","meta":{"_acf_changed":false},"product_brand":[],"product_cat":[1366,590,174],"product_tag":[1370],"class_list":{"0":"post-218109","1":"product","2":"type-product","3":"status-publish","4":"has-post-thumbnail","6":"product_cat-womens-day","7":"product_cat-accessories","8":"product_cat-zero-waste","9":"product_tag-nosteps","11":"first","12":"instock","13":"shipping-taxable","14":"purchasable","15":"product-type-simple"},"acf":[],"yoast_head":"<!-- This site is optimized with the Yoast SEO Premium plugin v27.3 (Yoast SEO v27.3) - https:\/\/yoast.com\/product\/yoast-seo-premium-wordpress\/ -->\n<title>Sauna Hat \u2013 Ultimate Heat Protection &amp; Comfort | Home of Wool<\/title>\n<meta name=\"description\" content=\"The Sauna Hat offers ultimate protection with breathable wool insulation. Hypoallergenic and toxin-free, it ensures natural comfort, durability, and sustainable safety during heat sessions.\" \/>\n<meta name=\"robots\" content=\"index, follow, max-snippet:-1, max-image-preview:large, max-video-preview:-1\" \/>\n<link rel=\"canonical\" href=\"https:\/\/homeofwool.com\/da\/butik\/saunahue\/\" \/>\n<meta property=\"og:locale\" content=\"da_DK\" \/>\n<meta property=\"og:type\" content=\"article\" \/>\n<meta property=\"og:title\" content=\"Wool Sauna Hat\" \/>\n<meta property=\"og:description\" content=\"The Sauna Hat offers ultimate protection with breathable wool insulation. Hypoallergenic and toxin-free, it ensures natural comfort, durability, and sustainable safety during heat sessions.\" \/>\n<meta property=\"og:url\" content=\"https:\/\/homeofwool.com\/da\/butik\/saunahue\/\" \/>\n<meta property=\"og:site_name\" content=\"Home of Wool\" \/>\n<meta property=\"article:publisher\" content=\"https:\/\/facebook.com\/HomeOfWoolOfficial\" \/>\n<meta property=\"article:modified_time\" content=\"2026-02-09T12:55:24+00:00\" \/>\n<meta property=\"og:image\" content=\"https:\/\/homeofwool.com\/wp-content\/uploads\/2025\/09\/home-of-wool-sauna-hat-1.jpg\" \/>\n\t<meta property=\"og:image:width\" content=\"1600\" \/>\n\t<meta property=\"og:image:height\" content=\"1280\" \/>\n\t<meta property=\"og:image:type\" content=\"image\/jpeg\" \/>\n<meta name=\"twitter:card\" content=\"summary_large_image\" \/>\n<meta name=\"twitter:label1\" content=\"Estimeret l\u00e6setid\" \/>\n\t<meta name=\"twitter:data1\" content=\"1 minut\" \/>\n<script type=\"application\/ld+json\" class=\"yoast-schema-graph\">{\"@context\":\"https:\\\/\\\/schema.org\",\"@graph\":[{\"@type\":\"WebPage\",\"@id\":\"https:\\\/\\\/homeofwool.com\\\/sv\\\/butik\\\/bastumossa\\\/\",\"url\":\"https:\\\/\\\/homeofwool.com\\\/sv\\\/butik\\\/bastumossa\\\/\",\"name\":\"Sauna Hat \u2013 Ultimate Heat Protection & Comfort | Home of Wool\",\"isPartOf\":{\"@id\":\"https:\\\/\\\/homeofwool.com\\\/#website\"},\"primaryImageOfPage\":{\"@id\":\"https:\\\/\\\/homeofwool.com\\\/sv\\\/butik\\\/bastumossa\\\/#primaryimage\"},\"image\":{\"@id\":\"https:\\\/\\\/homeofwool.com\\\/sv\\\/butik\\\/bastumossa\\\/#primaryimage\"},\"thumbnailUrl\":\"https:\\\/\\\/homeofwool.com\\\/wp-content\\\/uploads\\\/2025\\\/09\\\/home-of-wool-sauna-hat-1.jpg\",\"datePublished\":\"2025-09-02T12:03:40+00:00\",\"dateModified\":\"2026-02-09T12:55:24+00:00\",\"description\":\"The Sauna Hat offers ultimate protection with breathable wool insulation. Hypoallergenic and toxin-free, it ensures natural comfort, durability, and sustainable safety during heat sessions.\",\"breadcrumb\":{\"@id\":\"https:\\\/\\\/homeofwool.com\\\/sv\\\/butik\\\/bastumossa\\\/#breadcrumb\"},\"inLanguage\":\"da-DK\",\"potentialAction\":[{\"@type\":\"ReadAction\",\"target\":[\"https:\\\/\\\/homeofwool.com\\\/sv\\\/butik\\\/bastumossa\\\/\"]}]},{\"@type\":\"ImageObject\",\"inLanguage\":\"da-DK\",\"@id\":\"https:\\\/\\\/homeofwool.com\\\/sv\\\/butik\\\/bastumossa\\\/#primaryimage\",\"url\":\"https:\\\/\\\/homeofwool.com\\\/wp-content\\\/uploads\\\/2025\\\/09\\\/home-of-wool-sauna-hat-1.jpg\",\"contentUrl\":\"https:\\\/\\\/homeofwool.com\\\/wp-content\\\/uploads\\\/2025\\\/09\\\/home-of-wool-sauna-hat-1.jpg\",\"width\":1600,\"height\":1280,\"caption\":\"man smiling wool sauna hat\"},{\"@type\":\"BreadcrumbList\",\"@id\":\"https:\\\/\\\/homeofwool.com\\\/sv\\\/butik\\\/bastumossa\\\/#breadcrumb\",\"itemListElement\":[{\"@type\":\"ListItem\",\"position\":1,\"name\":\"Home\",\"item\":\"https:\\\/\\\/homeofwool.com\\\/\"},{\"@type\":\"ListItem\",\"position\":2,\"name\":\"Products\",\"item\":\"https:\\\/\\\/homeofwool.com\\\/header-search-2\\\/\"},{\"@type\":\"ListItem\",\"position\":3,\"name\":\"Wool Sauna Hat\"}]},{\"@type\":\"WebSite\",\"@id\":\"https:\\\/\\\/homeofwool.com\\\/#website\",\"url\":\"https:\\\/\\\/homeofwool.com\\\/\",\"name\":\"Home of Wool\",\"description\":\"\",\"publisher\":{\"@id\":\"https:\\\/\\\/homeofwool.com\\\/#organization\"},\"potentialAction\":[{\"@type\":\"SearchAction\",\"target\":{\"@type\":\"EntryPoint\",\"urlTemplate\":\"https:\\\/\\\/homeofwool.com\\\/?s={search_term_string}\"},\"query-input\":{\"@type\":\"PropertyValueSpecification\",\"valueRequired\":true,\"valueName\":\"search_term_string\"}}],\"inLanguage\":\"da-DK\"},{\"@type\":\"Organization\",\"@id\":\"https:\\\/\\\/homeofwool.com\\\/#organization\",\"name\":\"Home of Wool\",\"url\":\"https:\\\/\\\/homeofwool.com\\\/\",\"logo\":{\"@type\":\"ImageObject\",\"inLanguage\":\"da-DK\",\"@id\":\"https:\\\/\\\/homeofwool.com\\\/#\\\/schema\\\/logo\\\/image\\\/\",\"url\":\"https:\\\/\\\/homeofwool.com\\\/wp-content\\\/uploads\\\/2025\\\/09\\\/WhatsApp-Image-2025-12-02-at-16.23.20.jpeg\",\"contentUrl\":\"https:\\\/\\\/homeofwool.com\\\/wp-content\\\/uploads\\\/2025\\\/09\\\/WhatsApp-Image-2025-12-02-at-16.23.20.jpeg\",\"width\":700,\"height\":247,\"caption\":\"Home of Wool\"},\"image\":{\"@id\":\"https:\\\/\\\/homeofwool.com\\\/#\\\/schema\\\/logo\\\/image\\\/\"},\"sameAs\":[\"https:\\\/\\\/facebook.com\\\/HomeOfWoolOfficial\"]}]}<\/script>\n<!-- \/ Yoast SEO Premium plugin. -->","yoast_head_json":{"title":"Sauna Hat \u2013 Ultimativ varmebeskyttelse og komfort | Home of Wool","description":"Sauna Hat tilbyder ultimativ beskyttelse med \u00e5ndbar uldisolering. Den er allergivenlig og fri for giftstoffer og sikrer naturlig komfort, holdbarhed og b\u00e6redygtig sikkerhed under varmebehandlinger.","robots":{"index":"index","follow":"follow","max-snippet":"max-snippet:-1","max-image-preview":"max-image-preview:large","max-video-preview":"max-video-preview:-1"},"canonical":"https:\/\/homeofwool.com\/da\/butik\/saunahue\/","og_locale":"da_DK","og_type":"article","og_title":"Wool Sauna Hat","og_description":"The Sauna Hat offers ultimate protection with breathable wool insulation. Hypoallergenic and toxin-free, it ensures natural comfort, durability, and sustainable safety during heat sessions.","og_url":"https:\/\/homeofwool.com\/da\/butik\/saunahue\/","og_site_name":"Home of Wool","article_publisher":"https:\/\/facebook.com\/HomeOfWoolOfficial","article_modified_time":"2026-02-09T12:55:24+00:00","og_image":[{"width":1600,"height":1280,"url":"https:\/\/homeofwool.com\/wp-content\/uploads\/2025\/09\/home-of-wool-sauna-hat-1.jpg","type":"image\/jpeg"}],"twitter_card":"summary_large_image","twitter_misc":{"Estimeret l\u00e6setid":"1 minut"},"schema":{"@context":"https:\/\/schema.org","@graph":[{"@type":"WebPage","@id":"https:\/\/homeofwool.com\/sv\/butik\/bastumossa\/","url":"https:\/\/homeofwool.com\/sv\/butik\/bastumossa\/","name":"Sauna Hat \u2013 Ultimativ varmebeskyttelse og komfort | Home of Wool","isPartOf":{"@id":"https:\/\/homeofwool.com\/#website"},"primaryImageOfPage":{"@id":"https:\/\/homeofwool.com\/sv\/butik\/bastumossa\/#primaryimage"},"image":{"@id":"https:\/\/homeofwool.com\/sv\/butik\/bastumossa\/#primaryimage"},"thumbnailUrl":"https:\/\/homeofwool.com\/wp-content\/uploads\/2025\/09\/home-of-wool-sauna-hat-1.jpg","datePublished":"2025-09-02T12:03:40+00:00","dateModified":"2026-02-09T12:55:24+00:00","description":"Sauna Hat tilbyder ultimativ beskyttelse med \u00e5ndbar uldisolering. Den er allergivenlig og fri for giftstoffer og sikrer naturlig komfort, holdbarhed og b\u00e6redygtig sikkerhed under varmebehandlinger.","breadcrumb":{"@id":"https:\/\/homeofwool.com\/sv\/butik\/bastumossa\/#breadcrumb"},"inLanguage":"da-DK","potentialAction":[{"@type":"ReadAction","target":["https:\/\/homeofwool.com\/sv\/butik\/bastumossa\/"]}]},{"@type":"ImageObject","inLanguage":"da-DK","@id":"https:\/\/homeofwool.com\/sv\/butik\/bastumossa\/#primaryimage","url":"https:\/\/homeofwool.com\/wp-content\/uploads\/2025\/09\/home-of-wool-sauna-hat-1.jpg","contentUrl":"https:\/\/homeofwool.com\/wp-content\/uploads\/2025\/09\/home-of-wool-sauna-hat-1.jpg","width":1600,"height":1280,"caption":"man smiling wool sauna hat"},{"@type":"BreadcrumbList","@id":"https:\/\/homeofwool.com\/sv\/butik\/bastumossa\/#breadcrumb","itemListElement":[{"@type":"ListItem","position":1,"name":"Home","item":"https:\/\/homeofwool.com\/"},{"@type":"ListItem","position":2,"name":"Products","item":"https:\/\/homeofwool.com\/header-search-2\/"},{"@type":"ListItem","position":3,"name":"Wool Sauna Hat"}]},{"@type":"WebSite","@id":"https:\/\/homeofwool.com\/#website","url":"https:\/\/homeofwool.com\/","name":"Hjemsted for uld","description":"","publisher":{"@id":"https:\/\/homeofwool.com\/#organization"},"potentialAction":[{"@type":"SearchAction","target":{"@type":"EntryPoint","urlTemplate":"https:\/\/homeofwool.com\/?s={search_term_string}"},"query-input":{"@type":"PropertyValueSpecification","valueRequired":true,"valueName":"search_term_string"}}],"inLanguage":"da-DK"},{"@type":"Organization","@id":"https:\/\/homeofwool.com\/#organization","name":"Hjemsted for uld","url":"https:\/\/homeofwool.com\/","logo":{"@type":"ImageObject","inLanguage":"da-DK","@id":"https:\/\/homeofwool.com\/#\/schema\/logo\/image\/","url":"https:\/\/homeofwool.com\/wp-content\/uploads\/2025\/09\/WhatsApp-Image-2025-12-02-at-16.23.20.jpeg","contentUrl":"https:\/\/homeofwool.com\/wp-content\/uploads\/2025\/09\/WhatsApp-Image-2025-12-02-at-16.23.20.jpeg","width":700,"height":247,"caption":"Home of Wool"},"image":{"@id":"https:\/\/homeofwool.com\/#\/schema\/logo\/image\/"},"sameAs":["https:\/\/facebook.com\/HomeOfWoolOfficial"]}]}},"_links":{"self":[{"href":"https:\/\/homeofwool.com\/da\/wp-json\/wp\/v2\/product\/218109","targetHints":{"allow":["GET"]}}],"collection":[{"href":"https:\/\/homeofwool.com\/da\/wp-json\/wp\/v2\/product"}],"about":[{"href":"https:\/\/homeofwool.com\/da\/wp-json\/wp\/v2\/types\/product"}],"version-history":[{"count":2,"href":"https:\/\/homeofwool.com\/da\/wp-json\/wp\/v2\/product\/218109\/revisions"}],"predecessor-version":[{"id":226117,"href":"https:\/\/homeofwool.com\/da\/wp-json\/wp\/v2\/product\/218109\/revisions\/226117"}],"wp:featuredmedia":[{"embeddable":true,"href":"https:\/\/homeofwool.com\/da\/wp-json\/wp\/v2\/media\/224429"}],"wp:attachment":[{"href":"https:\/\/homeofwool.com\/da\/wp-json\/wp\/v2\/media?parent=218109"}],"wp:term":[{"taxonomy":"product_brand","embeddable":true,"href":"https:\/\/homeofwool.com\/da\/wp-json\/wp\/v2\/product_brand?post=218109"},{"taxonomy":"product_cat","embeddable":true,"href":"https:\/\/homeofwool.com\/da\/wp-json\/wp\/v2\/product_cat?post=218109"},{"taxonomy":"product_tag","embeddable":true,"href":"https:\/\/homeofwool.com\/da\/wp-json\/wp\/v2\/product_tag?post=218109"}],"curies":[{"name":"wp","href":"https:\/\/api.w.org\/{rel}","templated":true}]}}