{"id":217748,"date":"2025-09-02T12:02:24","date_gmt":"2025-09-02T12:02:24","guid":{"rendered":"https:\/\/homeofwool.com\/?post_type=product&#038;p=217748"},"modified":"2026-03-20T10:40:22","modified_gmt":"2026-03-20T10:40:22","slug":"trekantet-uld-saekkestol-til-salg","status":"publish","type":"product","link":"https:\/\/homeofwool.com\/da\/shop\/triangular-wool-bean-bag-chair-sale\/","title":{"rendered":"Trekantet uld-s\u00e6kkestol | UDSALG"},"content":{"rendered":"<p>Alle vores produkter er fremstillet udelukkende af naturlige, b\u00e6redygtige, fornyelige, biologisk nedbrydelige og genanvendelige materialer, UDEN KEMIKALIER (herunder flammeh\u00e6mmere, farvestoffer, blegemidler, VOC'er, overfladebehandlinger, karboniseret uld) og UDEN SYNTETISKE MATERIALER (herunder plast, latex, vinyl, fjedre). Certificeret i den strengeste kategori for ekstra tryghed.<\/p>\n<p>Vi fremstiller produkter, der er bygget til at holde, af materialer af h\u00f8j kvalitet. For at du kan f\u00e5 gl\u00e6de af dem s\u00e5 l\u00e6nge som muligt, er der dog nogle f\u00e5 gode r\u00e5d, du b\u00f8r f\u00f8lge.<\/p>\n<h3>FUNKTIONER:<\/h3>\n<ul>\n<li style=\"text-align: left;\"><strong>H\u00e5ndtuftet<\/strong> med naturlig linnedtr\u00e5d for at holde fyldet p\u00e5 plads.<\/li>\n<li style=\"text-align: left;\">Holdbart metal <strong>lynl\u00e5s<\/strong> p\u00e5 bagsiden, s\u00e5 du nemt kan justere, tilf\u00f8je eller fjerne uld, hvis det er n\u00f8dvendigt (plastlynl\u00e5se efter anmodning)<\/li>\n<li style=\"text-align: left;\">Gratis <strong>reparationss\u00e6t<\/strong>.<\/li>\n<\/ul>\n<h3>FYLD:<\/h3>\n<p>Medium: 10,3 kg (22,8 lbs) 100% GOTS uldbattsrester<br \/>\nStor: 13,9 kg (30,6 lbs) 100% GOTS uldbatningsrester<\/p>\n<h3>INDVENDIGT STOF:<\/h3>\n<p>100% \u00d8kologisk bomuld (GOTS-certificeret)<\/p>\n<h3>FREMSTILLING OG FORSENDELSE:<\/h3>\n<p>Standard produktionstid: 1-2 uger<\/p>\n<p>Gratis leveringstid:  1-4 uger<\/p>\n<p>Ekspresleveringstid: 3-4 dage<\/p>\n<p>&nbsp;<\/p>\n<p>*Dette er h\u00e5ndlavede varer. Der kan forekomme mindre afvigelser i m\u00e5lene. Afvigelser p\u00e5 mindre end 5% betragtes som acceptable.<\/p>\n<p>*Alle uldfyldte produkter er underlagt en vis grad af kompression. Vi fylder dog produkterne t\u00e6t med uld, s\u00e5 de bliver tykkere end angivet, og i l\u00f8bet af de f\u00f8rste m\u00e5neders brug komprimeres de til omtrent den angivne tykkelse.<\/p>\n<p>*Uldfibre findes i forskellige naturlige farver og har en naturlig lugt af f\u00e5r, som forsvinder efter et par m\u00e5neder.<\/p>","protected":false},"excerpt":{"rendered":"<p>Helt fri for kemikalier, uden afgasning og uden VOC'er. Allergivenlig, velegnet til personer med kemisk overf\u00f8lsomhed, herunder MCS. Naturligt modstandsdygtig over for st\u00f8vmider og skimmel, antimikrobiel, antibakteriel og flammeh\u00e6mmende.<\/p>\n<p>F\u00e5s i to st\u00f8rrelser:<br \/>\n<strong>Medium:<\/strong>\u00a070 \u00d7 130 \u00d7 90 cm<br \/>\n<strong>Stor:<\/strong>\u00a080 \u00d7 150 \u00d7 110 cm<\/p>","protected":false},"featured_media":225184,"template":"","meta":{"_acf_changed":false},"product_brand":[],"product_cat":[557,20,174,815],"product_tag":[735,741,212,738,816,740],"class_list":{"0":"post-217748","1":"product","2":"type-product","3":"status-publish","4":"has-post-thumbnail","6":"product_cat-new","7":"product_cat-pillows-poufs","8":"product_cat-zero-waste","9":"product_cat-zero-waste-poufs","10":"product_tag-adult-bean-bag","11":"product_tag-bean-bag-chair","12":"product_tag-custom-pouf","13":"product_tag-eco-beanbag","14":"product_tag-floor-pouf","15":"product_tag-organic-bean-bag","17":"first","18":"outofstock","19":"sale","20":"shipping-taxable","21":"purchasable","22":"product-type-variable"},"acf":[],"yoast_head":"<!-- This site is optimized with the Yoast SEO Premium plugin v27.3 (Yoast SEO v27.3) - https:\/\/yoast.com\/product\/yoast-seo-premium-wordpress\/ -->\n<title>Triangular Wool Bean Bag Chair \u2013 ON SALE | Home of Wool<\/title>\n<meta name=\"description\" content=\"Get our Triangular Wool Bean Bag Chair on sale. Chemical-free, hypoallergenic, resistant to dust mites and mildew, and super comfortable.\" \/>\n<meta name=\"robots\" content=\"index, follow, max-snippet:-1, max-image-preview:large, max-video-preview:-1\" \/>\n<link rel=\"canonical\" href=\"https:\/\/homeofwool.com\/da\/butik\/trekantet-uld-saekkestol-til-salg\/\" \/>\n<meta property=\"og:locale\" content=\"da_DK\" \/>\n<meta property=\"og:type\" content=\"article\" \/>\n<meta property=\"og:title\" content=\"Triangular Wool Bean Bag Chair | SALE\" \/>\n<meta property=\"og:description\" content=\"Get our Triangular Wool Bean Bag Chair on sale. Chemical-free, hypoallergenic, resistant to dust mites and mildew, and super comfortable.\" \/>\n<meta property=\"og:url\" content=\"https:\/\/homeofwool.com\/da\/butik\/trekantet-uld-saekkestol-til-salg\/\" \/>\n<meta property=\"og:site_name\" content=\"Home of Wool\" \/>\n<meta property=\"article:publisher\" content=\"https:\/\/facebook.com\/HomeOfWoolOfficial\" \/>\n<meta property=\"article:modified_time\" content=\"2026-03-20T10:40:22+00:00\" \/>\n<meta property=\"og:image\" content=\"https:\/\/homeofwool.com\/wp-content\/uploads\/2025\/09\/home-of-wool-triangular-wool-bean-bag-chair-home-of-wool-listing-1-main-1.jpg\" \/>\n\t<meta property=\"og:image:width\" content=\"2000\" \/>\n\t<meta property=\"og:image:height\" content=\"1600\" \/>\n\t<meta property=\"og:image:type\" content=\"image\/jpeg\" \/>\n<meta name=\"twitter:card\" content=\"summary_large_image\" \/>\n<meta name=\"twitter:label1\" content=\"Estimeret l\u00e6setid\" \/>\n\t<meta name=\"twitter:data1\" content=\"2 minutter\" \/>\n<script type=\"application\/ld+json\" class=\"yoast-schema-graph\">{\"@context\":\"https:\\\/\\\/schema.org\",\"@graph\":[{\"@type\":\"WebPage\",\"@id\":\"https:\\\/\\\/homeofwool.com\\\/shop\\\/triangular-wool-bean-bag-chair-sale\\\/\",\"url\":\"https:\\\/\\\/homeofwool.com\\\/shop\\\/triangular-wool-bean-bag-chair-sale\\\/\",\"name\":\"Triangular Wool Bean Bag Chair \u2013 ON SALE | Home of Wool\",\"isPartOf\":{\"@id\":\"https:\\\/\\\/homeofwool.com\\\/#website\"},\"primaryImageOfPage\":{\"@id\":\"https:\\\/\\\/homeofwool.com\\\/shop\\\/triangular-wool-bean-bag-chair-sale\\\/#primaryimage\"},\"image\":{\"@id\":\"https:\\\/\\\/homeofwool.com\\\/shop\\\/triangular-wool-bean-bag-chair-sale\\\/#primaryimage\"},\"thumbnailUrl\":\"https:\\\/\\\/homeofwool.com\\\/wp-content\\\/uploads\\\/2025\\\/09\\\/home-of-wool-triangular-wool-bean-bag-chair-home-of-wool-listing-1-main-1.jpg\",\"datePublished\":\"2025-09-02T12:02:24+00:00\",\"dateModified\":\"2026-03-20T10:40:22+00:00\",\"description\":\"Get our Triangular Wool Bean Bag Chair on sale. Chemical-free, hypoallergenic, resistant to dust mites and mildew, and super comfortable.\",\"breadcrumb\":{\"@id\":\"https:\\\/\\\/homeofwool.com\\\/shop\\\/triangular-wool-bean-bag-chair-sale\\\/#breadcrumb\"},\"inLanguage\":\"da-DK\",\"potentialAction\":[{\"@type\":\"ReadAction\",\"target\":[\"https:\\\/\\\/homeofwool.com\\\/shop\\\/triangular-wool-bean-bag-chair-sale\\\/\"]}]},{\"@type\":\"ImageObject\",\"inLanguage\":\"da-DK\",\"@id\":\"https:\\\/\\\/homeofwool.com\\\/shop\\\/triangular-wool-bean-bag-chair-sale\\\/#primaryimage\",\"url\":\"https:\\\/\\\/homeofwool.com\\\/wp-content\\\/uploads\\\/2025\\\/09\\\/home-of-wool-triangular-wool-bean-bag-chair-home-of-wool-listing-1-main-1.jpg\",\"contentUrl\":\"https:\\\/\\\/homeofwool.com\\\/wp-content\\\/uploads\\\/2025\\\/09\\\/home-of-wool-triangular-wool-bean-bag-chair-home-of-wool-listing-1-main-1.jpg\",\"width\":2000,\"height\":1600},{\"@type\":\"BreadcrumbList\",\"@id\":\"https:\\\/\\\/homeofwool.com\\\/shop\\\/triangular-wool-bean-bag-chair-sale\\\/#breadcrumb\",\"itemListElement\":[{\"@type\":\"ListItem\",\"position\":1,\"name\":\"Home\",\"item\":\"https:\\\/\\\/homeofwool.com\\\/\"},{\"@type\":\"ListItem\",\"position\":2,\"name\":\"Products\",\"item\":\"https:\\\/\\\/homeofwool.com\\\/header-search-2\\\/\"},{\"@type\":\"ListItem\",\"position\":3,\"name\":\"Triangular Wool Bean Bag Chair | SALE\"}]},{\"@type\":\"WebSite\",\"@id\":\"https:\\\/\\\/homeofwool.com\\\/#website\",\"url\":\"https:\\\/\\\/homeofwool.com\\\/\",\"name\":\"Home of Wool\",\"description\":\"\",\"publisher\":{\"@id\":\"https:\\\/\\\/homeofwool.com\\\/#organization\"},\"potentialAction\":[{\"@type\":\"SearchAction\",\"target\":{\"@type\":\"EntryPoint\",\"urlTemplate\":\"https:\\\/\\\/homeofwool.com\\\/?s={search_term_string}\"},\"query-input\":{\"@type\":\"PropertyValueSpecification\",\"valueRequired\":true,\"valueName\":\"search_term_string\"}}],\"inLanguage\":\"da-DK\"},{\"@type\":\"Organization\",\"@id\":\"https:\\\/\\\/homeofwool.com\\\/#organization\",\"name\":\"Home of Wool\",\"url\":\"https:\\\/\\\/homeofwool.com\\\/\",\"logo\":{\"@type\":\"ImageObject\",\"inLanguage\":\"da-DK\",\"@id\":\"https:\\\/\\\/homeofwool.com\\\/#\\\/schema\\\/logo\\\/image\\\/\",\"url\":\"https:\\\/\\\/homeofwool.com\\\/wp-content\\\/uploads\\\/2025\\\/09\\\/WhatsApp-Image-2025-12-02-at-16.23.20.jpeg\",\"contentUrl\":\"https:\\\/\\\/homeofwool.com\\\/wp-content\\\/uploads\\\/2025\\\/09\\\/WhatsApp-Image-2025-12-02-at-16.23.20.jpeg\",\"width\":700,\"height\":247,\"caption\":\"Home of Wool\"},\"image\":{\"@id\":\"https:\\\/\\\/homeofwool.com\\\/#\\\/schema\\\/logo\\\/image\\\/\"},\"sameAs\":[\"https:\\\/\\\/facebook.com\\\/HomeOfWoolOfficial\"]}]}<\/script>\n<!-- \/ Yoast SEO Premium plugin. -->","yoast_head_json":{"title":"Trekantet uld-s\u00e6kkestol \u2013 TILBUD | Home of Wool","description":"K\u00f8b vores trekantede uld-s\u00e6kkestol p\u00e5 tilbud. Kemikaliefri, allergivenlig, modstandsdygtig over for st\u00f8vmider og skimmel og superkomfortabel.","robots":{"index":"index","follow":"follow","max-snippet":"max-snippet:-1","max-image-preview":"max-image-preview:large","max-video-preview":"max-video-preview:-1"},"canonical":"https:\/\/homeofwool.com\/da\/butik\/trekantet-uld-saekkestol-til-salg\/","og_locale":"da_DK","og_type":"article","og_title":"Triangular Wool Bean Bag Chair | SALE","og_description":"Get our Triangular Wool Bean Bag Chair on sale. Chemical-free, hypoallergenic, resistant to dust mites and mildew, and super comfortable.","og_url":"https:\/\/homeofwool.com\/da\/butik\/trekantet-uld-saekkestol-til-salg\/","og_site_name":"Home of Wool","article_publisher":"https:\/\/facebook.com\/HomeOfWoolOfficial","article_modified_time":"2026-03-20T10:40:22+00:00","og_image":[{"width":2000,"height":1600,"url":"https:\/\/homeofwool.com\/wp-content\/uploads\/2025\/09\/home-of-wool-triangular-wool-bean-bag-chair-home-of-wool-listing-1-main-1.jpg","type":"image\/jpeg"}],"twitter_card":"summary_large_image","twitter_misc":{"Estimeret l\u00e6setid":"2 minutter"},"schema":{"@context":"https:\/\/schema.org","@graph":[{"@type":"WebPage","@id":"https:\/\/homeofwool.com\/shop\/triangular-wool-bean-bag-chair-sale\/","url":"https:\/\/homeofwool.com\/shop\/triangular-wool-bean-bag-chair-sale\/","name":"Trekantet uld-s\u00e6kkestol \u2013 TILBUD | Home of Wool","isPartOf":{"@id":"https:\/\/homeofwool.com\/#website"},"primaryImageOfPage":{"@id":"https:\/\/homeofwool.com\/shop\/triangular-wool-bean-bag-chair-sale\/#primaryimage"},"image":{"@id":"https:\/\/homeofwool.com\/shop\/triangular-wool-bean-bag-chair-sale\/#primaryimage"},"thumbnailUrl":"https:\/\/homeofwool.com\/wp-content\/uploads\/2025\/09\/home-of-wool-triangular-wool-bean-bag-chair-home-of-wool-listing-1-main-1.jpg","datePublished":"2025-09-02T12:02:24+00:00","dateModified":"2026-03-20T10:40:22+00:00","description":"K\u00f8b vores trekantede uld-s\u00e6kkestol p\u00e5 tilbud. Kemikaliefri, allergivenlig, modstandsdygtig over for st\u00f8vmider og skimmel og superkomfortabel.","breadcrumb":{"@id":"https:\/\/homeofwool.com\/shop\/triangular-wool-bean-bag-chair-sale\/#breadcrumb"},"inLanguage":"da-DK","potentialAction":[{"@type":"ReadAction","target":["https:\/\/homeofwool.com\/shop\/triangular-wool-bean-bag-chair-sale\/"]}]},{"@type":"ImageObject","inLanguage":"da-DK","@id":"https:\/\/homeofwool.com\/shop\/triangular-wool-bean-bag-chair-sale\/#primaryimage","url":"https:\/\/homeofwool.com\/wp-content\/uploads\/2025\/09\/home-of-wool-triangular-wool-bean-bag-chair-home-of-wool-listing-1-main-1.jpg","contentUrl":"https:\/\/homeofwool.com\/wp-content\/uploads\/2025\/09\/home-of-wool-triangular-wool-bean-bag-chair-home-of-wool-listing-1-main-1.jpg","width":2000,"height":1600},{"@type":"BreadcrumbList","@id":"https:\/\/homeofwool.com\/shop\/triangular-wool-bean-bag-chair-sale\/#breadcrumb","itemListElement":[{"@type":"ListItem","position":1,"name":"Home","item":"https:\/\/homeofwool.com\/"},{"@type":"ListItem","position":2,"name":"Products","item":"https:\/\/homeofwool.com\/header-search-2\/"},{"@type":"ListItem","position":3,"name":"Triangular Wool Bean Bag Chair | SALE"}]},{"@type":"WebSite","@id":"https:\/\/homeofwool.com\/#website","url":"https:\/\/homeofwool.com\/","name":"Hjemsted for uld","description":"","publisher":{"@id":"https:\/\/homeofwool.com\/#organization"},"potentialAction":[{"@type":"SearchAction","target":{"@type":"EntryPoint","urlTemplate":"https:\/\/homeofwool.com\/?s={search_term_string}"},"query-input":{"@type":"PropertyValueSpecification","valueRequired":true,"valueName":"search_term_string"}}],"inLanguage":"da-DK"},{"@type":"Organization","@id":"https:\/\/homeofwool.com\/#organization","name":"Hjemsted for uld","url":"https:\/\/homeofwool.com\/","logo":{"@type":"ImageObject","inLanguage":"da-DK","@id":"https:\/\/homeofwool.com\/#\/schema\/logo\/image\/","url":"https:\/\/homeofwool.com\/wp-content\/uploads\/2025\/09\/WhatsApp-Image-2025-12-02-at-16.23.20.jpeg","contentUrl":"https:\/\/homeofwool.com\/wp-content\/uploads\/2025\/09\/WhatsApp-Image-2025-12-02-at-16.23.20.jpeg","width":700,"height":247,"caption":"Home of Wool"},"image":{"@id":"https:\/\/homeofwool.com\/#\/schema\/logo\/image\/"},"sameAs":["https:\/\/facebook.com\/HomeOfWoolOfficial"]}]}},"_links":{"self":[{"href":"https:\/\/homeofwool.com\/da\/wp-json\/wp\/v2\/product\/217748","targetHints":{"allow":["GET"]}}],"collection":[{"href":"https:\/\/homeofwool.com\/da\/wp-json\/wp\/v2\/product"}],"about":[{"href":"https:\/\/homeofwool.com\/da\/wp-json\/wp\/v2\/types\/product"}],"version-history":[{"count":1,"href":"https:\/\/homeofwool.com\/da\/wp-json\/wp\/v2\/product\/217748\/revisions"}],"predecessor-version":[{"id":227352,"href":"https:\/\/homeofwool.com\/da\/wp-json\/wp\/v2\/product\/217748\/revisions\/227352"}],"wp:featuredmedia":[{"embeddable":true,"href":"https:\/\/homeofwool.com\/da\/wp-json\/wp\/v2\/media\/225184"}],"wp:attachment":[{"href":"https:\/\/homeofwool.com\/da\/wp-json\/wp\/v2\/media?parent=217748"}],"wp:term":[{"taxonomy":"product_brand","embeddable":true,"href":"https:\/\/homeofwool.com\/da\/wp-json\/wp\/v2\/product_brand?post=217748"},{"taxonomy":"product_cat","embeddable":true,"href":"https:\/\/homeofwool.com\/da\/wp-json\/wp\/v2\/product_cat?post=217748"},{"taxonomy":"product_tag","embeddable":true,"href":"https:\/\/homeofwool.com\/da\/wp-json\/wp\/v2\/product_tag?post=217748"}],"curies":[{"name":"wp","href":"https:\/\/api.w.org\/{rel}","templated":true}]}}