{"id":217747,"date":"2025-09-02T12:02:24","date_gmt":"2025-09-02T12:02:24","guid":{"rendered":"https:\/\/homeofwool.com\/?post_type=product&#038;p=217747"},"modified":"2026-03-26T12:41:18","modified_gmt":"2026-03-26T12:41:18","slug":"rund-saekkestol-til-salg","status":"publish","type":"product","link":"https:\/\/homeofwool.com\/da\/shop\/round-bean-bag-chair-sale\/","title":{"rendered":"Rund uld s\u00e6kkestol | UDSALG"},"content":{"rendered":"<p>Alle vores produkter er fremstillet udelukkende af naturlige, b\u00e6redygtige, fornyelige, biologisk nedbrydelige og genanvendelige materialer, UDEN KEMIKALIER (herunder flammeh\u00e6mmere, farvestoffer, blegemidler, VOC'er, overfladebehandlinger, karboniseret uld) og UDEN SYNTETISKE MATERIALER (herunder plast, latex, vinyl, fjedre). Certificeret i den strengeste kategori for ekstra tryghed.<\/p>\n<p>Vi fremstiller produkter, der er bygget til at holde, af materialer af h\u00f8j kvalitet. For at du kan f\u00e5 gl\u00e6de af dem s\u00e5 l\u00e6nge som muligt, er der dog nogle f\u00e5 gode r\u00e5d, du b\u00f8r f\u00f8lge.<\/p>\n<h3>FUNKTIONER:<\/h3>\n<ul>\n<li style=\"text-align: left;\"><strong>H\u00e5ndtuftet<\/strong> med naturlig linnedtr\u00e5d for at holde fyldet p\u00e5 plads.<\/li>\n<li style=\"text-align: left;\">Holdbart metal <strong>lynl\u00e5s<\/strong> p\u00e5 bagsiden, s\u00e5 du nemt kan justere, tilf\u00f8je eller fjerne uld, hvis det er n\u00f8dvendigt (plastlynl\u00e5se efter anmodning)<\/li>\n<li style=\"text-align: left;\">Gratis <strong>reparationss\u00e6t<\/strong>.<\/li>\n<\/ul>\n<h3>FYLD:<\/h3>\n<p>12,9 kg (28,5 lbs) 100% GOTS uldbattsrester<\/p>\n<h3>UDV\u00c6LGELSE AF YDERSTOF:<\/h3>\n<p>100% \u00d8kologisk bomuld (GOTS-certificeret)<br \/>\n100% Linned, struktureret (Oeko-Tex-certificeret)<br \/>\n100% Linned (Oeko-Tex-certificeret)<br \/>\n100% Jomfruuld (Oeko-Tex-certificeret)<\/p>\n<h3>INDVENDIGT STOF:<\/h3>\n<p>100% \u00d8kologisk bomuld (GOTS-certificeret)<\/p>\n<h3>FREMSTILLING OG FORSENDELSE:<\/h3>\n<p>Standard produktionstid: 1-2 uger<br \/>\nGratis leveringstid:  1-4 uger<br \/>\nEkspresleveringstid: 3-4 dage<\/p>\n<p>&nbsp;<\/p>\n<p>*Dette er h\u00e5ndlavede varer. Der kan forekomme mindre afvigelser i m\u00e5lene. Afvigelser p\u00e5 mindre end 5% betragtes som acceptable.<\/p>\n<p>*Alle uldfyldte produkter er underlagt en vis grad af kompression. Vi fylder dog produkterne t\u00e6t med uld, s\u00e5 de bliver tykkere end angivet, og i l\u00f8bet af de f\u00f8rste m\u00e5neders brug komprimeres de til omtrent den angivne tykkelse.<\/p>\n<p>*Uldfibre findes i forskellige naturlige farver og har en naturlig lugt af f\u00e5r, som forsvinder efter et par m\u00e5neder.<\/p>","protected":false},"excerpt":{"rendered":"<p>Helt fri for kemikalier, uden afgasning og uden VOC'er. Allergivenlig, velegnet til personer med kemisk overf\u00f8lsomhed, herunder MCS. Naturligt modstandsdygtig over for st\u00f8vmider og skimmel, antimikrobiel, antibakteriel og flammeh\u00e6mmende.<\/p>\n<p><strong>ST\u00d8RRELSE:<\/strong>\u00a0Diameter 89 cm \u00d7 H\u00f8jde 63 cm (ca.)<br \/>\n<strong>INDSTIK STOF:<\/strong>\u00a0100% \u00d8kologisk bomuld<br \/>\n<strong>Ulden indeni:<\/strong>\u00a012,9 kg<\/p>\n<div class=\"global-icon-set\">\n<div class=\"global-icon-set__items\">\n<div class=\"global-icon-set__item\">\n<div class=\"global-icon-set__image\">\n                                    <img decoding=\"async\" src=\"https:\/\/homeofwool.com\/wp-content\/uploads\/2025\/09\/VOCs-min-300x300.png\" alt=\"Vocs gratis\" \/>\n                                <\/div>\n<div class=\"global-icon-set__title\">Fri for VOC'er<\/div>\n<\/p><\/div>\n<div class=\"global-icon-set__item\">\n<div class=\"global-icon-set__image\">\n                                    <img decoding=\"async\" src=\"https:\/\/homeofwool.com\/wp-content\/uploads\/2025\/09\/FR-min-300x300.png\" alt=\"Brandh\u00e6mmende ikon\" \/>\n                                <\/div>\n<div class=\"global-icon-set__title\">Flammeh\u00e6mmende<\/div>\n<\/p><\/div>\n<div class=\"global-icon-set__item\">\n<div class=\"global-icon-set__image\">\n                                    <img decoding=\"async\" src=\"https:\/\/homeofwool.com\/wp-content\/uploads\/2025\/09\/Hypoallergenic-min-300x300.png\" alt=\"Hypoallergenisk ikon\" \/>\n                                <\/div>\n<div class=\"global-icon-set__title\">Hypoallergenisk<\/div>\n<\/p><\/div>\n<div class=\"global-icon-set__item\">\n<div class=\"global-icon-set__image\">\n                                    <img decoding=\"async\" src=\"https:\/\/homeofwool.com\/wp-content\/uploads\/2025\/09\/free-of-synthetics-icon-300x300.png\" alt=\"fri for syntetiske stoffer ikon\" \/>\n                                <\/div>\n<div class=\"global-icon-set__title\">Fri for syntetiske stoffer<\/div>\n<\/p><\/div>\n<div class=\"global-icon-set__item\">\n<div class=\"global-icon-set__image\">\n                                    <img decoding=\"async\" src=\"https:\/\/homeofwool.com\/wp-content\/uploads\/2025\/09\/chemical-free-icon-300x300.png\" alt=\"ikon for kemikaliefrihed\" \/>\n                                <\/div>\n<div class=\"global-icon-set__title\">Fri for kemikalier<\/div>\n<\/p><\/div>\n<div class=\"global-icon-set__item\">\n<div class=\"global-icon-set__image\">\n                                    <img decoding=\"async\" src=\"https:\/\/homeofwool.com\/wp-content\/uploads\/2025\/09\/anti-bacterial-icon-300x300.png\" alt=\"Antibakterielt ikon\" \/>\n                                <\/div>\n<div class=\"global-icon-set__title\">Anti-mikrobiel og anti-bakteriel<\/div>\n<\/p><\/div>\n<\/p><\/div>\n<\/p><\/div>","protected":false},"featured_media":225192,"template":"","meta":{"_acf_changed":false},"product_brand":[],"product_cat":[557,20,174,815],"product_tag":[735,741,212,740],"class_list":{"0":"post-217747","1":"product","2":"type-product","3":"status-publish","4":"has-post-thumbnail","6":"product_cat-new","7":"product_cat-pillows-poufs","8":"product_cat-zero-waste","9":"product_cat-zero-waste-poufs","10":"product_tag-adult-bean-bag","11":"product_tag-bean-bag-chair","12":"product_tag-custom-pouf","13":"product_tag-organic-bean-bag","15":"first","16":"outofstock","17":"sale","18":"shipping-taxable","19":"purchasable","20":"product-type-variable"},"acf":[],"yoast_head":"<!-- This site is optimized with the Yoast SEO Premium plugin v27.4 (Yoast SEO v27.4) - https:\/\/yoast.com\/product\/yoast-seo-premium-wordpress\/ -->\n<title>Round Wool Bean Bag Chair \u2013 ON SALE, Toxin-Free | Home of Wool<\/title>\n<meta name=\"description\" content=\"Shop the Round Wool Bean Bag Chair on sale. Toxin-free, hypoallergenic, resistant to dust mites, mildew, and bacteria. Perfect for chemical sensitivities.\" \/>\n<meta name=\"robots\" content=\"index, follow, max-snippet:-1, max-image-preview:large, max-video-preview:-1\" \/>\n<link rel=\"canonical\" href=\"https:\/\/homeofwool.com\/da\/butik\/rund-saekkestol-til-salg\/\" \/>\n<meta property=\"og:locale\" content=\"da_DK\" \/>\n<meta property=\"og:type\" content=\"article\" \/>\n<meta property=\"og:title\" content=\"Round Wool Bean Bag Chair | SALE\" \/>\n<meta property=\"og:description\" content=\"Shop the Round Wool Bean Bag Chair on sale. Toxin-free, hypoallergenic, resistant to dust mites, mildew, and bacteria. Perfect for chemical sensitivities.\" \/>\n<meta property=\"og:url\" content=\"https:\/\/homeofwool.com\/da\/butik\/rund-saekkestol-til-salg\/\" \/>\n<meta property=\"og:site_name\" content=\"Home of Wool\" \/>\n<meta property=\"article:publisher\" content=\"https:\/\/facebook.com\/HomeOfWoolOfficial\" \/>\n<meta property=\"article:modified_time\" content=\"2026-03-26T12:41:18+00:00\" \/>\n<meta property=\"og:image\" content=\"https:\/\/homeofwool.com\/wp-content\/uploads\/2025\/09\/home-of-wool-round-wool-bean-bag-chair-1-main-1.jpg\" \/>\n\t<meta property=\"og:image:width\" content=\"1645\" \/>\n\t<meta property=\"og:image:height\" content=\"1316\" \/>\n\t<meta property=\"og:image:type\" content=\"image\/jpeg\" \/>\n<meta name=\"twitter:card\" content=\"summary_large_image\" \/>\n<meta name=\"twitter:label1\" content=\"Estimeret l\u00e6setid\" \/>\n\t<meta name=\"twitter:data1\" content=\"2 minutter\" \/>\n<script type=\"application\/ld+json\" class=\"yoast-schema-graph\">{\"@context\":\"https:\\\/\\\/schema.org\",\"@graph\":[{\"@type\":\"WebPage\",\"@id\":\"https:\\\/\\\/homeofwool.com\\\/shop\\\/round-bean-bag-chair-sale\\\/\",\"url\":\"https:\\\/\\\/homeofwool.com\\\/shop\\\/round-bean-bag-chair-sale\\\/\",\"name\":\"Round Wool Bean Bag Chair \u2013 ON SALE, Toxin-Free | Home of Wool\",\"isPartOf\":{\"@id\":\"https:\\\/\\\/homeofwool.com\\\/#website\"},\"primaryImageOfPage\":{\"@id\":\"https:\\\/\\\/homeofwool.com\\\/shop\\\/round-bean-bag-chair-sale\\\/#primaryimage\"},\"image\":{\"@id\":\"https:\\\/\\\/homeofwool.com\\\/shop\\\/round-bean-bag-chair-sale\\\/#primaryimage\"},\"thumbnailUrl\":\"https:\\\/\\\/homeofwool.com\\\/wp-content\\\/uploads\\\/2025\\\/09\\\/home-of-wool-round-wool-bean-bag-chair-1-main-1.jpg\",\"datePublished\":\"2025-09-02T12:02:24+00:00\",\"dateModified\":\"2026-03-26T12:41:18+00:00\",\"description\":\"Shop the Round Wool Bean Bag Chair on sale. Toxin-free, hypoallergenic, resistant to dust mites, mildew, and bacteria. Perfect for chemical sensitivities.\",\"breadcrumb\":{\"@id\":\"https:\\\/\\\/homeofwool.com\\\/shop\\\/round-bean-bag-chair-sale\\\/#breadcrumb\"},\"inLanguage\":\"da-DK\",\"potentialAction\":[{\"@type\":\"ReadAction\",\"target\":[\"https:\\\/\\\/homeofwool.com\\\/shop\\\/round-bean-bag-chair-sale\\\/\"]}]},{\"@type\":\"ImageObject\",\"inLanguage\":\"da-DK\",\"@id\":\"https:\\\/\\\/homeofwool.com\\\/shop\\\/round-bean-bag-chair-sale\\\/#primaryimage\",\"url\":\"https:\\\/\\\/homeofwool.com\\\/wp-content\\\/uploads\\\/2025\\\/09\\\/home-of-wool-round-wool-bean-bag-chair-1-main-1.jpg\",\"contentUrl\":\"https:\\\/\\\/homeofwool.com\\\/wp-content\\\/uploads\\\/2025\\\/09\\\/home-of-wool-round-wool-bean-bag-chair-1-main-1.jpg\",\"width\":1645,\"height\":1316},{\"@type\":\"BreadcrumbList\",\"@id\":\"https:\\\/\\\/homeofwool.com\\\/shop\\\/round-bean-bag-chair-sale\\\/#breadcrumb\",\"itemListElement\":[{\"@type\":\"ListItem\",\"position\":1,\"name\":\"Home\",\"item\":\"https:\\\/\\\/homeofwool.com\\\/\"},{\"@type\":\"ListItem\",\"position\":2,\"name\":\"Products\",\"item\":\"https:\\\/\\\/homeofwool.com\\\/header-search-2\\\/\"},{\"@type\":\"ListItem\",\"position\":3,\"name\":\"Round Wool Bean Bag Chair | SALE\"}]},{\"@type\":\"WebSite\",\"@id\":\"https:\\\/\\\/homeofwool.com\\\/#website\",\"url\":\"https:\\\/\\\/homeofwool.com\\\/\",\"name\":\"Home of Wool\",\"description\":\"\",\"publisher\":{\"@id\":\"https:\\\/\\\/homeofwool.com\\\/#organization\"},\"potentialAction\":[{\"@type\":\"SearchAction\",\"target\":{\"@type\":\"EntryPoint\",\"urlTemplate\":\"https:\\\/\\\/homeofwool.com\\\/?s={search_term_string}\"},\"query-input\":{\"@type\":\"PropertyValueSpecification\",\"valueRequired\":true,\"valueName\":\"search_term_string\"}}],\"inLanguage\":\"da-DK\"},{\"@type\":\"Organization\",\"@id\":\"https:\\\/\\\/homeofwool.com\\\/#organization\",\"name\":\"Home of Wool\",\"url\":\"https:\\\/\\\/homeofwool.com\\\/\",\"logo\":{\"@type\":\"ImageObject\",\"inLanguage\":\"da-DK\",\"@id\":\"https:\\\/\\\/homeofwool.com\\\/#\\\/schema\\\/logo\\\/image\\\/\",\"url\":\"https:\\\/\\\/homeofwool.com\\\/wp-content\\\/uploads\\\/2025\\\/09\\\/WhatsApp-Image-2025-12-02-at-16.23.20.jpeg\",\"contentUrl\":\"https:\\\/\\\/homeofwool.com\\\/wp-content\\\/uploads\\\/2025\\\/09\\\/WhatsApp-Image-2025-12-02-at-16.23.20.jpeg\",\"width\":700,\"height\":247,\"caption\":\"Home of Wool\"},\"image\":{\"@id\":\"https:\\\/\\\/homeofwool.com\\\/#\\\/schema\\\/logo\\\/image\\\/\"},\"sameAs\":[\"https:\\\/\\\/facebook.com\\\/HomeOfWoolOfficial\"]}]}<\/script>\n<!-- \/ Yoast SEO Premium plugin. -->","yoast_head_json":{"title":"Rund uld-s\u00e6kkestol \u2013 TILBUD, giftfri | Home of Wool","description":"K\u00f8b den runde uld-s\u00e6kkestol, der er p\u00e5 tilbud. Fri for giftstoffer, allergivenlig, modstandsdygtig over for st\u00f8vmider, skimmel og bakterier. Perfekt til personer med kemisk overf\u00f8lsomhed.","robots":{"index":"index","follow":"follow","max-snippet":"max-snippet:-1","max-image-preview":"max-image-preview:large","max-video-preview":"max-video-preview:-1"},"canonical":"https:\/\/homeofwool.com\/da\/butik\/rund-saekkestol-til-salg\/","og_locale":"da_DK","og_type":"article","og_title":"Round Wool Bean Bag Chair | SALE","og_description":"Shop the Round Wool Bean Bag Chair on sale. Toxin-free, hypoallergenic, resistant to dust mites, mildew, and bacteria. Perfect for chemical sensitivities.","og_url":"https:\/\/homeofwool.com\/da\/butik\/rund-saekkestol-til-salg\/","og_site_name":"Home of Wool","article_publisher":"https:\/\/facebook.com\/HomeOfWoolOfficial","article_modified_time":"2026-03-26T12:41:18+00:00","og_image":[{"width":1645,"height":1316,"url":"https:\/\/homeofwool.com\/wp-content\/uploads\/2025\/09\/home-of-wool-round-wool-bean-bag-chair-1-main-1.jpg","type":"image\/jpeg"}],"twitter_card":"summary_large_image","twitter_misc":{"Estimeret l\u00e6setid":"2 minutter"},"schema":{"@context":"https:\/\/schema.org","@graph":[{"@type":"WebPage","@id":"https:\/\/homeofwool.com\/shop\/round-bean-bag-chair-sale\/","url":"https:\/\/homeofwool.com\/shop\/round-bean-bag-chair-sale\/","name":"Rund uld-s\u00e6kkestol \u2013 TILBUD, giftfri | Home of Wool","isPartOf":{"@id":"https:\/\/homeofwool.com\/#website"},"primaryImageOfPage":{"@id":"https:\/\/homeofwool.com\/shop\/round-bean-bag-chair-sale\/#primaryimage"},"image":{"@id":"https:\/\/homeofwool.com\/shop\/round-bean-bag-chair-sale\/#primaryimage"},"thumbnailUrl":"https:\/\/homeofwool.com\/wp-content\/uploads\/2025\/09\/home-of-wool-round-wool-bean-bag-chair-1-main-1.jpg","datePublished":"2025-09-02T12:02:24+00:00","dateModified":"2026-03-26T12:41:18+00:00","description":"K\u00f8b den runde uld-s\u00e6kkestol, der er p\u00e5 tilbud. Fri for giftstoffer, allergivenlig, modstandsdygtig over for st\u00f8vmider, skimmel og bakterier. Perfekt til personer med kemisk overf\u00f8lsomhed.","breadcrumb":{"@id":"https:\/\/homeofwool.com\/shop\/round-bean-bag-chair-sale\/#breadcrumb"},"inLanguage":"da-DK","potentialAction":[{"@type":"ReadAction","target":["https:\/\/homeofwool.com\/shop\/round-bean-bag-chair-sale\/"]}]},{"@type":"ImageObject","inLanguage":"da-DK","@id":"https:\/\/homeofwool.com\/shop\/round-bean-bag-chair-sale\/#primaryimage","url":"https:\/\/homeofwool.com\/wp-content\/uploads\/2025\/09\/home-of-wool-round-wool-bean-bag-chair-1-main-1.jpg","contentUrl":"https:\/\/homeofwool.com\/wp-content\/uploads\/2025\/09\/home-of-wool-round-wool-bean-bag-chair-1-main-1.jpg","width":1645,"height":1316},{"@type":"BreadcrumbList","@id":"https:\/\/homeofwool.com\/shop\/round-bean-bag-chair-sale\/#breadcrumb","itemListElement":[{"@type":"ListItem","position":1,"name":"Home","item":"https:\/\/homeofwool.com\/"},{"@type":"ListItem","position":2,"name":"Products","item":"https:\/\/homeofwool.com\/header-search-2\/"},{"@type":"ListItem","position":3,"name":"Round Wool Bean Bag Chair | SALE"}]},{"@type":"WebSite","@id":"https:\/\/homeofwool.com\/#website","url":"https:\/\/homeofwool.com\/","name":"Hjemsted for uld","description":"","publisher":{"@id":"https:\/\/homeofwool.com\/#organization"},"potentialAction":[{"@type":"SearchAction","target":{"@type":"EntryPoint","urlTemplate":"https:\/\/homeofwool.com\/?s={search_term_string}"},"query-input":{"@type":"PropertyValueSpecification","valueRequired":true,"valueName":"search_term_string"}}],"inLanguage":"da-DK"},{"@type":"Organization","@id":"https:\/\/homeofwool.com\/#organization","name":"Hjemsted for uld","url":"https:\/\/homeofwool.com\/","logo":{"@type":"ImageObject","inLanguage":"da-DK","@id":"https:\/\/homeofwool.com\/#\/schema\/logo\/image\/","url":"https:\/\/homeofwool.com\/wp-content\/uploads\/2025\/09\/WhatsApp-Image-2025-12-02-at-16.23.20.jpeg","contentUrl":"https:\/\/homeofwool.com\/wp-content\/uploads\/2025\/09\/WhatsApp-Image-2025-12-02-at-16.23.20.jpeg","width":700,"height":247,"caption":"Home of Wool"},"image":{"@id":"https:\/\/homeofwool.com\/#\/schema\/logo\/image\/"},"sameAs":["https:\/\/facebook.com\/HomeOfWoolOfficial"]}]}},"_links":{"self":[{"href":"https:\/\/homeofwool.com\/da\/wp-json\/wp\/v2\/product\/217747","targetHints":{"allow":["GET"]}}],"collection":[{"href":"https:\/\/homeofwool.com\/da\/wp-json\/wp\/v2\/product"}],"about":[{"href":"https:\/\/homeofwool.com\/da\/wp-json\/wp\/v2\/types\/product"}],"version-history":[{"count":3,"href":"https:\/\/homeofwool.com\/da\/wp-json\/wp\/v2\/product\/217747\/revisions"}],"predecessor-version":[{"id":229035,"href":"https:\/\/homeofwool.com\/da\/wp-json\/wp\/v2\/product\/217747\/revisions\/229035"}],"wp:featuredmedia":[{"embeddable":true,"href":"https:\/\/homeofwool.com\/da\/wp-json\/wp\/v2\/media\/225192"}],"wp:attachment":[{"href":"https:\/\/homeofwool.com\/da\/wp-json\/wp\/v2\/media?parent=217747"}],"wp:term":[{"taxonomy":"product_brand","embeddable":true,"href":"https:\/\/homeofwool.com\/da\/wp-json\/wp\/v2\/product_brand?post=217747"},{"taxonomy":"product_cat","embeddable":true,"href":"https:\/\/homeofwool.com\/da\/wp-json\/wp\/v2\/product_cat?post=217747"},{"taxonomy":"product_tag","embeddable":true,"href":"https:\/\/homeofwool.com\/da\/wp-json\/wp\/v2\/product_tag?post=217747"}],"curies":[{"name":"wp","href":"https:\/\/api.w.org\/{rel}","templated":true}]}}