{"id":217709,"date":"2025-09-02T12:02:14","date_gmt":"2025-09-02T12:02:14","guid":{"rendered":"https:\/\/homeofwool.com\/?post_type=product&#038;p=217709"},"modified":"2026-02-11T09:20:44","modified_gmt":"2026-02-11T09:20:44","slug":"hampetaeppe","status":"publish","type":"product","link":"https:\/\/homeofwool.com\/da\/shop\/hemp-rug\/","title":{"rendered":"Hampet\u00e6ppe"},"content":{"rendered":"<p>Home of Wool hampet\u00e6ppet er mere end bare en gulvbel\u00e6gning. Det er fremstillet af rene hampfibre og bringer naturen indenfor. Dets jordfarver er ikke farvestoffer, men kommer fra selve planten. Det er hampens r\u00e5 farver.<\/p>\n<p>Da hamp er naturligt st\u00e6rkt, skaber v\u00e6vningen et slidst\u00e6rkt t\u00e6ppe, der holder sig flot i dagligdagen, uanset om det placeres i entreen, stuen eller under spisebordet. Ved sengen g\u00f8r det de f\u00f8rste skridt om morgenen lidt lettere.<\/p>\n<p>Alle milj\u00f8venlige hampet\u00e6pper fremstilles p\u00e5 bestilling, s\u00e5 du kan v\u00e6lge den st\u00f8rrelse, der passer bedst til dit rum. Bunden har lige akkurat nok greb, s\u00e5 t\u00e6ppet ikke glider, n\u00e5r du g\u00e5r p\u00e5 det.<\/p>\n<p>Den organiske struktur giver et afslappet, boho-agtigt hampet\u00e6ppe-look. Med sin jordn\u00e6re udstr\u00e5ling og rene materialer forener dette organiske hampet\u00e6ppe komfort, sundhed og b\u00e6redygtighed i \u00e9t tidl\u00f8st produkt.<\/p>","protected":false},"excerpt":{"rendered":"<p>Bring lidt naturlig charme ind i dit hjem med dette hampet\u00e6ppe, der er fremstillet af 100% ufarvet, ubleget hamp. Et h\u00e5ndv\u00e6vet hampet\u00e6ppe, der f\u00f8les jordende under f\u00f8dderne og samtidig tilf\u00f8jer boho-karakter til dit rum.<\/p>\n<div class=\"global-icon-set\">\n<div class=\"global-icon-set__items\">\n<div class=\"global-icon-set__item\">\n<div class=\"global-icon-set__image\">\n                                    <img decoding=\"async\" src=\"https:\/\/homeofwool.com\/wp-content\/uploads\/2025\/09\/VOCs-min-300x300.png\" alt=\"Vocs gratis\" \/>\n                                <\/div>\n<div class=\"global-icon-set__title\">Fri for VOC'er<\/div>\n<\/p><\/div>\n<div class=\"global-icon-set__item\">\n<div class=\"global-icon-set__image\">\n                                    <img decoding=\"async\" src=\"https:\/\/homeofwool.com\/wp-content\/uploads\/2025\/09\/free-of-synthetics-icon-300x300.png\" alt=\"fri for syntetiske stoffer ikon\" \/>\n                                <\/div>\n<div class=\"global-icon-set__title\">Fri for syntetiske stoffer<\/div>\n<\/p><\/div>\n<div class=\"global-icon-set__item\">\n<div class=\"global-icon-set__image\">\n                                    <img decoding=\"async\" src=\"https:\/\/homeofwool.com\/wp-content\/uploads\/2025\/09\/chemical-free-icon-300x300.png\" alt=\"ikon for kemikaliefrihed\" \/>\n                                <\/div>\n<div class=\"global-icon-set__title\">Fri for kemikalier<\/div>\n<\/p><\/div>\n<div class=\"global-icon-set__item\">\n<div class=\"global-icon-set__image\">\n                                    <img decoding=\"async\" src=\"https:\/\/homeofwool.com\/wp-content\/uploads\/2025\/09\/certified-materials-icon-300x300.png\" alt=\"ikon for certificerede materialer\" \/>\n                                <\/div>\n<div class=\"global-icon-set__title\">100% rene certificerede materialer<\/div>\n<\/p><\/div>\n<\/p><\/div>\n<\/p><\/div>","protected":false},"featured_media":219290,"template":"","meta":{"_acf_changed":false},"product_brand":[],"product_cat":[557,331],"product_tag":[801,802,803,804,805,806,807,808,149,809],"class_list":{"0":"post-217709","1":"product","2":"type-product","3":"status-publish","4":"has-post-thumbnail","6":"product_cat-new","7":"product_cat-rugs","8":"product_tag-custom-hemp-rugs","9":"product_tag-extra-large-hemp-rug","10":"product_tag-hemp-area-rug","11":"product_tag-hemp-carpet","12":"product_tag-hemp-jute-rug","13":"product_tag-large-hemp-rug","14":"product_tag-natural-hemp-rug","15":"product_tag-round-hemp-rug","16":"product_tag-steps","17":"product_tag-woven-hemp-rug","19":"first","20":"instock","21":"shipping-taxable","22":"purchasable","23":"product-type-simple"},"acf":[],"yoast_head":"<!-- This site is optimized with the Yoast SEO Premium plugin v27.3 (Yoast SEO v27.3) - https:\/\/yoast.com\/product\/yoast-seo-premium-wordpress\/ -->\n<title>Hemp Rug \u2013 100% Natural, Handmade in Custom Sizes | Home of Wool<\/title>\n<meta name=\"description\" content=\"Grounding and timeless, this handwoven hemp rug is eco-friendly, 100% natural, and undyed. Durable yet stylish, it brings boho charm and rich texture to any living space.\" \/>\n<meta name=\"robots\" content=\"index, follow, max-snippet:-1, max-image-preview:large, max-video-preview:-1\" \/>\n<link rel=\"canonical\" href=\"https:\/\/homeofwool.com\/da\/butik\/hampetaeppe\/\" \/>\n<meta property=\"og:locale\" content=\"da_DK\" \/>\n<meta property=\"og:type\" content=\"article\" \/>\n<meta property=\"og:title\" content=\"Hemp Rug\" \/>\n<meta property=\"og:description\" content=\"Grounding and timeless, this handwoven hemp rug is eco-friendly, 100% natural, and undyed. Durable yet stylish, it brings boho charm and rich texture to any living space.\" \/>\n<meta property=\"og:url\" content=\"https:\/\/homeofwool.com\/da\/butik\/hampetaeppe\/\" \/>\n<meta property=\"og:site_name\" content=\"Home of Wool\" \/>\n<meta property=\"article:publisher\" content=\"https:\/\/facebook.com\/HomeOfWoolOfficial\" \/>\n<meta property=\"article:modified_time\" content=\"2026-02-11T09:20:44+00:00\" \/>\n<meta property=\"og:image\" content=\"https:\/\/homeofwool.com\/wp-content\/uploads\/2025\/09\/home-of-wool-hemp-rug-1-main.jpg\" \/>\n\t<meta property=\"og:image:width\" content=\"1041\" \/>\n\t<meta property=\"og:image:height\" content=\"833\" \/>\n\t<meta property=\"og:image:type\" content=\"image\/jpeg\" \/>\n<meta name=\"twitter:card\" content=\"summary_large_image\" \/>\n<meta name=\"twitter:label1\" content=\"Estimeret l\u00e6setid\" \/>\n\t<meta name=\"twitter:data1\" content=\"1 minut\" \/>\n<script type=\"application\/ld+json\" class=\"yoast-schema-graph\">{\"@context\":\"https:\\\/\\\/schema.org\",\"@graph\":[{\"@type\":\"WebPage\",\"@id\":\"https:\\\/\\\/homeofwool.com\\\/shop\\\/hemp-rug\\\/\",\"url\":\"https:\\\/\\\/homeofwool.com\\\/shop\\\/hemp-rug\\\/\",\"name\":\"Hemp Rug \u2013 100% Natural, Handmade in Custom Sizes | Home of Wool\",\"isPartOf\":{\"@id\":\"https:\\\/\\\/homeofwool.com\\\/#website\"},\"primaryImageOfPage\":{\"@id\":\"https:\\\/\\\/homeofwool.com\\\/shop\\\/hemp-rug\\\/#primaryimage\"},\"image\":{\"@id\":\"https:\\\/\\\/homeofwool.com\\\/shop\\\/hemp-rug\\\/#primaryimage\"},\"thumbnailUrl\":\"https:\\\/\\\/homeofwool.com\\\/wp-content\\\/uploads\\\/2025\\\/09\\\/home-of-wool-hemp-rug-1-main.jpg\",\"datePublished\":\"2025-09-02T12:02:14+00:00\",\"dateModified\":\"2026-02-11T09:20:44+00:00\",\"description\":\"Grounding and timeless, this handwoven hemp rug is eco-friendly, 100% natural, and undyed. Durable yet stylish, it brings boho charm and rich texture to any living space.\",\"breadcrumb\":{\"@id\":\"https:\\\/\\\/homeofwool.com\\\/shop\\\/hemp-rug\\\/#breadcrumb\"},\"inLanguage\":\"da-DK\",\"potentialAction\":[{\"@type\":\"ReadAction\",\"target\":[\"https:\\\/\\\/homeofwool.com\\\/shop\\\/hemp-rug\\\/\"]}]},{\"@type\":\"ImageObject\",\"inLanguage\":\"da-DK\",\"@id\":\"https:\\\/\\\/homeofwool.com\\\/shop\\\/hemp-rug\\\/#primaryimage\",\"url\":\"https:\\\/\\\/homeofwool.com\\\/wp-content\\\/uploads\\\/2025\\\/09\\\/home-of-wool-hemp-rug-1-main.jpg\",\"contentUrl\":\"https:\\\/\\\/homeofwool.com\\\/wp-content\\\/uploads\\\/2025\\\/09\\\/home-of-wool-hemp-rug-1-main.jpg\",\"width\":1041,\"height\":833,\"caption\":\"hemp rug flat on the floor\"},{\"@type\":\"BreadcrumbList\",\"@id\":\"https:\\\/\\\/homeofwool.com\\\/shop\\\/hemp-rug\\\/#breadcrumb\",\"itemListElement\":[{\"@type\":\"ListItem\",\"position\":1,\"name\":\"Home\",\"item\":\"https:\\\/\\\/homeofwool.com\\\/\"},{\"@type\":\"ListItem\",\"position\":2,\"name\":\"Products\",\"item\":\"https:\\\/\\\/homeofwool.com\\\/header-search-2\\\/\"},{\"@type\":\"ListItem\",\"position\":3,\"name\":\"Hemp Rug\"}]},{\"@type\":\"WebSite\",\"@id\":\"https:\\\/\\\/homeofwool.com\\\/#website\",\"url\":\"https:\\\/\\\/homeofwool.com\\\/\",\"name\":\"Home of Wool\",\"description\":\"\",\"publisher\":{\"@id\":\"https:\\\/\\\/homeofwool.com\\\/#organization\"},\"potentialAction\":[{\"@type\":\"SearchAction\",\"target\":{\"@type\":\"EntryPoint\",\"urlTemplate\":\"https:\\\/\\\/homeofwool.com\\\/?s={search_term_string}\"},\"query-input\":{\"@type\":\"PropertyValueSpecification\",\"valueRequired\":true,\"valueName\":\"search_term_string\"}}],\"inLanguage\":\"da-DK\"},{\"@type\":\"Organization\",\"@id\":\"https:\\\/\\\/homeofwool.com\\\/#organization\",\"name\":\"Home of Wool\",\"url\":\"https:\\\/\\\/homeofwool.com\\\/\",\"logo\":{\"@type\":\"ImageObject\",\"inLanguage\":\"da-DK\",\"@id\":\"https:\\\/\\\/homeofwool.com\\\/#\\\/schema\\\/logo\\\/image\\\/\",\"url\":\"https:\\\/\\\/homeofwool.com\\\/wp-content\\\/uploads\\\/2025\\\/09\\\/WhatsApp-Image-2025-12-02-at-16.23.20.jpeg\",\"contentUrl\":\"https:\\\/\\\/homeofwool.com\\\/wp-content\\\/uploads\\\/2025\\\/09\\\/WhatsApp-Image-2025-12-02-at-16.23.20.jpeg\",\"width\":700,\"height\":247,\"caption\":\"Home of Wool\"},\"image\":{\"@id\":\"https:\\\/\\\/homeofwool.com\\\/#\\\/schema\\\/logo\\\/image\\\/\"},\"sameAs\":[\"https:\\\/\\\/facebook.com\\\/HomeOfWoolOfficial\"]}]}<\/script>\n<!-- \/ Yoast SEO Premium plugin. -->","yoast_head_json":{"title":"Hampet\u00e6ppe \u2013 100% Naturligt, h\u00e5ndlavet i specialst\u00f8rrelser | Home of Wool","description":"Dette h\u00e5ndv\u00e6vede hampet\u00e6ppe er jordn\u00e6rt og tidl\u00f8st, milj\u00f8venligt, 100% naturligt og ufarvet. Det er slidst\u00e6rkt og stilfuldt og tilf\u00f8rer ethvert opholdsrum boho-charme og en rig tekstur.","robots":{"index":"index","follow":"follow","max-snippet":"max-snippet:-1","max-image-preview":"max-image-preview:large","max-video-preview":"max-video-preview:-1"},"canonical":"https:\/\/homeofwool.com\/da\/butik\/hampetaeppe\/","og_locale":"da_DK","og_type":"article","og_title":"Hemp Rug","og_description":"Grounding and timeless, this handwoven hemp rug is eco-friendly, 100% natural, and undyed. Durable yet stylish, it brings boho charm and rich texture to any living space.","og_url":"https:\/\/homeofwool.com\/da\/butik\/hampetaeppe\/","og_site_name":"Home of Wool","article_publisher":"https:\/\/facebook.com\/HomeOfWoolOfficial","article_modified_time":"2026-02-11T09:20:44+00:00","og_image":[{"width":1041,"height":833,"url":"https:\/\/homeofwool.com\/wp-content\/uploads\/2025\/09\/home-of-wool-hemp-rug-1-main.jpg","type":"image\/jpeg"}],"twitter_card":"summary_large_image","twitter_misc":{"Estimeret l\u00e6setid":"1 minut"},"schema":{"@context":"https:\/\/schema.org","@graph":[{"@type":"WebPage","@id":"https:\/\/homeofwool.com\/shop\/hemp-rug\/","url":"https:\/\/homeofwool.com\/shop\/hemp-rug\/","name":"Hampet\u00e6ppe \u2013 100% Naturligt, h\u00e5ndlavet i specialst\u00f8rrelser | Home of Wool","isPartOf":{"@id":"https:\/\/homeofwool.com\/#website"},"primaryImageOfPage":{"@id":"https:\/\/homeofwool.com\/shop\/hemp-rug\/#primaryimage"},"image":{"@id":"https:\/\/homeofwool.com\/shop\/hemp-rug\/#primaryimage"},"thumbnailUrl":"https:\/\/homeofwool.com\/wp-content\/uploads\/2025\/09\/home-of-wool-hemp-rug-1-main.jpg","datePublished":"2025-09-02T12:02:14+00:00","dateModified":"2026-02-11T09:20:44+00:00","description":"Dette h\u00e5ndv\u00e6vede hampet\u00e6ppe er jordn\u00e6rt og tidl\u00f8st, milj\u00f8venligt, 100% naturligt og ufarvet. Det er slidst\u00e6rkt og stilfuldt og tilf\u00f8rer ethvert opholdsrum boho-charme og en rig tekstur.","breadcrumb":{"@id":"https:\/\/homeofwool.com\/shop\/hemp-rug\/#breadcrumb"},"inLanguage":"da-DK","potentialAction":[{"@type":"ReadAction","target":["https:\/\/homeofwool.com\/shop\/hemp-rug\/"]}]},{"@type":"ImageObject","inLanguage":"da-DK","@id":"https:\/\/homeofwool.com\/shop\/hemp-rug\/#primaryimage","url":"https:\/\/homeofwool.com\/wp-content\/uploads\/2025\/09\/home-of-wool-hemp-rug-1-main.jpg","contentUrl":"https:\/\/homeofwool.com\/wp-content\/uploads\/2025\/09\/home-of-wool-hemp-rug-1-main.jpg","width":1041,"height":833,"caption":"hemp rug flat on the floor"},{"@type":"BreadcrumbList","@id":"https:\/\/homeofwool.com\/shop\/hemp-rug\/#breadcrumb","itemListElement":[{"@type":"ListItem","position":1,"name":"Home","item":"https:\/\/homeofwool.com\/"},{"@type":"ListItem","position":2,"name":"Products","item":"https:\/\/homeofwool.com\/header-search-2\/"},{"@type":"ListItem","position":3,"name":"Hemp Rug"}]},{"@type":"WebSite","@id":"https:\/\/homeofwool.com\/#website","url":"https:\/\/homeofwool.com\/","name":"Hjemsted for uld","description":"","publisher":{"@id":"https:\/\/homeofwool.com\/#organization"},"potentialAction":[{"@type":"SearchAction","target":{"@type":"EntryPoint","urlTemplate":"https:\/\/homeofwool.com\/?s={search_term_string}"},"query-input":{"@type":"PropertyValueSpecification","valueRequired":true,"valueName":"search_term_string"}}],"inLanguage":"da-DK"},{"@type":"Organization","@id":"https:\/\/homeofwool.com\/#organization","name":"Hjemsted for uld","url":"https:\/\/homeofwool.com\/","logo":{"@type":"ImageObject","inLanguage":"da-DK","@id":"https:\/\/homeofwool.com\/#\/schema\/logo\/image\/","url":"https:\/\/homeofwool.com\/wp-content\/uploads\/2025\/09\/WhatsApp-Image-2025-12-02-at-16.23.20.jpeg","contentUrl":"https:\/\/homeofwool.com\/wp-content\/uploads\/2025\/09\/WhatsApp-Image-2025-12-02-at-16.23.20.jpeg","width":700,"height":247,"caption":"Home of Wool"},"image":{"@id":"https:\/\/homeofwool.com\/#\/schema\/logo\/image\/"},"sameAs":["https:\/\/facebook.com\/HomeOfWoolOfficial"]}]}},"_links":{"self":[{"href":"https:\/\/homeofwool.com\/da\/wp-json\/wp\/v2\/product\/217709","targetHints":{"allow":["GET"]}}],"collection":[{"href":"https:\/\/homeofwool.com\/da\/wp-json\/wp\/v2\/product"}],"about":[{"href":"https:\/\/homeofwool.com\/da\/wp-json\/wp\/v2\/types\/product"}],"version-history":[{"count":1,"href":"https:\/\/homeofwool.com\/da\/wp-json\/wp\/v2\/product\/217709\/revisions"}],"predecessor-version":[{"id":226687,"href":"https:\/\/homeofwool.com\/da\/wp-json\/wp\/v2\/product\/217709\/revisions\/226687"}],"wp:featuredmedia":[{"embeddable":true,"href":"https:\/\/homeofwool.com\/da\/wp-json\/wp\/v2\/media\/219290"}],"wp:attachment":[{"href":"https:\/\/homeofwool.com\/da\/wp-json\/wp\/v2\/media?parent=217709"}],"wp:term":[{"taxonomy":"product_brand","embeddable":true,"href":"https:\/\/homeofwool.com\/da\/wp-json\/wp\/v2\/product_brand?post=217709"},{"taxonomy":"product_cat","embeddable":true,"href":"https:\/\/homeofwool.com\/da\/wp-json\/wp\/v2\/product_cat?post=217709"},{"taxonomy":"product_tag","embeddable":true,"href":"https:\/\/homeofwool.com\/da\/wp-json\/wp\/v2\/product_tag?post=217709"}],"curies":[{"name":"wp","href":"https:\/\/api.w.org\/{rel}","templated":true}]}}