{"id":217693,"date":"2025-09-02T12:02:14","date_gmt":"2025-09-02T12:02:14","guid":{"rendered":"https:\/\/homeofwool.com\/?post_type=product&#038;p=217693"},"modified":"2026-02-11T09:03:52","modified_gmt":"2026-02-11T09:03:52","slug":"haengekojehynde-med-aftageligt-betraek","status":"publish","type":"product","link":"https:\/\/homeofwool.com\/da\/shop\/hammock-cushion-removable-cover\/","title":{"rendered":"H\u00e6ngek\u00f8jepude i uld med aftageligt betr\u00e6k"},"content":{"rendered":"<p>Vores ergonomiske h\u00e6ngek\u00f8jehynde er designet til dem, der v\u00e6rds\u00e6tter b\u00e5de komfort og bevidst levevis. Den er fyldt med uld og giver en bl\u00f8d st\u00f8tte. Den optimale kropsholdning g\u00f8r det muligt ikke kun at tage en lur, men ogs\u00e5 at sove dybt under \u00e5ben himmel. Da den er fri for giftstoffer, er den ogs\u00e5 et godt valg for personer med f\u00f8lsom hud. Og n\u00e5r det f\u00f8les som om det ikke kan blive bedre, vil du s\u00e6tte pris p\u00e5, at den er fremstillet udelukkende af b\u00e6redygtige og biologisk nedbrydelige materialer.<\/p>\n<p>Uld tilpasser sig din krop og klimaet omkring dig og skaber en temperaturregulerende pude, der f\u00f8les helt rigtig i alle \u00e5rstider. I mods\u00e6tning til skumpuder, der holder p\u00e5 varmen, forbliver denne pude frisk. Glem alt om svedige middagslure midt p\u00e5 sommeren. Denne h\u00e6ngek\u00f8je-pude f\u00f8les k\u00f8lig, selv n\u00e5r middagssolen bager ned.<\/p>\n<p>Puden er h\u00e5ndtuftet med omhu og afsluttet med et vaskbart betr\u00e6k med lynl\u00e5s, s\u00e5 du kan nyde problemfri vedligeholdelse.<\/p>\n<p>Uanset om den bruges som en naturlig fiberpude til din h\u00e6ngek\u00f8je eller som en liggepude indend\u00f8rs, giver den en komfort, der f\u00f8les b\u00e5de jordn\u00e6r og luksuri\u00f8s. Og n\u00e5r du lukker \u00f8jnene for at hvile, inviterer den dig til at slappe af og forvandler en almindelig eftermiddag til et \u00f8jeblik, der f\u00f8les som en caribisk ferie i din egen baghave.<\/p>","protected":false},"excerpt":{"rendered":"<p>Slap af i naturlig komfort med vores \u00e5ndbare h\u00e6ngek\u00f8jehynde, der er designet til at omfavne din krop og samtidig underst\u00f8tte en sund kropsholdning. Den er fyldt med ren uld og har et vaskbart betr\u00e6k med lynl\u00e5s, og giver b\u00e6redygtig luksus til dit udend\u00f8rs fristed eller indend\u00f8rs oase.<\/p>\n<div class=\"global-icon-set\">\n<div class=\"global-icon-set__items\">\n<div class=\"global-icon-set__item\">\n<div class=\"global-icon-set__image\">\n                                    <img decoding=\"async\" src=\"https:\/\/homeofwool.com\/wp-content\/uploads\/2025\/09\/handmade-icon-300x300.png\" alt=\"H\u00e5ndlavet ikon\" \/>\n                                <\/div>\n<div class=\"global-icon-set__title\">H\u00e5ndlavet<\/div>\n<\/p><\/div>\n<div class=\"global-icon-set__item\">\n<div class=\"global-icon-set__image\">\n                                    <img decoding=\"async\" src=\"https:\/\/homeofwool.com\/wp-content\/uploads\/2025\/09\/VOCs-min-300x300.png\" alt=\"Vocs gratis\" \/>\n                                <\/div>\n<div class=\"global-icon-set__title\">Fri for VOC'er<\/div>\n<\/p><\/div>\n<div class=\"global-icon-set__item\">\n<div class=\"global-icon-set__image\">\n                                    <img decoding=\"async\" src=\"https:\/\/homeofwool.com\/wp-content\/uploads\/2025\/09\/FR-min-300x300.png\" alt=\"Brandh\u00e6mmende ikon\" \/>\n                                <\/div>\n<div class=\"global-icon-set__title\">Flammeh\u00e6mmende<\/div>\n<\/p><\/div>\n<div class=\"global-icon-set__item\">\n<div class=\"global-icon-set__image\">\n                                    <img decoding=\"async\" src=\"https:\/\/homeofwool.com\/wp-content\/uploads\/2025\/09\/Hypoallergenic-min-300x300.png\" alt=\"Hypoallergenisk ikon\" \/>\n                                <\/div>\n<div class=\"global-icon-set__title\">Hypoallergenisk<\/div>\n<\/p><\/div>\n<div class=\"global-icon-set__item\">\n<div class=\"global-icon-set__image\">\n                                    <img decoding=\"async\" src=\"https:\/\/homeofwool.com\/wp-content\/uploads\/2025\/09\/free-of-synthetics-icon-300x300.png\" alt=\"fri for syntetiske stoffer ikon\" \/>\n                                <\/div>\n<div class=\"global-icon-set__title\">Fri for syntetiske stoffer<\/div>\n<\/p><\/div>\n<div class=\"global-icon-set__item\">\n<div class=\"global-icon-set__image\">\n                                    <img decoding=\"async\" src=\"https:\/\/homeofwool.com\/wp-content\/uploads\/2025\/09\/chemical-free-icon-300x300.png\" alt=\"ikon for kemikaliefrihed\" \/>\n                                <\/div>\n<div class=\"global-icon-set__title\">Fri for kemikalier<\/div>\n<\/p><\/div>\n<div class=\"global-icon-set__item\">\n<div class=\"global-icon-set__image\">\n                                    <img decoding=\"async\" src=\"https:\/\/homeofwool.com\/wp-content\/uploads\/2025\/09\/anti-bacterial-icon-300x300.png\" alt=\"Antibakterielt ikon\" \/>\n                                <\/div>\n<div class=\"global-icon-set__title\">Anti-mikrobiel og anti-bakteriel<\/div>\n<\/p><\/div>\n<div class=\"global-icon-set__item\">\n<div class=\"global-icon-set__image\">\n                                    <img decoding=\"async\" src=\"https:\/\/homeofwool.com\/wp-content\/uploads\/2025\/09\/certified-materials-icon-300x300.png\" alt=\"ikon for certificerede materialer\" \/>\n                                <\/div>\n<div class=\"global-icon-set__title\">100% rene certificerede materialer<\/div>\n<\/p><\/div>\n<\/p><\/div>\n<\/p><\/div>","protected":false},"featured_media":219307,"template":"","meta":{"_acf_changed":false},"product_brand":[],"product_cat":[30,1342],"product_tag":[747,748,749,750,751,752,149,753],"class_list":{"0":"post-217693","1":"product","2":"type-product","3":"status-publish","4":"has-post-thumbnail","6":"product_cat-cushions","7":"product_cat-garden","8":"product_tag-backyard-decor","9":"product_tag-handmade-hammock","10":"product_tag-luxury-hammock","11":"product_tag-macrame-hammock","12":"product_tag-outdoor-hammock","13":"product_tag-porch-swing","14":"product_tag-steps","15":"product_tag-swinging-hammocks","17":"first","18":"instock","19":"shipping-taxable","20":"purchasable","21":"product-type-simple"},"acf":[],"yoast_head":"<!-- This site is optimized with the Yoast SEO Premium plugin v27.3 (Yoast SEO v27.3) - https:\/\/yoast.com\/product\/yoast-seo-premium-wordpress\/ -->\n<title>Hammock Cushion with Removable Cover | Home of Wool<\/title>\n<meta name=\"description\" content=\"Sustainable ergonomic hammock cushion, soft, washable, and body-adapting. Delivers toxin-free comfort and luxury for relaxing indoors or outdoors.\" \/>\n<meta name=\"robots\" content=\"index, follow, max-snippet:-1, max-image-preview:large, max-video-preview:-1\" \/>\n<link rel=\"canonical\" href=\"https:\/\/homeofwool.com\/da\/butik\/haengekojehynde-med-aftageligt-betraek\/\" \/>\n<meta property=\"og:locale\" content=\"da_DK\" \/>\n<meta property=\"og:type\" content=\"article\" \/>\n<meta property=\"og:title\" content=\"Wool Hammock Cushion with Removable Cover\" \/>\n<meta property=\"og:description\" content=\"Sustainable ergonomic hammock cushion, soft, washable, and body-adapting. Delivers toxin-free comfort and luxury for relaxing indoors or outdoors.\" \/>\n<meta property=\"og:url\" content=\"https:\/\/homeofwool.com\/da\/butik\/haengekojehynde-med-aftageligt-betraek\/\" \/>\n<meta property=\"og:site_name\" content=\"Home of Wool\" \/>\n<meta property=\"article:publisher\" content=\"https:\/\/facebook.com\/HomeOfWoolOfficial\" \/>\n<meta property=\"article:modified_time\" content=\"2026-02-11T09:03:52+00:00\" \/>\n<meta property=\"og:image\" content=\"https:\/\/homeofwool.com\/wp-content\/uploads\/2025\/09\/home-of-wool-wool-hammock-cushion-with-removable-cover-1-main.jpg\" \/>\n\t<meta property=\"og:image:width\" content=\"2000\" \/>\n\t<meta property=\"og:image:height\" content=\"1600\" \/>\n\t<meta property=\"og:image:type\" content=\"image\/jpeg\" \/>\n<meta name=\"twitter:card\" content=\"summary_large_image\" \/>\n<meta name=\"twitter:label1\" content=\"Estimeret l\u00e6setid\" \/>\n\t<meta name=\"twitter:data1\" content=\"2 minutter\" \/>\n<script type=\"application\/ld+json\" class=\"yoast-schema-graph\">{\"@context\":\"https:\\\/\\\/schema.org\",\"@graph\":[{\"@type\":\"WebPage\",\"@id\":\"https:\\\/\\\/homeofwool.com\\\/shop\\\/hammock-cushion-removable-cover\\\/\",\"url\":\"https:\\\/\\\/homeofwool.com\\\/shop\\\/hammock-cushion-removable-cover\\\/\",\"name\":\"Hammock Cushion with Removable Cover | Home of Wool\",\"isPartOf\":{\"@id\":\"https:\\\/\\\/homeofwool.com\\\/#website\"},\"primaryImageOfPage\":{\"@id\":\"https:\\\/\\\/homeofwool.com\\\/shop\\\/hammock-cushion-removable-cover\\\/#primaryimage\"},\"image\":{\"@id\":\"https:\\\/\\\/homeofwool.com\\\/shop\\\/hammock-cushion-removable-cover\\\/#primaryimage\"},\"thumbnailUrl\":\"https:\\\/\\\/homeofwool.com\\\/wp-content\\\/uploads\\\/2025\\\/09\\\/home-of-wool-wool-hammock-cushion-with-removable-cover-1-main.jpg\",\"datePublished\":\"2025-09-02T12:02:14+00:00\",\"dateModified\":\"2026-02-11T09:03:52+00:00\",\"description\":\"Sustainable ergonomic hammock cushion, soft, washable, and body-adapting. Delivers toxin-free comfort and luxury for relaxing indoors or outdoors.\",\"breadcrumb\":{\"@id\":\"https:\\\/\\\/homeofwool.com\\\/shop\\\/hammock-cushion-removable-cover\\\/#breadcrumb\"},\"inLanguage\":\"da-DK\",\"potentialAction\":[{\"@type\":\"ReadAction\",\"target\":[\"https:\\\/\\\/homeofwool.com\\\/shop\\\/hammock-cushion-removable-cover\\\/\"]}]},{\"@type\":\"ImageObject\",\"inLanguage\":\"da-DK\",\"@id\":\"https:\\\/\\\/homeofwool.com\\\/shop\\\/hammock-cushion-removable-cover\\\/#primaryimage\",\"url\":\"https:\\\/\\\/homeofwool.com\\\/wp-content\\\/uploads\\\/2025\\\/09\\\/home-of-wool-wool-hammock-cushion-with-removable-cover-1-main.jpg\",\"contentUrl\":\"https:\\\/\\\/homeofwool.com\\\/wp-content\\\/uploads\\\/2025\\\/09\\\/home-of-wool-wool-hammock-cushion-with-removable-cover-1-main.jpg\",\"width\":2000,\"height\":1600,\"caption\":\"wool hammock cushion with removable cover and a wool blanket in nature\"},{\"@type\":\"BreadcrumbList\",\"@id\":\"https:\\\/\\\/homeofwool.com\\\/shop\\\/hammock-cushion-removable-cover\\\/#breadcrumb\",\"itemListElement\":[{\"@type\":\"ListItem\",\"position\":1,\"name\":\"Home\",\"item\":\"https:\\\/\\\/homeofwool.com\\\/\"},{\"@type\":\"ListItem\",\"position\":2,\"name\":\"Products\",\"item\":\"https:\\\/\\\/homeofwool.com\\\/header-search-2\\\/\"},{\"@type\":\"ListItem\",\"position\":3,\"name\":\"Wool Hammock Cushion with Removable Cover\"}]},{\"@type\":\"WebSite\",\"@id\":\"https:\\\/\\\/homeofwool.com\\\/#website\",\"url\":\"https:\\\/\\\/homeofwool.com\\\/\",\"name\":\"Home of Wool\",\"description\":\"\",\"publisher\":{\"@id\":\"https:\\\/\\\/homeofwool.com\\\/#organization\"},\"potentialAction\":[{\"@type\":\"SearchAction\",\"target\":{\"@type\":\"EntryPoint\",\"urlTemplate\":\"https:\\\/\\\/homeofwool.com\\\/?s={search_term_string}\"},\"query-input\":{\"@type\":\"PropertyValueSpecification\",\"valueRequired\":true,\"valueName\":\"search_term_string\"}}],\"inLanguage\":\"da-DK\"},{\"@type\":\"Organization\",\"@id\":\"https:\\\/\\\/homeofwool.com\\\/#organization\",\"name\":\"Home of Wool\",\"url\":\"https:\\\/\\\/homeofwool.com\\\/\",\"logo\":{\"@type\":\"ImageObject\",\"inLanguage\":\"da-DK\",\"@id\":\"https:\\\/\\\/homeofwool.com\\\/#\\\/schema\\\/logo\\\/image\\\/\",\"url\":\"https:\\\/\\\/homeofwool.com\\\/wp-content\\\/uploads\\\/2025\\\/09\\\/WhatsApp-Image-2025-12-02-at-16.23.20.jpeg\",\"contentUrl\":\"https:\\\/\\\/homeofwool.com\\\/wp-content\\\/uploads\\\/2025\\\/09\\\/WhatsApp-Image-2025-12-02-at-16.23.20.jpeg\",\"width\":700,\"height\":247,\"caption\":\"Home of Wool\"},\"image\":{\"@id\":\"https:\\\/\\\/homeofwool.com\\\/#\\\/schema\\\/logo\\\/image\\\/\"},\"sameAs\":[\"https:\\\/\\\/facebook.com\\\/HomeOfWoolOfficial\"]}]}<\/script>\n<!-- \/ Yoast SEO Premium plugin. -->","yoast_head_json":{"title":"H\u00e6ngek\u00f8jehynde med aftageligt betr\u00e6k | Home of Wool","description":"B\u00e6redygtig ergonomisk h\u00e6ngek\u00f8jehynde, bl\u00f8d, vaskbar og kropsformet. Giver giftfri komfort og luksus til afslapning indend\u00f8rs eller udend\u00f8rs.","robots":{"index":"index","follow":"follow","max-snippet":"max-snippet:-1","max-image-preview":"max-image-preview:large","max-video-preview":"max-video-preview:-1"},"canonical":"https:\/\/homeofwool.com\/da\/butik\/haengekojehynde-med-aftageligt-betraek\/","og_locale":"da_DK","og_type":"article","og_title":"Wool Hammock Cushion with Removable Cover","og_description":"Sustainable ergonomic hammock cushion, soft, washable, and body-adapting. Delivers toxin-free comfort and luxury for relaxing indoors or outdoors.","og_url":"https:\/\/homeofwool.com\/da\/butik\/haengekojehynde-med-aftageligt-betraek\/","og_site_name":"Home of Wool","article_publisher":"https:\/\/facebook.com\/HomeOfWoolOfficial","article_modified_time":"2026-02-11T09:03:52+00:00","og_image":[{"width":2000,"height":1600,"url":"https:\/\/homeofwool.com\/wp-content\/uploads\/2025\/09\/home-of-wool-wool-hammock-cushion-with-removable-cover-1-main.jpg","type":"image\/jpeg"}],"twitter_card":"summary_large_image","twitter_misc":{"Estimeret l\u00e6setid":"2 minutter"},"schema":{"@context":"https:\/\/schema.org","@graph":[{"@type":"WebPage","@id":"https:\/\/homeofwool.com\/shop\/hammock-cushion-removable-cover\/","url":"https:\/\/homeofwool.com\/shop\/hammock-cushion-removable-cover\/","name":"H\u00e6ngek\u00f8jehynde med aftageligt betr\u00e6k | Home of Wool","isPartOf":{"@id":"https:\/\/homeofwool.com\/#website"},"primaryImageOfPage":{"@id":"https:\/\/homeofwool.com\/shop\/hammock-cushion-removable-cover\/#primaryimage"},"image":{"@id":"https:\/\/homeofwool.com\/shop\/hammock-cushion-removable-cover\/#primaryimage"},"thumbnailUrl":"https:\/\/homeofwool.com\/wp-content\/uploads\/2025\/09\/home-of-wool-wool-hammock-cushion-with-removable-cover-1-main.jpg","datePublished":"2025-09-02T12:02:14+00:00","dateModified":"2026-02-11T09:03:52+00:00","description":"B\u00e6redygtig ergonomisk h\u00e6ngek\u00f8jehynde, bl\u00f8d, vaskbar og kropsformet. Giver giftfri komfort og luksus til afslapning indend\u00f8rs eller udend\u00f8rs.","breadcrumb":{"@id":"https:\/\/homeofwool.com\/shop\/hammock-cushion-removable-cover\/#breadcrumb"},"inLanguage":"da-DK","potentialAction":[{"@type":"ReadAction","target":["https:\/\/homeofwool.com\/shop\/hammock-cushion-removable-cover\/"]}]},{"@type":"ImageObject","inLanguage":"da-DK","@id":"https:\/\/homeofwool.com\/shop\/hammock-cushion-removable-cover\/#primaryimage","url":"https:\/\/homeofwool.com\/wp-content\/uploads\/2025\/09\/home-of-wool-wool-hammock-cushion-with-removable-cover-1-main.jpg","contentUrl":"https:\/\/homeofwool.com\/wp-content\/uploads\/2025\/09\/home-of-wool-wool-hammock-cushion-with-removable-cover-1-main.jpg","width":2000,"height":1600,"caption":"wool hammock cushion with removable cover and a wool blanket in nature"},{"@type":"BreadcrumbList","@id":"https:\/\/homeofwool.com\/shop\/hammock-cushion-removable-cover\/#breadcrumb","itemListElement":[{"@type":"ListItem","position":1,"name":"Home","item":"https:\/\/homeofwool.com\/"},{"@type":"ListItem","position":2,"name":"Products","item":"https:\/\/homeofwool.com\/header-search-2\/"},{"@type":"ListItem","position":3,"name":"Wool Hammock Cushion with Removable Cover"}]},{"@type":"WebSite","@id":"https:\/\/homeofwool.com\/#website","url":"https:\/\/homeofwool.com\/","name":"Hjemsted for uld","description":"","publisher":{"@id":"https:\/\/homeofwool.com\/#organization"},"potentialAction":[{"@type":"SearchAction","target":{"@type":"EntryPoint","urlTemplate":"https:\/\/homeofwool.com\/?s={search_term_string}"},"query-input":{"@type":"PropertyValueSpecification","valueRequired":true,"valueName":"search_term_string"}}],"inLanguage":"da-DK"},{"@type":"Organization","@id":"https:\/\/homeofwool.com\/#organization","name":"Hjemsted for uld","url":"https:\/\/homeofwool.com\/","logo":{"@type":"ImageObject","inLanguage":"da-DK","@id":"https:\/\/homeofwool.com\/#\/schema\/logo\/image\/","url":"https:\/\/homeofwool.com\/wp-content\/uploads\/2025\/09\/WhatsApp-Image-2025-12-02-at-16.23.20.jpeg","contentUrl":"https:\/\/homeofwool.com\/wp-content\/uploads\/2025\/09\/WhatsApp-Image-2025-12-02-at-16.23.20.jpeg","width":700,"height":247,"caption":"Home of Wool"},"image":{"@id":"https:\/\/homeofwool.com\/#\/schema\/logo\/image\/"},"sameAs":["https:\/\/facebook.com\/HomeOfWoolOfficial"]}]}},"_links":{"self":[{"href":"https:\/\/homeofwool.com\/da\/wp-json\/wp\/v2\/product\/217693","targetHints":{"allow":["GET"]}}],"collection":[{"href":"https:\/\/homeofwool.com\/da\/wp-json\/wp\/v2\/product"}],"about":[{"href":"https:\/\/homeofwool.com\/da\/wp-json\/wp\/v2\/types\/product"}],"version-history":[{"count":2,"href":"https:\/\/homeofwool.com\/da\/wp-json\/wp\/v2\/product\/217693\/revisions"}],"predecessor-version":[{"id":226683,"href":"https:\/\/homeofwool.com\/da\/wp-json\/wp\/v2\/product\/217693\/revisions\/226683"}],"wp:featuredmedia":[{"embeddable":true,"href":"https:\/\/homeofwool.com\/da\/wp-json\/wp\/v2\/media\/219307"}],"wp:attachment":[{"href":"https:\/\/homeofwool.com\/da\/wp-json\/wp\/v2\/media?parent=217693"}],"wp:term":[{"taxonomy":"product_brand","embeddable":true,"href":"https:\/\/homeofwool.com\/da\/wp-json\/wp\/v2\/product_brand?post=217693"},{"taxonomy":"product_cat","embeddable":true,"href":"https:\/\/homeofwool.com\/da\/wp-json\/wp\/v2\/product_cat?post=217693"},{"taxonomy":"product_tag","embeddable":true,"href":"https:\/\/homeofwool.com\/da\/wp-json\/wp\/v2\/product_tag?post=217693"}],"curies":[{"name":"wp","href":"https:\/\/api.w.org\/{rel}","templated":true}]}}