{"id":217636,"date":"2025-09-02T12:01:59","date_gmt":"2025-09-02T12:01:59","guid":{"rendered":"https:\/\/homeofwool.com\/?post_type=product&#038;p=217636"},"modified":"2026-02-11T10:11:46","modified_gmt":"2026-02-11T10:11:46","slug":"halvmane-zafu","status":"publish","type":"product","link":"https:\/\/homeofwool.com\/da\/shop\/half-moon-zafu\/","title":{"rendered":"Halvm\u00e5ne uld Zafu"},"content":{"rendered":"<p>Denne Half Moon Wool Zafu er formet, s\u00e5 den f\u00f8lger kroppens kurver, og giver dermed bedre st\u00f8tte til hofter, l\u00e5r og l\u00e6ndehvirvels\u00f8jlen under meditation.<\/p>\n<p>Kun ren uld indeni. Vi har pakket den ind i slidst\u00e6rke naturlige stoffer, s\u00e5 meditationspuden ikke kun er behagelig, men ogs\u00e5 allergivenlig og helt fri for giftstoffer. Denne naturlige zafu fungerer meget bedre end syntetiske alternativer og holder dig komfortabel, t\u00f8r og k\u00f8lig under hele \u00f8velsen.<\/p>\n<p>Hver zafu-meditationspude er lavet p\u00e5 bestilling, s\u00e5 du kan personligg\u00f8re den. Du kan v\u00e6lge mellem vores udvalg af naturlige stoffer, tilpasse st\u00f8rrelsen, beslutte dig for finishdetaljerne og endda tilf\u00f8je broderi for at skabe den perfekte meditationspude. Denne meditationspude er designet med b\u00e5de form og funktion for \u00f8je og leveres med et aftageligt, vaskbart betr\u00e6k for nem vedligeholdelse.<\/p>\n<p>Uanset om du lige er begyndt eller \u00f8nsker at uddybe din praksis, forener denne halvm\u00e5neformede uldzafu tidl\u00f8st h\u00e5ndv\u00e6rk og rene materialer.<\/p>\n<p><strong>St\u00f8rrelse<\/strong>: 32 cm x 28 cm x h\u00f8jde: 5\u20139 cm<\/p>","protected":false},"excerpt":{"rendered":"<p>Home of Wool halvm\u00e5ne-zafu er her for at give dig stabil st\u00f8tte under siddende \u00f8velser og ritualer. Med naturlig uld indeni og \u00e5ndbart stof udenp\u00e5 hj\u00e6lper denne meditationspude med at rette din rygs\u00f8jle og \u00e5bne dine hofter. Den holder dig p\u00e5 jorden uden trykpunkter. En enkel og giftfri m\u00e5de at st\u00f8tte en sundere praksis p\u00e5.<\/p>\n<div class=\"global-icon-set\">\n<div class=\"global-icon-set__items\">\n<div class=\"global-icon-set__item\">\n<div class=\"global-icon-set__image\">\n                                    <img decoding=\"async\" src=\"https:\/\/homeofwool.com\/wp-content\/uploads\/2025\/09\/handmade-icon-300x300.png\" alt=\"H\u00e5ndlavet ikon\" \/>\n                                <\/div>\n<div class=\"global-icon-set__title\">H\u00e5ndlavet<\/div>\n<\/p><\/div>\n<div class=\"global-icon-set__item\">\n<div class=\"global-icon-set__image\">\n                                    <img decoding=\"async\" src=\"https:\/\/homeofwool.com\/wp-content\/uploads\/2025\/09\/VOCs-min-300x300.png\" alt=\"Vocs gratis\" \/>\n                                <\/div>\n<div class=\"global-icon-set__title\">Fri for VOC'er<\/div>\n<\/p><\/div>\n<div class=\"global-icon-set__item\">\n<div class=\"global-icon-set__image\">\n                                    <img decoding=\"async\" src=\"https:\/\/homeofwool.com\/wp-content\/uploads\/2025\/09\/FR-min-300x300.png\" alt=\"Brandh\u00e6mmende ikon\" \/>\n                                <\/div>\n<div class=\"global-icon-set__title\">Flammeh\u00e6mmende<\/div>\n<\/p><\/div>\n<div class=\"global-icon-set__item\">\n<div class=\"global-icon-set__image\">\n                                    <img decoding=\"async\" src=\"https:\/\/homeofwool.com\/wp-content\/uploads\/2025\/09\/Hypoallergenic-min-300x300.png\" alt=\"Hypoallergenisk ikon\" \/>\n                                <\/div>\n<div class=\"global-icon-set__title\">Hypoallergenisk<\/div>\n<\/p><\/div>\n<div class=\"global-icon-set__item\">\n<div class=\"global-icon-set__image\">\n                                    <img decoding=\"async\" src=\"https:\/\/homeofwool.com\/wp-content\/uploads\/2025\/09\/free-of-synthetics-icon-300x300.png\" alt=\"fri for syntetiske stoffer ikon\" \/>\n                                <\/div>\n<div class=\"global-icon-set__title\">Fri for syntetiske stoffer<\/div>\n<\/p><\/div>\n<div class=\"global-icon-set__item\">\n<div class=\"global-icon-set__image\">\n                                    <img decoding=\"async\" src=\"https:\/\/homeofwool.com\/wp-content\/uploads\/2025\/09\/chemical-free-icon-300x300.png\" alt=\"ikon for kemikaliefrihed\" \/>\n                                <\/div>\n<div class=\"global-icon-set__title\">Fri for kemikalier<\/div>\n<\/p><\/div>\n<div class=\"global-icon-set__item\">\n<div class=\"global-icon-set__image\">\n                                    <img decoding=\"async\" src=\"https:\/\/homeofwool.com\/wp-content\/uploads\/2025\/09\/certified-materials-icon-300x300.png\" alt=\"ikon for certificerede materialer\" \/>\n                                <\/div>\n<div class=\"global-icon-set__title\">100% rene certificerede materialer<\/div>\n<\/p><\/div>\n<\/p><\/div>\n<\/p><\/div>","protected":false},"featured_media":219688,"template":"","meta":{"_acf_changed":false},"product_brand":[],"product_cat":[302],"product_tag":[303,304,305,306,149,307,308,313,314],"class_list":{"0":"post-217636","1":"product","2":"type-product","3":"status-publish","4":"has-post-thumbnail","6":"product_cat-yoga-and-exercise","7":"product_tag-buddhist-meditation-pillow","8":"product_tag-meditation-cushion-set","9":"product_tag-meditation-floor-pillows","10":"product_tag-meditation-pillow","11":"product_tag-steps","12":"product_tag-yoga-seat-cushion","13":"product_tag-yogi","14":"product_tag-zafu-cushion","15":"product_tag-zen-meditation-cushion","17":"first","18":"instock","19":"shipping-taxable","20":"purchasable","21":"product-type-simple"},"acf":[],"yoast_head":"<!-- This site is optimized with the Yoast SEO Premium plugin v27.3 (Yoast SEO v27.3) - https:\/\/yoast.com\/product\/yoast-seo-premium-wordpress\/ -->\n<title>Half Moon Zafu \u2013 Custom Meditation Cushion | Home of Wool<\/title>\n<meta name=\"description\" content=\"Breathable and supportive, the Half Moon Zafu meditation cushion is crafted with organic wool. Hypoallergenic and toxin-free, it ensures safe, natural comfort for mindful practice.\" \/>\n<meta name=\"robots\" content=\"index, follow, max-snippet:-1, max-image-preview:large, max-video-preview:-1\" \/>\n<link rel=\"canonical\" href=\"https:\/\/homeofwool.com\/da\/butik\/halvmane-zafu\/\" \/>\n<meta property=\"og:locale\" content=\"da_DK\" \/>\n<meta property=\"og:type\" content=\"article\" \/>\n<meta property=\"og:title\" content=\"Half Moon Wool Zafu\" \/>\n<meta property=\"og:description\" content=\"Breathable and supportive, the Half Moon Zafu meditation cushion is crafted with organic wool. Hypoallergenic and toxin-free, it ensures safe, natural comfort for mindful practice.\" \/>\n<meta property=\"og:url\" content=\"https:\/\/homeofwool.com\/da\/butik\/halvmane-zafu\/\" \/>\n<meta property=\"og:site_name\" content=\"Home of Wool\" \/>\n<meta property=\"article:publisher\" content=\"https:\/\/facebook.com\/HomeOfWoolOfficial\" \/>\n<meta property=\"article:modified_time\" content=\"2026-02-11T10:11:46+00:00\" \/>\n<meta property=\"og:image\" content=\"https:\/\/homeofwool.com\/wp-content\/uploads\/2025\/09\/home-of-wool-half-moon-wool-zafu-1-main-1.jpg\" \/>\n\t<meta property=\"og:image:width\" content=\"2000\" \/>\n\t<meta property=\"og:image:height\" content=\"1600\" \/>\n\t<meta property=\"og:image:type\" content=\"image\/jpeg\" \/>\n<meta name=\"twitter:card\" content=\"summary_large_image\" \/>\n<meta name=\"twitter:label1\" content=\"Estimeret l\u00e6setid\" \/>\n\t<meta name=\"twitter:data1\" content=\"1 minut\" \/>\n<script type=\"application\/ld+json\" class=\"yoast-schema-graph\">{\"@context\":\"https:\\\/\\\/schema.org\",\"@graph\":[{\"@type\":\"WebPage\",\"@id\":\"https:\\\/\\\/homeofwool.com\\\/shop\\\/half-moon-zafu\\\/\",\"url\":\"https:\\\/\\\/homeofwool.com\\\/shop\\\/half-moon-zafu\\\/\",\"name\":\"Half Moon Zafu \u2013 Custom Meditation Cushion | Home of Wool\",\"isPartOf\":{\"@id\":\"https:\\\/\\\/homeofwool.com\\\/#website\"},\"primaryImageOfPage\":{\"@id\":\"https:\\\/\\\/homeofwool.com\\\/shop\\\/half-moon-zafu\\\/#primaryimage\"},\"image\":{\"@id\":\"https:\\\/\\\/homeofwool.com\\\/shop\\\/half-moon-zafu\\\/#primaryimage\"},\"thumbnailUrl\":\"https:\\\/\\\/homeofwool.com\\\/wp-content\\\/uploads\\\/2025\\\/09\\\/home-of-wool-half-moon-wool-zafu-1-main-1.jpg\",\"datePublished\":\"2025-09-02T12:01:59+00:00\",\"dateModified\":\"2026-02-11T10:11:46+00:00\",\"description\":\"Breathable and supportive, the Half Moon Zafu meditation cushion is crafted with organic wool. Hypoallergenic and toxin-free, it ensures safe, natural comfort for mindful practice.\",\"breadcrumb\":{\"@id\":\"https:\\\/\\\/homeofwool.com\\\/shop\\\/half-moon-zafu\\\/#breadcrumb\"},\"inLanguage\":\"da-DK\",\"potentialAction\":[{\"@type\":\"ReadAction\",\"target\":[\"https:\\\/\\\/homeofwool.com\\\/shop\\\/half-moon-zafu\\\/\"]}]},{\"@type\":\"ImageObject\",\"inLanguage\":\"da-DK\",\"@id\":\"https:\\\/\\\/homeofwool.com\\\/shop\\\/half-moon-zafu\\\/#primaryimage\",\"url\":\"https:\\\/\\\/homeofwool.com\\\/wp-content\\\/uploads\\\/2025\\\/09\\\/home-of-wool-half-moon-wool-zafu-1-main-1.jpg\",\"contentUrl\":\"https:\\\/\\\/homeofwool.com\\\/wp-content\\\/uploads\\\/2025\\\/09\\\/home-of-wool-half-moon-wool-zafu-1-main-1.jpg\",\"width\":2000,\"height\":1600,\"caption\":\"Half Moon Wool Zafu\"},{\"@type\":\"BreadcrumbList\",\"@id\":\"https:\\\/\\\/homeofwool.com\\\/shop\\\/half-moon-zafu\\\/#breadcrumb\",\"itemListElement\":[{\"@type\":\"ListItem\",\"position\":1,\"name\":\"Home\",\"item\":\"https:\\\/\\\/homeofwool.com\\\/\"},{\"@type\":\"ListItem\",\"position\":2,\"name\":\"Products\",\"item\":\"https:\\\/\\\/homeofwool.com\\\/header-search-2\\\/\"},{\"@type\":\"ListItem\",\"position\":3,\"name\":\"Half Moon Wool Zafu\"}]},{\"@type\":\"WebSite\",\"@id\":\"https:\\\/\\\/homeofwool.com\\\/#website\",\"url\":\"https:\\\/\\\/homeofwool.com\\\/\",\"name\":\"Home of Wool\",\"description\":\"\",\"publisher\":{\"@id\":\"https:\\\/\\\/homeofwool.com\\\/#organization\"},\"potentialAction\":[{\"@type\":\"SearchAction\",\"target\":{\"@type\":\"EntryPoint\",\"urlTemplate\":\"https:\\\/\\\/homeofwool.com\\\/?s={search_term_string}\"},\"query-input\":{\"@type\":\"PropertyValueSpecification\",\"valueRequired\":true,\"valueName\":\"search_term_string\"}}],\"inLanguage\":\"da-DK\"},{\"@type\":\"Organization\",\"@id\":\"https:\\\/\\\/homeofwool.com\\\/#organization\",\"name\":\"Home of Wool\",\"url\":\"https:\\\/\\\/homeofwool.com\\\/\",\"logo\":{\"@type\":\"ImageObject\",\"inLanguage\":\"da-DK\",\"@id\":\"https:\\\/\\\/homeofwool.com\\\/#\\\/schema\\\/logo\\\/image\\\/\",\"url\":\"https:\\\/\\\/homeofwool.com\\\/wp-content\\\/uploads\\\/2025\\\/09\\\/WhatsApp-Image-2025-12-02-at-16.23.20.jpeg\",\"contentUrl\":\"https:\\\/\\\/homeofwool.com\\\/wp-content\\\/uploads\\\/2025\\\/09\\\/WhatsApp-Image-2025-12-02-at-16.23.20.jpeg\",\"width\":700,\"height\":247,\"caption\":\"Home of Wool\"},\"image\":{\"@id\":\"https:\\\/\\\/homeofwool.com\\\/#\\\/schema\\\/logo\\\/image\\\/\"},\"sameAs\":[\"https:\\\/\\\/facebook.com\\\/HomeOfWoolOfficial\"]}]}<\/script>\n<!-- \/ Yoast SEO Premium plugin. -->","yoast_head_json":{"title":"Half Moon Zafu \u2013 Specialfremstillet meditationspude | Home of Wool","description":"Half Moon Zafu-meditationspuden er \u00e5ndbar og st\u00f8ttende og er fremstillet af \u00f8kologisk uld. Den er allergivenlig og fri for giftstoffer og sikrer sikker, naturlig komfort til mindfulness-\u00f8velser.","robots":{"index":"index","follow":"follow","max-snippet":"max-snippet:-1","max-image-preview":"max-image-preview:large","max-video-preview":"max-video-preview:-1"},"canonical":"https:\/\/homeofwool.com\/da\/butik\/halvmane-zafu\/","og_locale":"da_DK","og_type":"article","og_title":"Half Moon Wool Zafu","og_description":"Breathable and supportive, the Half Moon Zafu meditation cushion is crafted with organic wool. Hypoallergenic and toxin-free, it ensures safe, natural comfort for mindful practice.","og_url":"https:\/\/homeofwool.com\/da\/butik\/halvmane-zafu\/","og_site_name":"Home of Wool","article_publisher":"https:\/\/facebook.com\/HomeOfWoolOfficial","article_modified_time":"2026-02-11T10:11:46+00:00","og_image":[{"width":2000,"height":1600,"url":"https:\/\/homeofwool.com\/wp-content\/uploads\/2025\/09\/home-of-wool-half-moon-wool-zafu-1-main-1.jpg","type":"image\/jpeg"}],"twitter_card":"summary_large_image","twitter_misc":{"Estimeret l\u00e6setid":"1 minut"},"schema":{"@context":"https:\/\/schema.org","@graph":[{"@type":"WebPage","@id":"https:\/\/homeofwool.com\/shop\/half-moon-zafu\/","url":"https:\/\/homeofwool.com\/shop\/half-moon-zafu\/","name":"Half Moon Zafu \u2013 Specialfremstillet meditationspude | Home of Wool","isPartOf":{"@id":"https:\/\/homeofwool.com\/#website"},"primaryImageOfPage":{"@id":"https:\/\/homeofwool.com\/shop\/half-moon-zafu\/#primaryimage"},"image":{"@id":"https:\/\/homeofwool.com\/shop\/half-moon-zafu\/#primaryimage"},"thumbnailUrl":"https:\/\/homeofwool.com\/wp-content\/uploads\/2025\/09\/home-of-wool-half-moon-wool-zafu-1-main-1.jpg","datePublished":"2025-09-02T12:01:59+00:00","dateModified":"2026-02-11T10:11:46+00:00","description":"Half Moon Zafu-meditationspuden er \u00e5ndbar og st\u00f8ttende og er fremstillet af \u00f8kologisk uld. Den er allergivenlig og fri for giftstoffer og sikrer sikker, naturlig komfort til mindfulness-\u00f8velser.","breadcrumb":{"@id":"https:\/\/homeofwool.com\/shop\/half-moon-zafu\/#breadcrumb"},"inLanguage":"da-DK","potentialAction":[{"@type":"ReadAction","target":["https:\/\/homeofwool.com\/shop\/half-moon-zafu\/"]}]},{"@type":"ImageObject","inLanguage":"da-DK","@id":"https:\/\/homeofwool.com\/shop\/half-moon-zafu\/#primaryimage","url":"https:\/\/homeofwool.com\/wp-content\/uploads\/2025\/09\/home-of-wool-half-moon-wool-zafu-1-main-1.jpg","contentUrl":"https:\/\/homeofwool.com\/wp-content\/uploads\/2025\/09\/home-of-wool-half-moon-wool-zafu-1-main-1.jpg","width":2000,"height":1600,"caption":"Half Moon Wool Zafu"},{"@type":"BreadcrumbList","@id":"https:\/\/homeofwool.com\/shop\/half-moon-zafu\/#breadcrumb","itemListElement":[{"@type":"ListItem","position":1,"name":"Home","item":"https:\/\/homeofwool.com\/"},{"@type":"ListItem","position":2,"name":"Products","item":"https:\/\/homeofwool.com\/header-search-2\/"},{"@type":"ListItem","position":3,"name":"Half Moon Wool Zafu"}]},{"@type":"WebSite","@id":"https:\/\/homeofwool.com\/#website","url":"https:\/\/homeofwool.com\/","name":"Hjemsted for uld","description":"","publisher":{"@id":"https:\/\/homeofwool.com\/#organization"},"potentialAction":[{"@type":"SearchAction","target":{"@type":"EntryPoint","urlTemplate":"https:\/\/homeofwool.com\/?s={search_term_string}"},"query-input":{"@type":"PropertyValueSpecification","valueRequired":true,"valueName":"search_term_string"}}],"inLanguage":"da-DK"},{"@type":"Organization","@id":"https:\/\/homeofwool.com\/#organization","name":"Hjemsted for uld","url":"https:\/\/homeofwool.com\/","logo":{"@type":"ImageObject","inLanguage":"da-DK","@id":"https:\/\/homeofwool.com\/#\/schema\/logo\/image\/","url":"https:\/\/homeofwool.com\/wp-content\/uploads\/2025\/09\/WhatsApp-Image-2025-12-02-at-16.23.20.jpeg","contentUrl":"https:\/\/homeofwool.com\/wp-content\/uploads\/2025\/09\/WhatsApp-Image-2025-12-02-at-16.23.20.jpeg","width":700,"height":247,"caption":"Home of Wool"},"image":{"@id":"https:\/\/homeofwool.com\/#\/schema\/logo\/image\/"},"sameAs":["https:\/\/facebook.com\/HomeOfWoolOfficial"]}]}},"_links":{"self":[{"href":"https:\/\/homeofwool.com\/da\/wp-json\/wp\/v2\/product\/217636","targetHints":{"allow":["GET"]}}],"collection":[{"href":"https:\/\/homeofwool.com\/da\/wp-json\/wp\/v2\/product"}],"about":[{"href":"https:\/\/homeofwool.com\/da\/wp-json\/wp\/v2\/types\/product"}],"version-history":[{"count":2,"href":"https:\/\/homeofwool.com\/da\/wp-json\/wp\/v2\/product\/217636\/revisions"}],"predecessor-version":[{"id":226704,"href":"https:\/\/homeofwool.com\/da\/wp-json\/wp\/v2\/product\/217636\/revisions\/226704"}],"wp:featuredmedia":[{"embeddable":true,"href":"https:\/\/homeofwool.com\/da\/wp-json\/wp\/v2\/media\/219688"}],"wp:attachment":[{"href":"https:\/\/homeofwool.com\/da\/wp-json\/wp\/v2\/media?parent=217636"}],"wp:term":[{"taxonomy":"product_brand","embeddable":true,"href":"https:\/\/homeofwool.com\/da\/wp-json\/wp\/v2\/product_brand?post=217636"},{"taxonomy":"product_cat","embeddable":true,"href":"https:\/\/homeofwool.com\/da\/wp-json\/wp\/v2\/product_cat?post=217636"},{"taxonomy":"product_tag","embeddable":true,"href":"https:\/\/homeofwool.com\/da\/wp-json\/wp\/v2\/product_tag?post=217636"}],"curies":[{"name":"wp","href":"https:\/\/api.w.org\/{rel}","templated":true}]}}