{"id":217617,"date":"2025-09-02T12:01:44","date_gmt":"2025-09-02T12:01:44","guid":{"rendered":"https:\/\/homeofwool.com\/?post_type=product&#038;p=217617"},"modified":"2026-02-11T10:47:50","modified_gmt":"2026-02-11T10:47:50","slug":"hundemadras","status":"publish","type":"product","link":"https:\/\/homeofwool.com\/da\/shop\/dog-mattress\/","title":{"rendered":"Uldhundemadras"},"content":{"rendered":"<p>Den \u00f8kologiske uldhundemadras, som din firbenede ven vil blive forelsket i. Denne naturlige hundeseng er naturligt \u00e5ndbar, allergivenlig, giftfri og giver optimal st\u00f8tte. Den er fyldt med ren uld og fremstillet af slidst\u00e6rke premium-stoffer. Hunde f\u00f8ler sig godt tilpas med uldens naturlige duft. Derfor vil din hund ogs\u00e5 v\u00e6lge denne seng som sit yndlingssted i hjemmet.<\/p>\n<p>Denne helt naturlige hundemadras er h\u00e5ndlavet af ren \u00f8kologisk uld, der naturligt regulerer dit k\u00e6ledyrs temperatur \u00e5ret rundt. Det er rigtigt, dette er den perfekte k\u00f8le-madras til hunde. Uld modst\u00e5r naturligt bakterier, hvilket hj\u00e6lper med at forhindre lugt i at ophobes og holder sengen frisk.<\/p>\n<p>Denne hundepude med aftageligt betr\u00e6k er nem at vedligeholde og bygget til at holde. Den kan tilpasses fuldst\u00e6ndigt med et udvalg af forskellige premium-stoffer. Uanset om din hund er stor eller lille, giver denne madras den rette kombination af komfort og optimal st\u00f8tte.<\/p>","protected":false},"excerpt":{"rendered":"<p>Giv din firbenede ven den ultimative komfort med denne store hundeseng. En h\u00e5ndlavet hundemadras fremstillet af ren uld og naturlige materialer af h\u00f8j kvalitet. Den holder dit k\u00e6ledyr komfortabelt og hj\u00e6lper med at holde sengen ren og t\u00f8r. Med et aftageligt, vaskbart betr\u00e6k, et vand- og pletafvisende for og naturlig fyldning tilbyder denne hundepude langvarig friskhed, nem pleje og naturlig komfort, som din hund vil elske.<\/p>\n<div class=\"global-icon-set\">\n<div class=\"global-icon-set__items\">\n<div class=\"global-icon-set__item\">\n<div class=\"global-icon-set__image\">\n                                    <img decoding=\"async\" src=\"https:\/\/homeofwool.com\/wp-content\/uploads\/2025\/09\/handmade-icon-300x300.png\" alt=\"H\u00e5ndlavet ikon\" \/>\n                                <\/div>\n<div class=\"global-icon-set__title\">H\u00e5ndlavet<\/div>\n<\/p><\/div>\n<div class=\"global-icon-set__item\">\n<div class=\"global-icon-set__image\">\n                                    <img decoding=\"async\" src=\"https:\/\/homeofwool.com\/wp-content\/uploads\/2025\/09\/VOCs-min-300x300.png\" alt=\"Vocs gratis\" \/>\n                                <\/div>\n<div class=\"global-icon-set__title\">Fri for VOC'er<\/div>\n<\/p><\/div>\n<div class=\"global-icon-set__item\">\n<div class=\"global-icon-set__image\">\n                                    <img decoding=\"async\" src=\"https:\/\/homeofwool.com\/wp-content\/uploads\/2025\/09\/FR-min-300x300.png\" alt=\"Brandh\u00e6mmende ikon\" \/>\n                                <\/div>\n<div class=\"global-icon-set__title\">Flammeh\u00e6mmende<\/div>\n<\/p><\/div>\n<div class=\"global-icon-set__item\">\n<div class=\"global-icon-set__image\">\n                                    <img decoding=\"async\" src=\"https:\/\/homeofwool.com\/wp-content\/uploads\/2025\/09\/Hypoallergenic-min-300x300.png\" alt=\"Hypoallergenisk ikon\" \/>\n                                <\/div>\n<div class=\"global-icon-set__title\">Hypoallergenisk<\/div>\n<\/p><\/div>\n<div class=\"global-icon-set__item\">\n<div class=\"global-icon-set__image\">\n                                    <img decoding=\"async\" src=\"https:\/\/homeofwool.com\/wp-content\/uploads\/2025\/09\/free-of-synthetics-icon-300x300.png\" alt=\"fri for syntetiske stoffer ikon\" \/>\n                                <\/div>\n<div class=\"global-icon-set__title\">Fri for syntetiske stoffer<\/div>\n<\/p><\/div>\n<div class=\"global-icon-set__item\">\n<div class=\"global-icon-set__image\">\n                                    <img decoding=\"async\" src=\"https:\/\/homeofwool.com\/wp-content\/uploads\/2025\/09\/chemical-free-icon-300x300.png\" alt=\"ikon for kemikaliefrihed\" \/>\n                                <\/div>\n<div class=\"global-icon-set__title\">Fri for kemikalier<\/div>\n<\/p><\/div>\n<div class=\"global-icon-set__item\">\n<div class=\"global-icon-set__image\">\n                                    <img decoding=\"async\" src=\"https:\/\/homeofwool.com\/wp-content\/uploads\/2025\/09\/anti-bacterial-icon-300x300.png\" alt=\"Antibakterielt ikon\" \/>\n                                <\/div>\n<div class=\"global-icon-set__title\">Anti-mikrobiel og anti-bakteriel<\/div>\n<\/p><\/div>\n<div class=\"global-icon-set__item\">\n<div class=\"global-icon-set__image\">\n                                    <img decoding=\"async\" src=\"https:\/\/homeofwool.com\/wp-content\/uploads\/2025\/09\/certified-materials-icon-300x300.png\" alt=\"ikon for certificerede materialer\" \/>\n                                <\/div>\n<div class=\"global-icon-set__title\">100% rene certificerede materialer<\/div>\n<\/p><\/div>\n<\/p><\/div>\n<\/p><\/div>","protected":false},"featured_media":218624,"template":"","meta":{"_acf_changed":false},"product_brand":[],"product_cat":[154],"product_tag":[155,537,157,160,538,539,540,541,149],"class_list":{"0":"post-217617","1":"product","2":"type-product","3":"status-publish","4":"has-post-thumbnail","6":"product_cat-pet-beds","7":"product_tag-cat-bed","8":"product_tag-custom-pet-bed-cushion","9":"product_tag-dog-bed","10":"product_tag-organic-pet-bed","11":"product_tag-oval-pet-bed-cushion","12":"product_tag-pet-bed","13":"product_tag-pet-cushion","14":"product_tag-square-pet-bed-cushion","15":"product_tag-steps","17":"first","18":"instock","19":"shipping-taxable","20":"purchasable","21":"product-type-simple"},"acf":[],"yoast_head":"<!-- This site is optimized with the Yoast SEO Premium plugin v27.5 (Yoast SEO v27.5) - https:\/\/yoast.com\/product\/yoast-seo-premium-wordpress\/ -->\n<title>Dog Mattress \u2013 Large Dog Bed | Home of Wool<\/title>\n<meta name=\"description\" content=\"The Dog Mattress offers breathable wool filling for pets. Hypoallergenic and toxin-free, it provides supportive, sustainable, and natural comfort for large dogs and everyday rest.\" \/>\n<meta name=\"robots\" content=\"index, follow, max-snippet:-1, max-image-preview:large, max-video-preview:-1\" \/>\n<link rel=\"canonical\" href=\"https:\/\/homeofwool.com\/da\/butik\/hundemadras\/\" \/>\n<meta property=\"og:locale\" content=\"da_DK\" \/>\n<meta property=\"og:type\" content=\"article\" \/>\n<meta property=\"og:title\" content=\"Wool Dog Mattress\" \/>\n<meta property=\"og:description\" content=\"The Dog Mattress offers breathable wool filling for pets. Hypoallergenic and toxin-free, it provides supportive, sustainable, and natural comfort for large dogs and everyday rest.\" \/>\n<meta property=\"og:url\" content=\"https:\/\/homeofwool.com\/da\/butik\/hundemadras\/\" \/>\n<meta property=\"og:site_name\" content=\"Home of Wool\" \/>\n<meta property=\"article:publisher\" content=\"https:\/\/facebook.com\/HomeOfWoolOfficial\" \/>\n<meta property=\"article:modified_time\" content=\"2026-02-11T10:47:50+00:00\" \/>\n<meta property=\"og:image\" content=\"https:\/\/homeofwool.com\/wp-content\/uploads\/2025\/09\/home-of-wool-wool-dog-mattress-1-main.jpg\" \/>\n\t<meta property=\"og:image:width\" content=\"2400\" \/>\n\t<meta property=\"og:image:height\" content=\"1920\" \/>\n\t<meta property=\"og:image:type\" content=\"image\/jpeg\" \/>\n<meta name=\"twitter:card\" content=\"summary_large_image\" \/>\n<meta name=\"twitter:label1\" content=\"Estimeret l\u00e6setid\" \/>\n\t<meta name=\"twitter:data1\" content=\"1 minut\" \/>\n<script type=\"application\/ld+json\" class=\"yoast-schema-graph\">{\"@context\":\"https:\\\/\\\/schema.org\",\"@graph\":[{\"@type\":\"WebPage\",\"@id\":\"https:\\\/\\\/homeofwool.com\\\/shop\\\/dog-mattress\\\/\",\"url\":\"https:\\\/\\\/homeofwool.com\\\/shop\\\/dog-mattress\\\/\",\"name\":\"Dog Mattress \u2013 Large Dog Bed | Home of Wool\",\"isPartOf\":{\"@id\":\"https:\\\/\\\/homeofwool.com\\\/#website\"},\"primaryImageOfPage\":{\"@id\":\"https:\\\/\\\/homeofwool.com\\\/shop\\\/dog-mattress\\\/#primaryimage\"},\"image\":{\"@id\":\"https:\\\/\\\/homeofwool.com\\\/shop\\\/dog-mattress\\\/#primaryimage\"},\"thumbnailUrl\":\"https:\\\/\\\/homeofwool.com\\\/wp-content\\\/uploads\\\/2025\\\/09\\\/home-of-wool-wool-dog-mattress-1-main.jpg\",\"datePublished\":\"2025-09-02T12:01:44+00:00\",\"dateModified\":\"2026-02-11T10:47:50+00:00\",\"description\":\"The Dog Mattress offers breathable wool filling for pets. Hypoallergenic and toxin-free, it provides supportive, sustainable, and natural comfort for large dogs and everyday rest.\",\"breadcrumb\":{\"@id\":\"https:\\\/\\\/homeofwool.com\\\/shop\\\/dog-mattress\\\/#breadcrumb\"},\"inLanguage\":\"da-DK\",\"potentialAction\":[{\"@type\":\"ReadAction\",\"target\":[\"https:\\\/\\\/homeofwool.com\\\/shop\\\/dog-mattress\\\/\"]}]},{\"@type\":\"ImageObject\",\"inLanguage\":\"da-DK\",\"@id\":\"https:\\\/\\\/homeofwool.com\\\/shop\\\/dog-mattress\\\/#primaryimage\",\"url\":\"https:\\\/\\\/homeofwool.com\\\/wp-content\\\/uploads\\\/2025\\\/09\\\/home-of-wool-wool-dog-mattress-1-main.jpg\",\"contentUrl\":\"https:\\\/\\\/homeofwool.com\\\/wp-content\\\/uploads\\\/2025\\\/09\\\/home-of-wool-wool-dog-mattress-1-main.jpg\",\"width\":2400,\"height\":1920,\"caption\":\"big dog on a wool dog mattress\"},{\"@type\":\"BreadcrumbList\",\"@id\":\"https:\\\/\\\/homeofwool.com\\\/shop\\\/dog-mattress\\\/#breadcrumb\",\"itemListElement\":[{\"@type\":\"ListItem\",\"position\":1,\"name\":\"Home\",\"item\":\"https:\\\/\\\/homeofwool.com\\\/\"},{\"@type\":\"ListItem\",\"position\":2,\"name\":\"Products\",\"item\":\"https:\\\/\\\/homeofwool.com\\\/header-search-2\\\/\"},{\"@type\":\"ListItem\",\"position\":3,\"name\":\"Wool Dog Mattress\"}]},{\"@type\":\"WebSite\",\"@id\":\"https:\\\/\\\/homeofwool.com\\\/#website\",\"url\":\"https:\\\/\\\/homeofwool.com\\\/\",\"name\":\"Home of Wool\",\"description\":\"\",\"publisher\":{\"@id\":\"https:\\\/\\\/homeofwool.com\\\/#organization\"},\"potentialAction\":[{\"@type\":\"SearchAction\",\"target\":{\"@type\":\"EntryPoint\",\"urlTemplate\":\"https:\\\/\\\/homeofwool.com\\\/?s={search_term_string}\"},\"query-input\":{\"@type\":\"PropertyValueSpecification\",\"valueRequired\":true,\"valueName\":\"search_term_string\"}}],\"inLanguage\":\"da-DK\"},{\"@type\":\"Organization\",\"@id\":\"https:\\\/\\\/homeofwool.com\\\/#organization\",\"name\":\"Home of Wool\",\"url\":\"https:\\\/\\\/homeofwool.com\\\/\",\"logo\":{\"@type\":\"ImageObject\",\"inLanguage\":\"da-DK\",\"@id\":\"https:\\\/\\\/homeofwool.com\\\/#\\\/schema\\\/logo\\\/image\\\/\",\"url\":\"https:\\\/\\\/homeofwool.com\\\/wp-content\\\/uploads\\\/2025\\\/09\\\/WhatsApp-Image-2025-12-02-at-16.23.20.jpeg\",\"contentUrl\":\"https:\\\/\\\/homeofwool.com\\\/wp-content\\\/uploads\\\/2025\\\/09\\\/WhatsApp-Image-2025-12-02-at-16.23.20.jpeg\",\"width\":700,\"height\":247,\"caption\":\"Home of Wool\"},\"image\":{\"@id\":\"https:\\\/\\\/homeofwool.com\\\/#\\\/schema\\\/logo\\\/image\\\/\"},\"sameAs\":[\"https:\\\/\\\/facebook.com\\\/HomeOfWoolOfficial\"]}]}<\/script>\n<!-- \/ Yoast SEO Premium plugin. -->","yoast_head_json":{"title":"Hundemadras \u2013 Stor hundeseng | Home of Wool","description":"Dog Mattress tilbyder \u00e5ndbart uldfyld til k\u00e6ledyr. Den er allergivenlig og fri for giftstoffer og giver storhunde st\u00f8tte, b\u00e6redygtig og naturlig komfort til daglig hvile.","robots":{"index":"index","follow":"follow","max-snippet":"max-snippet:-1","max-image-preview":"max-image-preview:large","max-video-preview":"max-video-preview:-1"},"canonical":"https:\/\/homeofwool.com\/da\/butik\/hundemadras\/","og_locale":"da_DK","og_type":"article","og_title":"Wool Dog Mattress","og_description":"The Dog Mattress offers breathable wool filling for pets. Hypoallergenic and toxin-free, it provides supportive, sustainable, and natural comfort for large dogs and everyday rest.","og_url":"https:\/\/homeofwool.com\/da\/butik\/hundemadras\/","og_site_name":"Home of Wool","article_publisher":"https:\/\/facebook.com\/HomeOfWoolOfficial","article_modified_time":"2026-02-11T10:47:50+00:00","og_image":[{"width":2400,"height":1920,"url":"https:\/\/homeofwool.com\/wp-content\/uploads\/2025\/09\/home-of-wool-wool-dog-mattress-1-main.jpg","type":"image\/jpeg"}],"twitter_card":"summary_large_image","twitter_misc":{"Estimeret l\u00e6setid":"1 minut"},"schema":{"@context":"https:\/\/schema.org","@graph":[{"@type":"WebPage","@id":"https:\/\/homeofwool.com\/shop\/dog-mattress\/","url":"https:\/\/homeofwool.com\/shop\/dog-mattress\/","name":"Hundemadras \u2013 Stor hundeseng | Home of Wool","isPartOf":{"@id":"https:\/\/homeofwool.com\/#website"},"primaryImageOfPage":{"@id":"https:\/\/homeofwool.com\/shop\/dog-mattress\/#primaryimage"},"image":{"@id":"https:\/\/homeofwool.com\/shop\/dog-mattress\/#primaryimage"},"thumbnailUrl":"https:\/\/homeofwool.com\/wp-content\/uploads\/2025\/09\/home-of-wool-wool-dog-mattress-1-main.jpg","datePublished":"2025-09-02T12:01:44+00:00","dateModified":"2026-02-11T10:47:50+00:00","description":"Dog Mattress tilbyder \u00e5ndbart uldfyld til k\u00e6ledyr. Den er allergivenlig og fri for giftstoffer og giver storhunde st\u00f8tte, b\u00e6redygtig og naturlig komfort til daglig hvile.","breadcrumb":{"@id":"https:\/\/homeofwool.com\/shop\/dog-mattress\/#breadcrumb"},"inLanguage":"da-DK","potentialAction":[{"@type":"ReadAction","target":["https:\/\/homeofwool.com\/shop\/dog-mattress\/"]}]},{"@type":"ImageObject","inLanguage":"da-DK","@id":"https:\/\/homeofwool.com\/shop\/dog-mattress\/#primaryimage","url":"https:\/\/homeofwool.com\/wp-content\/uploads\/2025\/09\/home-of-wool-wool-dog-mattress-1-main.jpg","contentUrl":"https:\/\/homeofwool.com\/wp-content\/uploads\/2025\/09\/home-of-wool-wool-dog-mattress-1-main.jpg","width":2400,"height":1920,"caption":"big dog on a wool dog mattress"},{"@type":"BreadcrumbList","@id":"https:\/\/homeofwool.com\/shop\/dog-mattress\/#breadcrumb","itemListElement":[{"@type":"ListItem","position":1,"name":"Home","item":"https:\/\/homeofwool.com\/"},{"@type":"ListItem","position":2,"name":"Products","item":"https:\/\/homeofwool.com\/header-search-2\/"},{"@type":"ListItem","position":3,"name":"Wool Dog Mattress"}]},{"@type":"WebSite","@id":"https:\/\/homeofwool.com\/#website","url":"https:\/\/homeofwool.com\/","name":"Hjemsted for uld","description":"","publisher":{"@id":"https:\/\/homeofwool.com\/#organization"},"potentialAction":[{"@type":"SearchAction","target":{"@type":"EntryPoint","urlTemplate":"https:\/\/homeofwool.com\/?s={search_term_string}"},"query-input":{"@type":"PropertyValueSpecification","valueRequired":true,"valueName":"search_term_string"}}],"inLanguage":"da-DK"},{"@type":"Organization","@id":"https:\/\/homeofwool.com\/#organization","name":"Hjemsted for uld","url":"https:\/\/homeofwool.com\/","logo":{"@type":"ImageObject","inLanguage":"da-DK","@id":"https:\/\/homeofwool.com\/#\/schema\/logo\/image\/","url":"https:\/\/homeofwool.com\/wp-content\/uploads\/2025\/09\/WhatsApp-Image-2025-12-02-at-16.23.20.jpeg","contentUrl":"https:\/\/homeofwool.com\/wp-content\/uploads\/2025\/09\/WhatsApp-Image-2025-12-02-at-16.23.20.jpeg","width":700,"height":247,"caption":"Home of Wool"},"image":{"@id":"https:\/\/homeofwool.com\/#\/schema\/logo\/image\/"},"sameAs":["https:\/\/facebook.com\/HomeOfWoolOfficial"]}]}},"_links":{"self":[{"href":"https:\/\/homeofwool.com\/da\/wp-json\/wp\/v2\/product\/217617","targetHints":{"allow":["GET"]}}],"collection":[{"href":"https:\/\/homeofwool.com\/da\/wp-json\/wp\/v2\/product"}],"about":[{"href":"https:\/\/homeofwool.com\/da\/wp-json\/wp\/v2\/types\/product"}],"version-history":[{"count":1,"href":"https:\/\/homeofwool.com\/da\/wp-json\/wp\/v2\/product\/217617\/revisions"}],"predecessor-version":[{"id":226652,"href":"https:\/\/homeofwool.com\/da\/wp-json\/wp\/v2\/product\/217617\/revisions\/226652"}],"wp:featuredmedia":[{"embeddable":true,"href":"https:\/\/homeofwool.com\/da\/wp-json\/wp\/v2\/media\/218624"}],"wp:attachment":[{"href":"https:\/\/homeofwool.com\/da\/wp-json\/wp\/v2\/media?parent=217617"}],"wp:term":[{"taxonomy":"product_brand","embeddable":true,"href":"https:\/\/homeofwool.com\/da\/wp-json\/wp\/v2\/product_brand?post=217617"},{"taxonomy":"product_cat","embeddable":true,"href":"https:\/\/homeofwool.com\/da\/wp-json\/wp\/v2\/product_cat?post=217617"},{"taxonomy":"product_tag","embeddable":true,"href":"https:\/\/homeofwool.com\/da\/wp-json\/wp\/v2\/product_tag?post=217617"}],"curies":[{"name":"wp","href":"https:\/\/api.w.org\/{rel}","templated":true}]}}