{"id":217594,"date":"2025-09-02T12:01:16","date_gmt":"2025-09-02T12:01:16","guid":{"rendered":"https:\/\/homeofwool.com\/?post_type=product&#038;p=217594"},"modified":"2026-04-03T12:31:59","modified_gmt":"2026-04-03T12:31:59","slug":"moses-kurv-madras","status":"publish","type":"product","link":"https:\/\/homeofwool.com\/da\/shop\/moses-basket-mattress\/","title":{"rendered":"Moses kurv-madras i uld"},"content":{"rendered":"<p>Dit barns f\u00f8rste soveplads skal v\u00e6re ren og st\u00f8ttende. Denne madras til kurv er fremstillet af ren uld og h\u00e5ndtuftet linnedtr\u00e5d, s\u00e5 den indeholder hverken skum, kl\u00e6bemidler eller flammeh\u00e6mmere.<\/p>\n<p>Uld holder babyer komfortable p\u00e5 naturlig vis ved at skabe balance mellem varme og \u00e5ndbarhed. Det er ogs\u00e5 modstandsdygtigt over for st\u00f8vmider og skimmel, hvilket g\u00f8r det til et virkelig allergivenligt valg for familier med allergier eller overf\u00f8lsomhed.<\/p>\n<p>Du vil bem\u00e6rke, at der ikke er nogen kemisk lugt, da materialerne er helt giftfri. Hver madras er h\u00e5ndlavet og kan tilpasses, s\u00e5 den passer n\u00f8jagtigt til st\u00f8rrelsen og formen p\u00e5 din kurv, uanset om den er oval eller rektangul\u00e6r. N\u00e5r kurvdagen er forbi, beh\u00f8ver madrassen ikke at blive lagt v\u00e6k. Den fungerer rigtig godt som gulvm\u00e5tte eller lille b\u00e6nkpude.<\/p>","protected":false},"excerpt":{"rendered":"<p>Denne Moses-kurvmadras er fremstillet af ren uld og naturlige stoffer, der er udvalgt for deres sikkerhed og \u00e5ndbarhed. Den er fri for kemikalier og syntetiske stoffer og tilbyder et giftfrit, allergivenligt sted for din baby at hvile, og den kan tilpasses fuldst\u00e6ndigt, s\u00e5 den passer til din kurv.<\/p>\n<div class=\"global-icon-set\">\n<div class=\"global-icon-set__items\">\n<div class=\"global-icon-set__item\">\n<div class=\"global-icon-set__image\">\n                                    <img decoding=\"async\" src=\"https:\/\/homeofwool.com\/wp-content\/uploads\/2025\/09\/handmade-icon-300x300.png\" alt=\"H\u00e5ndlavet ikon\" \/>\n                                <\/div>\n<div class=\"global-icon-set__title\">H\u00e5ndlavet<\/div>\n<\/p><\/div>\n<div class=\"global-icon-set__item\">\n<div class=\"global-icon-set__image\">\n                                    <img decoding=\"async\" src=\"https:\/\/homeofwool.com\/wp-content\/uploads\/2025\/09\/Exceptionally-Supportive-min-300x300.png\" alt=\"us\u00e6dvanligt st\u00f8ttende ikon\" \/>\n                                <\/div>\n<div class=\"global-icon-set__title\">Exceptionelt st\u00f8ttende<\/div>\n<\/p><\/div>\n<div class=\"global-icon-set__item\">\n<div class=\"global-icon-set__image\">\n                                    <img decoding=\"async\" src=\"https:\/\/homeofwool.com\/wp-content\/uploads\/2025\/09\/wicks-moisture-away-300x300.png\" alt=\"Transporterer fugt v\u00e6k\" \/>\n                                <\/div>\n<div class=\"global-icon-set__title\">Transporterer fugt v\u00e6k<\/div>\n<\/p><\/div>\n<div class=\"global-icon-set__item\">\n<div class=\"global-icon-set__image\">\n                                    <img decoding=\"async\" src=\"https:\/\/homeofwool.com\/wp-content\/uploads\/2025\/09\/VOCs-min-300x300.png\" alt=\"Vocs gratis\" \/>\n                                <\/div>\n<div class=\"global-icon-set__title\">Fri for VOC'er<\/div>\n<\/p><\/div>\n<div class=\"global-icon-set__item\">\n<div class=\"global-icon-set__image\">\n                                    <img decoding=\"async\" src=\"https:\/\/homeofwool.com\/wp-content\/uploads\/2025\/09\/FR-min-300x300.png\" alt=\"Brandh\u00e6mmende ikon\" \/>\n                                <\/div>\n<div class=\"global-icon-set__title\">Flammeh\u00e6mmende<\/div>\n<\/p><\/div>\n<div class=\"global-icon-set__item\">\n<div class=\"global-icon-set__image\">\n                                    <img decoding=\"async\" src=\"https:\/\/homeofwool.com\/wp-content\/uploads\/2025\/09\/Hypoallergenic-min-300x300.png\" alt=\"Hypoallergenisk ikon\" \/>\n                                <\/div>\n<div class=\"global-icon-set__title\">Hypoallergenisk<\/div>\n<\/p><\/div>\n<div class=\"global-icon-set__item\">\n<div class=\"global-icon-set__image\">\n                                    <img decoding=\"async\" src=\"https:\/\/homeofwool.com\/wp-content\/uploads\/2025\/09\/free-of-synthetics-icon-300x300.png\" alt=\"fri for syntetiske stoffer ikon\" \/>\n                                <\/div>\n<div class=\"global-icon-set__title\">Fri for syntetiske stoffer<\/div>\n<\/p><\/div>\n<div class=\"global-icon-set__item\">\n<div class=\"global-icon-set__image\">\n                                    <img decoding=\"async\" src=\"https:\/\/homeofwool.com\/wp-content\/uploads\/2025\/09\/chemical-free-icon-300x300.png\" alt=\"ikon for kemikaliefrihed\" \/>\n                                <\/div>\n<div class=\"global-icon-set__title\">Fri for kemikalier<\/div>\n<\/p><\/div>\n<div class=\"global-icon-set__item\">\n<div class=\"global-icon-set__image\">\n                                    <img decoding=\"async\" src=\"https:\/\/homeofwool.com\/wp-content\/uploads\/2025\/09\/anti-bacterial-icon-300x300.png\" alt=\"Antibakterielt ikon\" \/>\n                                <\/div>\n<div class=\"global-icon-set__title\">Anti-mikrobiel og anti-bakteriel<\/div>\n<\/p><\/div>\n<div class=\"global-icon-set__item\">\n<div class=\"global-icon-set__image\">\n                                    <img decoding=\"async\" src=\"https:\/\/homeofwool.com\/wp-content\/uploads\/2025\/09\/certified-materials-icon-300x300.png\" alt=\"ikon for certificerede materialer\" \/>\n                                <\/div>\n<div class=\"global-icon-set__title\">100% rene certificerede materialer<\/div>\n<\/p><\/div>\n<\/p><\/div>\n<\/p><\/div>","protected":false},"featured_media":219720,"template":"","meta":{"_acf_changed":false},"product_brand":[],"product_cat":[266,459],"product_tag":[478,479,480,481,482,483,484,485,486,487,149,488,489],"class_list":{"0":"post-217594","1":"product","2":"type-product","3":"status-publish","4":"has-post-thumbnail","6":"product_cat-baby-sleep-products","7":"product_cat-mattresses-toppers","8":"product_tag-artisanal-bassinet","9":"product_tag-design-dua","10":"product_tag-natural-shower-gift","11":"product_tag-non-toxic-co-sleeper","12":"product_tag-nursery-bedding","13":"product_tag-organic-baby-mattress","14":"product_tag-organic-moses-basket","15":"product_tag-oval-mattress","16":"product_tag-palm-leaf-woven-bed","17":"product_tag-pure-cosleeper-bed","18":"product_tag-steps","19":"product_tag-wicker-baby-cradle","20":"product_tag-woolen-carrycot-pad","22":"first","23":"instock","24":"shipping-taxable","25":"purchasable","26":"product-type-simple"},"acf":[],"yoast_head":"<!-- This site is optimized with the Yoast SEO Premium plugin v27.3 (Yoast SEO v27.3) - https:\/\/yoast.com\/product\/yoast-seo-premium-wordpress\/ -->\n<title>Moses Basket Mattress \u2013 Customizable Comfort &amp; Support | Home of Wool<\/title>\n<meta name=\"description\" content=\"Customizable and breathable, the Moses Basket Mattress features organic wool filling. Hypoallergenic and toxin-free, it offers safe, natural, and supportive comfort for infants.\" \/>\n<meta name=\"robots\" content=\"index, follow, max-snippet:-1, max-image-preview:large, max-video-preview:-1\" \/>\n<link rel=\"canonical\" href=\"https:\/\/homeofwool.com\/da\/butik\/moses-kurv-madras\/\" \/>\n<meta property=\"og:locale\" content=\"da_DK\" \/>\n<meta property=\"og:type\" content=\"article\" \/>\n<meta property=\"og:title\" content=\"Wool Moses Basket Mattress\" \/>\n<meta property=\"og:description\" content=\"Customizable and breathable, the Moses Basket Mattress features organic wool filling. Hypoallergenic and toxin-free, it offers safe, natural, and supportive comfort for infants.\" \/>\n<meta property=\"og:url\" content=\"https:\/\/homeofwool.com\/da\/butik\/moses-kurv-madras\/\" \/>\n<meta property=\"og:site_name\" content=\"Home of Wool\" \/>\n<meta property=\"article:publisher\" content=\"https:\/\/facebook.com\/HomeOfWoolOfficial\" \/>\n<meta property=\"article:modified_time\" content=\"2026-04-03T12:31:59+00:00\" \/>\n<meta property=\"og:image\" content=\"https:\/\/homeofwool.com\/wp-content\/uploads\/2025\/09\/home-of-wool-wool-moses-basket-mattress-1-main.jpg\" \/>\n\t<meta property=\"og:image:width\" content=\"2000\" \/>\n\t<meta property=\"og:image:height\" content=\"1600\" \/>\n\t<meta property=\"og:image:type\" content=\"image\/jpeg\" \/>\n<meta name=\"twitter:card\" content=\"summary_large_image\" \/>\n<meta name=\"twitter:label1\" content=\"Estimeret l\u00e6setid\" \/>\n\t<meta name=\"twitter:data1\" content=\"1 minut\" \/>\n<script type=\"application\/ld+json\" class=\"yoast-schema-graph\">{\"@context\":\"https:\\\/\\\/schema.org\",\"@graph\":[{\"@type\":\"WebPage\",\"@id\":\"https:\\\/\\\/homeofwool.com\\\/shop\\\/moses-basket-mattress\\\/\",\"url\":\"https:\\\/\\\/homeofwool.com\\\/shop\\\/moses-basket-mattress\\\/\",\"name\":\"Moses Basket Mattress \u2013 Customizable Comfort & Support | Home of Wool\",\"isPartOf\":{\"@id\":\"https:\\\/\\\/homeofwool.com\\\/#website\"},\"primaryImageOfPage\":{\"@id\":\"https:\\\/\\\/homeofwool.com\\\/shop\\\/moses-basket-mattress\\\/#primaryimage\"},\"image\":{\"@id\":\"https:\\\/\\\/homeofwool.com\\\/shop\\\/moses-basket-mattress\\\/#primaryimage\"},\"thumbnailUrl\":\"https:\\\/\\\/homeofwool.com\\\/wp-content\\\/uploads\\\/2025\\\/09\\\/home-of-wool-wool-moses-basket-mattress-1-main.jpg\",\"datePublished\":\"2025-09-02T12:01:16+00:00\",\"dateModified\":\"2026-04-03T12:31:59+00:00\",\"description\":\"Customizable and breathable, the Moses Basket Mattress features organic wool filling. Hypoallergenic and toxin-free, it offers safe, natural, and supportive comfort for infants.\",\"breadcrumb\":{\"@id\":\"https:\\\/\\\/homeofwool.com\\\/shop\\\/moses-basket-mattress\\\/#breadcrumb\"},\"inLanguage\":\"da-DK\",\"potentialAction\":[{\"@type\":\"ReadAction\",\"target\":[\"https:\\\/\\\/homeofwool.com\\\/shop\\\/moses-basket-mattress\\\/\"]}]},{\"@type\":\"ImageObject\",\"inLanguage\":\"da-DK\",\"@id\":\"https:\\\/\\\/homeofwool.com\\\/shop\\\/moses-basket-mattress\\\/#primaryimage\",\"url\":\"https:\\\/\\\/homeofwool.com\\\/wp-content\\\/uploads\\\/2025\\\/09\\\/home-of-wool-wool-moses-basket-mattress-1-main.jpg\",\"contentUrl\":\"https:\\\/\\\/homeofwool.com\\\/wp-content\\\/uploads\\\/2025\\\/09\\\/home-of-wool-wool-moses-basket-mattress-1-main.jpg\",\"width\":2000,\"height\":1600,\"caption\":\"wool moses basket mattress in a basket with a protector\"},{\"@type\":\"BreadcrumbList\",\"@id\":\"https:\\\/\\\/homeofwool.com\\\/shop\\\/moses-basket-mattress\\\/#breadcrumb\",\"itemListElement\":[{\"@type\":\"ListItem\",\"position\":1,\"name\":\"Home\",\"item\":\"https:\\\/\\\/homeofwool.com\\\/\"},{\"@type\":\"ListItem\",\"position\":2,\"name\":\"Products\",\"item\":\"https:\\\/\\\/homeofwool.com\\\/header-search-2\\\/\"},{\"@type\":\"ListItem\",\"position\":3,\"name\":\"Wool Moses Basket Mattress\"}]},{\"@type\":\"WebSite\",\"@id\":\"https:\\\/\\\/homeofwool.com\\\/#website\",\"url\":\"https:\\\/\\\/homeofwool.com\\\/\",\"name\":\"Home of Wool\",\"description\":\"\",\"publisher\":{\"@id\":\"https:\\\/\\\/homeofwool.com\\\/#organization\"},\"potentialAction\":[{\"@type\":\"SearchAction\",\"target\":{\"@type\":\"EntryPoint\",\"urlTemplate\":\"https:\\\/\\\/homeofwool.com\\\/?s={search_term_string}\"},\"query-input\":{\"@type\":\"PropertyValueSpecification\",\"valueRequired\":true,\"valueName\":\"search_term_string\"}}],\"inLanguage\":\"da-DK\"},{\"@type\":\"Organization\",\"@id\":\"https:\\\/\\\/homeofwool.com\\\/#organization\",\"name\":\"Home of Wool\",\"url\":\"https:\\\/\\\/homeofwool.com\\\/\",\"logo\":{\"@type\":\"ImageObject\",\"inLanguage\":\"da-DK\",\"@id\":\"https:\\\/\\\/homeofwool.com\\\/#\\\/schema\\\/logo\\\/image\\\/\",\"url\":\"https:\\\/\\\/homeofwool.com\\\/wp-content\\\/uploads\\\/2025\\\/09\\\/WhatsApp-Image-2025-12-02-at-16.23.20.jpeg\",\"contentUrl\":\"https:\\\/\\\/homeofwool.com\\\/wp-content\\\/uploads\\\/2025\\\/09\\\/WhatsApp-Image-2025-12-02-at-16.23.20.jpeg\",\"width\":700,\"height\":247,\"caption\":\"Home of Wool\"},\"image\":{\"@id\":\"https:\\\/\\\/homeofwool.com\\\/#\\\/schema\\\/logo\\\/image\\\/\"},\"sameAs\":[\"https:\\\/\\\/facebook.com\\\/HomeOfWoolOfficial\"]}]}<\/script>\n<!-- \/ Yoast SEO Premium plugin. -->","yoast_head_json":{"title":"Moses Basket-madras \u2013 Tilpasselig komfort og st\u00f8tte | Home of Wool","description":"Moses Basket-madrassen er tilpasselig og \u00e5ndbar og har fyld af \u00f8kologisk uld. Den er allergivenlig og fri for giftstoffer og giver babyer sikker, naturlig og st\u00f8ttende komfort.","robots":{"index":"index","follow":"follow","max-snippet":"max-snippet:-1","max-image-preview":"max-image-preview:large","max-video-preview":"max-video-preview:-1"},"canonical":"https:\/\/homeofwool.com\/da\/butik\/moses-kurv-madras\/","og_locale":"da_DK","og_type":"article","og_title":"Wool Moses Basket Mattress","og_description":"Customizable and breathable, the Moses Basket Mattress features organic wool filling. Hypoallergenic and toxin-free, it offers safe, natural, and supportive comfort for infants.","og_url":"https:\/\/homeofwool.com\/da\/butik\/moses-kurv-madras\/","og_site_name":"Home of Wool","article_publisher":"https:\/\/facebook.com\/HomeOfWoolOfficial","article_modified_time":"2026-04-03T12:31:59+00:00","og_image":[{"width":2000,"height":1600,"url":"https:\/\/homeofwool.com\/wp-content\/uploads\/2025\/09\/home-of-wool-wool-moses-basket-mattress-1-main.jpg","type":"image\/jpeg"}],"twitter_card":"summary_large_image","twitter_misc":{"Estimeret l\u00e6setid":"1 minut"},"schema":{"@context":"https:\/\/schema.org","@graph":[{"@type":"WebPage","@id":"https:\/\/homeofwool.com\/shop\/moses-basket-mattress\/","url":"https:\/\/homeofwool.com\/shop\/moses-basket-mattress\/","name":"Moses Basket-madras \u2013 Tilpasselig komfort og st\u00f8tte | Home of Wool","isPartOf":{"@id":"https:\/\/homeofwool.com\/#website"},"primaryImageOfPage":{"@id":"https:\/\/homeofwool.com\/shop\/moses-basket-mattress\/#primaryimage"},"image":{"@id":"https:\/\/homeofwool.com\/shop\/moses-basket-mattress\/#primaryimage"},"thumbnailUrl":"https:\/\/homeofwool.com\/wp-content\/uploads\/2025\/09\/home-of-wool-wool-moses-basket-mattress-1-main.jpg","datePublished":"2025-09-02T12:01:16+00:00","dateModified":"2026-04-03T12:31:59+00:00","description":"Moses Basket-madrassen er tilpasselig og \u00e5ndbar og har fyld af \u00f8kologisk uld. Den er allergivenlig og fri for giftstoffer og giver babyer sikker, naturlig og st\u00f8ttende komfort.","breadcrumb":{"@id":"https:\/\/homeofwool.com\/shop\/moses-basket-mattress\/#breadcrumb"},"inLanguage":"da-DK","potentialAction":[{"@type":"ReadAction","target":["https:\/\/homeofwool.com\/shop\/moses-basket-mattress\/"]}]},{"@type":"ImageObject","inLanguage":"da-DK","@id":"https:\/\/homeofwool.com\/shop\/moses-basket-mattress\/#primaryimage","url":"https:\/\/homeofwool.com\/wp-content\/uploads\/2025\/09\/home-of-wool-wool-moses-basket-mattress-1-main.jpg","contentUrl":"https:\/\/homeofwool.com\/wp-content\/uploads\/2025\/09\/home-of-wool-wool-moses-basket-mattress-1-main.jpg","width":2000,"height":1600,"caption":"wool moses basket mattress in a basket with a protector"},{"@type":"BreadcrumbList","@id":"https:\/\/homeofwool.com\/shop\/moses-basket-mattress\/#breadcrumb","itemListElement":[{"@type":"ListItem","position":1,"name":"Home","item":"https:\/\/homeofwool.com\/"},{"@type":"ListItem","position":2,"name":"Products","item":"https:\/\/homeofwool.com\/header-search-2\/"},{"@type":"ListItem","position":3,"name":"Wool Moses Basket Mattress"}]},{"@type":"WebSite","@id":"https:\/\/homeofwool.com\/#website","url":"https:\/\/homeofwool.com\/","name":"Hjemsted for uld","description":"","publisher":{"@id":"https:\/\/homeofwool.com\/#organization"},"potentialAction":[{"@type":"SearchAction","target":{"@type":"EntryPoint","urlTemplate":"https:\/\/homeofwool.com\/?s={search_term_string}"},"query-input":{"@type":"PropertyValueSpecification","valueRequired":true,"valueName":"search_term_string"}}],"inLanguage":"da-DK"},{"@type":"Organization","@id":"https:\/\/homeofwool.com\/#organization","name":"Hjemsted for uld","url":"https:\/\/homeofwool.com\/","logo":{"@type":"ImageObject","inLanguage":"da-DK","@id":"https:\/\/homeofwool.com\/#\/schema\/logo\/image\/","url":"https:\/\/homeofwool.com\/wp-content\/uploads\/2025\/09\/WhatsApp-Image-2025-12-02-at-16.23.20.jpeg","contentUrl":"https:\/\/homeofwool.com\/wp-content\/uploads\/2025\/09\/WhatsApp-Image-2025-12-02-at-16.23.20.jpeg","width":700,"height":247,"caption":"Home of Wool"},"image":{"@id":"https:\/\/homeofwool.com\/#\/schema\/logo\/image\/"},"sameAs":["https:\/\/facebook.com\/HomeOfWoolOfficial"]}]}},"_links":{"self":[{"href":"https:\/\/homeofwool.com\/da\/wp-json\/wp\/v2\/product\/217594","targetHints":{"allow":["GET"]}}],"collection":[{"href":"https:\/\/homeofwool.com\/da\/wp-json\/wp\/v2\/product"}],"about":[{"href":"https:\/\/homeofwool.com\/da\/wp-json\/wp\/v2\/types\/product"}],"version-history":[{"count":2,"href":"https:\/\/homeofwool.com\/da\/wp-json\/wp\/v2\/product\/217594\/revisions"}],"predecessor-version":[{"id":227570,"href":"https:\/\/homeofwool.com\/da\/wp-json\/wp\/v2\/product\/217594\/revisions\/227570"}],"wp:featuredmedia":[{"embeddable":true,"href":"https:\/\/homeofwool.com\/da\/wp-json\/wp\/v2\/media\/219720"}],"wp:attachment":[{"href":"https:\/\/homeofwool.com\/da\/wp-json\/wp\/v2\/media?parent=217594"}],"wp:term":[{"taxonomy":"product_brand","embeddable":true,"href":"https:\/\/homeofwool.com\/da\/wp-json\/wp\/v2\/product_brand?post=217594"},{"taxonomy":"product_cat","embeddable":true,"href":"https:\/\/homeofwool.com\/da\/wp-json\/wp\/v2\/product_cat?post=217594"},{"taxonomy":"product_tag","embeddable":true,"href":"https:\/\/homeofwool.com\/da\/wp-json\/wp\/v2\/product_tag?post=217594"}],"curies":[{"name":"wp","href":"https:\/\/api.w.org\/{rel}","templated":true}]}}