{"id":217566,"date":"2025-09-02T12:00:58","date_gmt":"2025-09-02T12:00:58","guid":{"rendered":"https:\/\/homeofwool.com\/?post_type=product&#038;p=217566"},"modified":"2026-02-11T10:48:06","modified_gmt":"2026-02-11T10:48:06","slug":"erstatningspude-til-sofa","status":"publish","type":"product","link":"https:\/\/homeofwool.com\/da\/shop\/replacement-sofa-cushion-insert\/","title":{"rendered":"Erstatningspude til sofa"},"content":{"rendered":"<p>Home of Wool-erstatningspuden til sofaen er designet med henblik p\u00e5 b\u00e5de komfort og holdbarhed. Ulden indeni giver stabil st\u00f8tte og tilpasser sig din krop. Den er meget \u00e5ndbar og forbliver altid k\u00f8lig og frisk. Selv hvis du tilbringer mange timer med at slappe af eller tage en lur p\u00e5 sofaen.<\/p>\n<p>I mods\u00e6tning til skum frigiver det ikke skadelige kemikalier i dit hjem og mister ikke sin form for hurtigt. Uld har en m\u00e5de at modst\u00e5 st\u00f8vmider og andre allergener som skimmel og mug p\u00e5. Det g\u00f8r det til det bedste valg for mennesker med allergi. Det er ogs\u00e5 perfekt til mennesker med multiple kemiske f\u00f8lsomheder. Indl\u00e6gget er omhyggeligt h\u00e5ndtuftet med linnedtr\u00e5d, s\u00e5 fyldet forbliver p\u00e5 plads og giver dig stabil komfort, der holder \u00e5r efter \u00e5r. Vi har inkluderet et gratis reparationss\u00e6t, s\u00e5 din pude kan holde endnu l\u00e6ngere.<\/p>\n<p>Hver sofapude er h\u00e5ndlavet efter dine n\u00f8jagtige m\u00e5l, s\u00e5 du kan udskifte en enkelt s\u00e6de eller give hele sofaen nyt liv. Alle indl\u00e6g er fremstillet af fornyelige og biologisk nedbrydelige materialer, hvilket beviser, at \u00e6gte komfort ogs\u00e5 kan v\u00e6re b\u00e6redygtig. Med dette helt naturlige valg bringer du b\u00e5de komfort og natur ind i dit hjem.<\/p>","protected":false},"excerpt":{"rendered":"<p>Giv din sofa et frisk pust med en ny sofapude, der b\u00e5de giver god st\u00f8tte og er naturligt \u00e5ndbar. Hver sofapude er fyldt med ren uld, hvilket giver dig et helt naturligt alternativ til skum, der er sundere for dig og mere milj\u00f8venligt.<\/p>\n<div class=\"global-icon-set\">\n<div class=\"global-icon-set__items\">\n<div class=\"global-icon-set__item\">\n<div class=\"global-icon-set__image\">\n                                    <img decoding=\"async\" src=\"https:\/\/homeofwool.com\/wp-content\/uploads\/2025\/09\/handmade-icon-300x300.png\" alt=\"H\u00e5ndlavet ikon\" \/>\n                                <\/div>\n<div class=\"global-icon-set__title\">H\u00e5ndlavet<\/div>\n<\/p><\/div>\n<div class=\"global-icon-set__item\">\n<div class=\"global-icon-set__image\">\n                                    <img decoding=\"async\" src=\"https:\/\/homeofwool.com\/wp-content\/uploads\/2025\/09\/wicks-moisture-away-300x300.png\" alt=\"Transporterer fugt v\u00e6k\" \/>\n                                <\/div>\n<div class=\"global-icon-set__title\">Transporterer fugt v\u00e6k<\/div>\n<\/p><\/div>\n<div class=\"global-icon-set__item\">\n<div class=\"global-icon-set__image\">\n                                    <img decoding=\"async\" src=\"https:\/\/homeofwool.com\/wp-content\/uploads\/2025\/09\/VOCs-min-300x300.png\" alt=\"Vocs gratis\" \/>\n                                <\/div>\n<div class=\"global-icon-set__title\">Fri for VOC'er<\/div>\n<\/p><\/div>\n<div class=\"global-icon-set__item\">\n<div class=\"global-icon-set__image\">\n                                    <img decoding=\"async\" src=\"https:\/\/homeofwool.com\/wp-content\/uploads\/2025\/09\/FR-min-300x300.png\" alt=\"Brandh\u00e6mmende ikon\" \/>\n                                <\/div>\n<div class=\"global-icon-set__title\">Flammeh\u00e6mmende<\/div>\n<\/p><\/div>\n<div class=\"global-icon-set__item\">\n<div class=\"global-icon-set__image\">\n                                    <img decoding=\"async\" src=\"https:\/\/homeofwool.com\/wp-content\/uploads\/2025\/09\/Hypoallergenic-min-300x300.png\" alt=\"Hypoallergenisk ikon\" \/>\n                                <\/div>\n<div class=\"global-icon-set__title\">Hypoallergenisk<\/div>\n<\/p><\/div>\n<div class=\"global-icon-set__item\">\n<div class=\"global-icon-set__image\">\n                                    <img decoding=\"async\" src=\"https:\/\/homeofwool.com\/wp-content\/uploads\/2025\/09\/free-of-synthetics-icon-300x300.png\" alt=\"fri for syntetiske stoffer ikon\" \/>\n                                <\/div>\n<div class=\"global-icon-set__title\">Fri for syntetiske stoffer<\/div>\n<\/p><\/div>\n<div class=\"global-icon-set__item\">\n<div class=\"global-icon-set__image\">\n                                    <img decoding=\"async\" src=\"https:\/\/homeofwool.com\/wp-content\/uploads\/2025\/09\/chemical-free-icon-300x300.png\" alt=\"ikon for kemikaliefrihed\" \/>\n                                <\/div>\n<div class=\"global-icon-set__title\">Fri for kemikalier<\/div>\n<\/p><\/div>\n<div class=\"global-icon-set__item\">\n<div class=\"global-icon-set__image\">\n                                    <img decoding=\"async\" src=\"https:\/\/homeofwool.com\/wp-content\/uploads\/2025\/09\/anti-bacterial-icon-300x300.png\" alt=\"Antibakterielt ikon\" \/>\n                                <\/div>\n<div class=\"global-icon-set__title\">Anti-mikrobiel og anti-bakteriel<\/div>\n<\/p><\/div>\n<div class=\"global-icon-set__item\">\n<div class=\"global-icon-set__image\">\n                                    <img decoding=\"async\" src=\"https:\/\/homeofwool.com\/wp-content\/uploads\/2025\/09\/certified-materials-icon-300x300.png\" alt=\"ikon for certificerede materialer\" \/>\n                                <\/div>\n<div class=\"global-icon-set__title\">100% rene certificerede materialer<\/div>\n<\/p><\/div>\n<\/p><\/div>\n<\/p><\/div>","protected":false},"featured_media":219775,"template":"","meta":{"_acf_changed":false},"product_brand":[],"product_cat":[30],"product_tag":[356,357,358,359,360,361,348,38,362,363,41,364,149],"class_list":{"0":"post-217566","1":"product","2":"type-product","3":"status-publish","4":"has-post-thumbnail","6":"product_cat-cushions","7":"product_tag-bottom-pillow-insert","8":"product_tag-couch-cushion-insert-banquette-cushion","9":"product_tag-couch-frame-pad","10":"product_tag-custom-kitchen-nook","11":"product_tag-diy-couch-cushion","12":"product_tag-natural-daybed-futon","13":"product_tag-reading-nook","14":"product_tag-replacement-cushions","15":"product_tag-replacement-indoor-couch-cushions","16":"product_tag-replacement-sofa-cushion-inserts","17":"product_tag-settee-cushions","18":"product_tag-sofa-sitting-cushion","19":"product_tag-steps","21":"first","22":"instock","23":"shipping-taxable","24":"purchasable","25":"product-type-simple"},"acf":[],"yoast_head":"<!-- This site is optimized with the Yoast SEO Premium plugin v27.3 (Yoast SEO v27.3) - https:\/\/yoast.com\/product\/yoast-seo-premium-wordpress\/ -->\n<title>Wool Replacement Couch Cushion Insert \u2013 All Natural | Home of Wool<\/title>\n<meta name=\"description\" content=\"Made with organic wool, the Wool Replacement Couch Cushion Insert provides breathable support. Hypoallergenic and toxin-free, it ensures sustainable comfort for everyday seating.\" \/>\n<meta name=\"robots\" content=\"index, follow, max-snippet:-1, max-image-preview:large, max-video-preview:-1\" \/>\n<link rel=\"canonical\" href=\"https:\/\/homeofwool.com\/da\/butik\/erstatningspude-til-sofa\/\" \/>\n<meta property=\"og:locale\" content=\"da_DK\" \/>\n<meta property=\"og:type\" content=\"article\" \/>\n<meta property=\"og:title\" content=\"Replacement Couch Cushion Insert\" \/>\n<meta property=\"og:description\" content=\"Made with organic wool, the Wool Replacement Couch Cushion Insert provides breathable support. Hypoallergenic and toxin-free, it ensures sustainable comfort for everyday seating.\" \/>\n<meta property=\"og:url\" content=\"https:\/\/homeofwool.com\/da\/butik\/erstatningspude-til-sofa\/\" \/>\n<meta property=\"og:site_name\" content=\"Home of Wool\" \/>\n<meta property=\"article:publisher\" content=\"https:\/\/facebook.com\/HomeOfWoolOfficial\" \/>\n<meta property=\"article:modified_time\" content=\"2026-02-11T10:48:06+00:00\" \/>\n<meta property=\"og:image\" content=\"https:\/\/homeofwool.com\/wp-content\/uploads\/2025\/09\/home-of-wool-replacement-couch-cushion-insert-1-new.jpg\" \/>\n\t<meta property=\"og:image:width\" content=\"2000\" \/>\n\t<meta property=\"og:image:height\" content=\"1600\" \/>\n\t<meta property=\"og:image:type\" content=\"image\/jpeg\" \/>\n<meta name=\"twitter:card\" content=\"summary_large_image\" \/>\n<meta name=\"twitter:label1\" content=\"Estimeret l\u00e6setid\" \/>\n\t<meta name=\"twitter:data1\" content=\"2 minutter\" \/>\n<script type=\"application\/ld+json\" class=\"yoast-schema-graph\">{\"@context\":\"https:\\\/\\\/schema.org\",\"@graph\":[{\"@type\":\"WebPage\",\"@id\":\"https:\\\/\\\/homeofwool.com\\\/shop\\\/replacement-sofa-cushion-insert\\\/\",\"url\":\"https:\\\/\\\/homeofwool.com\\\/shop\\\/replacement-sofa-cushion-insert\\\/\",\"name\":\"Wool Replacement Couch Cushion Insert \u2013 All Natural | Home of Wool\",\"isPartOf\":{\"@id\":\"https:\\\/\\\/homeofwool.com\\\/#website\"},\"primaryImageOfPage\":{\"@id\":\"https:\\\/\\\/homeofwool.com\\\/shop\\\/replacement-sofa-cushion-insert\\\/#primaryimage\"},\"image\":{\"@id\":\"https:\\\/\\\/homeofwool.com\\\/shop\\\/replacement-sofa-cushion-insert\\\/#primaryimage\"},\"thumbnailUrl\":\"https:\\\/\\\/homeofwool.com\\\/wp-content\\\/uploads\\\/2025\\\/09\\\/home-of-wool-replacement-couch-cushion-insert-1-new.jpg\",\"datePublished\":\"2025-09-02T12:00:58+00:00\",\"dateModified\":\"2026-02-11T10:48:06+00:00\",\"description\":\"Made with organic wool, the Wool Replacement Couch Cushion Insert provides breathable support. Hypoallergenic and toxin-free, it ensures sustainable comfort for everyday seating.\",\"breadcrumb\":{\"@id\":\"https:\\\/\\\/homeofwool.com\\\/shop\\\/replacement-sofa-cushion-insert\\\/#breadcrumb\"},\"inLanguage\":\"da-DK\",\"potentialAction\":[{\"@type\":\"ReadAction\",\"target\":[\"https:\\\/\\\/homeofwool.com\\\/shop\\\/replacement-sofa-cushion-insert\\\/\"]}]},{\"@type\":\"ImageObject\",\"inLanguage\":\"da-DK\",\"@id\":\"https:\\\/\\\/homeofwool.com\\\/shop\\\/replacement-sofa-cushion-insert\\\/#primaryimage\",\"url\":\"https:\\\/\\\/homeofwool.com\\\/wp-content\\\/uploads\\\/2025\\\/09\\\/home-of-wool-replacement-couch-cushion-insert-1-new.jpg\",\"contentUrl\":\"https:\\\/\\\/homeofwool.com\\\/wp-content\\\/uploads\\\/2025\\\/09\\\/home-of-wool-replacement-couch-cushion-insert-1-new.jpg\",\"width\":2000,\"height\":1600,\"caption\":\"replacement cushion insert with wool filling\"},{\"@type\":\"BreadcrumbList\",\"@id\":\"https:\\\/\\\/homeofwool.com\\\/shop\\\/replacement-sofa-cushion-insert\\\/#breadcrumb\",\"itemListElement\":[{\"@type\":\"ListItem\",\"position\":1,\"name\":\"Home\",\"item\":\"https:\\\/\\\/homeofwool.com\\\/\"},{\"@type\":\"ListItem\",\"position\":2,\"name\":\"Products\",\"item\":\"https:\\\/\\\/homeofwool.com\\\/header-search-2\\\/\"},{\"@type\":\"ListItem\",\"position\":3,\"name\":\"Replacement Couch Cushion Insert\"}]},{\"@type\":\"WebSite\",\"@id\":\"https:\\\/\\\/homeofwool.com\\\/#website\",\"url\":\"https:\\\/\\\/homeofwool.com\\\/\",\"name\":\"Home of Wool\",\"description\":\"\",\"publisher\":{\"@id\":\"https:\\\/\\\/homeofwool.com\\\/#organization\"},\"potentialAction\":[{\"@type\":\"SearchAction\",\"target\":{\"@type\":\"EntryPoint\",\"urlTemplate\":\"https:\\\/\\\/homeofwool.com\\\/?s={search_term_string}\"},\"query-input\":{\"@type\":\"PropertyValueSpecification\",\"valueRequired\":true,\"valueName\":\"search_term_string\"}}],\"inLanguage\":\"da-DK\"},{\"@type\":\"Organization\",\"@id\":\"https:\\\/\\\/homeofwool.com\\\/#organization\",\"name\":\"Home of Wool\",\"url\":\"https:\\\/\\\/homeofwool.com\\\/\",\"logo\":{\"@type\":\"ImageObject\",\"inLanguage\":\"da-DK\",\"@id\":\"https:\\\/\\\/homeofwool.com\\\/#\\\/schema\\\/logo\\\/image\\\/\",\"url\":\"https:\\\/\\\/homeofwool.com\\\/wp-content\\\/uploads\\\/2025\\\/09\\\/WhatsApp-Image-2025-12-02-at-16.23.20.jpeg\",\"contentUrl\":\"https:\\\/\\\/homeofwool.com\\\/wp-content\\\/uploads\\\/2025\\\/09\\\/WhatsApp-Image-2025-12-02-at-16.23.20.jpeg\",\"width\":700,\"height\":247,\"caption\":\"Home of Wool\"},\"image\":{\"@id\":\"https:\\\/\\\/homeofwool.com\\\/#\\\/schema\\\/logo\\\/image\\\/\"},\"sameAs\":[\"https:\\\/\\\/facebook.com\\\/HomeOfWoolOfficial\"]}]}<\/script>\n<!-- \/ Yoast SEO Premium plugin. -->","yoast_head_json":{"title":"Ulderstatningspude til sofa \u2013 helt naturlig | Home of Wool","description":"Wool Replacement Couch Cushion Insert er fremstillet af \u00f8kologisk uld og giver \u00e5ndbar st\u00f8tte. Den er allergivenlig og fri for giftstoffer og sikrer b\u00e6redygtig komfort til daglig brug.","robots":{"index":"index","follow":"follow","max-snippet":"max-snippet:-1","max-image-preview":"max-image-preview:large","max-video-preview":"max-video-preview:-1"},"canonical":"https:\/\/homeofwool.com\/da\/butik\/erstatningspude-til-sofa\/","og_locale":"da_DK","og_type":"article","og_title":"Replacement Couch Cushion Insert","og_description":"Made with organic wool, the Wool Replacement Couch Cushion Insert provides breathable support. Hypoallergenic and toxin-free, it ensures sustainable comfort for everyday seating.","og_url":"https:\/\/homeofwool.com\/da\/butik\/erstatningspude-til-sofa\/","og_site_name":"Home of Wool","article_publisher":"https:\/\/facebook.com\/HomeOfWoolOfficial","article_modified_time":"2026-02-11T10:48:06+00:00","og_image":[{"width":2000,"height":1600,"url":"https:\/\/homeofwool.com\/wp-content\/uploads\/2025\/09\/home-of-wool-replacement-couch-cushion-insert-1-new.jpg","type":"image\/jpeg"}],"twitter_card":"summary_large_image","twitter_misc":{"Estimeret l\u00e6setid":"2 minutter"},"schema":{"@context":"https:\/\/schema.org","@graph":[{"@type":"WebPage","@id":"https:\/\/homeofwool.com\/shop\/replacement-sofa-cushion-insert\/","url":"https:\/\/homeofwool.com\/shop\/replacement-sofa-cushion-insert\/","name":"Ulderstatningspude til sofa \u2013 helt naturlig | Home of Wool","isPartOf":{"@id":"https:\/\/homeofwool.com\/#website"},"primaryImageOfPage":{"@id":"https:\/\/homeofwool.com\/shop\/replacement-sofa-cushion-insert\/#primaryimage"},"image":{"@id":"https:\/\/homeofwool.com\/shop\/replacement-sofa-cushion-insert\/#primaryimage"},"thumbnailUrl":"https:\/\/homeofwool.com\/wp-content\/uploads\/2025\/09\/home-of-wool-replacement-couch-cushion-insert-1-new.jpg","datePublished":"2025-09-02T12:00:58+00:00","dateModified":"2026-02-11T10:48:06+00:00","description":"Wool Replacement Couch Cushion Insert er fremstillet af \u00f8kologisk uld og giver \u00e5ndbar st\u00f8tte. Den er allergivenlig og fri for giftstoffer og sikrer b\u00e6redygtig komfort til daglig brug.","breadcrumb":{"@id":"https:\/\/homeofwool.com\/shop\/replacement-sofa-cushion-insert\/#breadcrumb"},"inLanguage":"da-DK","potentialAction":[{"@type":"ReadAction","target":["https:\/\/homeofwool.com\/shop\/replacement-sofa-cushion-insert\/"]}]},{"@type":"ImageObject","inLanguage":"da-DK","@id":"https:\/\/homeofwool.com\/shop\/replacement-sofa-cushion-insert\/#primaryimage","url":"https:\/\/homeofwool.com\/wp-content\/uploads\/2025\/09\/home-of-wool-replacement-couch-cushion-insert-1-new.jpg","contentUrl":"https:\/\/homeofwool.com\/wp-content\/uploads\/2025\/09\/home-of-wool-replacement-couch-cushion-insert-1-new.jpg","width":2000,"height":1600,"caption":"replacement cushion insert with wool filling"},{"@type":"BreadcrumbList","@id":"https:\/\/homeofwool.com\/shop\/replacement-sofa-cushion-insert\/#breadcrumb","itemListElement":[{"@type":"ListItem","position":1,"name":"Home","item":"https:\/\/homeofwool.com\/"},{"@type":"ListItem","position":2,"name":"Products","item":"https:\/\/homeofwool.com\/header-search-2\/"},{"@type":"ListItem","position":3,"name":"Replacement Couch Cushion Insert"}]},{"@type":"WebSite","@id":"https:\/\/homeofwool.com\/#website","url":"https:\/\/homeofwool.com\/","name":"Hjemsted for uld","description":"","publisher":{"@id":"https:\/\/homeofwool.com\/#organization"},"potentialAction":[{"@type":"SearchAction","target":{"@type":"EntryPoint","urlTemplate":"https:\/\/homeofwool.com\/?s={search_term_string}"},"query-input":{"@type":"PropertyValueSpecification","valueRequired":true,"valueName":"search_term_string"}}],"inLanguage":"da-DK"},{"@type":"Organization","@id":"https:\/\/homeofwool.com\/#organization","name":"Hjemsted for uld","url":"https:\/\/homeofwool.com\/","logo":{"@type":"ImageObject","inLanguage":"da-DK","@id":"https:\/\/homeofwool.com\/#\/schema\/logo\/image\/","url":"https:\/\/homeofwool.com\/wp-content\/uploads\/2025\/09\/WhatsApp-Image-2025-12-02-at-16.23.20.jpeg","contentUrl":"https:\/\/homeofwool.com\/wp-content\/uploads\/2025\/09\/WhatsApp-Image-2025-12-02-at-16.23.20.jpeg","width":700,"height":247,"caption":"Home of Wool"},"image":{"@id":"https:\/\/homeofwool.com\/#\/schema\/logo\/image\/"},"sameAs":["https:\/\/facebook.com\/HomeOfWoolOfficial"]}]}},"_links":{"self":[{"href":"https:\/\/homeofwool.com\/da\/wp-json\/wp\/v2\/product\/217566","targetHints":{"allow":["GET"]}}],"collection":[{"href":"https:\/\/homeofwool.com\/da\/wp-json\/wp\/v2\/product"}],"about":[{"href":"https:\/\/homeofwool.com\/da\/wp-json\/wp\/v2\/types\/product"}],"version-history":[{"count":1,"href":"https:\/\/homeofwool.com\/da\/wp-json\/wp\/v2\/product\/217566\/revisions"}],"predecessor-version":[{"id":226724,"href":"https:\/\/homeofwool.com\/da\/wp-json\/wp\/v2\/product\/217566\/revisions\/226724"}],"wp:featuredmedia":[{"embeddable":true,"href":"https:\/\/homeofwool.com\/da\/wp-json\/wp\/v2\/media\/219775"}],"wp:attachment":[{"href":"https:\/\/homeofwool.com\/da\/wp-json\/wp\/v2\/media?parent=217566"}],"wp:term":[{"taxonomy":"product_brand","embeddable":true,"href":"https:\/\/homeofwool.com\/da\/wp-json\/wp\/v2\/product_brand?post=217566"},{"taxonomy":"product_cat","embeddable":true,"href":"https:\/\/homeofwool.com\/da\/wp-json\/wp\/v2\/product_cat?post=217566"},{"taxonomy":"product_tag","embeddable":true,"href":"https:\/\/homeofwool.com\/da\/wp-json\/wp\/v2\/product_tag?post=217566"}],"curies":[{"name":"wp","href":"https:\/\/api.w.org\/{rel}","templated":true}]}}