{"id":217563,"date":"2025-09-02T12:00:58","date_gmt":"2025-09-02T12:00:58","guid":{"rendered":"https:\/\/homeofwool.com\/?post_type=product&#038;p=217563"},"modified":"2026-02-11T10:48:04","modified_gmt":"2026-02-11T10:48:04","slug":"tuftet-saedehynde","status":"publish","type":"product","link":"https:\/\/homeofwool.com\/da\/shop\/tufted-seat-cushion\/","title":{"rendered":"S\u00e6dehynde i tuftet uld"},"content":{"rendered":"<p>De fleste f\u00e6rdiglavede puder er for sm\u00e5, for store eller har ikke den rigtige form. Den tuftede uldpude l\u00f8ser dette problem, da den kan tilpasses fuldst\u00e6ndigt. Uanset om du har brug for en simpel rektangel eller en trapezform til et hj\u00f8rne, kan du f\u00e5 den perfekte pasform. Hvis du har brug for et fors\u00e6nket design til en indbygget b\u00e6nk, har vi ogs\u00e5 det, du skal bruge. Hver pude er lavet p\u00e5 bestilling med henblik p\u00e5 at passe. Du v\u00e6lger stoffet, pipingen og tuftingm\u00f8nsteret. Du kan endda bestemme finishen p\u00e5 tuftingene. Detaljer er vigtige, og da du vil bruge puden i mange \u00e5r fremover, er det vigtigt for os at f\u00e5 dem til at passe til dig.<\/p>\n<p>Puden er fyldt med ren uld, et materiale, som vores kunder v\u00e6rds\u00e6tter for dets \u00e5ndbarhed og komfort. Uld giver optimal st\u00f8tte og er behagelig at sidde p\u00e5. Et sundere alternativ til syntetisk skum. Som en allergivenlig s\u00e6dehynde er den modstandsdygtig over for st\u00f8vmider og sikker for personer med astma eller overf\u00f8lsomhed. Den er ogs\u00e5 en helt kemikaliefri pude, der giver ro i sindet for alle husstande. H\u00e5ndtuftingen holder ulden j\u00e6vnt p\u00e5 plads og bidrager til den tidl\u00f8se, h\u00e5ndv\u00e6rksm\u00e6ssige karakter af denne moderne uldpude.<\/p>\n<p>Pleje er enkel. Pletrensning anbefales. Ved pletrensning kan du skubbe en lille vandt\u00e6t klud ind gennem lynl\u00e5sen for at beskytte fyldet. For at friske din pude op skal du placere den i sollys og frisk luft i en time eller to to gange om \u00e5ret. Ved lejlighedsvis rotation vil din uldne s\u00e6dehynde bevare sin form, komfort og sk\u00f8nhed i mange \u00e5r, hvilket g\u00f8r den til et holdbart element i din milj\u00f8venlige boligindretning.<\/p>","protected":false},"excerpt":{"rendered":"<p>Standardhynder passer sj\u00e6ldent helt perfekt. Derfor er vores tuftede uldhynde en hynde, der kan tilpasses fuldst\u00e6ndigt. Du v\u00e6lger st\u00f8rrelse, form, stof og tuftingdetaljer til din naturlige stolehynde eller b\u00e6nkhynde. Den er lavet pr\u00e6cis til dit rum. Med ren uld indeni f\u00f8les den bl\u00f8d og st\u00f8ttende, samtidig med at den giver dit rum et raffineret pr\u00e6g af milj\u00f8venlig boligindretning. Ingen kemikalier. Ingen syntetiske stoffer. Ingen VOC'er. Kun ren uld og naturlige stoffer.<\/p>","protected":false},"featured_media":223635,"template":"","meta":{"_acf_changed":false},"product_brand":[],"product_cat":[30],"product_tag":[149],"class_list":{"0":"post-217563","1":"product","2":"type-product","3":"status-publish","4":"has-post-thumbnail","6":"product_cat-cushions","7":"product_tag-steps","9":"first","10":"instock","11":"shipping-taxable","12":"purchasable","13":"product-type-simple"},"acf":[],"yoast_head":"<!-- This site is optimized with the Yoast SEO Premium plugin v27.3 (Yoast SEO v27.3) - https:\/\/yoast.com\/product\/yoast-seo-premium-wordpress\/ -->\n<title>Wool Seat Cushion \u2013 Modern, Breathable &amp; Handmade | Home of Wool<\/title>\n<meta name=\"description\" content=\"Crafted with organic wool, the Wool Seat Cushion offers breathable, modern comfort. Toxin-free and hypoallergenic, it provides safe support and natural style for everyday seating.\" \/>\n<meta name=\"robots\" content=\"index, follow, max-snippet:-1, max-image-preview:large, max-video-preview:-1\" \/>\n<link rel=\"canonical\" href=\"https:\/\/homeofwool.com\/da\/butik\/tuftet-saedehynde\/\" \/>\n<meta property=\"og:locale\" content=\"da_DK\" \/>\n<meta property=\"og:type\" content=\"article\" \/>\n<meta property=\"og:title\" content=\"Tufted Wool Seat Cushion\" \/>\n<meta property=\"og:description\" content=\"Crafted with organic wool, the Wool Seat Cushion offers breathable, modern comfort. Toxin-free and hypoallergenic, it provides safe support and natural style for everyday seating.\" \/>\n<meta property=\"og:url\" content=\"https:\/\/homeofwool.com\/da\/butik\/tuftet-saedehynde\/\" \/>\n<meta property=\"og:site_name\" content=\"Home of Wool\" \/>\n<meta property=\"article:publisher\" content=\"https:\/\/facebook.com\/HomeOfWoolOfficial\" \/>\n<meta property=\"article:modified_time\" content=\"2026-02-11T10:48:04+00:00\" \/>\n<meta property=\"og:image\" content=\"https:\/\/homeofwool.com\/wp-content\/uploads\/2025\/09\/home-of-wool-tufted-seat-cushion-1-main-1.jpg\" \/>\n\t<meta property=\"og:image:width\" content=\"1333\" \/>\n\t<meta property=\"og:image:height\" content=\"1066\" \/>\n\t<meta property=\"og:image:type\" content=\"image\/jpeg\" \/>\n<meta name=\"twitter:card\" content=\"summary_large_image\" \/>\n<meta name=\"twitter:label1\" content=\"Estimeret l\u00e6setid\" \/>\n\t<meta name=\"twitter:data1\" content=\"2 minutter\" \/>\n<script type=\"application\/ld+json\" class=\"yoast-schema-graph\">{\"@context\":\"https:\\\/\\\/schema.org\",\"@graph\":[{\"@type\":\"WebPage\",\"@id\":\"https:\\\/\\\/homeofwool.com\\\/shop\\\/tufted-seat-cushion\\\/\",\"url\":\"https:\\\/\\\/homeofwool.com\\\/shop\\\/tufted-seat-cushion\\\/\",\"name\":\"Wool Seat Cushion \u2013 Modern, Breathable & Handmade | Home of Wool\",\"isPartOf\":{\"@id\":\"https:\\\/\\\/homeofwool.com\\\/#website\"},\"primaryImageOfPage\":{\"@id\":\"https:\\\/\\\/homeofwool.com\\\/shop\\\/tufted-seat-cushion\\\/#primaryimage\"},\"image\":{\"@id\":\"https:\\\/\\\/homeofwool.com\\\/shop\\\/tufted-seat-cushion\\\/#primaryimage\"},\"thumbnailUrl\":\"https:\\\/\\\/homeofwool.com\\\/wp-content\\\/uploads\\\/2025\\\/09\\\/home-of-wool-tufted-seat-cushion-1-main-1.jpg\",\"datePublished\":\"2025-09-02T12:00:58+00:00\",\"dateModified\":\"2026-02-11T10:48:04+00:00\",\"description\":\"Crafted with organic wool, the Wool Seat Cushion offers breathable, modern comfort. Toxin-free and hypoallergenic, it provides safe support and natural style for everyday seating.\",\"breadcrumb\":{\"@id\":\"https:\\\/\\\/homeofwool.com\\\/shop\\\/tufted-seat-cushion\\\/#breadcrumb\"},\"inLanguage\":\"da-DK\",\"potentialAction\":[{\"@type\":\"ReadAction\",\"target\":[\"https:\\\/\\\/homeofwool.com\\\/shop\\\/tufted-seat-cushion\\\/\"]}]},{\"@type\":\"ImageObject\",\"inLanguage\":\"da-DK\",\"@id\":\"https:\\\/\\\/homeofwool.com\\\/shop\\\/tufted-seat-cushion\\\/#primaryimage\",\"url\":\"https:\\\/\\\/homeofwool.com\\\/wp-content\\\/uploads\\\/2025\\\/09\\\/home-of-wool-tufted-seat-cushion-1-main-1.jpg\",\"contentUrl\":\"https:\\\/\\\/homeofwool.com\\\/wp-content\\\/uploads\\\/2025\\\/09\\\/home-of-wool-tufted-seat-cushion-1-main-1.jpg\",\"width\":1333,\"height\":1066,\"caption\":\"wool tufted seat cushion on a bed\"},{\"@type\":\"BreadcrumbList\",\"@id\":\"https:\\\/\\\/homeofwool.com\\\/shop\\\/tufted-seat-cushion\\\/#breadcrumb\",\"itemListElement\":[{\"@type\":\"ListItem\",\"position\":1,\"name\":\"Home\",\"item\":\"https:\\\/\\\/homeofwool.com\\\/\"},{\"@type\":\"ListItem\",\"position\":2,\"name\":\"Products\",\"item\":\"https:\\\/\\\/homeofwool.com\\\/header-search-2\\\/\"},{\"@type\":\"ListItem\",\"position\":3,\"name\":\"Tufted Wool Seat Cushion\"}]},{\"@type\":\"WebSite\",\"@id\":\"https:\\\/\\\/homeofwool.com\\\/#website\",\"url\":\"https:\\\/\\\/homeofwool.com\\\/\",\"name\":\"Home of Wool\",\"description\":\"\",\"publisher\":{\"@id\":\"https:\\\/\\\/homeofwool.com\\\/#organization\"},\"potentialAction\":[{\"@type\":\"SearchAction\",\"target\":{\"@type\":\"EntryPoint\",\"urlTemplate\":\"https:\\\/\\\/homeofwool.com\\\/?s={search_term_string}\"},\"query-input\":{\"@type\":\"PropertyValueSpecification\",\"valueRequired\":true,\"valueName\":\"search_term_string\"}}],\"inLanguage\":\"da-DK\"},{\"@type\":\"Organization\",\"@id\":\"https:\\\/\\\/homeofwool.com\\\/#organization\",\"name\":\"Home of Wool\",\"url\":\"https:\\\/\\\/homeofwool.com\\\/\",\"logo\":{\"@type\":\"ImageObject\",\"inLanguage\":\"da-DK\",\"@id\":\"https:\\\/\\\/homeofwool.com\\\/#\\\/schema\\\/logo\\\/image\\\/\",\"url\":\"https:\\\/\\\/homeofwool.com\\\/wp-content\\\/uploads\\\/2025\\\/09\\\/WhatsApp-Image-2025-12-02-at-16.23.20.jpeg\",\"contentUrl\":\"https:\\\/\\\/homeofwool.com\\\/wp-content\\\/uploads\\\/2025\\\/09\\\/WhatsApp-Image-2025-12-02-at-16.23.20.jpeg\",\"width\":700,\"height\":247,\"caption\":\"Home of Wool\"},\"image\":{\"@id\":\"https:\\\/\\\/homeofwool.com\\\/#\\\/schema\\\/logo\\\/image\\\/\"},\"sameAs\":[\"https:\\\/\\\/facebook.com\\\/HomeOfWoolOfficial\"]}]}<\/script>\n<!-- \/ Yoast SEO Premium plugin. -->","yoast_head_json":{"title":"Ulds\u00e6dehynde \u2013 moderne, \u00e5ndbar og h\u00e5ndlavet | Home of Wool","description":"Wool Seat Cushion er fremstillet af \u00f8kologisk uld og tilbyder \u00e5ndbar, moderne komfort. Den er fri for giftstoffer og allergivenlig og giver sikker st\u00f8tte og naturlig stil til daglig brug.","robots":{"index":"index","follow":"follow","max-snippet":"max-snippet:-1","max-image-preview":"max-image-preview:large","max-video-preview":"max-video-preview:-1"},"canonical":"https:\/\/homeofwool.com\/da\/butik\/tuftet-saedehynde\/","og_locale":"da_DK","og_type":"article","og_title":"Tufted Wool Seat Cushion","og_description":"Crafted with organic wool, the Wool Seat Cushion offers breathable, modern comfort. Toxin-free and hypoallergenic, it provides safe support and natural style for everyday seating.","og_url":"https:\/\/homeofwool.com\/da\/butik\/tuftet-saedehynde\/","og_site_name":"Home of Wool","article_publisher":"https:\/\/facebook.com\/HomeOfWoolOfficial","article_modified_time":"2026-02-11T10:48:04+00:00","og_image":[{"width":1333,"height":1066,"url":"https:\/\/homeofwool.com\/wp-content\/uploads\/2025\/09\/home-of-wool-tufted-seat-cushion-1-main-1.jpg","type":"image\/jpeg"}],"twitter_card":"summary_large_image","twitter_misc":{"Estimeret l\u00e6setid":"2 minutter"},"schema":{"@context":"https:\/\/schema.org","@graph":[{"@type":"WebPage","@id":"https:\/\/homeofwool.com\/shop\/tufted-seat-cushion\/","url":"https:\/\/homeofwool.com\/shop\/tufted-seat-cushion\/","name":"Ulds\u00e6dehynde \u2013 moderne, \u00e5ndbar og h\u00e5ndlavet | Home of Wool","isPartOf":{"@id":"https:\/\/homeofwool.com\/#website"},"primaryImageOfPage":{"@id":"https:\/\/homeofwool.com\/shop\/tufted-seat-cushion\/#primaryimage"},"image":{"@id":"https:\/\/homeofwool.com\/shop\/tufted-seat-cushion\/#primaryimage"},"thumbnailUrl":"https:\/\/homeofwool.com\/wp-content\/uploads\/2025\/09\/home-of-wool-tufted-seat-cushion-1-main-1.jpg","datePublished":"2025-09-02T12:00:58+00:00","dateModified":"2026-02-11T10:48:04+00:00","description":"Wool Seat Cushion er fremstillet af \u00f8kologisk uld og tilbyder \u00e5ndbar, moderne komfort. Den er fri for giftstoffer og allergivenlig og giver sikker st\u00f8tte og naturlig stil til daglig brug.","breadcrumb":{"@id":"https:\/\/homeofwool.com\/shop\/tufted-seat-cushion\/#breadcrumb"},"inLanguage":"da-DK","potentialAction":[{"@type":"ReadAction","target":["https:\/\/homeofwool.com\/shop\/tufted-seat-cushion\/"]}]},{"@type":"ImageObject","inLanguage":"da-DK","@id":"https:\/\/homeofwool.com\/shop\/tufted-seat-cushion\/#primaryimage","url":"https:\/\/homeofwool.com\/wp-content\/uploads\/2025\/09\/home-of-wool-tufted-seat-cushion-1-main-1.jpg","contentUrl":"https:\/\/homeofwool.com\/wp-content\/uploads\/2025\/09\/home-of-wool-tufted-seat-cushion-1-main-1.jpg","width":1333,"height":1066,"caption":"wool tufted seat cushion on a bed"},{"@type":"BreadcrumbList","@id":"https:\/\/homeofwool.com\/shop\/tufted-seat-cushion\/#breadcrumb","itemListElement":[{"@type":"ListItem","position":1,"name":"Home","item":"https:\/\/homeofwool.com\/"},{"@type":"ListItem","position":2,"name":"Products","item":"https:\/\/homeofwool.com\/header-search-2\/"},{"@type":"ListItem","position":3,"name":"Tufted Wool Seat Cushion"}]},{"@type":"WebSite","@id":"https:\/\/homeofwool.com\/#website","url":"https:\/\/homeofwool.com\/","name":"Hjemsted for uld","description":"","publisher":{"@id":"https:\/\/homeofwool.com\/#organization"},"potentialAction":[{"@type":"SearchAction","target":{"@type":"EntryPoint","urlTemplate":"https:\/\/homeofwool.com\/?s={search_term_string}"},"query-input":{"@type":"PropertyValueSpecification","valueRequired":true,"valueName":"search_term_string"}}],"inLanguage":"da-DK"},{"@type":"Organization","@id":"https:\/\/homeofwool.com\/#organization","name":"Hjemsted for uld","url":"https:\/\/homeofwool.com\/","logo":{"@type":"ImageObject","inLanguage":"da-DK","@id":"https:\/\/homeofwool.com\/#\/schema\/logo\/image\/","url":"https:\/\/homeofwool.com\/wp-content\/uploads\/2025\/09\/WhatsApp-Image-2025-12-02-at-16.23.20.jpeg","contentUrl":"https:\/\/homeofwool.com\/wp-content\/uploads\/2025\/09\/WhatsApp-Image-2025-12-02-at-16.23.20.jpeg","width":700,"height":247,"caption":"Home of Wool"},"image":{"@id":"https:\/\/homeofwool.com\/#\/schema\/logo\/image\/"},"sameAs":["https:\/\/facebook.com\/HomeOfWoolOfficial"]}]}},"_links":{"self":[{"href":"https:\/\/homeofwool.com\/da\/wp-json\/wp\/v2\/product\/217563","targetHints":{"allow":["GET"]}}],"collection":[{"href":"https:\/\/homeofwool.com\/da\/wp-json\/wp\/v2\/product"}],"about":[{"href":"https:\/\/homeofwool.com\/da\/wp-json\/wp\/v2\/types\/product"}],"version-history":[{"count":1,"href":"https:\/\/homeofwool.com\/da\/wp-json\/wp\/v2\/product\/217563\/revisions"}],"predecessor-version":[{"id":226723,"href":"https:\/\/homeofwool.com\/da\/wp-json\/wp\/v2\/product\/217563\/revisions\/226723"}],"wp:featuredmedia":[{"embeddable":true,"href":"https:\/\/homeofwool.com\/da\/wp-json\/wp\/v2\/media\/223635"}],"wp:attachment":[{"href":"https:\/\/homeofwool.com\/da\/wp-json\/wp\/v2\/media?parent=217563"}],"wp:term":[{"taxonomy":"product_brand","embeddable":true,"href":"https:\/\/homeofwool.com\/da\/wp-json\/wp\/v2\/product_brand?post=217563"},{"taxonomy":"product_cat","embeddable":true,"href":"https:\/\/homeofwool.com\/da\/wp-json\/wp\/v2\/product_cat?post=217563"},{"taxonomy":"product_tag","embeddable":true,"href":"https:\/\/homeofwool.com\/da\/wp-json\/wp\/v2\/product_tag?post=217563"}],"curies":[{"name":"wp","href":"https:\/\/api.w.org\/{rel}","templated":true}]}}