{"id":217550,"date":"2025-09-02T12:00:57","date_gmt":"2025-09-02T12:00:57","guid":{"rendered":"https:\/\/homeofwool.com\/?post_type=product&#038;p=217550"},"modified":"2026-02-11T10:35:42","modified_gmt":"2026-02-11T10:35:42","slug":"puddle-pad-beskytter","status":"publish","type":"product","link":"https:\/\/homeofwool.com\/da\/shop\/puddle-pad-protector\/","title":{"rendered":"Uldmadrasbeskytter til vugge"},"content":{"rendered":"<p>Denne \u00f8kologiske vandpude er lavet til for\u00e6ldre, der \u00f8nsker sikre og b\u00e6redygtige s\u00f8vnl\u00f8sninger, og bringer fordelene ved uld direkte ind i dit barns krybbe eller b\u00f8rneseng. I mods\u00e6tning til syntetiske beskyttelsesprodukter er det et kemikaliefrit madrasovertr\u00e6k, der giver dit barn mulighed for at hvile uden afgasning eller skjulte giftstoffer. Uld hj\u00e6lper med at balancere kropstemperaturen og kan absorbere overskydende fugt. P\u00e5 denne m\u00e5de forbliver dit barn komfortabelt uden at blive overophedet eller f\u00f8le sig fugtigt.<\/p>\n<p>Denne milj\u00f8venlige sengemadras har ogs\u00e5 en naturlig modstandsdygtighed over for st\u00f8vmider, skimmel og bakterier, hvilket g\u00f8r den til et godt valg for b\u00f8rn med allergi eller overf\u00f8lsomhed. De elastiske stropper hj\u00e6lper med at holde den sikkert p\u00e5 plads under lagenet. For at \u00f8ge uldmadrassens vandt\u00e6tte egenskaber kan du blot lanolisere stoffet, hvilket g\u00f8r det til en meget p\u00e5lidelig barriere mod uheld om natten.<\/p>\n<p>Hver beskytter er syet af fornyelige, biologisk nedbrydelige stoffer. Det er et gennemt\u00e6nkt valg, der tager hensyn til b\u00e5de dit barns hvile og den verden, de vokser op i.<\/p>","protected":false},"excerpt":{"rendered":"<p>Giv dit barn komforten af en naturlig madrasbeskytter, samtidig med at du beskytter sengen mod spild og uheld om natten. Denne h\u00e5ndlavede uldpudebeskytter tilf\u00f8jer et ekstra lag \u00e5ndbar, termoregulerende komfort og giver en blid, men effektiv beskyttelse af barnesengen, der underst\u00f8tter en dybere og sundere s\u00f8vn.<\/p>\n<div class=\"global-icon-set\">\n<div class=\"global-icon-set__items\">\n<div class=\"global-icon-set__item\">\n<div class=\"global-icon-set__image\">\n                                    <img decoding=\"async\" src=\"https:\/\/homeofwool.com\/wp-content\/uploads\/2025\/09\/handmade-icon-300x300.png\" alt=\"H\u00e5ndlavet ikon\" \/>\n                                <\/div>\n<div class=\"global-icon-set__title\">H\u00e5ndlavet<\/div>\n<\/p><\/div>\n<div class=\"global-icon-set__item\">\n<div class=\"global-icon-set__image\">\n                                    <img decoding=\"async\" src=\"https:\/\/homeofwool.com\/wp-content\/uploads\/2025\/09\/wicks-moisture-away-300x300.png\" alt=\"Transporterer fugt v\u00e6k\" \/>\n                                <\/div>\n<div class=\"global-icon-set__title\">Transporterer fugt v\u00e6k<\/div>\n<\/p><\/div>\n<div class=\"global-icon-set__item\">\n<div class=\"global-icon-set__image\">\n                                    <img decoding=\"async\" src=\"https:\/\/homeofwool.com\/wp-content\/uploads\/2025\/09\/VOCs-min-300x300.png\" alt=\"Vocs gratis\" \/>\n                                <\/div>\n<div class=\"global-icon-set__title\">Fri for VOC'er<\/div>\n<\/p><\/div>\n<div class=\"global-icon-set__item\">\n<div class=\"global-icon-set__image\">\n                                    <img decoding=\"async\" src=\"https:\/\/homeofwool.com\/wp-content\/uploads\/2025\/09\/FR-min-300x300.png\" alt=\"Brandh\u00e6mmende ikon\" \/>\n                                <\/div>\n<div class=\"global-icon-set__title\">Flammeh\u00e6mmende<\/div>\n<\/p><\/div>\n<div class=\"global-icon-set__item\">\n<div class=\"global-icon-set__image\">\n                                    <img decoding=\"async\" src=\"https:\/\/homeofwool.com\/wp-content\/uploads\/2025\/09\/Hypoallergenic-min-300x300.png\" alt=\"Hypoallergenisk ikon\" \/>\n                                <\/div>\n<div class=\"global-icon-set__title\">Hypoallergenisk<\/div>\n<\/p><\/div>\n<div class=\"global-icon-set__item\">\n<div class=\"global-icon-set__image\">\n                                    <img decoding=\"async\" src=\"https:\/\/homeofwool.com\/wp-content\/uploads\/2025\/09\/free-of-synthetics-icon-300x300.png\" alt=\"fri for syntetiske stoffer ikon\" \/>\n                                <\/div>\n<div class=\"global-icon-set__title\">Fri for syntetiske stoffer<\/div>\n<\/p><\/div>\n<div class=\"global-icon-set__item\">\n<div class=\"global-icon-set__image\">\n                                    <img decoding=\"async\" src=\"https:\/\/homeofwool.com\/wp-content\/uploads\/2025\/09\/chemical-free-icon-300x300.png\" alt=\"ikon for kemikaliefrihed\" \/>\n                                <\/div>\n<div class=\"global-icon-set__title\">Fri for kemikalier<\/div>\n<\/p><\/div>\n<div class=\"global-icon-set__item\">\n<div class=\"global-icon-set__image\">\n                                    <img decoding=\"async\" src=\"https:\/\/homeofwool.com\/wp-content\/uploads\/2025\/09\/anti-bacterial-icon-300x300.png\" alt=\"Antibakterielt ikon\" \/>\n                                <\/div>\n<div class=\"global-icon-set__title\">Anti-mikrobiel og anti-bakteriel<\/div>\n<\/p><\/div>\n<div class=\"global-icon-set__item\">\n<div class=\"global-icon-set__image\">\n                                    <img decoding=\"async\" src=\"https:\/\/homeofwool.com\/wp-content\/uploads\/2025\/09\/certified-materials-icon-300x300.png\" alt=\"ikon for certificerede materialer\" \/>\n                                <\/div>\n<div class=\"global-icon-set__title\">100% rene certificerede materialer<\/div>\n<\/p><\/div>\n<\/p><\/div>\n<\/p><\/div>","protected":false},"featured_media":219419,"template":"","meta":{"_acf_changed":false},"product_brand":[],"product_cat":[266,267,406],"product_tag":[504,505,410,506,149,507,508,509],"class_list":{"0":"post-217550","1":"product","2":"type-product","3":"status-publish","4":"has-post-thumbnail","6":"product_cat-baby-sleep-products","7":"product_cat-nursery","8":"product_cat-protectors-covers-sheets","9":"product_tag-crib-mattress-pad","10":"product_tag-crib-protector","11":"product_tag-mattress-protector","12":"product_tag-moisture-barrier","13":"product_tag-steps","14":"product_tag-stokke-size","15":"product_tag-stokke-sleepi-cover","16":"product_tag-wool-protector","18":"first","19":"instock","20":"shipping-taxable","21":"purchasable","22":"product-type-simple"},"acf":[],"yoast_head":"<!-- This site is optimized with the Yoast SEO Premium plugin v27.3 (Yoast SEO v27.3) - https:\/\/yoast.com\/product\/yoast-seo-premium-wordpress\/ -->\n<title>Crib Mattress Protector \u2013 Toddler Bed Protection | Home of Wool<\/title>\n<meta name=\"description\" content=\"Safe toddler bed protection starts with the Crib Mattress Protector. Made with breathable organic wool, it regulates temperature while providing toxin-free, hypoallergenic sleep comfort.\" \/>\n<meta name=\"robots\" content=\"index, follow, max-snippet:-1, max-image-preview:large, max-video-preview:-1\" \/>\n<link rel=\"canonical\" href=\"https:\/\/homeofwool.com\/da\/butik\/puddle-pad-beskytter\/\" \/>\n<meta property=\"og:locale\" content=\"da_DK\" \/>\n<meta property=\"og:type\" content=\"article\" \/>\n<meta property=\"og:title\" content=\"Wool Crib Mattress Protector\" \/>\n<meta property=\"og:description\" content=\"Safe toddler bed protection starts with the Crib Mattress Protector. Made with breathable organic wool, it regulates temperature while providing toxin-free, hypoallergenic sleep comfort.\" \/>\n<meta property=\"og:url\" content=\"https:\/\/homeofwool.com\/da\/butik\/puddle-pad-beskytter\/\" \/>\n<meta property=\"og:site_name\" content=\"Home of Wool\" \/>\n<meta property=\"article:publisher\" content=\"https:\/\/facebook.com\/HomeOfWoolOfficial\" \/>\n<meta property=\"article:modified_time\" content=\"2026-02-11T10:35:42+00:00\" \/>\n<meta property=\"og:image\" content=\"https:\/\/homeofwool.com\/wp-content\/uploads\/2025\/09\/home-of-wool-wool-crib-mattress-protector-1-main.jpg\" \/>\n\t<meta property=\"og:image:width\" content=\"2000\" \/>\n\t<meta property=\"og:image:height\" content=\"1600\" \/>\n\t<meta property=\"og:image:type\" content=\"image\/jpeg\" \/>\n<meta name=\"twitter:card\" content=\"summary_large_image\" \/>\n<meta name=\"twitter:label1\" content=\"Estimeret l\u00e6setid\" \/>\n\t<meta name=\"twitter:data1\" content=\"1 minut\" \/>\n<script type=\"application\/ld+json\" class=\"yoast-schema-graph\">{\"@context\":\"https:\\\/\\\/schema.org\",\"@graph\":[{\"@type\":\"WebPage\",\"@id\":\"https:\\\/\\\/homeofwool.com\\\/shop\\\/puddle-pad-protector\\\/\",\"url\":\"https:\\\/\\\/homeofwool.com\\\/shop\\\/puddle-pad-protector\\\/\",\"name\":\"Crib Mattress Protector \u2013 Toddler Bed Protection | Home of Wool\",\"isPartOf\":{\"@id\":\"https:\\\/\\\/homeofwool.com\\\/#website\"},\"primaryImageOfPage\":{\"@id\":\"https:\\\/\\\/homeofwool.com\\\/shop\\\/puddle-pad-protector\\\/#primaryimage\"},\"image\":{\"@id\":\"https:\\\/\\\/homeofwool.com\\\/shop\\\/puddle-pad-protector\\\/#primaryimage\"},\"thumbnailUrl\":\"https:\\\/\\\/homeofwool.com\\\/wp-content\\\/uploads\\\/2025\\\/09\\\/home-of-wool-wool-crib-mattress-protector-1-main.jpg\",\"datePublished\":\"2025-09-02T12:00:57+00:00\",\"dateModified\":\"2026-02-11T10:35:42+00:00\",\"description\":\"Safe toddler bed protection starts with the Crib Mattress Protector. Made with breathable organic wool, it regulates temperature while providing toxin-free, hypoallergenic sleep comfort.\",\"breadcrumb\":{\"@id\":\"https:\\\/\\\/homeofwool.com\\\/shop\\\/puddle-pad-protector\\\/#breadcrumb\"},\"inLanguage\":\"da-DK\",\"potentialAction\":[{\"@type\":\"ReadAction\",\"target\":[\"https:\\\/\\\/homeofwool.com\\\/shop\\\/puddle-pad-protector\\\/\"]}]},{\"@type\":\"ImageObject\",\"inLanguage\":\"da-DK\",\"@id\":\"https:\\\/\\\/homeofwool.com\\\/shop\\\/puddle-pad-protector\\\/#primaryimage\",\"url\":\"https:\\\/\\\/homeofwool.com\\\/wp-content\\\/uploads\\\/2025\\\/09\\\/home-of-wool-wool-crib-mattress-protector-1-main.jpg\",\"contentUrl\":\"https:\\\/\\\/homeofwool.com\\\/wp-content\\\/uploads\\\/2025\\\/09\\\/home-of-wool-wool-crib-mattress-protector-1-main.jpg\",\"width\":2000,\"height\":1600,\"caption\":\"wool crib mattress protector\"},{\"@type\":\"BreadcrumbList\",\"@id\":\"https:\\\/\\\/homeofwool.com\\\/shop\\\/puddle-pad-protector\\\/#breadcrumb\",\"itemListElement\":[{\"@type\":\"ListItem\",\"position\":1,\"name\":\"Home\",\"item\":\"https:\\\/\\\/homeofwool.com\\\/\"},{\"@type\":\"ListItem\",\"position\":2,\"name\":\"Products\",\"item\":\"https:\\\/\\\/homeofwool.com\\\/header-search-2\\\/\"},{\"@type\":\"ListItem\",\"position\":3,\"name\":\"Wool Crib Mattress Protector\"}]},{\"@type\":\"WebSite\",\"@id\":\"https:\\\/\\\/homeofwool.com\\\/#website\",\"url\":\"https:\\\/\\\/homeofwool.com\\\/\",\"name\":\"Home of Wool\",\"description\":\"\",\"publisher\":{\"@id\":\"https:\\\/\\\/homeofwool.com\\\/#organization\"},\"potentialAction\":[{\"@type\":\"SearchAction\",\"target\":{\"@type\":\"EntryPoint\",\"urlTemplate\":\"https:\\\/\\\/homeofwool.com\\\/?s={search_term_string}\"},\"query-input\":{\"@type\":\"PropertyValueSpecification\",\"valueRequired\":true,\"valueName\":\"search_term_string\"}}],\"inLanguage\":\"da-DK\"},{\"@type\":\"Organization\",\"@id\":\"https:\\\/\\\/homeofwool.com\\\/#organization\",\"name\":\"Home of Wool\",\"url\":\"https:\\\/\\\/homeofwool.com\\\/\",\"logo\":{\"@type\":\"ImageObject\",\"inLanguage\":\"da-DK\",\"@id\":\"https:\\\/\\\/homeofwool.com\\\/#\\\/schema\\\/logo\\\/image\\\/\",\"url\":\"https:\\\/\\\/homeofwool.com\\\/wp-content\\\/uploads\\\/2025\\\/09\\\/WhatsApp-Image-2025-12-02-at-16.23.20.jpeg\",\"contentUrl\":\"https:\\\/\\\/homeofwool.com\\\/wp-content\\\/uploads\\\/2025\\\/09\\\/WhatsApp-Image-2025-12-02-at-16.23.20.jpeg\",\"width\":700,\"height\":247,\"caption\":\"Home of Wool\"},\"image\":{\"@id\":\"https:\\\/\\\/homeofwool.com\\\/#\\\/schema\\\/logo\\\/image\\\/\"},\"sameAs\":[\"https:\\\/\\\/facebook.com\\\/HomeOfWoolOfficial\"]}]}<\/script>\n<!-- \/ Yoast SEO Premium plugin. -->","yoast_head_json":{"title":"Madrasbeskytter til barneseng \u2013 Beskyttelse til sm\u00e5b\u00f8rns senge | Home of Wool","description":"Sikker beskyttelse af sm\u00e5b\u00f8rns senge starter med madrasbeskytteren til vugger. Den er fremstillet af \u00e5ndbar \u00f8kologisk uld, som regulerer temperaturen og samtidig giver en giftfri, allergivenlig s\u00f8vnkomfort.","robots":{"index":"index","follow":"follow","max-snippet":"max-snippet:-1","max-image-preview":"max-image-preview:large","max-video-preview":"max-video-preview:-1"},"canonical":"https:\/\/homeofwool.com\/da\/butik\/puddle-pad-beskytter\/","og_locale":"da_DK","og_type":"article","og_title":"Wool Crib Mattress Protector","og_description":"Safe toddler bed protection starts with the Crib Mattress Protector. Made with breathable organic wool, it regulates temperature while providing toxin-free, hypoallergenic sleep comfort.","og_url":"https:\/\/homeofwool.com\/da\/butik\/puddle-pad-beskytter\/","og_site_name":"Home of Wool","article_publisher":"https:\/\/facebook.com\/HomeOfWoolOfficial","article_modified_time":"2026-02-11T10:35:42+00:00","og_image":[{"width":2000,"height":1600,"url":"https:\/\/homeofwool.com\/wp-content\/uploads\/2025\/09\/home-of-wool-wool-crib-mattress-protector-1-main.jpg","type":"image\/jpeg"}],"twitter_card":"summary_large_image","twitter_misc":{"Estimeret l\u00e6setid":"1 minut"},"schema":{"@context":"https:\/\/schema.org","@graph":[{"@type":"WebPage","@id":"https:\/\/homeofwool.com\/shop\/puddle-pad-protector\/","url":"https:\/\/homeofwool.com\/shop\/puddle-pad-protector\/","name":"Madrasbeskytter til barneseng \u2013 Beskyttelse til sm\u00e5b\u00f8rns senge | Home of Wool","isPartOf":{"@id":"https:\/\/homeofwool.com\/#website"},"primaryImageOfPage":{"@id":"https:\/\/homeofwool.com\/shop\/puddle-pad-protector\/#primaryimage"},"image":{"@id":"https:\/\/homeofwool.com\/shop\/puddle-pad-protector\/#primaryimage"},"thumbnailUrl":"https:\/\/homeofwool.com\/wp-content\/uploads\/2025\/09\/home-of-wool-wool-crib-mattress-protector-1-main.jpg","datePublished":"2025-09-02T12:00:57+00:00","dateModified":"2026-02-11T10:35:42+00:00","description":"Sikker beskyttelse af sm\u00e5b\u00f8rns senge starter med madrasbeskytteren til vugger. Den er fremstillet af \u00e5ndbar \u00f8kologisk uld, som regulerer temperaturen og samtidig giver en giftfri, allergivenlig s\u00f8vnkomfort.","breadcrumb":{"@id":"https:\/\/homeofwool.com\/shop\/puddle-pad-protector\/#breadcrumb"},"inLanguage":"da-DK","potentialAction":[{"@type":"ReadAction","target":["https:\/\/homeofwool.com\/shop\/puddle-pad-protector\/"]}]},{"@type":"ImageObject","inLanguage":"da-DK","@id":"https:\/\/homeofwool.com\/shop\/puddle-pad-protector\/#primaryimage","url":"https:\/\/homeofwool.com\/wp-content\/uploads\/2025\/09\/home-of-wool-wool-crib-mattress-protector-1-main.jpg","contentUrl":"https:\/\/homeofwool.com\/wp-content\/uploads\/2025\/09\/home-of-wool-wool-crib-mattress-protector-1-main.jpg","width":2000,"height":1600,"caption":"wool crib mattress protector"},{"@type":"BreadcrumbList","@id":"https:\/\/homeofwool.com\/shop\/puddle-pad-protector\/#breadcrumb","itemListElement":[{"@type":"ListItem","position":1,"name":"Home","item":"https:\/\/homeofwool.com\/"},{"@type":"ListItem","position":2,"name":"Products","item":"https:\/\/homeofwool.com\/header-search-2\/"},{"@type":"ListItem","position":3,"name":"Wool Crib Mattress Protector"}]},{"@type":"WebSite","@id":"https:\/\/homeofwool.com\/#website","url":"https:\/\/homeofwool.com\/","name":"Hjemsted for uld","description":"","publisher":{"@id":"https:\/\/homeofwool.com\/#organization"},"potentialAction":[{"@type":"SearchAction","target":{"@type":"EntryPoint","urlTemplate":"https:\/\/homeofwool.com\/?s={search_term_string}"},"query-input":{"@type":"PropertyValueSpecification","valueRequired":true,"valueName":"search_term_string"}}],"inLanguage":"da-DK"},{"@type":"Organization","@id":"https:\/\/homeofwool.com\/#organization","name":"Hjemsted for uld","url":"https:\/\/homeofwool.com\/","logo":{"@type":"ImageObject","inLanguage":"da-DK","@id":"https:\/\/homeofwool.com\/#\/schema\/logo\/image\/","url":"https:\/\/homeofwool.com\/wp-content\/uploads\/2025\/09\/WhatsApp-Image-2025-12-02-at-16.23.20.jpeg","contentUrl":"https:\/\/homeofwool.com\/wp-content\/uploads\/2025\/09\/WhatsApp-Image-2025-12-02-at-16.23.20.jpeg","width":700,"height":247,"caption":"Home of Wool"},"image":{"@id":"https:\/\/homeofwool.com\/#\/schema\/logo\/image\/"},"sameAs":["https:\/\/facebook.com\/HomeOfWoolOfficial"]}]}},"_links":{"self":[{"href":"https:\/\/homeofwool.com\/da\/wp-json\/wp\/v2\/product\/217550","targetHints":{"allow":["GET"]}}],"collection":[{"href":"https:\/\/homeofwool.com\/da\/wp-json\/wp\/v2\/product"}],"about":[{"href":"https:\/\/homeofwool.com\/da\/wp-json\/wp\/v2\/types\/product"}],"version-history":[{"count":1,"href":"https:\/\/homeofwool.com\/da\/wp-json\/wp\/v2\/product\/217550\/revisions"}],"predecessor-version":[{"id":226730,"href":"https:\/\/homeofwool.com\/da\/wp-json\/wp\/v2\/product\/217550\/revisions\/226730"}],"wp:featuredmedia":[{"embeddable":true,"href":"https:\/\/homeofwool.com\/da\/wp-json\/wp\/v2\/media\/219419"}],"wp:attachment":[{"href":"https:\/\/homeofwool.com\/da\/wp-json\/wp\/v2\/media?parent=217550"}],"wp:term":[{"taxonomy":"product_brand","embeddable":true,"href":"https:\/\/homeofwool.com\/da\/wp-json\/wp\/v2\/product_brand?post=217550"},{"taxonomy":"product_cat","embeddable":true,"href":"https:\/\/homeofwool.com\/da\/wp-json\/wp\/v2\/product_cat?post=217550"},{"taxonomy":"product_tag","embeddable":true,"href":"https:\/\/homeofwool.com\/da\/wp-json\/wp\/v2\/product_tag?post=217550"}],"curies":[{"name":"wp","href":"https:\/\/api.w.org\/{rel}","templated":true}]}}