{"id":217538,"date":"2025-09-02T12:00:56","date_gmt":"2025-09-02T12:00:56","guid":{"rendered":"https:\/\/homeofwool.com\/?post_type=product&#038;p=217538"},"modified":"2026-02-09T13:01:53","modified_gmt":"2026-02-09T13:01:53","slug":"montessori-stofkasse","status":"publish","type":"product","link":"https:\/\/homeofwool.com\/da\/shop\/montessori-fabrics-box\/","title":{"rendered":"Montessori Stoffer Kasse"},"content":{"rendered":"<div data-elementor-type=\"product-post\" data-elementor-id=\"217538\" class=\"elementor elementor-217538\" data-elementor-post-type=\"product\">\n\t\t\t\t<div class=\"elementor-element elementor-element-438d2479 e-flex e-con-boxed e-con e-parent\" data-id=\"438d2479\" data-element_type=\"container\" data-e-type=\"container\">\n\t\t\t\t\t<div class=\"e-con-inner\">\n\t\t\t\t<div class=\"elementor-element elementor-element-6e6f3a81 elementor-widget elementor-widget-text-editor\" data-id=\"6e6f3a81\" data-element_type=\"widget\" data-e-type=\"widget\" data-widget_type=\"text-editor.default\">\n\t\t\t\t\t\t\t\t\t<p>Dr. Maria Montessori designede og udviklede sensoriske materialer for at hj\u00e6lpe b\u00f8rn med at udvikle og forfine deres fem sanser: smagssansen, lugtesansen, f\u00f8lesansen, h\u00f8resansen og synssansen.<p>I Montessori-klasser og hjem over hele verden opfordres b\u00f8rn til at l\u00e6re gennem deres h\u00e6nder \u2013 ved at r\u00f8re, f\u00f8le og g\u00f8re.<p>Montessori Fabrics Box er designet til at udvikle og forfine b\u00f8rnenes taktile sans, mens de pr\u00f8ver at matche stofferne to og to, n\u00e5r en voksen viser dem, hvordan man g\u00f8r. F\u00f8rst med \u00e5bne \u00f8jne og derefter med bind for \u00f8jnene.<p>Vores Home of Wool Fabrics Box indeholder 6 par helt naturlige, ufarvede og ublegede stoffer (9 x 9 cm \/ 3,5 x 3,5\u2019\u2019) i en karton\u00e6ske:<p>100% \u00d8kologisk bomuld<p>100% Linned<p>62% Linned 38% Bomuld<p>100% Jomfruuld<p>Morb\u00e6rsilke<p>Uldvattering<p>Alle disse stoffer har en meget specifik tekstur, og vi er sikre p\u00e5, at b\u00e5de b\u00f8rn og for\u00e6ldre vil opdage meget gennem dette materiale.<p>N\u00e5r dine b\u00f8rn er klar til det, kan du ogs\u00e5 fort\u00e6lle dem navnene p\u00e5 stofferne, hvilket yderligere \u00f8ger deres ordforr\u00e5d, samtidig med at du fort\u00e6ller dem om, hvordan disse stoffer er blevet fremstillet.<p>Historien om fremstillingen af morb\u00e6rsilke er s\u00e6rligt interessant. Du kan endda g\u00e5 et skridt videre og passe en silkeorm i et stykke tid og v\u00e6re vidne til dens forvandling: fodre den med morb\u00e6rblade, se den forvandle sig til en kokon og derefter til en sommerfugl!<p>Der er s\u00e5 mange historier bag hvert af vores stoffer, som dit barn vil elske at h\u00f8re!<p>Tid: 1-3 dage<br \/>Leveringstid: 1-4 uger<br \/>Send os en besked for at anmode om ekspresforsendelse.\t\t\t\t\t\t\t\t<\/div>\n\t\t\t\t\t<\/div>\n\t\t\t\t<\/div>\n\t\t\t\t<\/div>","protected":false},"excerpt":{"rendered":"<p>Denne Montessori Fabrics Box er en smuk og enkel m\u00e5de at stimulere dit barns f\u00f8lesans gennem leg. Med n\u00f8je udvalgte naturlige stofpr\u00f8ver til b\u00f8rn v\u00e6kker den nysgerrighed, styrker sanserne og skaber gl\u00e6delige \u00f8jeblikke med nye opdagelser.<\/p>\n<div class=\"global-icon-set\">\n<div class=\"global-icon-set__items\">\n<div class=\"global-icon-set__item\">\n<div class=\"global-icon-set__image\">\n                                    <img decoding=\"async\" src=\"https:\/\/homeofwool.com\/wp-content\/uploads\/2025\/09\/handmade-icon-300x300.png\" alt=\"H\u00e5ndlavet ikon\" \/>\n                                <\/div>\n<div class=\"global-icon-set__title\">H\u00e5ndlavet<\/div>\n<\/p><\/div>\n<div class=\"global-icon-set__item\">\n<div class=\"global-icon-set__image\">\n                                    <img decoding=\"async\" src=\"https:\/\/homeofwool.com\/wp-content\/uploads\/2025\/09\/VOCs-min-300x300.png\" alt=\"Vocs gratis\" \/>\n                                <\/div>\n<div class=\"global-icon-set__title\">Fri for VOC'er<\/div>\n<\/p><\/div>\n<div class=\"global-icon-set__item\">\n<div class=\"global-icon-set__image\">\n                                    <img decoding=\"async\" src=\"https:\/\/homeofwool.com\/wp-content\/uploads\/2025\/09\/Hypoallergenic-min-300x300.png\" alt=\"Hypoallergenisk ikon\" \/>\n                                <\/div>\n<div class=\"global-icon-set__title\">Hypoallergenisk<\/div>\n<\/p><\/div>\n<div class=\"global-icon-set__item\">\n<div class=\"global-icon-set__image\">\n                                    <img decoding=\"async\" src=\"https:\/\/homeofwool.com\/wp-content\/uploads\/2025\/09\/free-of-synthetics-icon-300x300.png\" alt=\"fri for syntetiske stoffer ikon\" \/>\n                                <\/div>\n<div class=\"global-icon-set__title\">Fri for syntetiske stoffer<\/div>\n<\/p><\/div>\n<div class=\"global-icon-set__item\">\n<div class=\"global-icon-set__image\">\n                                    <img decoding=\"async\" src=\"https:\/\/homeofwool.com\/wp-content\/uploads\/2025\/09\/chemical-free-icon-300x300.png\" alt=\"ikon for kemikaliefrihed\" \/>\n                                <\/div>\n<div class=\"global-icon-set__title\">Fri for kemikalier<\/div>\n<\/p><\/div>\n<div class=\"global-icon-set__item\">\n<div class=\"global-icon-set__image\">\n                                    <img decoding=\"async\" src=\"https:\/\/homeofwool.com\/wp-content\/uploads\/2025\/09\/certified-materials-icon-300x300.png\" alt=\"ikon for certificerede materialer\" \/>\n                                <\/div>\n<div class=\"global-icon-set__title\">100% rene certificerede materialer<\/div>\n<\/p><\/div>\n<\/p><\/div>\n<\/p><\/div>","protected":false},"featured_media":225363,"template":"","meta":{"_acf_changed":false},"product_brand":[],"product_cat":[265],"product_tag":[1370],"class_list":{"0":"post-217538","1":"product","2":"type-product","3":"status-publish","4":"has-post-thumbnail","6":"product_cat-playtime","7":"product_tag-nosteps","9":"first","10":"instock","11":"shipping-taxable","12":"purchasable","13":"product-type-simple"},"acf":[],"yoast_head":"<!-- This site is optimized with the Yoast SEO Premium plugin v27.4 (Yoast SEO v27.4) - https:\/\/yoast.com\/product\/yoast-seo-premium-wordpress\/ -->\n<title>Montessori Fabrics Box \u2013 Natural &amp; Educational for Kids | Home of Wool<\/title>\n<meta name=\"description\" content=\"Discover the Montessori Fabrics Box with authentic cotton, linen, wool, and silk. A natural sensory kit for tactile learning and mindful play.\" \/>\n<meta name=\"robots\" content=\"index, follow, max-snippet:-1, max-image-preview:large, max-video-preview:-1\" \/>\n<link rel=\"canonical\" href=\"https:\/\/homeofwool.com\/da\/butik\/montessori-stofkasse\/\" \/>\n<meta property=\"og:locale\" content=\"da_DK\" \/>\n<meta property=\"og:type\" content=\"article\" \/>\n<meta property=\"og:title\" content=\"Montessori Fabrics Box\" \/>\n<meta property=\"og:description\" content=\"Discover the Montessori Fabrics Box with authentic cotton, linen, wool, and silk. A natural sensory kit for tactile learning and mindful play.\" \/>\n<meta property=\"og:url\" content=\"https:\/\/homeofwool.com\/da\/butik\/montessori-stofkasse\/\" \/>\n<meta property=\"og:site_name\" content=\"Home of Wool\" \/>\n<meta property=\"article:publisher\" content=\"https:\/\/facebook.com\/HomeOfWoolOfficial\" \/>\n<meta property=\"article:modified_time\" content=\"2026-02-09T13:01:53+00:00\" \/>\n<meta property=\"og:image\" content=\"https:\/\/homeofwool.com\/wp-content\/uploads\/2025\/09\/home-of-wool-montessori-fabrics-box-1-main.jpg\" \/>\n\t<meta property=\"og:image:width\" content=\"1900\" \/>\n\t<meta property=\"og:image:height\" content=\"1520\" \/>\n\t<meta property=\"og:image:type\" content=\"image\/jpeg\" \/>\n<meta name=\"twitter:card\" content=\"summary_large_image\" \/>\n<meta name=\"twitter:label1\" content=\"Estimeret l\u00e6setid\" \/>\n\t<meta name=\"twitter:data1\" content=\"2 minutter\" \/>\n<script type=\"application\/ld+json\" class=\"yoast-schema-graph\">{\"@context\":\"https:\\\/\\\/schema.org\",\"@graph\":[{\"@type\":\"WebPage\",\"@id\":\"https:\\\/\\\/homeofwool.com\\\/shop\\\/montessori-fabrics-box\\\/\",\"url\":\"https:\\\/\\\/homeofwool.com\\\/shop\\\/montessori-fabrics-box\\\/\",\"name\":\"Montessori Fabrics Box \u2013 Natural & Educational for Kids | Home of Wool\",\"isPartOf\":{\"@id\":\"https:\\\/\\\/homeofwool.com\\\/#website\"},\"primaryImageOfPage\":{\"@id\":\"https:\\\/\\\/homeofwool.com\\\/shop\\\/montessori-fabrics-box\\\/#primaryimage\"},\"image\":{\"@id\":\"https:\\\/\\\/homeofwool.com\\\/shop\\\/montessori-fabrics-box\\\/#primaryimage\"},\"thumbnailUrl\":\"https:\\\/\\\/homeofwool.com\\\/wp-content\\\/uploads\\\/2025\\\/09\\\/home-of-wool-montessori-fabrics-box-1-main.jpg\",\"datePublished\":\"2025-09-02T12:00:56+00:00\",\"dateModified\":\"2026-02-09T13:01:53+00:00\",\"description\":\"Discover the Montessori Fabrics Box with authentic cotton, linen, wool, and silk. A natural sensory kit for tactile learning and mindful play.\",\"breadcrumb\":{\"@id\":\"https:\\\/\\\/homeofwool.com\\\/shop\\\/montessori-fabrics-box\\\/#breadcrumb\"},\"inLanguage\":\"da-DK\",\"potentialAction\":[{\"@type\":\"ReadAction\",\"target\":[\"https:\\\/\\\/homeofwool.com\\\/shop\\\/montessori-fabrics-box\\\/\"]}]},{\"@type\":\"ImageObject\",\"inLanguage\":\"da-DK\",\"@id\":\"https:\\\/\\\/homeofwool.com\\\/shop\\\/montessori-fabrics-box\\\/#primaryimage\",\"url\":\"https:\\\/\\\/homeofwool.com\\\/wp-content\\\/uploads\\\/2025\\\/09\\\/home-of-wool-montessori-fabrics-box-1-main.jpg\",\"contentUrl\":\"https:\\\/\\\/homeofwool.com\\\/wp-content\\\/uploads\\\/2025\\\/09\\\/home-of-wool-montessori-fabrics-box-1-main.jpg\",\"width\":1900,\"height\":1520,\"caption\":\"Montessori fabrics box with fabrics laid out\"},{\"@type\":\"BreadcrumbList\",\"@id\":\"https:\\\/\\\/homeofwool.com\\\/shop\\\/montessori-fabrics-box\\\/#breadcrumb\",\"itemListElement\":[{\"@type\":\"ListItem\",\"position\":1,\"name\":\"Home\",\"item\":\"https:\\\/\\\/homeofwool.com\\\/\"},{\"@type\":\"ListItem\",\"position\":2,\"name\":\"Products\",\"item\":\"https:\\\/\\\/homeofwool.com\\\/header-search-2\\\/\"},{\"@type\":\"ListItem\",\"position\":3,\"name\":\"Montessori Fabrics Box\"}]},{\"@type\":\"WebSite\",\"@id\":\"https:\\\/\\\/homeofwool.com\\\/#website\",\"url\":\"https:\\\/\\\/homeofwool.com\\\/\",\"name\":\"Home of Wool\",\"description\":\"\",\"publisher\":{\"@id\":\"https:\\\/\\\/homeofwool.com\\\/#organization\"},\"potentialAction\":[{\"@type\":\"SearchAction\",\"target\":{\"@type\":\"EntryPoint\",\"urlTemplate\":\"https:\\\/\\\/homeofwool.com\\\/?s={search_term_string}\"},\"query-input\":{\"@type\":\"PropertyValueSpecification\",\"valueRequired\":true,\"valueName\":\"search_term_string\"}}],\"inLanguage\":\"da-DK\"},{\"@type\":\"Organization\",\"@id\":\"https:\\\/\\\/homeofwool.com\\\/#organization\",\"name\":\"Home of Wool\",\"url\":\"https:\\\/\\\/homeofwool.com\\\/\",\"logo\":{\"@type\":\"ImageObject\",\"inLanguage\":\"da-DK\",\"@id\":\"https:\\\/\\\/homeofwool.com\\\/#\\\/schema\\\/logo\\\/image\\\/\",\"url\":\"https:\\\/\\\/homeofwool.com\\\/wp-content\\\/uploads\\\/2025\\\/09\\\/WhatsApp-Image-2025-12-02-at-16.23.20.jpeg\",\"contentUrl\":\"https:\\\/\\\/homeofwool.com\\\/wp-content\\\/uploads\\\/2025\\\/09\\\/WhatsApp-Image-2025-12-02-at-16.23.20.jpeg\",\"width\":700,\"height\":247,\"caption\":\"Home of Wool\"},\"image\":{\"@id\":\"https:\\\/\\\/homeofwool.com\\\/#\\\/schema\\\/logo\\\/image\\\/\"},\"sameAs\":[\"https:\\\/\\\/facebook.com\\\/HomeOfWoolOfficial\"]}]}<\/script>\n<!-- \/ Yoast SEO Premium plugin. -->","yoast_head_json":{"title":"Montessori Fabrics Box \u2013 Naturligt og l\u00e6rerigt for b\u00f8rn | Home of Wool","description":"Oplev Montessori Fabrics Box med \u00e6gte bomuld, h\u00f8r, uld og silke. Et naturligt sensorisk s\u00e6t til taktil l\u00e6ring og bevidst leg.","robots":{"index":"index","follow":"follow","max-snippet":"max-snippet:-1","max-image-preview":"max-image-preview:large","max-video-preview":"max-video-preview:-1"},"canonical":"https:\/\/homeofwool.com\/da\/butik\/montessori-stofkasse\/","og_locale":"da_DK","og_type":"article","og_title":"Montessori Fabrics Box","og_description":"Discover the Montessori Fabrics Box with authentic cotton, linen, wool, and silk. A natural sensory kit for tactile learning and mindful play.","og_url":"https:\/\/homeofwool.com\/da\/butik\/montessori-stofkasse\/","og_site_name":"Home of Wool","article_publisher":"https:\/\/facebook.com\/HomeOfWoolOfficial","article_modified_time":"2026-02-09T13:01:53+00:00","og_image":[{"width":1900,"height":1520,"url":"https:\/\/homeofwool.com\/wp-content\/uploads\/2025\/09\/home-of-wool-montessori-fabrics-box-1-main.jpg","type":"image\/jpeg"}],"twitter_card":"summary_large_image","twitter_misc":{"Estimeret l\u00e6setid":"2 minutter"},"schema":{"@context":"https:\/\/schema.org","@graph":[{"@type":"WebPage","@id":"https:\/\/homeofwool.com\/shop\/montessori-fabrics-box\/","url":"https:\/\/homeofwool.com\/shop\/montessori-fabrics-box\/","name":"Montessori Fabrics Box \u2013 Naturligt og l\u00e6rerigt for b\u00f8rn | Home of Wool","isPartOf":{"@id":"https:\/\/homeofwool.com\/#website"},"primaryImageOfPage":{"@id":"https:\/\/homeofwool.com\/shop\/montessori-fabrics-box\/#primaryimage"},"image":{"@id":"https:\/\/homeofwool.com\/shop\/montessori-fabrics-box\/#primaryimage"},"thumbnailUrl":"https:\/\/homeofwool.com\/wp-content\/uploads\/2025\/09\/home-of-wool-montessori-fabrics-box-1-main.jpg","datePublished":"2025-09-02T12:00:56+00:00","dateModified":"2026-02-09T13:01:53+00:00","description":"Oplev Montessori Fabrics Box med \u00e6gte bomuld, h\u00f8r, uld og silke. Et naturligt sensorisk s\u00e6t til taktil l\u00e6ring og bevidst leg.","breadcrumb":{"@id":"https:\/\/homeofwool.com\/shop\/montessori-fabrics-box\/#breadcrumb"},"inLanguage":"da-DK","potentialAction":[{"@type":"ReadAction","target":["https:\/\/homeofwool.com\/shop\/montessori-fabrics-box\/"]}]},{"@type":"ImageObject","inLanguage":"da-DK","@id":"https:\/\/homeofwool.com\/shop\/montessori-fabrics-box\/#primaryimage","url":"https:\/\/homeofwool.com\/wp-content\/uploads\/2025\/09\/home-of-wool-montessori-fabrics-box-1-main.jpg","contentUrl":"https:\/\/homeofwool.com\/wp-content\/uploads\/2025\/09\/home-of-wool-montessori-fabrics-box-1-main.jpg","width":1900,"height":1520,"caption":"Montessori fabrics box with fabrics laid out"},{"@type":"BreadcrumbList","@id":"https:\/\/homeofwool.com\/shop\/montessori-fabrics-box\/#breadcrumb","itemListElement":[{"@type":"ListItem","position":1,"name":"Home","item":"https:\/\/homeofwool.com\/"},{"@type":"ListItem","position":2,"name":"Products","item":"https:\/\/homeofwool.com\/header-search-2\/"},{"@type":"ListItem","position":3,"name":"Montessori Fabrics Box"}]},{"@type":"WebSite","@id":"https:\/\/homeofwool.com\/#website","url":"https:\/\/homeofwool.com\/","name":"Hjemsted for uld","description":"","publisher":{"@id":"https:\/\/homeofwool.com\/#organization"},"potentialAction":[{"@type":"SearchAction","target":{"@type":"EntryPoint","urlTemplate":"https:\/\/homeofwool.com\/?s={search_term_string}"},"query-input":{"@type":"PropertyValueSpecification","valueRequired":true,"valueName":"search_term_string"}}],"inLanguage":"da-DK"},{"@type":"Organization","@id":"https:\/\/homeofwool.com\/#organization","name":"Hjemsted for uld","url":"https:\/\/homeofwool.com\/","logo":{"@type":"ImageObject","inLanguage":"da-DK","@id":"https:\/\/homeofwool.com\/#\/schema\/logo\/image\/","url":"https:\/\/homeofwool.com\/wp-content\/uploads\/2025\/09\/WhatsApp-Image-2025-12-02-at-16.23.20.jpeg","contentUrl":"https:\/\/homeofwool.com\/wp-content\/uploads\/2025\/09\/WhatsApp-Image-2025-12-02-at-16.23.20.jpeg","width":700,"height":247,"caption":"Home of Wool"},"image":{"@id":"https:\/\/homeofwool.com\/#\/schema\/logo\/image\/"},"sameAs":["https:\/\/facebook.com\/HomeOfWoolOfficial"]}]}},"_links":{"self":[{"href":"https:\/\/homeofwool.com\/da\/wp-json\/wp\/v2\/product\/217538","targetHints":{"allow":["GET"]}}],"collection":[{"href":"https:\/\/homeofwool.com\/da\/wp-json\/wp\/v2\/product"}],"about":[{"href":"https:\/\/homeofwool.com\/da\/wp-json\/wp\/v2\/types\/product"}],"version-history":[{"count":1,"href":"https:\/\/homeofwool.com\/da\/wp-json\/wp\/v2\/product\/217538\/revisions"}],"predecessor-version":[{"id":227861,"href":"https:\/\/homeofwool.com\/da\/wp-json\/wp\/v2\/product\/217538\/revisions\/227861"}],"wp:featuredmedia":[{"embeddable":true,"href":"https:\/\/homeofwool.com\/da\/wp-json\/wp\/v2\/media\/225363"}],"wp:attachment":[{"href":"https:\/\/homeofwool.com\/da\/wp-json\/wp\/v2\/media?parent=217538"}],"wp:term":[{"taxonomy":"product_brand","embeddable":true,"href":"https:\/\/homeofwool.com\/da\/wp-json\/wp\/v2\/product_brand?post=217538"},{"taxonomy":"product_cat","embeddable":true,"href":"https:\/\/homeofwool.com\/da\/wp-json\/wp\/v2\/product_cat?post=217538"},{"taxonomy":"product_tag","embeddable":true,"href":"https:\/\/homeofwool.com\/da\/wp-json\/wp\/v2\/product_tag?post=217538"}],"curies":[{"name":"wp","href":"https:\/\/api.w.org\/{rel}","templated":true}]}}