{"id":217535,"date":"2025-09-02T12:00:56","date_gmt":"2025-09-02T12:00:56","guid":{"rendered":"https:\/\/homeofwool.com\/?post_type=product&#038;p=217535"},"modified":"2026-04-17T12:46:10","modified_gmt":"2026-04-17T12:46:10","slug":"ergonomisk-pudebetraek","status":"publish","type":"product","link":"https:\/\/homeofwool.com\/da\/shop\/ergonomic-pillowcase\/","title":{"rendered":"Ergonomisk pudebetr\u00e6k"},"content":{"rendered":"<p>Vores ergonomiske pudebetr\u00e6k er formet, s\u00e5 det passer til vores ergonomiske puder, hvilket giver dig en p\u00e6n og sikker pasform, der forbliver glat hele natten. Hvert specialfremstillet pudebetr\u00e6k er h\u00e5ndlavet i naturlige stoffer. V\u00e6lg mellem merinouldjersey, morb\u00e6rsilke eller en blanding af 59% h\u00f8r og 41% bomuld. Uanset hvilket stof du v\u00e6lger, f\u00e5r du en naturlig pudebetr\u00e6k, der er bl\u00f8d at r\u00f8re ved og holder sig flot med tiden.<\/p>\n<p>Disse naturlige fibre lader luften cirkulere frit, s\u00e5 dit behagelige pudebetr\u00e6k f\u00f8les k\u00f8ligt om sommeren og varmt om vinteren. De er ogs\u00e5 modstandsdygtige over for st\u00f8vmider og skimmel, hvilket g\u00f8r dette til et allergivenligt pudebetr\u00e6k, du kan stole p\u00e5, hvis du har astma eller allergi. Hvert specialsyet pudebetr\u00e6k er en del af vores id\u00e9 om b\u00e6redygtig luksus: helt naturligt, praktisk og designet med henblik p\u00e5 din sundhed og komfort.<\/p>\n<p>Hvert h\u00e5ndlavet pudebetr\u00e6k er sk\u00e5ret og syet, s\u00e5 det passer perfekt til vores ergonomiske puder, og du kan bestille stofpr\u00f8ver f\u00f8rst for at v\u00e6re sikker p\u00e5, at du har fundet den tekstur, du elsker.<\/p>\n<p><strong>FREMSTILLING OG FORSENDELSE:<\/strong><br \/>\nStandard produktionstid: 5-7 dage<br \/>\nGratis leveringstid: 1-4 uger<br \/>\nEkspresleveringstid: 3-4 dage<\/p>","protected":false},"excerpt":{"rendered":"<p>Overvejer du, hvordan du kan betr\u00e6kke din ergonomiske pude uden at den glider og f\u00f8les ubehagelig? Dette h\u00e5ndlavede pudebetr\u00e6k er syet, s\u00e5 det passer til pudens form, og er fremstillet af naturlige stoffer, der \u00e5nder med dig. Et lille, men gennemt\u00e6nkt \u00f8kologisk senget\u00f8jsaccessorie, der giver dig komforten af et giftfrit pudebetr\u00e6k, der er lavet til at holde.<\/p>\n<p><strong>ST\u00d8RRELSE<\/strong>:<\/p>\n<ul>\n<li>H\u00f8jt loft: 20 x 13 x 5\u2033 (51 x 33 x 13 cm)<\/li>\n<li>Lavt loft: 20 x 13 x 2,5\u2033 (51 x 33 x 6,5 cm)<\/li>\n<\/ul>\n<div class=\"global-icon-set\">\n<div class=\"global-icon-set__items\">\n<div class=\"global-icon-set__item\">\n<div class=\"global-icon-set__image\">\n                                    <img decoding=\"async\" src=\"https:\/\/homeofwool.com\/wp-content\/uploads\/2025\/09\/handmade-icon-300x300.png\" alt=\"H\u00e5ndlavet ikon\" \/>\n                                <\/div>\n<div class=\"global-icon-set__title\">H\u00e5ndlavet<\/div>\n<\/p><\/div>\n<div class=\"global-icon-set__item\">\n<div class=\"global-icon-set__image\">\n                                    <img decoding=\"async\" src=\"https:\/\/homeofwool.com\/wp-content\/uploads\/2025\/09\/VOCs-min-300x300.png\" alt=\"Vocs gratis\" \/>\n                                <\/div>\n<div class=\"global-icon-set__title\">Fri for VOC'er<\/div>\n<\/p><\/div>\n<div class=\"global-icon-set__item\">\n<div class=\"global-icon-set__image\">\n                                    <img decoding=\"async\" src=\"https:\/\/homeofwool.com\/wp-content\/uploads\/2025\/09\/free-of-synthetics-icon-300x300.png\" alt=\"fri for syntetiske stoffer ikon\" \/>\n                                <\/div>\n<div class=\"global-icon-set__title\">Fri for syntetiske stoffer<\/div>\n<\/p><\/div>\n<div class=\"global-icon-set__item\">\n<div class=\"global-icon-set__image\">\n                                    <img decoding=\"async\" src=\"https:\/\/homeofwool.com\/wp-content\/uploads\/2025\/09\/chemical-free-icon-300x300.png\" alt=\"ikon for kemikaliefrihed\" \/>\n                                <\/div>\n<div class=\"global-icon-set__title\">Fri for kemikalier<\/div>\n<\/p><\/div>\n<div class=\"global-icon-set__item\">\n<div class=\"global-icon-set__image\">\n                                    <img decoding=\"async\" src=\"https:\/\/homeofwool.com\/wp-content\/uploads\/2025\/09\/certified-materials-icon-300x300.png\" alt=\"ikon for certificerede materialer\" \/>\n                                <\/div>\n<div class=\"global-icon-set__title\">100% rene certificerede materialer<\/div>\n<\/p><\/div>\n<\/p><\/div>\n<\/p><\/div>","protected":false},"featured_media":219327,"template":"","meta":{"_acf_changed":false},"product_brand":[],"product_cat":[254],"product_tag":[255,256,257,1370,258,259,260],"class_list":{"0":"post-217535","1":"product","2":"type-product","3":"status-publish","4":"has-post-thumbnail","6":"product_cat-pillows-pillowcases","7":"product_tag-contour-pillow-case-covers","8":"product_tag-ergonomic-pillow-case","9":"product_tag-ergonomic-pillowcase","10":"product_tag-nosteps","11":"product_tag-pillowcase-for-ergonomic-pillow","12":"product_tag-pillowcase-for-orthopedic-pillows","13":"product_tag-pillowcase-for-side-sleeper-pillow","15":"first","16":"instock","17":"shipping-taxable","18":"purchasable","19":"product-type-simple"},"acf":[],"yoast_head":"<!-- This site is optimized with the Yoast SEO Premium plugin v27.4 (Yoast SEO v27.4) - https:\/\/yoast.com\/product\/yoast-seo-premium-wordpress\/ -->\n<title>Ergonomic Pillowcase \u2013 Breathable Pillow Cover | Home of Wool<\/title>\n<meta name=\"description\" content=\"Handmade ergonomic pillowcase crafted from natural fabrics\u2014merino wool, silk, or linen-cotton blend. Breathable, hypoallergenic, and custom-fit for lasting comfort.\" \/>\n<meta name=\"robots\" content=\"index, follow, max-snippet:-1, max-image-preview:large, max-video-preview:-1\" \/>\n<link rel=\"canonical\" href=\"https:\/\/homeofwool.com\/da\/butik\/ergonomisk-pudebetraek\/\" \/>\n<meta property=\"og:locale\" content=\"da_DK\" \/>\n<meta property=\"og:type\" content=\"article\" \/>\n<meta property=\"og:title\" content=\"Ergonomic Pillowcase\" \/>\n<meta property=\"og:description\" content=\"Handmade ergonomic pillowcase crafted from natural fabrics\u2014merino wool, silk, or linen-cotton blend. Breathable, hypoallergenic, and custom-fit for lasting comfort.\" \/>\n<meta property=\"og:url\" content=\"https:\/\/homeofwool.com\/da\/butik\/ergonomisk-pudebetraek\/\" \/>\n<meta property=\"og:site_name\" content=\"Home of Wool\" \/>\n<meta property=\"article:publisher\" content=\"https:\/\/facebook.com\/HomeOfWoolOfficial\" \/>\n<meta property=\"article:modified_time\" content=\"2026-04-17T12:46:10+00:00\" \/>\n<meta property=\"og:image\" content=\"https:\/\/homeofwool.com\/wp-content\/uploads\/2025\/09\/home-of-wool-ergonomic-pillowcase-1-main.jpg\" \/>\n\t<meta property=\"og:image:width\" content=\"2000\" \/>\n\t<meta property=\"og:image:height\" content=\"1600\" \/>\n\t<meta property=\"og:image:type\" content=\"image\/jpeg\" \/>\n<meta name=\"twitter:card\" content=\"summary_large_image\" \/>\n<meta name=\"twitter:label1\" content=\"Estimeret l\u00e6setid\" \/>\n\t<meta name=\"twitter:data1\" content=\"1 minut\" \/>\n<script type=\"application\/ld+json\" class=\"yoast-schema-graph\">{\"@context\":\"https:\\\/\\\/schema.org\",\"@graph\":[{\"@type\":\"WebPage\",\"@id\":\"https:\\\/\\\/homeofwool.com\\\/shop\\\/ergonomic-pillowcase\\\/\",\"url\":\"https:\\\/\\\/homeofwool.com\\\/shop\\\/ergonomic-pillowcase\\\/\",\"name\":\"Ergonomic Pillowcase \u2013 Breathable Pillow Cover | Home of Wool\",\"isPartOf\":{\"@id\":\"https:\\\/\\\/homeofwool.com\\\/#website\"},\"primaryImageOfPage\":{\"@id\":\"https:\\\/\\\/homeofwool.com\\\/shop\\\/ergonomic-pillowcase\\\/#primaryimage\"},\"image\":{\"@id\":\"https:\\\/\\\/homeofwool.com\\\/shop\\\/ergonomic-pillowcase\\\/#primaryimage\"},\"thumbnailUrl\":\"https:\\\/\\\/homeofwool.com\\\/wp-content\\\/uploads\\\/2025\\\/09\\\/home-of-wool-ergonomic-pillowcase-1-main.jpg\",\"datePublished\":\"2025-09-02T12:00:56+00:00\",\"dateModified\":\"2026-04-17T12:46:10+00:00\",\"description\":\"Handmade ergonomic pillowcase crafted from natural fabrics\u2014merino wool, silk, or linen-cotton blend. Breathable, hypoallergenic, and custom-fit for lasting comfort.\",\"breadcrumb\":{\"@id\":\"https:\\\/\\\/homeofwool.com\\\/shop\\\/ergonomic-pillowcase\\\/#breadcrumb\"},\"inLanguage\":\"da-DK\",\"potentialAction\":[{\"@type\":\"ReadAction\",\"target\":[\"https:\\\/\\\/homeofwool.com\\\/shop\\\/ergonomic-pillowcase\\\/\"]}]},{\"@type\":\"ImageObject\",\"inLanguage\":\"da-DK\",\"@id\":\"https:\\\/\\\/homeofwool.com\\\/shop\\\/ergonomic-pillowcase\\\/#primaryimage\",\"url\":\"https:\\\/\\\/homeofwool.com\\\/wp-content\\\/uploads\\\/2025\\\/09\\\/home-of-wool-ergonomic-pillowcase-1-main.jpg\",\"contentUrl\":\"https:\\\/\\\/homeofwool.com\\\/wp-content\\\/uploads\\\/2025\\\/09\\\/home-of-wool-ergonomic-pillowcase-1-main.jpg\",\"width\":2000,\"height\":1600,\"caption\":\"home of wool ergonomic pillowcase\"},{\"@type\":\"BreadcrumbList\",\"@id\":\"https:\\\/\\\/homeofwool.com\\\/shop\\\/ergonomic-pillowcase\\\/#breadcrumb\",\"itemListElement\":[{\"@type\":\"ListItem\",\"position\":1,\"name\":\"Home\",\"item\":\"https:\\\/\\\/homeofwool.com\\\/\"},{\"@type\":\"ListItem\",\"position\":2,\"name\":\"Products\",\"item\":\"https:\\\/\\\/homeofwool.com\\\/header-search-2\\\/\"},{\"@type\":\"ListItem\",\"position\":3,\"name\":\"Ergonomic Pillowcase\"}]},{\"@type\":\"WebSite\",\"@id\":\"https:\\\/\\\/homeofwool.com\\\/#website\",\"url\":\"https:\\\/\\\/homeofwool.com\\\/\",\"name\":\"Home of Wool\",\"description\":\"\",\"publisher\":{\"@id\":\"https:\\\/\\\/homeofwool.com\\\/#organization\"},\"potentialAction\":[{\"@type\":\"SearchAction\",\"target\":{\"@type\":\"EntryPoint\",\"urlTemplate\":\"https:\\\/\\\/homeofwool.com\\\/?s={search_term_string}\"},\"query-input\":{\"@type\":\"PropertyValueSpecification\",\"valueRequired\":true,\"valueName\":\"search_term_string\"}}],\"inLanguage\":\"da-DK\"},{\"@type\":\"Organization\",\"@id\":\"https:\\\/\\\/homeofwool.com\\\/#organization\",\"name\":\"Home of Wool\",\"url\":\"https:\\\/\\\/homeofwool.com\\\/\",\"logo\":{\"@type\":\"ImageObject\",\"inLanguage\":\"da-DK\",\"@id\":\"https:\\\/\\\/homeofwool.com\\\/#\\\/schema\\\/logo\\\/image\\\/\",\"url\":\"https:\\\/\\\/homeofwool.com\\\/wp-content\\\/uploads\\\/2025\\\/09\\\/WhatsApp-Image-2025-12-02-at-16.23.20.jpeg\",\"contentUrl\":\"https:\\\/\\\/homeofwool.com\\\/wp-content\\\/uploads\\\/2025\\\/09\\\/WhatsApp-Image-2025-12-02-at-16.23.20.jpeg\",\"width\":700,\"height\":247,\"caption\":\"Home of Wool\"},\"image\":{\"@id\":\"https:\\\/\\\/homeofwool.com\\\/#\\\/schema\\\/logo\\\/image\\\/\"},\"sameAs\":[\"https:\\\/\\\/facebook.com\\\/HomeOfWoolOfficial\"]}]}<\/script>\n<!-- \/ Yoast SEO Premium plugin. -->","yoast_head_json":{"title":"Ergonomisk pudebetr\u00e6k \u2013 \u00c5ndbart pudebetr\u00e6k | Home of Wool","description":"H\u00e5ndlavet ergonomisk pudebetr\u00e6k fremstillet af naturlige stoffer \u2013 merinould, silke eller en blanding af h\u00f8r og bomuld. \u00c5ndbart, allergivenligt og skr\u00e6ddersyet til langvarig komfort.","robots":{"index":"index","follow":"follow","max-snippet":"max-snippet:-1","max-image-preview":"max-image-preview:large","max-video-preview":"max-video-preview:-1"},"canonical":"https:\/\/homeofwool.com\/da\/butik\/ergonomisk-pudebetraek\/","og_locale":"da_DK","og_type":"article","og_title":"Ergonomic Pillowcase","og_description":"Handmade ergonomic pillowcase crafted from natural fabrics\u2014merino wool, silk, or linen-cotton blend. Breathable, hypoallergenic, and custom-fit for lasting comfort.","og_url":"https:\/\/homeofwool.com\/da\/butik\/ergonomisk-pudebetraek\/","og_site_name":"Home of Wool","article_publisher":"https:\/\/facebook.com\/HomeOfWoolOfficial","article_modified_time":"2026-04-17T12:46:10+00:00","og_image":[{"width":2000,"height":1600,"url":"https:\/\/homeofwool.com\/wp-content\/uploads\/2025\/09\/home-of-wool-ergonomic-pillowcase-1-main.jpg","type":"image\/jpeg"}],"twitter_card":"summary_large_image","twitter_misc":{"Estimeret l\u00e6setid":"1 minut"},"schema":{"@context":"https:\/\/schema.org","@graph":[{"@type":"WebPage","@id":"https:\/\/homeofwool.com\/shop\/ergonomic-pillowcase\/","url":"https:\/\/homeofwool.com\/shop\/ergonomic-pillowcase\/","name":"Ergonomisk pudebetr\u00e6k \u2013 \u00c5ndbart pudebetr\u00e6k | Home of Wool","isPartOf":{"@id":"https:\/\/homeofwool.com\/#website"},"primaryImageOfPage":{"@id":"https:\/\/homeofwool.com\/shop\/ergonomic-pillowcase\/#primaryimage"},"image":{"@id":"https:\/\/homeofwool.com\/shop\/ergonomic-pillowcase\/#primaryimage"},"thumbnailUrl":"https:\/\/homeofwool.com\/wp-content\/uploads\/2025\/09\/home-of-wool-ergonomic-pillowcase-1-main.jpg","datePublished":"2025-09-02T12:00:56+00:00","dateModified":"2026-04-17T12:46:10+00:00","description":"H\u00e5ndlavet ergonomisk pudebetr\u00e6k fremstillet af naturlige stoffer \u2013 merinould, silke eller en blanding af h\u00f8r og bomuld. \u00c5ndbart, allergivenligt og skr\u00e6ddersyet til langvarig komfort.","breadcrumb":{"@id":"https:\/\/homeofwool.com\/shop\/ergonomic-pillowcase\/#breadcrumb"},"inLanguage":"da-DK","potentialAction":[{"@type":"ReadAction","target":["https:\/\/homeofwool.com\/shop\/ergonomic-pillowcase\/"]}]},{"@type":"ImageObject","inLanguage":"da-DK","@id":"https:\/\/homeofwool.com\/shop\/ergonomic-pillowcase\/#primaryimage","url":"https:\/\/homeofwool.com\/wp-content\/uploads\/2025\/09\/home-of-wool-ergonomic-pillowcase-1-main.jpg","contentUrl":"https:\/\/homeofwool.com\/wp-content\/uploads\/2025\/09\/home-of-wool-ergonomic-pillowcase-1-main.jpg","width":2000,"height":1600,"caption":"home of wool ergonomic pillowcase"},{"@type":"BreadcrumbList","@id":"https:\/\/homeofwool.com\/shop\/ergonomic-pillowcase\/#breadcrumb","itemListElement":[{"@type":"ListItem","position":1,"name":"Home","item":"https:\/\/homeofwool.com\/"},{"@type":"ListItem","position":2,"name":"Products","item":"https:\/\/homeofwool.com\/header-search-2\/"},{"@type":"ListItem","position":3,"name":"Ergonomic Pillowcase"}]},{"@type":"WebSite","@id":"https:\/\/homeofwool.com\/#website","url":"https:\/\/homeofwool.com\/","name":"Hjemsted for uld","description":"","publisher":{"@id":"https:\/\/homeofwool.com\/#organization"},"potentialAction":[{"@type":"SearchAction","target":{"@type":"EntryPoint","urlTemplate":"https:\/\/homeofwool.com\/?s={search_term_string}"},"query-input":{"@type":"PropertyValueSpecification","valueRequired":true,"valueName":"search_term_string"}}],"inLanguage":"da-DK"},{"@type":"Organization","@id":"https:\/\/homeofwool.com\/#organization","name":"Hjemsted for uld","url":"https:\/\/homeofwool.com\/","logo":{"@type":"ImageObject","inLanguage":"da-DK","@id":"https:\/\/homeofwool.com\/#\/schema\/logo\/image\/","url":"https:\/\/homeofwool.com\/wp-content\/uploads\/2025\/09\/WhatsApp-Image-2025-12-02-at-16.23.20.jpeg","contentUrl":"https:\/\/homeofwool.com\/wp-content\/uploads\/2025\/09\/WhatsApp-Image-2025-12-02-at-16.23.20.jpeg","width":700,"height":247,"caption":"Home of Wool"},"image":{"@id":"https:\/\/homeofwool.com\/#\/schema\/logo\/image\/"},"sameAs":["https:\/\/facebook.com\/HomeOfWoolOfficial"]}]}},"_links":{"self":[{"href":"https:\/\/homeofwool.com\/da\/wp-json\/wp\/v2\/product\/217535","targetHints":{"allow":["GET"]}}],"collection":[{"href":"https:\/\/homeofwool.com\/da\/wp-json\/wp\/v2\/product"}],"about":[{"href":"https:\/\/homeofwool.com\/da\/wp-json\/wp\/v2\/types\/product"}],"version-history":[{"count":2,"href":"https:\/\/homeofwool.com\/da\/wp-json\/wp\/v2\/product\/217535\/revisions"}],"predecessor-version":[{"id":228888,"href":"https:\/\/homeofwool.com\/da\/wp-json\/wp\/v2\/product\/217535\/revisions\/228888"}],"wp:featuredmedia":[{"embeddable":true,"href":"https:\/\/homeofwool.com\/da\/wp-json\/wp\/v2\/media\/219327"}],"wp:attachment":[{"href":"https:\/\/homeofwool.com\/da\/wp-json\/wp\/v2\/media?parent=217535"}],"wp:term":[{"taxonomy":"product_brand","embeddable":true,"href":"https:\/\/homeofwool.com\/da\/wp-json\/wp\/v2\/product_brand?post=217535"},{"taxonomy":"product_cat","embeddable":true,"href":"https:\/\/homeofwool.com\/da\/wp-json\/wp\/v2\/product_cat?post=217535"},{"taxonomy":"product_tag","embeddable":true,"href":"https:\/\/homeofwool.com\/da\/wp-json\/wp\/v2\/product_tag?post=217535"}],"curies":[{"name":"wp","href":"https:\/\/api.w.org\/{rel}","templated":true}]}}