{"id":217530,"date":"2025-09-02T12:00:56","date_gmt":"2025-09-02T12:00:56","guid":{"rendered":"https:\/\/homeofwool.com\/?post_type=product&#038;p=217530"},"modified":"2026-03-26T13:50:11","modified_gmt":"2026-03-26T13:50:11","slug":"dynebetraek","status":"publish","type":"product","link":"https:\/\/homeofwool.com\/da\/shop\/duvet-cover\/","title":{"rendered":"Dynebetr\u00e6k"},"content":{"rendered":"<p>Home of Wool dynebetr\u00e6k kombinerer naturlige materialer og b\u00e6redygtigt h\u00e5ndv\u00e6rk, der giver ren sovekomfort. Du vil m\u00e5ske elske den luftige fornemmelse af et senget\u00f8j i h\u00f8r, den alsidige komfort af en blanding af h\u00f8r og bomuld eller den elegante glathed af et senget\u00f8j i silke. Uanset dit valg er alle stoffer rene og naturlige fra start til slut. Fremstillet uden farvestoffer og uden VOC'er. Perfekt til personer, der har brug for lindring fra allergi og en virkelig restituerende s\u00f8vn.<\/p>\n<p>Vi fremstiller hvert enkelt produkt, efter du har afgivet din ordre. Dit betr\u00e6k kan fremstilles i det stof, den st\u00f8rrelse og den lukning, du bedst kan lide. Hvis din dyne ikke har en standardst\u00f8rrelse, fremstiller vi et betr\u00e6k, der passer perfekt. Og hvis du gerne vil have broderi for at give det et mere personligt pr\u00e6g, kan vi ogs\u00e5 tilf\u00f8je det. For at f\u00e5 et perfekt match kan du komplettere dit senget\u00f8j med valgfri pudebetr\u00e6k. Ved at tilf\u00f8je pudebetr\u00e6k bliver dit betr\u00e6k til et s\u00e6t, der giver din seng et smukt finish. Og n\u00e5r du bestiller dem sammen, kan du spare op til 50% p\u00e5 prisen for pudebetr\u00e6k.<\/p>\n<p>Dette betr\u00e6k er fremstillet af naturlige fibre, der \u00e5nder med dig. Det forbliver behageligt s\u00e6son efter s\u00e6son. Der er ingen skjulte kemikalier eller afgasning. Nyd de rene materialer, som du kan f\u00f8le dig godt tilpas med at bringe ind i dit hjem.<\/p>","protected":false},"excerpt":{"rendered":"<p>Giv din dyne et lag naturlig komfort med vores premium dynebetr\u00e6k. Uanset om du nyder den k\u00f8lige fornemmelse af h\u00f8r, den glatte fornemmelse af morb\u00e6rsilke eller foretr\u00e6kker en bl\u00f8d blanding, der ligger midt imellem, har vi et stof, der passer til din s\u00f8vn. Alle varianter er uden syntetiske stoffer eller kemikalier, hvilket g\u00f8r dem til nogle af de bedste dynebetr\u00e6k til sunde, afslappende n\u00e6tter.<\/p>\n<div class=\"global-icon-set\">\n<div class=\"global-icon-set__items\">\n<div class=\"global-icon-set__item\">\n<div class=\"global-icon-set__image\">\n                                    <img decoding=\"async\" src=\"https:\/\/homeofwool.com\/wp-content\/uploads\/2025\/09\/handmade-icon-300x300.png\" alt=\"H\u00e5ndlavet ikon\" \/>\n                                <\/div>\n<div class=\"global-icon-set__title\">H\u00e5ndlavet<\/div>\n<\/p><\/div>\n<div class=\"global-icon-set__item\">\n<div class=\"global-icon-set__image\">\n                                    <img decoding=\"async\" src=\"https:\/\/homeofwool.com\/wp-content\/uploads\/2025\/09\/VOCs-min-300x300.png\" alt=\"Vocs gratis\" \/>\n                                <\/div>\n<div class=\"global-icon-set__title\">Fri for VOC'er<\/div>\n<\/p><\/div>\n<div class=\"global-icon-set__item\">\n<div class=\"global-icon-set__image\">\n                                    <img decoding=\"async\" src=\"https:\/\/homeofwool.com\/wp-content\/uploads\/2025\/09\/FR-min-300x300.png\" alt=\"Brandh\u00e6mmende ikon\" \/>\n                                <\/div>\n<div class=\"global-icon-set__title\">Flammeh\u00e6mmende<\/div>\n<\/p><\/div>\n<div class=\"global-icon-set__item\">\n<div class=\"global-icon-set__image\">\n                                    <img decoding=\"async\" src=\"https:\/\/homeofwool.com\/wp-content\/uploads\/2025\/09\/Hypoallergenic-min-300x300.png\" alt=\"Hypoallergenisk ikon\" \/>\n                                <\/div>\n<div class=\"global-icon-set__title\">Hypoallergenisk<\/div>\n<\/p><\/div>\n<div class=\"global-icon-set__item\">\n<div class=\"global-icon-set__image\">\n                                    <img decoding=\"async\" src=\"https:\/\/homeofwool.com\/wp-content\/uploads\/2025\/09\/free-of-synthetics-icon-300x300.png\" alt=\"fri for syntetiske stoffer ikon\" \/>\n                                <\/div>\n<div class=\"global-icon-set__title\">Fri for syntetiske stoffer<\/div>\n<\/p><\/div>\n<div class=\"global-icon-set__item\">\n<div class=\"global-icon-set__image\">\n                                    <img decoding=\"async\" src=\"https:\/\/homeofwool.com\/wp-content\/uploads\/2025\/09\/chemical-free-icon-300x300.png\" alt=\"ikon for kemikaliefrihed\" \/>\n                                <\/div>\n<div class=\"global-icon-set__title\">Fri for kemikalier<\/div>\n<\/p><\/div>\n<div class=\"global-icon-set__item\">\n<div class=\"global-icon-set__image\">\n                                    <img decoding=\"async\" src=\"https:\/\/homeofwool.com\/wp-content\/uploads\/2025\/09\/certified-materials-icon-300x300.png\" alt=\"ikon for certificerede materialer\" \/>\n                                <\/div>\n<div class=\"global-icon-set__title\">100% rene certificerede materialer<\/div>\n<\/p><\/div>\n<\/p><\/div>\n<\/p><\/div>","protected":false},"featured_media":223700,"template":"","meta":{"_acf_changed":false},"product_brand":[],"product_cat":[60,406],"product_tag":[428,435,436,430,433,149],"class_list":{"0":"post-217530","1":"product","2":"type-product","3":"status-publish","4":"has-post-thumbnail","6":"product_cat-blankets-duvets","7":"product_cat-protectors-covers-sheets","8":"product_tag-custom-comforter","9":"product_tag-duvet-cover-king","10":"product_tag-duvet-cover-queen","11":"product_tag-duvet-insert","12":"product_tag-quilt-covers","13":"product_tag-steps","15":"first","16":"instock","17":"shipping-taxable","18":"purchasable","19":"product-type-simple"},"acf":[],"yoast_head":"<!-- This site is optimized with the Yoast SEO Premium plugin v27.3 (Yoast SEO v27.3) - https:\/\/yoast.com\/product\/yoast-seo-premium-wordpress\/ -->\n<title>Duvet Cover \u2013 Silk, Linen, Wool, Natural Fabrics | Home of Wool<\/title>\n<meta name=\"description\" content=\"Natural, breathable, and chemical-free, the Duvet Cover adds eco-friendly comfort to your bed. Choose linen, silk, or blends for healthy, restful sleep with pure materials.\" \/>\n<meta name=\"robots\" content=\"index, follow, max-snippet:-1, max-image-preview:large, max-video-preview:-1\" \/>\n<link rel=\"canonical\" href=\"https:\/\/homeofwool.com\/da\/butik\/dynebetraek\/\" \/>\n<meta property=\"og:locale\" content=\"da_DK\" \/>\n<meta property=\"og:type\" content=\"article\" \/>\n<meta property=\"og:title\" content=\"Duvet Cover\" \/>\n<meta property=\"og:description\" content=\"Natural, breathable, and chemical-free, the Duvet Cover adds eco-friendly comfort to your bed. Choose linen, silk, or blends for healthy, restful sleep with pure materials.\" \/>\n<meta property=\"og:url\" content=\"https:\/\/homeofwool.com\/da\/butik\/dynebetraek\/\" \/>\n<meta property=\"og:site_name\" content=\"Home of Wool\" \/>\n<meta property=\"article:publisher\" content=\"https:\/\/facebook.com\/HomeOfWoolOfficial\" \/>\n<meta property=\"article:modified_time\" content=\"2026-03-26T13:50:11+00:00\" \/>\n<meta property=\"og:image\" content=\"https:\/\/homeofwool.com\/wp-content\/uploads\/2025\/09\/home-of-wool-duvet-cover-1-main.jpg\" \/>\n\t<meta property=\"og:image:width\" content=\"1905\" \/>\n\t<meta property=\"og:image:height\" content=\"1524\" \/>\n\t<meta property=\"og:image:type\" content=\"image\/jpeg\" \/>\n<meta name=\"twitter:card\" content=\"summary_large_image\" \/>\n<meta name=\"twitter:label1\" content=\"Estimeret l\u00e6setid\" \/>\n\t<meta name=\"twitter:data1\" content=\"2 minutter\" \/>\n<script type=\"application\/ld+json\" class=\"yoast-schema-graph\">{\"@context\":\"https:\\\/\\\/schema.org\",\"@graph\":[{\"@type\":\"WebPage\",\"@id\":\"https:\\\/\\\/homeofwool.com\\\/shop\\\/duvet-cover\\\/\",\"url\":\"https:\\\/\\\/homeofwool.com\\\/shop\\\/duvet-cover\\\/\",\"name\":\"Duvet Cover \u2013 Silk, Linen, Wool, Natural Fabrics | Home of Wool\",\"isPartOf\":{\"@id\":\"https:\\\/\\\/homeofwool.com\\\/#website\"},\"primaryImageOfPage\":{\"@id\":\"https:\\\/\\\/homeofwool.com\\\/shop\\\/duvet-cover\\\/#primaryimage\"},\"image\":{\"@id\":\"https:\\\/\\\/homeofwool.com\\\/shop\\\/duvet-cover\\\/#primaryimage\"},\"thumbnailUrl\":\"https:\\\/\\\/homeofwool.com\\\/wp-content\\\/uploads\\\/2025\\\/09\\\/home-of-wool-duvet-cover-1-main.jpg\",\"datePublished\":\"2025-09-02T12:00:56+00:00\",\"dateModified\":\"2026-03-26T13:50:11+00:00\",\"description\":\"Natural, breathable, and chemical-free, the Duvet Cover adds eco-friendly comfort to your bed. Choose linen, silk, or blends for healthy, restful sleep with pure materials.\",\"breadcrumb\":{\"@id\":\"https:\\\/\\\/homeofwool.com\\\/shop\\\/duvet-cover\\\/#breadcrumb\"},\"inLanguage\":\"da-DK\",\"potentialAction\":[{\"@type\":\"ReadAction\",\"target\":[\"https:\\\/\\\/homeofwool.com\\\/shop\\\/duvet-cover\\\/\"]}]},{\"@type\":\"ImageObject\",\"inLanguage\":\"da-DK\",\"@id\":\"https:\\\/\\\/homeofwool.com\\\/shop\\\/duvet-cover\\\/#primaryimage\",\"url\":\"https:\\\/\\\/homeofwool.com\\\/wp-content\\\/uploads\\\/2025\\\/09\\\/home-of-wool-duvet-cover-1-main.jpg\",\"contentUrl\":\"https:\\\/\\\/homeofwool.com\\\/wp-content\\\/uploads\\\/2025\\\/09\\\/home-of-wool-duvet-cover-1-main.jpg\",\"width\":1905,\"height\":1524,\"caption\":\"Wool duvet cover, in a bedroom setting\"},{\"@type\":\"BreadcrumbList\",\"@id\":\"https:\\\/\\\/homeofwool.com\\\/shop\\\/duvet-cover\\\/#breadcrumb\",\"itemListElement\":[{\"@type\":\"ListItem\",\"position\":1,\"name\":\"Home\",\"item\":\"https:\\\/\\\/homeofwool.com\\\/\"},{\"@type\":\"ListItem\",\"position\":2,\"name\":\"Products\",\"item\":\"https:\\\/\\\/homeofwool.com\\\/header-search-2\\\/\"},{\"@type\":\"ListItem\",\"position\":3,\"name\":\"Duvet Cover\"}]},{\"@type\":\"WebSite\",\"@id\":\"https:\\\/\\\/homeofwool.com\\\/#website\",\"url\":\"https:\\\/\\\/homeofwool.com\\\/\",\"name\":\"Home of Wool\",\"description\":\"\",\"publisher\":{\"@id\":\"https:\\\/\\\/homeofwool.com\\\/#organization\"},\"potentialAction\":[{\"@type\":\"SearchAction\",\"target\":{\"@type\":\"EntryPoint\",\"urlTemplate\":\"https:\\\/\\\/homeofwool.com\\\/?s={search_term_string}\"},\"query-input\":{\"@type\":\"PropertyValueSpecification\",\"valueRequired\":true,\"valueName\":\"search_term_string\"}}],\"inLanguage\":\"da-DK\"},{\"@type\":\"Organization\",\"@id\":\"https:\\\/\\\/homeofwool.com\\\/#organization\",\"name\":\"Home of Wool\",\"url\":\"https:\\\/\\\/homeofwool.com\\\/\",\"logo\":{\"@type\":\"ImageObject\",\"inLanguage\":\"da-DK\",\"@id\":\"https:\\\/\\\/homeofwool.com\\\/#\\\/schema\\\/logo\\\/image\\\/\",\"url\":\"https:\\\/\\\/homeofwool.com\\\/wp-content\\\/uploads\\\/2025\\\/09\\\/WhatsApp-Image-2025-12-02-at-16.23.20.jpeg\",\"contentUrl\":\"https:\\\/\\\/homeofwool.com\\\/wp-content\\\/uploads\\\/2025\\\/09\\\/WhatsApp-Image-2025-12-02-at-16.23.20.jpeg\",\"width\":700,\"height\":247,\"caption\":\"Home of Wool\"},\"image\":{\"@id\":\"https:\\\/\\\/homeofwool.com\\\/#\\\/schema\\\/logo\\\/image\\\/\"},\"sameAs\":[\"https:\\\/\\\/facebook.com\\\/HomeOfWoolOfficial\"]}]}<\/script>\n<!-- \/ Yoast SEO Premium plugin. -->","yoast_head_json":{"title":"Dynebetr\u00e6k \u2013 Silke, h\u00f8r, uld, naturlige stoffer | Home of Wool","description":"Duvet Cover er naturligt, \u00e5ndbart og kemikaliefrit og tilf\u00f8jer milj\u00f8venlig komfort til din seng. V\u00e6lg linned, silke eller blandinger for en sund og afslappende s\u00f8vn med rene materialer.","robots":{"index":"index","follow":"follow","max-snippet":"max-snippet:-1","max-image-preview":"max-image-preview:large","max-video-preview":"max-video-preview:-1"},"canonical":"https:\/\/homeofwool.com\/da\/butik\/dynebetraek\/","og_locale":"da_DK","og_type":"article","og_title":"Duvet Cover","og_description":"Natural, breathable, and chemical-free, the Duvet Cover adds eco-friendly comfort to your bed. Choose linen, silk, or blends for healthy, restful sleep with pure materials.","og_url":"https:\/\/homeofwool.com\/da\/butik\/dynebetraek\/","og_site_name":"Home of Wool","article_publisher":"https:\/\/facebook.com\/HomeOfWoolOfficial","article_modified_time":"2026-03-26T13:50:11+00:00","og_image":[{"width":1905,"height":1524,"url":"https:\/\/homeofwool.com\/wp-content\/uploads\/2025\/09\/home-of-wool-duvet-cover-1-main.jpg","type":"image\/jpeg"}],"twitter_card":"summary_large_image","twitter_misc":{"Estimeret l\u00e6setid":"2 minutter"},"schema":{"@context":"https:\/\/schema.org","@graph":[{"@type":"WebPage","@id":"https:\/\/homeofwool.com\/shop\/duvet-cover\/","url":"https:\/\/homeofwool.com\/shop\/duvet-cover\/","name":"Dynebetr\u00e6k \u2013 Silke, h\u00f8r, uld, naturlige stoffer | Home of Wool","isPartOf":{"@id":"https:\/\/homeofwool.com\/#website"},"primaryImageOfPage":{"@id":"https:\/\/homeofwool.com\/shop\/duvet-cover\/#primaryimage"},"image":{"@id":"https:\/\/homeofwool.com\/shop\/duvet-cover\/#primaryimage"},"thumbnailUrl":"https:\/\/homeofwool.com\/wp-content\/uploads\/2025\/09\/home-of-wool-duvet-cover-1-main.jpg","datePublished":"2025-09-02T12:00:56+00:00","dateModified":"2026-03-26T13:50:11+00:00","description":"Duvet Cover er naturligt, \u00e5ndbart og kemikaliefrit og tilf\u00f8jer milj\u00f8venlig komfort til din seng. V\u00e6lg linned, silke eller blandinger for en sund og afslappende s\u00f8vn med rene materialer.","breadcrumb":{"@id":"https:\/\/homeofwool.com\/shop\/duvet-cover\/#breadcrumb"},"inLanguage":"da-DK","potentialAction":[{"@type":"ReadAction","target":["https:\/\/homeofwool.com\/shop\/duvet-cover\/"]}]},{"@type":"ImageObject","inLanguage":"da-DK","@id":"https:\/\/homeofwool.com\/shop\/duvet-cover\/#primaryimage","url":"https:\/\/homeofwool.com\/wp-content\/uploads\/2025\/09\/home-of-wool-duvet-cover-1-main.jpg","contentUrl":"https:\/\/homeofwool.com\/wp-content\/uploads\/2025\/09\/home-of-wool-duvet-cover-1-main.jpg","width":1905,"height":1524,"caption":"Wool duvet cover, in a bedroom setting"},{"@type":"BreadcrumbList","@id":"https:\/\/homeofwool.com\/shop\/duvet-cover\/#breadcrumb","itemListElement":[{"@type":"ListItem","position":1,"name":"Home","item":"https:\/\/homeofwool.com\/"},{"@type":"ListItem","position":2,"name":"Products","item":"https:\/\/homeofwool.com\/header-search-2\/"},{"@type":"ListItem","position":3,"name":"Duvet Cover"}]},{"@type":"WebSite","@id":"https:\/\/homeofwool.com\/#website","url":"https:\/\/homeofwool.com\/","name":"Hjemsted for uld","description":"","publisher":{"@id":"https:\/\/homeofwool.com\/#organization"},"potentialAction":[{"@type":"SearchAction","target":{"@type":"EntryPoint","urlTemplate":"https:\/\/homeofwool.com\/?s={search_term_string}"},"query-input":{"@type":"PropertyValueSpecification","valueRequired":true,"valueName":"search_term_string"}}],"inLanguage":"da-DK"},{"@type":"Organization","@id":"https:\/\/homeofwool.com\/#organization","name":"Hjemsted for uld","url":"https:\/\/homeofwool.com\/","logo":{"@type":"ImageObject","inLanguage":"da-DK","@id":"https:\/\/homeofwool.com\/#\/schema\/logo\/image\/","url":"https:\/\/homeofwool.com\/wp-content\/uploads\/2025\/09\/WhatsApp-Image-2025-12-02-at-16.23.20.jpeg","contentUrl":"https:\/\/homeofwool.com\/wp-content\/uploads\/2025\/09\/WhatsApp-Image-2025-12-02-at-16.23.20.jpeg","width":700,"height":247,"caption":"Home of Wool"},"image":{"@id":"https:\/\/homeofwool.com\/#\/schema\/logo\/image\/"},"sameAs":["https:\/\/facebook.com\/HomeOfWoolOfficial"]}]}},"_links":{"self":[{"href":"https:\/\/homeofwool.com\/da\/wp-json\/wp\/v2\/product\/217530","targetHints":{"allow":["GET"]}}],"collection":[{"href":"https:\/\/homeofwool.com\/da\/wp-json\/wp\/v2\/product"}],"about":[{"href":"https:\/\/homeofwool.com\/da\/wp-json\/wp\/v2\/types\/product"}],"version-history":[{"count":2,"href":"https:\/\/homeofwool.com\/da\/wp-json\/wp\/v2\/product\/217530\/revisions"}],"predecessor-version":[{"id":227743,"href":"https:\/\/homeofwool.com\/da\/wp-json\/wp\/v2\/product\/217530\/revisions\/227743"}],"wp:featuredmedia":[{"embeddable":true,"href":"https:\/\/homeofwool.com\/da\/wp-json\/wp\/v2\/media\/223700"}],"wp:attachment":[{"href":"https:\/\/homeofwool.com\/da\/wp-json\/wp\/v2\/media?parent=217530"}],"wp:term":[{"taxonomy":"product_brand","embeddable":true,"href":"https:\/\/homeofwool.com\/da\/wp-json\/wp\/v2\/product_brand?post=217530"},{"taxonomy":"product_cat","embeddable":true,"href":"https:\/\/homeofwool.com\/da\/wp-json\/wp\/v2\/product_cat?post=217530"},{"taxonomy":"product_tag","embeddable":true,"href":"https:\/\/homeofwool.com\/da\/wp-json\/wp\/v2\/product_tag?post=217530"}],"curies":[{"name":"wp","href":"https:\/\/api.w.org\/{rel}","templated":true}]}}