{"id":217529,"date":"2025-09-02T12:00:56","date_gmt":"2025-09-02T12:00:56","guid":{"rendered":"https:\/\/homeofwool.com\/?post_type=product&#038;p=217529"},"modified":"2026-02-25T13:51:29","modified_gmt":"2026-02-25T13:51:29","slug":"bundt-supplerende-sengetoj","status":"publish","type":"product","link":"https:\/\/homeofwool.com\/da\/shop\/bundle-complementary-bedding\/","title":{"rendered":"Pakke: Beskyttelse + pude + dyneindl\u00e6g"},"content":{"rendered":"<p>Opgrader din s\u00f8vn og dine besparelser med vores\u00a0<strong>Pakke: Beskyttelse + pude + dyneindl\u00e6g. A<\/strong> pr\u00e6mie, men\u00a0<strong>Naturligt senget\u00f8j med rabat<\/strong>\u00a0pakke designet til komfort og bedre s\u00f8vn. Hver enkelt\u00a0<strong>Kemikaliefrit senges\u00e6t<\/strong>\u00a0er fremstillet af rene, \u00e5ndbare materialer, der hj\u00e6lper med at regulere temperaturen, transportere fugt v\u00e6k og modst\u00e5 st\u00f8vmider, s\u00e5 du sover i et renere og sundere rum.<\/p>\n<h3>Indstillinger for pakker<\/h3>\n<div class=\"ql-block\" data-block-id=\"block-1ae6349e-3f80-4d94-8ef3-0e932a6e533d\"><strong>TWIN BUNDLE<\/strong><\/div>\n<ul>\n<li class=\"ql-block\" data-block-id=\"block-fb5a85da-65fa-4690-953a-df1f16b73fdd\">Madrasbeskytter: 38\u2033 x 75\u2033 (97 x 190 cm) - 100% jomfruuld, hj\u00f8rneelastikker<\/li>\n<li class=\"ql-block\" data-block-id=\"block-cefe71f3-1bad-423b-bb2d-5aaf573b40ff\">Pude: 1 Standard 20\u2033 x 26\u2033 (51 x 66 cm) - \u00f8kologisk uldfyld, justerbar fasthed<\/li>\n<li class=\"ql-block\" data-block-id=\"block-53b321e9-e60a-4985-b9f7-cebdc0daefdb\">Dyneindl\u00e6g: 64\u2033 x 89\u2033 (162 x 226 cm) - vinterv\u00e6gt, \u00f8kologisk uldvattering, \u00f8kologisk bomuldsstof<\/li>\n<\/ul>\n<div class=\"ql-block\" data-block-id=\"block-43f817f6-4290-4e76-87eb-bd221c274fbf\"><strong>TWIN XL BUNDLE<\/strong><\/div>\n<ul>\n<li class=\"ql-block\" data-block-id=\"block-952905e9-13de-4a2d-9667-32ec18dc79c0\">Madrasbeskytter: 38\u2033 x 80\u2033 (97 x 203 cm) - 100% jomfruuld, hj\u00f8rneelastikker<\/li>\n<li class=\"ql-block\" data-block-id=\"block-3dfe2513-00f6-414b-96ae-b72010c9973a\">Pude: 1 Standard 20\u2033 x 26\u2033 (51 x 66 cm) - \u00f8kologisk uldfyld, justerbar fasthed<\/li>\n<li class=\"ql-block\" data-block-id=\"block-d0eac117-1641-49c6-9f72-b7c29a2ca811\">Dyneindl\u00e6g: 74\u2033 x 98\u2033 (188 x 249 cm) - vinterv\u00e6gt, \u00f8kologisk uldvattering, \u00f8kologisk bomuldsstof<\/li>\n<\/ul>\n<div class=\"ql-block\" data-block-id=\"block-16c6717c-0ff4-4bc3-bc4b-00bef0d36248\"><strong>FULD BUNDLE<\/strong><\/div>\n<ul>\n<li class=\"ql-block\" data-block-id=\"block-5e1f3ab1-97ff-4765-8e85-74c7e35c53f2\">Madrasbeskytter: 53\u2033 x 75\u2033 (135 x 190 cm) - 100% jomfruuld, hj\u00f8rneelastikker<\/li>\n<li class=\"ql-block\" data-block-id=\"block-790cb076-4a00-417d-a580-1ffd8447e3cc\">Pude: 1 Standard 20\u2033 x 26\u2033 (51 x 66 cm) - \u00f8kologisk uldfyld, justerbar fasthed<\/li>\n<li class=\"ql-block\" data-block-id=\"block-0f5e4bec-0e5d-4553-86ac-a31824ca36a6\">Dyneindl\u00e6g: 95\u2033 x 98\u2033 (241 x 249 cm) - vinterv\u00e6gt, \u00f8kologisk uldvattering, \u00f8kologisk bomuldsstof<\/li>\n<\/ul>\n<div class=\"ql-block\" data-block-id=\"block-9372693c-5221-4cf5-af49-083c8a46670d\"><strong>FULL XL BUNDLE<\/strong><\/div>\n<ul>\n<li class=\"ql-block\" data-block-id=\"block-8b24cc12-92f9-4b84-914a-c299d24ba497\">Madrasbeskytter: 53\u2033 x 80\u2033 (135 x 203 cm) - 100% jomfruuld, hj\u00f8rneelastikker<\/li>\n<li class=\"ql-block\" data-block-id=\"block-8d495bd6-1fd7-4a39-a960-5038fbf932f8\">Pude: 1 Standard 20\u2033 x 26\u2033 (51 x 66 cm) - \u00f8kologisk uldfyld, justerbar fasthed<\/li>\n<li class=\"ql-block\" data-block-id=\"block-b516b81b-5df1-47f4-9219-36c4a7ad1aa4\">Dyneindl\u00e6g: 95\u2033 x 98\u2033 (241 x 249 cm) - vinterv\u00e6gt, \u00f8kologisk uldvattering, \u00f8kologisk bomuldsstof<\/li>\n<\/ul>\n<div class=\"ql-block\" data-block-id=\"block-f15d9381-3d15-4fc5-9cef-4f0e97008388\"><strong>QUEEN BUNDLE<\/strong><\/div>\n<ul>\n<li class=\"ql-block\" data-block-id=\"block-9af42401-645a-4884-a809-f40d60e48deb\">Madrasbeskytter: 60\u2033 x 80\u2033 (152 x 203 cm) - 100% jomfruuld, hj\u00f8rneelastikker<\/li>\n<li class=\"ql-block\" data-block-id=\"block-01f3b027-4d47-45b3-8ad7-21f321d1bd21\">Puder: 2 Queen 20\u2033 x 30\u2033 (51 x 76 cm) - \u00f8kologisk uldfyld, justerbar fasthed<\/li>\n<li class=\"ql-block\" data-block-id=\"block-a5f1928e-4369-470d-94d0-83643d5de16f\">Dyneindl\u00e6g: 88\u2033 x 90\u2033 (224 x 229 cm) - vinterv\u00e6gt, \u00f8kologisk uldvattering, \u00f8kologisk bomuldsstof<\/li>\n<\/ul>\n<div class=\"ql-block\" data-block-id=\"block-5f853f5f-86ab-4e2f-b098-916b6840c158\"><strong>OLYMPISK DRONNING-PAKKE<\/strong><\/div>\n<ul>\n<li class=\"ql-block\" data-block-id=\"block-8c804c78-96ec-403d-aa3d-0e7f1899d9fd\">Madrasbeskytter: 66\u2033 x 80\u2033 (168 x 203 cm) - 100% jomfruuld, hj\u00f8rneelastikker<\/li>\n<li class=\"ql-block\" data-block-id=\"block-400ba917-070b-4068-8a1d-f9f522e75d22\">Puder: 2 Queen 20\u2033 x 30\u2033 (51 x 76 cm) - \u00f8kologisk uldfyld, justerbar fasthed<\/li>\n<li class=\"ql-block\" data-block-id=\"block-ac4610ef-254d-49ac-a161-6180a0a962ae\">Dyneindl\u00e6g: 88\u2033 x 90\u2033 (224 x 229 cm) - vinterv\u00e6gt, \u00f8kologisk uldvattering, \u00f8kologisk bomuldsstof<\/li>\n<\/ul>\n<div class=\"ql-block\" data-block-id=\"block-60a29845-c38b-4876-976a-12722a0a46e8\"><strong>KING BUNDLE<\/strong><\/div>\n<ul>\n<li class=\"ql-block\" data-block-id=\"block-ba3d89a8-2c55-462f-9624-2c87b97ea364\">Madrasbeskytter: 76\u2033 x 80\u2033 (193 x 203 cm) - 100% jomfruuld, hj\u00f8rneelastikker<\/li>\n<li class=\"ql-block\" data-block-id=\"block-7f0c3956-a99a-4f2d-a625-0ea2f35a4826\">Puder: 2 King 20\u2033 x 36\u2033 (51 x 91 cm) - \u00f8kologisk uldfyld, justerbar fasthed<\/li>\n<li class=\"ql-block\" data-block-id=\"block-dec231b6-2176-403a-89d8-aca8982591c1\">Dyneindl\u00e6g: 104\u2033 x 90\u2033 (264 x 229 cm) - vinterv\u00e6gt, \u00f8kologisk uldvattering, \u00f8kologisk bomuldsstof<\/li>\n<\/ul>\n<div class=\"ql-block\" data-block-id=\"block-843256d4-767d-4f9e-b395-95a3631e8022\"><strong>CAL KING BUNDLE<\/strong><\/div>\n<ul>\n<li class=\"ql-block\" data-block-id=\"block-6bf8115b-e1e7-4a1f-ae13-7b34694e7e23\">Madrasbeskytter: 72\u2033 x 84\u2033 (183 x 213 cm) - 100% jomfruuld, hj\u00f8rneelastikker<\/li>\n<li class=\"ql-block\" data-block-id=\"block-ba99777e-5252-4f8f-8410-24b0e7d6c0af\">Puder: 2 King 20\u2033 x 36\u2033 (51 x 91 cm) - \u00f8kologisk uldfyld, justerbar fasthed<\/li>\n<li class=\"ql-block\" data-block-id=\"block-3ffed8fd-3c02-4e4d-9394-cdc8dae8b941\">Dyneindl\u00e6g: 111\u2033 x 98\u2033 (282 x 249 cm) - vinterv\u00e6gt, \u00f8kologisk uldvattering, \u00f8kologisk bomuldsstof<\/li>\n<\/ul>\n<p>Fremstillet af 100% \u00f8kologisk uld og GOTS-certificeret bomuld.\u00a0<strong>\u00f8kologisk s\u00f8vnpakke<\/strong>\u00a0er naturligt allergivenligt, \u00e5ndbart og holdbart.<\/p>\n<p>Puderne i dette s\u00e6t er justerbare. Det giver dig mulighed for at tilf\u00f8je eller fjerne fyld, indtil de er helt rigtige for dig. Det er det, der g\u00f8r dette til et senget\u00f8j, der virkelig kan tilpasses. Komfort skr\u00e6ddersyet til netop din sovestil.<\/p>\n<p>V\u00e6lg pakken, og spar 10%.<\/p>","protected":false},"excerpt":{"rendered":"<p>Sov dybere og spar mere med vores naturlige senget\u00f8jspakke. Dette b\u00e6redygtige senges\u00e6t indeholder en uldmadras, uldfyldte puder og et vinterdyneindl\u00e6g. Dette giftfri senget\u00f8j er fremstillet af 100%-uld og \u00f8kologisk bomuld og er temperaturregulerende, allergivenligt og naturligt fugttransporterende. K\u00f8b Organic Sleep Bundle og nyd 10% off, mens du pakker dig ind i sundhed og komfort med virkelig milj\u00f8venligt senget\u00f8j.<\/p>","protected":false},"featured_media":228533,"template":"","meta":{"_acf_changed":false},"product_brand":[],"product_cat":[248,247,60],"product_tag":[249,250,251],"class_list":{"0":"post-217529","1":"product","2":"type-product","3":"status-publish","4":"has-post-thumbnail","6":"product_cat-bundles","7":"product_cat-offers","8":"product_cat-blankets-duvets","9":"product_tag-bedding-bundles","10":"product_tag-bedding-sets","11":"product_tag-bedding-sets-queen","13":"first","14":"instock","15":"shipping-taxable","16":"purchasable","17":"product-type-variable"},"acf":[],"yoast_head":"<!-- This site is optimized with the Yoast SEO Premium plugin v27.4 (Yoast SEO v27.4) - https:\/\/yoast.com\/product\/yoast-seo-premium-wordpress\/ -->\n<title>Organic Wool Sleep Bundle: Protector + Pillows + Winter Duvet | Save 10%<\/title>\n<meta name=\"description\" content=\"Sleep deeper with our organic wool bedding bundle\u2014protector, adjustable wool pillows, winter duvet insert. Hypoallergenic, moisture-wicking. Save 10% today.\" \/>\n<meta name=\"robots\" content=\"index, follow, max-snippet:-1, max-image-preview:large, max-video-preview:-1\" \/>\n<link rel=\"canonical\" href=\"https:\/\/homeofwool.com\/da\/butik\/bundt-supplerende-sengetoj\/\" \/>\n<meta property=\"og:locale\" content=\"da_DK\" \/>\n<meta property=\"og:type\" content=\"article\" \/>\n<meta property=\"og:title\" content=\"Bundle: Protector + Pillow + Duvet Insert\" \/>\n<meta property=\"og:description\" content=\"Sleep deeper with our organic wool bedding bundle\u2014protector, adjustable wool pillows, winter duvet insert. Hypoallergenic, moisture-wicking. Save 10% today.\" \/>\n<meta property=\"og:url\" content=\"https:\/\/homeofwool.com\/da\/butik\/bundt-supplerende-sengetoj\/\" \/>\n<meta property=\"og:site_name\" content=\"Home of Wool\" \/>\n<meta property=\"article:publisher\" content=\"https:\/\/facebook.com\/HomeOfWoolOfficial\" \/>\n<meta property=\"article:modified_time\" content=\"2026-02-25T13:51:29+00:00\" \/>\n<meta property=\"og:image\" content=\"https:\/\/homeofwool.com\/wp-content\/uploads\/2025\/09\/bundle-home-ofwool-01.jpg\" \/>\n\t<meta property=\"og:image:width\" content=\"1600\" \/>\n\t<meta property=\"og:image:height\" content=\"1280\" \/>\n\t<meta property=\"og:image:type\" content=\"image\/jpeg\" \/>\n<meta name=\"twitter:card\" content=\"summary_large_image\" \/>\n<meta name=\"twitter:label1\" content=\"Estimeret l\u00e6setid\" \/>\n\t<meta name=\"twitter:data1\" content=\"3 minutter\" \/>\n<script type=\"application\/ld+json\" class=\"yoast-schema-graph\">{\"@context\":\"https:\\\/\\\/schema.org\",\"@graph\":[{\"@type\":\"WebPage\",\"@id\":\"https:\\\/\\\/homeofwool.com\\\/shop\\\/bundle-complementary-bedding\\\/\",\"url\":\"https:\\\/\\\/homeofwool.com\\\/shop\\\/bundle-complementary-bedding\\\/\",\"name\":\"Organic Wool Sleep Bundle: Protector + Pillows + Winter Duvet | Save 10%\",\"isPartOf\":{\"@id\":\"https:\\\/\\\/homeofwool.com\\\/#website\"},\"primaryImageOfPage\":{\"@id\":\"https:\\\/\\\/homeofwool.com\\\/shop\\\/bundle-complementary-bedding\\\/#primaryimage\"},\"image\":{\"@id\":\"https:\\\/\\\/homeofwool.com\\\/shop\\\/bundle-complementary-bedding\\\/#primaryimage\"},\"thumbnailUrl\":\"https:\\\/\\\/homeofwool.com\\\/wp-content\\\/uploads\\\/2025\\\/09\\\/bundle-home-ofwool-01.jpg\",\"datePublished\":\"2025-09-02T12:00:56+00:00\",\"dateModified\":\"2026-02-25T13:51:29+00:00\",\"description\":\"Sleep deeper with our organic wool bedding bundle\u2014protector, adjustable wool pillows, winter duvet insert. Hypoallergenic, moisture-wicking. Save 10% today.\",\"breadcrumb\":{\"@id\":\"https:\\\/\\\/homeofwool.com\\\/shop\\\/bundle-complementary-bedding\\\/#breadcrumb\"},\"inLanguage\":\"da-DK\",\"potentialAction\":[{\"@type\":\"ReadAction\",\"target\":[\"https:\\\/\\\/homeofwool.com\\\/shop\\\/bundle-complementary-bedding\\\/\"]}]},{\"@type\":\"ImageObject\",\"inLanguage\":\"da-DK\",\"@id\":\"https:\\\/\\\/homeofwool.com\\\/shop\\\/bundle-complementary-bedding\\\/#primaryimage\",\"url\":\"https:\\\/\\\/homeofwool.com\\\/wp-content\\\/uploads\\\/2025\\\/09\\\/bundle-home-ofwool-01.jpg\",\"contentUrl\":\"https:\\\/\\\/homeofwool.com\\\/wp-content\\\/uploads\\\/2025\\\/09\\\/bundle-home-ofwool-01.jpg\",\"width\":1600,\"height\":1280,\"caption\":\"home of wool duvet, protector and pillow bundle on grey background\"},{\"@type\":\"BreadcrumbList\",\"@id\":\"https:\\\/\\\/homeofwool.com\\\/shop\\\/bundle-complementary-bedding\\\/#breadcrumb\",\"itemListElement\":[{\"@type\":\"ListItem\",\"position\":1,\"name\":\"Home\",\"item\":\"https:\\\/\\\/homeofwool.com\\\/\"},{\"@type\":\"ListItem\",\"position\":2,\"name\":\"Products\",\"item\":\"https:\\\/\\\/homeofwool.com\\\/header-search-2\\\/\"},{\"@type\":\"ListItem\",\"position\":3,\"name\":\"Bundle: Protector + Pillow + Duvet Insert\"}]},{\"@type\":\"WebSite\",\"@id\":\"https:\\\/\\\/homeofwool.com\\\/#website\",\"url\":\"https:\\\/\\\/homeofwool.com\\\/\",\"name\":\"Home of Wool\",\"description\":\"\",\"publisher\":{\"@id\":\"https:\\\/\\\/homeofwool.com\\\/#organization\"},\"potentialAction\":[{\"@type\":\"SearchAction\",\"target\":{\"@type\":\"EntryPoint\",\"urlTemplate\":\"https:\\\/\\\/homeofwool.com\\\/?s={search_term_string}\"},\"query-input\":{\"@type\":\"PropertyValueSpecification\",\"valueRequired\":true,\"valueName\":\"search_term_string\"}}],\"inLanguage\":\"da-DK\"},{\"@type\":\"Organization\",\"@id\":\"https:\\\/\\\/homeofwool.com\\\/#organization\",\"name\":\"Home of Wool\",\"url\":\"https:\\\/\\\/homeofwool.com\\\/\",\"logo\":{\"@type\":\"ImageObject\",\"inLanguage\":\"da-DK\",\"@id\":\"https:\\\/\\\/homeofwool.com\\\/#\\\/schema\\\/logo\\\/image\\\/\",\"url\":\"https:\\\/\\\/homeofwool.com\\\/wp-content\\\/uploads\\\/2025\\\/09\\\/WhatsApp-Image-2025-12-02-at-16.23.20.jpeg\",\"contentUrl\":\"https:\\\/\\\/homeofwool.com\\\/wp-content\\\/uploads\\\/2025\\\/09\\\/WhatsApp-Image-2025-12-02-at-16.23.20.jpeg\",\"width\":700,\"height\":247,\"caption\":\"Home of Wool\"},\"image\":{\"@id\":\"https:\\\/\\\/homeofwool.com\\\/#\\\/schema\\\/logo\\\/image\\\/\"},\"sameAs\":[\"https:\\\/\\\/facebook.com\\\/HomeOfWoolOfficial\"]}]}<\/script>\n<!-- \/ Yoast SEO Premium plugin. -->","yoast_head_json":{"title":"S\u00f8vnpakke i \u00f8kologisk uld: Beskytter + puder + vinterdyne | Spar 10%","description":"Sov dybere med vores \u00f8kologiske uldsenget\u00f8jsbundt - beskytter, justerbare uldpuder, vinterdyneindl\u00e6g. Allergivenligt, fugttransporterende. Spar 10% i dag.","robots":{"index":"index","follow":"follow","max-snippet":"max-snippet:-1","max-image-preview":"max-image-preview:large","max-video-preview":"max-video-preview:-1"},"canonical":"https:\/\/homeofwool.com\/da\/butik\/bundt-supplerende-sengetoj\/","og_locale":"da_DK","og_type":"article","og_title":"Bundle: Protector + Pillow + Duvet Insert","og_description":"Sleep deeper with our organic wool bedding bundle\u2014protector, adjustable wool pillows, winter duvet insert. Hypoallergenic, moisture-wicking. Save 10% today.","og_url":"https:\/\/homeofwool.com\/da\/butik\/bundt-supplerende-sengetoj\/","og_site_name":"Home of Wool","article_publisher":"https:\/\/facebook.com\/HomeOfWoolOfficial","article_modified_time":"2026-02-25T13:51:29+00:00","og_image":[{"width":1600,"height":1280,"url":"https:\/\/homeofwool.com\/wp-content\/uploads\/2025\/09\/bundle-home-ofwool-01.jpg","type":"image\/jpeg"}],"twitter_card":"summary_large_image","twitter_misc":{"Estimeret l\u00e6setid":"3 minutter"},"schema":{"@context":"https:\/\/schema.org","@graph":[{"@type":"WebPage","@id":"https:\/\/homeofwool.com\/shop\/bundle-complementary-bedding\/","url":"https:\/\/homeofwool.com\/shop\/bundle-complementary-bedding\/","name":"S\u00f8vnpakke i \u00f8kologisk uld: Beskytter + puder + vinterdyne | Spar 10%","isPartOf":{"@id":"https:\/\/homeofwool.com\/#website"},"primaryImageOfPage":{"@id":"https:\/\/homeofwool.com\/shop\/bundle-complementary-bedding\/#primaryimage"},"image":{"@id":"https:\/\/homeofwool.com\/shop\/bundle-complementary-bedding\/#primaryimage"},"thumbnailUrl":"https:\/\/homeofwool.com\/wp-content\/uploads\/2025\/09\/bundle-home-ofwool-01.jpg","datePublished":"2025-09-02T12:00:56+00:00","dateModified":"2026-02-25T13:51:29+00:00","description":"Sov dybere med vores \u00f8kologiske uldsenget\u00f8jsbundt - beskytter, justerbare uldpuder, vinterdyneindl\u00e6g. Allergivenligt, fugttransporterende. Spar 10% i dag.","breadcrumb":{"@id":"https:\/\/homeofwool.com\/shop\/bundle-complementary-bedding\/#breadcrumb"},"inLanguage":"da-DK","potentialAction":[{"@type":"ReadAction","target":["https:\/\/homeofwool.com\/shop\/bundle-complementary-bedding\/"]}]},{"@type":"ImageObject","inLanguage":"da-DK","@id":"https:\/\/homeofwool.com\/shop\/bundle-complementary-bedding\/#primaryimage","url":"https:\/\/homeofwool.com\/wp-content\/uploads\/2025\/09\/bundle-home-ofwool-01.jpg","contentUrl":"https:\/\/homeofwool.com\/wp-content\/uploads\/2025\/09\/bundle-home-ofwool-01.jpg","width":1600,"height":1280,"caption":"home of wool duvet, protector and pillow bundle on grey background"},{"@type":"BreadcrumbList","@id":"https:\/\/homeofwool.com\/shop\/bundle-complementary-bedding\/#breadcrumb","itemListElement":[{"@type":"ListItem","position":1,"name":"Home","item":"https:\/\/homeofwool.com\/"},{"@type":"ListItem","position":2,"name":"Products","item":"https:\/\/homeofwool.com\/header-search-2\/"},{"@type":"ListItem","position":3,"name":"Bundle: Protector + Pillow + Duvet Insert"}]},{"@type":"WebSite","@id":"https:\/\/homeofwool.com\/#website","url":"https:\/\/homeofwool.com\/","name":"Hjemsted for uld","description":"","publisher":{"@id":"https:\/\/homeofwool.com\/#organization"},"potentialAction":[{"@type":"SearchAction","target":{"@type":"EntryPoint","urlTemplate":"https:\/\/homeofwool.com\/?s={search_term_string}"},"query-input":{"@type":"PropertyValueSpecification","valueRequired":true,"valueName":"search_term_string"}}],"inLanguage":"da-DK"},{"@type":"Organization","@id":"https:\/\/homeofwool.com\/#organization","name":"Hjemsted for uld","url":"https:\/\/homeofwool.com\/","logo":{"@type":"ImageObject","inLanguage":"da-DK","@id":"https:\/\/homeofwool.com\/#\/schema\/logo\/image\/","url":"https:\/\/homeofwool.com\/wp-content\/uploads\/2025\/09\/WhatsApp-Image-2025-12-02-at-16.23.20.jpeg","contentUrl":"https:\/\/homeofwool.com\/wp-content\/uploads\/2025\/09\/WhatsApp-Image-2025-12-02-at-16.23.20.jpeg","width":700,"height":247,"caption":"Home of Wool"},"image":{"@id":"https:\/\/homeofwool.com\/#\/schema\/logo\/image\/"},"sameAs":["https:\/\/facebook.com\/HomeOfWoolOfficial"]}]}},"_links":{"self":[{"href":"https:\/\/homeofwool.com\/da\/wp-json\/wp\/v2\/product\/217529","targetHints":{"allow":["GET"]}}],"collection":[{"href":"https:\/\/homeofwool.com\/da\/wp-json\/wp\/v2\/product"}],"about":[{"href":"https:\/\/homeofwool.com\/da\/wp-json\/wp\/v2\/types\/product"}],"version-history":[{"count":2,"href":"https:\/\/homeofwool.com\/da\/wp-json\/wp\/v2\/product\/217529\/revisions"}],"predecessor-version":[{"id":226752,"href":"https:\/\/homeofwool.com\/da\/wp-json\/wp\/v2\/product\/217529\/revisions\/226752"}],"wp:featuredmedia":[{"embeddable":true,"href":"https:\/\/homeofwool.com\/da\/wp-json\/wp\/v2\/media\/228533"}],"wp:attachment":[{"href":"https:\/\/homeofwool.com\/da\/wp-json\/wp\/v2\/media?parent=217529"}],"wp:term":[{"taxonomy":"product_brand","embeddable":true,"href":"https:\/\/homeofwool.com\/da\/wp-json\/wp\/v2\/product_brand?post=217529"},{"taxonomy":"product_cat","embeddable":true,"href":"https:\/\/homeofwool.com\/da\/wp-json\/wp\/v2\/product_cat?post=217529"},{"taxonomy":"product_tag","embeddable":true,"href":"https:\/\/homeofwool.com\/da\/wp-json\/wp\/v2\/product_tag?post=217529"}],"curies":[{"name":"wp","href":"https:\/\/api.w.org\/{rel}","templated":true}]}}