{"id":217519,"date":"2025-09-02T12:00:51","date_gmt":"2025-09-02T12:00:51","guid":{"rendered":"https:\/\/homeofwool.com\/?post_type=product&#038;p=217519"},"modified":"2026-02-11T10:35:37","modified_gmt":"2026-02-11T10:35:37","slug":"c-formet-graviditetspude","status":"publish","type":"product","link":"https:\/\/homeofwool.com\/da\/shop\/c-shaped-pregnancy-pillow\/","title":{"rendered":"Uldgraviditetspude (C-formet)"},"content":{"rendered":"<p>Graviditet bringer mange gl\u00e6der, men ogs\u00e5 udfordringen med at finde en behagelig sovestilling nat efter nat. Home of Wool C-formet graviditetspude er skabt for at g\u00f8re de ni m\u00e5neder mere afslappende. En voksende mave, \u00f8mme hofter og rygbelastning kan g\u00f8re det sv\u00e6rt at finde en afslappende s\u00f8vn. Denne C-formede graviditetspude lindrer trykket ved at st\u00f8tte dit hoved, din mave og dine hofter p\u00e5 \u00e9n gang, s\u00e5 du kan finde en position, der f\u00f8les naturlig og behagelig.<\/p>\n<p>Fyldet er af ren uld. En af uldens fantastiske egenskaber er dens evne til at hj\u00e6lpe kroppen med at opretholde den rette temperatur. Under graviditeten oplever mange, at de let bliver overophedede. Uld l\u00f8ser dette problem ved at lade overskydende varme og fugt tr\u00e6nge v\u00e6k fra huden.<\/p>\n<p>Da det er en allergivenlig graviditetspude, er den ogs\u00e5 ideel til personer med f\u00f8lsom hud eller allergier. Det valgfri, aftagelige \u00f8kologiske pudebetr\u00e6k g\u00f8r plejen nem. Vi har ogs\u00e5 tilf\u00f8jet en lynl\u00e5s p\u00e5 indl\u00e6gssbetr\u00e6kket, s\u00e5 du kan justere uldfyldet, indtil det f\u00f8les helt rigtigt.<\/p>\n<p>Det er mere end bare en graviditetspude, det er en behagelig graviditetspude, der er designet med din sundhed for \u00f8je. Den er fri for kemikalier og syntetiske stoffer og giver dig en bekymringsfri s\u00f8vn under graviditeten, s\u00e5 du v\u00e5gner mere udhvilet. Den m\u00e5ler 152,4 x 63,5 x 18 cm og omgiver dig med ergonomisk st\u00f8tte hele natten lang.<\/p>","protected":false},"excerpt":{"rendered":"<p>Ni m\u00e5neder er en lang rejse, og god hvile g\u00f8r hele forskellen. Vores C-formede graviditetspude omslutter din krop og giver dig den komfort og st\u00f8tte, du har brug for, for at f\u00e5 en dybere og mere restituerende s\u00f8vn. Denne giftfri graviditetspude er sikker, naturlig og designet til at lette udfordringerne ved at hvile under graviditeten. Og den er fyldt med ren uld!<\/p>\n<div class=\"global-icon-set\">\n<div class=\"global-icon-set__items\">\n<div class=\"global-icon-set__item\">\n<div class=\"global-icon-set__image\">\n                                    <img decoding=\"async\" src=\"https:\/\/homeofwool.com\/wp-content\/uploads\/2025\/09\/handmade-icon-300x300.png\" alt=\"H\u00e5ndlavet ikon\" \/>\n                                <\/div>\n<div class=\"global-icon-set__title\">H\u00e5ndlavet<\/div>\n<\/p><\/div>\n<div class=\"global-icon-set__item\">\n<div class=\"global-icon-set__image\">\n                                    <img decoding=\"async\" src=\"https:\/\/homeofwool.com\/wp-content\/uploads\/2025\/09\/Exceptionally-Supportive-min-300x300.png\" alt=\"us\u00e6dvanligt st\u00f8ttende ikon\" \/>\n                                <\/div>\n<div class=\"global-icon-set__title\">Exceptionelt st\u00f8ttende<\/div>\n<\/p><\/div>\n<div class=\"global-icon-set__item\">\n<div class=\"global-icon-set__image\">\n                                    <img decoding=\"async\" src=\"https:\/\/homeofwool.com\/wp-content\/uploads\/2025\/09\/wicks-moisture-away-300x300.png\" alt=\"Transporterer fugt v\u00e6k\" \/>\n                                <\/div>\n<div class=\"global-icon-set__title\">Transporterer fugt v\u00e6k<\/div>\n<\/p><\/div>\n<div class=\"global-icon-set__item\">\n<div class=\"global-icon-set__image\">\n                                    <img decoding=\"async\" src=\"https:\/\/homeofwool.com\/wp-content\/uploads\/2025\/09\/VOCs-min-300x300.png\" alt=\"Vocs gratis\" \/>\n                                <\/div>\n<div class=\"global-icon-set__title\">Fri for VOC'er<\/div>\n<\/p><\/div>\n<div class=\"global-icon-set__item\">\n<div class=\"global-icon-set__image\">\n                                    <img decoding=\"async\" src=\"https:\/\/homeofwool.com\/wp-content\/uploads\/2025\/09\/FR-min-300x300.png\" alt=\"Brandh\u00e6mmende ikon\" \/>\n                                <\/div>\n<div class=\"global-icon-set__title\">Flammeh\u00e6mmende<\/div>\n<\/p><\/div>\n<div class=\"global-icon-set__item\">\n<div class=\"global-icon-set__image\">\n                                    <img decoding=\"async\" src=\"https:\/\/homeofwool.com\/wp-content\/uploads\/2025\/09\/Hypoallergenic-min-300x300.png\" alt=\"Hypoallergenisk ikon\" \/>\n                                <\/div>\n<div class=\"global-icon-set__title\">Hypoallergenisk<\/div>\n<\/p><\/div>\n<div class=\"global-icon-set__item\">\n<div class=\"global-icon-set__image\">\n                                    <img decoding=\"async\" src=\"https:\/\/homeofwool.com\/wp-content\/uploads\/2025\/09\/free-of-synthetics-icon-300x300.png\" alt=\"fri for syntetiske stoffer ikon\" \/>\n                                <\/div>\n<div class=\"global-icon-set__title\">Fri for syntetiske stoffer<\/div>\n<\/p><\/div>\n<div class=\"global-icon-set__item\">\n<div class=\"global-icon-set__image\">\n                                    <img decoding=\"async\" src=\"https:\/\/homeofwool.com\/wp-content\/uploads\/2025\/09\/chemical-free-icon-300x300.png\" alt=\"ikon for kemikaliefrihed\" \/>\n                                <\/div>\n<div class=\"global-icon-set__title\">Fri for kemikalier<\/div>\n<\/p><\/div>\n<div class=\"global-icon-set__item\">\n<div class=\"global-icon-set__image\">\n                                    <img decoding=\"async\" src=\"https:\/\/homeofwool.com\/wp-content\/uploads\/2025\/09\/anti-bacterial-icon-300x300.png\" alt=\"Antibakterielt ikon\" \/>\n                                <\/div>\n<div class=\"global-icon-set__title\">Anti-mikrobiel og anti-bakteriel<\/div>\n<\/p><\/div>\n<div class=\"global-icon-set__item\">\n<div class=\"global-icon-set__image\">\n                                    <img decoding=\"async\" src=\"https:\/\/homeofwool.com\/wp-content\/uploads\/2025\/09\/certified-materials-icon-300x300.png\" alt=\"ikon for certificerede materialer\" \/>\n                                <\/div>\n<div class=\"global-icon-set__title\">100% rene certificerede materialer<\/div>\n<\/p><\/div>\n<\/p><\/div>\n<\/p><\/div>","protected":false},"featured_media":219616,"template":"","meta":{"_acf_changed":false},"product_brand":[],"product_cat":[264,143],"product_tag":[144,145,146,147,148,149],"class_list":{"0":"post-217519","1":"product","2":"type-product","3":"status-publish","4":"has-post-thumbnail","6":"product_cat-kids","7":"product_cat-moms-pregnancy-pillows","8":"product_tag-body-pillow","9":"product_tag-c-shaped-body-pillow","10":"product_tag-maternity-pillow","11":"product_tag-natural-wool-bedding","12":"product_tag-pregnancy-support-pillow","13":"product_tag-steps","15":"first","16":"instock","17":"shipping-taxable","18":"purchasable","19":"product-type-simple"},"acf":[],"yoast_head":"<!-- This site is optimized with the Yoast SEO Premium plugin v27.3 (Yoast SEO v27.3) - https:\/\/yoast.com\/product\/yoast-seo-premium-wordpress\/ -->\n<title>C-shaped Pregnancy Pillow \u2013 Hypoallergenic Maternity Pillow | Home of Wool<\/title>\n<meta name=\"description\" content=\"The C-Shaped Pregnancy Pillow surrounds the body in breathable wool comfort. Hypoallergenic and toxin-free, it delivers supportive, natural rest for mothers during maternity sleep.\" \/>\n<meta name=\"robots\" content=\"index, follow, max-snippet:-1, max-image-preview:large, max-video-preview:-1\" \/>\n<link rel=\"canonical\" href=\"https:\/\/homeofwool.com\/da\/butik\/c-formet-graviditetspude\/\" \/>\n<meta property=\"og:locale\" content=\"da_DK\" \/>\n<meta property=\"og:type\" content=\"article\" \/>\n<meta property=\"og:title\" content=\"Wool Pregnancy Pillow (C-Shaped)\" \/>\n<meta property=\"og:description\" content=\"The C-Shaped Pregnancy Pillow surrounds the body in breathable wool comfort. Hypoallergenic and toxin-free, it delivers supportive, natural rest for mothers during maternity sleep.\" \/>\n<meta property=\"og:url\" content=\"https:\/\/homeofwool.com\/da\/butik\/c-formet-graviditetspude\/\" \/>\n<meta property=\"og:site_name\" content=\"Home of Wool\" \/>\n<meta property=\"article:publisher\" content=\"https:\/\/facebook.com\/HomeOfWoolOfficial\" \/>\n<meta property=\"article:modified_time\" content=\"2026-02-11T10:35:37+00:00\" \/>\n<meta property=\"og:image\" content=\"https:\/\/homeofwool.com\/wp-content\/uploads\/2025\/09\/home-of-wool-wool-pregnancy-pillow-c-shaped-3-.jpg\" \/>\n\t<meta property=\"og:image:width\" content=\"2000\" \/>\n\t<meta property=\"og:image:height\" content=\"1600\" \/>\n\t<meta property=\"og:image:type\" content=\"image\/jpeg\" \/>\n<meta name=\"twitter:card\" content=\"summary_large_image\" \/>\n<meta name=\"twitter:label1\" content=\"Estimeret l\u00e6setid\" \/>\n\t<meta name=\"twitter:data1\" content=\"2 minutter\" \/>\n<script type=\"application\/ld+json\" class=\"yoast-schema-graph\">{\"@context\":\"https:\\\/\\\/schema.org\",\"@graph\":[{\"@type\":\"WebPage\",\"@id\":\"https:\\\/\\\/homeofwool.com\\\/shop\\\/c-shaped-pregnancy-pillow\\\/\",\"url\":\"https:\\\/\\\/homeofwool.com\\\/shop\\\/c-shaped-pregnancy-pillow\\\/\",\"name\":\"C-shaped Pregnancy Pillow \u2013 Hypoallergenic Maternity Pillow | Home of Wool\",\"isPartOf\":{\"@id\":\"https:\\\/\\\/homeofwool.com\\\/#website\"},\"primaryImageOfPage\":{\"@id\":\"https:\\\/\\\/homeofwool.com\\\/shop\\\/c-shaped-pregnancy-pillow\\\/#primaryimage\"},\"image\":{\"@id\":\"https:\\\/\\\/homeofwool.com\\\/shop\\\/c-shaped-pregnancy-pillow\\\/#primaryimage\"},\"thumbnailUrl\":\"https:\\\/\\\/homeofwool.com\\\/wp-content\\\/uploads\\\/2025\\\/09\\\/home-of-wool-wool-pregnancy-pillow-c-shaped-3-.jpg\",\"datePublished\":\"2025-09-02T12:00:51+00:00\",\"dateModified\":\"2026-02-11T10:35:37+00:00\",\"description\":\"The C-Shaped Pregnancy Pillow surrounds the body in breathable wool comfort. Hypoallergenic and toxin-free, it delivers supportive, natural rest for mothers during maternity sleep.\",\"breadcrumb\":{\"@id\":\"https:\\\/\\\/homeofwool.com\\\/shop\\\/c-shaped-pregnancy-pillow\\\/#breadcrumb\"},\"inLanguage\":\"da-DK\",\"potentialAction\":[{\"@type\":\"ReadAction\",\"target\":[\"https:\\\/\\\/homeofwool.com\\\/shop\\\/c-shaped-pregnancy-pillow\\\/\"]}]},{\"@type\":\"ImageObject\",\"inLanguage\":\"da-DK\",\"@id\":\"https:\\\/\\\/homeofwool.com\\\/shop\\\/c-shaped-pregnancy-pillow\\\/#primaryimage\",\"url\":\"https:\\\/\\\/homeofwool.com\\\/wp-content\\\/uploads\\\/2025\\\/09\\\/home-of-wool-wool-pregnancy-pillow-c-shaped-3-.jpg\",\"contentUrl\":\"https:\\\/\\\/homeofwool.com\\\/wp-content\\\/uploads\\\/2025\\\/09\\\/home-of-wool-wool-pregnancy-pillow-c-shaped-3-.jpg\",\"width\":2000,\"height\":1600,\"caption\":\"wool pregnancy pillow c shaped\"},{\"@type\":\"BreadcrumbList\",\"@id\":\"https:\\\/\\\/homeofwool.com\\\/shop\\\/c-shaped-pregnancy-pillow\\\/#breadcrumb\",\"itemListElement\":[{\"@type\":\"ListItem\",\"position\":1,\"name\":\"Home\",\"item\":\"https:\\\/\\\/homeofwool.com\\\/\"},{\"@type\":\"ListItem\",\"position\":2,\"name\":\"Products\",\"item\":\"https:\\\/\\\/homeofwool.com\\\/header-search-2\\\/\"},{\"@type\":\"ListItem\",\"position\":3,\"name\":\"Wool Pregnancy Pillow (C-Shaped)\"}]},{\"@type\":\"WebSite\",\"@id\":\"https:\\\/\\\/homeofwool.com\\\/#website\",\"url\":\"https:\\\/\\\/homeofwool.com\\\/\",\"name\":\"Home of Wool\",\"description\":\"\",\"publisher\":{\"@id\":\"https:\\\/\\\/homeofwool.com\\\/#organization\"},\"potentialAction\":[{\"@type\":\"SearchAction\",\"target\":{\"@type\":\"EntryPoint\",\"urlTemplate\":\"https:\\\/\\\/homeofwool.com\\\/?s={search_term_string}\"},\"query-input\":{\"@type\":\"PropertyValueSpecification\",\"valueRequired\":true,\"valueName\":\"search_term_string\"}}],\"inLanguage\":\"da-DK\"},{\"@type\":\"Organization\",\"@id\":\"https:\\\/\\\/homeofwool.com\\\/#organization\",\"name\":\"Home of Wool\",\"url\":\"https:\\\/\\\/homeofwool.com\\\/\",\"logo\":{\"@type\":\"ImageObject\",\"inLanguage\":\"da-DK\",\"@id\":\"https:\\\/\\\/homeofwool.com\\\/#\\\/schema\\\/logo\\\/image\\\/\",\"url\":\"https:\\\/\\\/homeofwool.com\\\/wp-content\\\/uploads\\\/2025\\\/09\\\/WhatsApp-Image-2025-12-02-at-16.23.20.jpeg\",\"contentUrl\":\"https:\\\/\\\/homeofwool.com\\\/wp-content\\\/uploads\\\/2025\\\/09\\\/WhatsApp-Image-2025-12-02-at-16.23.20.jpeg\",\"width\":700,\"height\":247,\"caption\":\"Home of Wool\"},\"image\":{\"@id\":\"https:\\\/\\\/homeofwool.com\\\/#\\\/schema\\\/logo\\\/image\\\/\"},\"sameAs\":[\"https:\\\/\\\/facebook.com\\\/HomeOfWoolOfficial\"]}]}<\/script>\n<!-- \/ Yoast SEO Premium plugin. -->","yoast_head_json":{"title":"C-formet graviditetspude \u2013 allergivenlig graviditetspude | Home of Wool","description":"Den C-formede graviditetspude omslutter kroppen med \u00e5ndbar uldkomfort. Den er allergivenlig og fri for giftstoffer og giver m\u00f8dre en st\u00f8ttende, naturlig hvile under graviditeten.","robots":{"index":"index","follow":"follow","max-snippet":"max-snippet:-1","max-image-preview":"max-image-preview:large","max-video-preview":"max-video-preview:-1"},"canonical":"https:\/\/homeofwool.com\/da\/butik\/c-formet-graviditetspude\/","og_locale":"da_DK","og_type":"article","og_title":"Wool Pregnancy Pillow (C-Shaped)","og_description":"The C-Shaped Pregnancy Pillow surrounds the body in breathable wool comfort. Hypoallergenic and toxin-free, it delivers supportive, natural rest for mothers during maternity sleep.","og_url":"https:\/\/homeofwool.com\/da\/butik\/c-formet-graviditetspude\/","og_site_name":"Home of Wool","article_publisher":"https:\/\/facebook.com\/HomeOfWoolOfficial","article_modified_time":"2026-02-11T10:35:37+00:00","og_image":[{"width":2000,"height":1600,"url":"https:\/\/homeofwool.com\/wp-content\/uploads\/2025\/09\/home-of-wool-wool-pregnancy-pillow-c-shaped-3-.jpg","type":"image\/jpeg"}],"twitter_card":"summary_large_image","twitter_misc":{"Estimeret l\u00e6setid":"2 minutter"},"schema":{"@context":"https:\/\/schema.org","@graph":[{"@type":"WebPage","@id":"https:\/\/homeofwool.com\/shop\/c-shaped-pregnancy-pillow\/","url":"https:\/\/homeofwool.com\/shop\/c-shaped-pregnancy-pillow\/","name":"C-formet graviditetspude \u2013 allergivenlig graviditetspude | Home of Wool","isPartOf":{"@id":"https:\/\/homeofwool.com\/#website"},"primaryImageOfPage":{"@id":"https:\/\/homeofwool.com\/shop\/c-shaped-pregnancy-pillow\/#primaryimage"},"image":{"@id":"https:\/\/homeofwool.com\/shop\/c-shaped-pregnancy-pillow\/#primaryimage"},"thumbnailUrl":"https:\/\/homeofwool.com\/wp-content\/uploads\/2025\/09\/home-of-wool-wool-pregnancy-pillow-c-shaped-3-.jpg","datePublished":"2025-09-02T12:00:51+00:00","dateModified":"2026-02-11T10:35:37+00:00","description":"Den C-formede graviditetspude omslutter kroppen med \u00e5ndbar uldkomfort. Den er allergivenlig og fri for giftstoffer og giver m\u00f8dre en st\u00f8ttende, naturlig hvile under graviditeten.","breadcrumb":{"@id":"https:\/\/homeofwool.com\/shop\/c-shaped-pregnancy-pillow\/#breadcrumb"},"inLanguage":"da-DK","potentialAction":[{"@type":"ReadAction","target":["https:\/\/homeofwool.com\/shop\/c-shaped-pregnancy-pillow\/"]}]},{"@type":"ImageObject","inLanguage":"da-DK","@id":"https:\/\/homeofwool.com\/shop\/c-shaped-pregnancy-pillow\/#primaryimage","url":"https:\/\/homeofwool.com\/wp-content\/uploads\/2025\/09\/home-of-wool-wool-pregnancy-pillow-c-shaped-3-.jpg","contentUrl":"https:\/\/homeofwool.com\/wp-content\/uploads\/2025\/09\/home-of-wool-wool-pregnancy-pillow-c-shaped-3-.jpg","width":2000,"height":1600,"caption":"wool pregnancy pillow c shaped"},{"@type":"BreadcrumbList","@id":"https:\/\/homeofwool.com\/shop\/c-shaped-pregnancy-pillow\/#breadcrumb","itemListElement":[{"@type":"ListItem","position":1,"name":"Home","item":"https:\/\/homeofwool.com\/"},{"@type":"ListItem","position":2,"name":"Products","item":"https:\/\/homeofwool.com\/header-search-2\/"},{"@type":"ListItem","position":3,"name":"Wool Pregnancy Pillow (C-Shaped)"}]},{"@type":"WebSite","@id":"https:\/\/homeofwool.com\/#website","url":"https:\/\/homeofwool.com\/","name":"Hjemsted for uld","description":"","publisher":{"@id":"https:\/\/homeofwool.com\/#organization"},"potentialAction":[{"@type":"SearchAction","target":{"@type":"EntryPoint","urlTemplate":"https:\/\/homeofwool.com\/?s={search_term_string}"},"query-input":{"@type":"PropertyValueSpecification","valueRequired":true,"valueName":"search_term_string"}}],"inLanguage":"da-DK"},{"@type":"Organization","@id":"https:\/\/homeofwool.com\/#organization","name":"Hjemsted for uld","url":"https:\/\/homeofwool.com\/","logo":{"@type":"ImageObject","inLanguage":"da-DK","@id":"https:\/\/homeofwool.com\/#\/schema\/logo\/image\/","url":"https:\/\/homeofwool.com\/wp-content\/uploads\/2025\/09\/WhatsApp-Image-2025-12-02-at-16.23.20.jpeg","contentUrl":"https:\/\/homeofwool.com\/wp-content\/uploads\/2025\/09\/WhatsApp-Image-2025-12-02-at-16.23.20.jpeg","width":700,"height":247,"caption":"Home of Wool"},"image":{"@id":"https:\/\/homeofwool.com\/#\/schema\/logo\/image\/"},"sameAs":["https:\/\/facebook.com\/HomeOfWoolOfficial"]}]}},"_links":{"self":[{"href":"https:\/\/homeofwool.com\/da\/wp-json\/wp\/v2\/product\/217519","targetHints":{"allow":["GET"]}}],"collection":[{"href":"https:\/\/homeofwool.com\/da\/wp-json\/wp\/v2\/product"}],"about":[{"href":"https:\/\/homeofwool.com\/da\/wp-json\/wp\/v2\/types\/product"}],"version-history":[{"count":2,"href":"https:\/\/homeofwool.com\/da\/wp-json\/wp\/v2\/product\/217519\/revisions"}],"predecessor-version":[{"id":226511,"href":"https:\/\/homeofwool.com\/da\/wp-json\/wp\/v2\/product\/217519\/revisions\/226511"}],"wp:featuredmedia":[{"embeddable":true,"href":"https:\/\/homeofwool.com\/da\/wp-json\/wp\/v2\/media\/219616"}],"wp:attachment":[{"href":"https:\/\/homeofwool.com\/da\/wp-json\/wp\/v2\/media?parent=217519"}],"wp:term":[{"taxonomy":"product_brand","embeddable":true,"href":"https:\/\/homeofwool.com\/da\/wp-json\/wp\/v2\/product_brand?post=217519"},{"taxonomy":"product_cat","embeddable":true,"href":"https:\/\/homeofwool.com\/da\/wp-json\/wp\/v2\/product_cat?post=217519"},{"taxonomy":"product_tag","embeddable":true,"href":"https:\/\/homeofwool.com\/da\/wp-json\/wp\/v2\/product_tag?post=217519"}],"curies":[{"name":"wp","href":"https:\/\/api.w.org\/{rel}","templated":true}]}}