{"id":217512,"date":"2025-09-02T12:00:51","date_gmt":"2025-09-02T12:00:51","guid":{"rendered":"https:\/\/homeofwool.com\/?post_type=product&#038;p=217512"},"modified":"2026-01-15T12:43:18","modified_gmt":"2026-01-15T12:43:18","slug":"gots-certificeret-bomuld","status":"publish","type":"product","link":"https:\/\/homeofwool.com\/da\/shop\/gots-certified-cotton\/","title":{"rendered":"100% Bomuldsstof \u2013 Kraftigt"},"content":{"rendered":"<p>Dette \u00f8kologiske bomuldsstof er fremstillet af rene fibre og designet til at give styrke, komfort og naturlig sk\u00f8nhed til dine boligprojekter. Med en v\u00e6gt p\u00e5 320 g\/m\u00b2 (9,44 oz\/yd\u00b2) er dette tunge bomuldsstof robust nok til polstring, madrasovertr\u00e6k og puder, men samtidig \u00e5ndbart og bl\u00f8dt nok til at kunne bruges til puder, sofapuder eller andre bl\u00f8de tekstiler. Da det er et kemikaliefrit bomulds- og farvestoffrit stof, kan du v\u00e6re sikker p\u00e5, at det er sikkert for f\u00f8lsom hud. Det er perfekt til b\u00f8rn og mennesker med allergi. En dr\u00f8m, der g\u00e5r i opfyldelse for alle, der v\u00e6rds\u00e6tter et rent, giftfrit liv.<\/p>\n<p>Stoffet er ekstra bredt, 230 cm (90\u201d). Det betyder, at du har masser at arbejde med, uanset hvor stort eller lille dit projekt er. Hver ordre leveres som stof, der er sk\u00e5ret til i \u00e9t sammenh\u00e6ngende stykke, hvilket g\u00f8r det ideelt til s\u00f8ml\u00f8se kreationer og forskellige DIY-projekter med bomuldsstof.<\/p>\n<p>Der vil opst\u00e5 rynker efter hver vask. Der kan forekomme en smule krympning i l\u00e6ngderetningen, n\u00e5r du vasker det f\u00f8rste gang. Hvis du gerne vil pr\u00f8ve stoffet, f\u00f8r du bestiller et st\u00f8rre stykke, kan du k\u00f8be en lille pr\u00f8ve.<\/p>","protected":false},"excerpt":{"rendered":"<p>Dette kraftige bomuldsstof er st\u00e6rkt og holdbart og er perfekt til polstring, puder og senget\u00f8j. Det er fremstillet af GOTS-certificeret bomuldsstof og er fri for kemikalier og farvestoffer, hvilket g\u00f8r det sikkert for f\u00f8lsom hud og milj\u00f8bevidste hjem.<\/p>\n<p><strong>V\u00e6gt:<\/strong> 320 g\/m\u00b2 \/ 9,44 oz\/yd\u00b2<br \/>\n<strong>Bredde: <\/strong>230 cm (90\u201d)<\/p>\n<p>Vi sk\u00e6rer enhver m\u00e6ngde, du bestiller, i \u00e9t langt stykke.<\/p>\n<div class=\"global-icon-set\">\n<div class=\"global-icon-set__items\">\n<div class=\"global-icon-set__item\">\n<div class=\"global-icon-set__image\">\n                                    <img decoding=\"async\" src=\"https:\/\/homeofwool.com\/wp-content\/uploads\/2025\/09\/VOCs-min-300x300.png\" alt=\"Vocs gratis\" \/>\n                                <\/div>\n<div class=\"global-icon-set__title\">Fri for VOC'er<\/div>\n<\/p><\/div>\n<div class=\"global-icon-set__item\">\n<div class=\"global-icon-set__image\">\n                                    <img decoding=\"async\" src=\"https:\/\/homeofwool.com\/wp-content\/uploads\/2025\/09\/free-of-synthetics-icon-300x300.png\" alt=\"fri for syntetiske stoffer ikon\" \/>\n                                <\/div>\n<div class=\"global-icon-set__title\">Fri for syntetiske stoffer<\/div>\n<\/p><\/div>\n<div class=\"global-icon-set__item\">\n<div class=\"global-icon-set__image\">\n                                    <img decoding=\"async\" src=\"https:\/\/homeofwool.com\/wp-content\/uploads\/2025\/09\/chemical-free-icon-300x300.png\" alt=\"ikon for kemikaliefrihed\" \/>\n                                <\/div>\n<div class=\"global-icon-set__title\">Fri for kemikalier<\/div>\n<\/p><\/div>\n<\/p><\/div>\n<\/p><\/div>","protected":false},"featured_media":227324,"template":"","meta":{"_acf_changed":false},"product_brand":[],"product_cat":[25],"product_tag":[261,262,85,86,263,94,95],"class_list":{"0":"post-217512","1":"product","2":"type-product","3":"status-publish","4":"has-post-thumbnail","6":"product_cat-wool-fabrics-batting","7":"product_tag-cotton-fabric-by-the-yard","8":"product_tag-cotton-fabric-for-applique","9":"product_tag-craft-supplies","10":"product_tag-eco-friendly-textile","11":"product_tag-pure-cotton-fabric","12":"product_tag-sewing-supply","13":"product_tag-undyed-fibers","15":"first","16":"instock","17":"shipping-taxable","18":"purchasable","19":"product-type-variable"},"acf":[],"yoast_head":"<!-- This site is optimized with the Yoast SEO Premium plugin v27.3 (Yoast SEO v27.3) - https:\/\/yoast.com\/product\/yoast-seo-premium-wordpress\/ -->\n<title>Cotton Fabric \u2013 Heavyweight, GOTS Certified, Cut-to-size | Home of Wool<\/title>\n<meta name=\"description\" content=\"Sturdy, natural cotton fabric, heavyweight, breathable, and safe for sensitive skin. Great for upholstery, bedding, cushions, and toxin-free DIY creations.\" \/>\n<meta name=\"robots\" content=\"index, follow, max-snippet:-1, max-image-preview:large, max-video-preview:-1\" \/>\n<link rel=\"canonical\" href=\"https:\/\/homeofwool.com\/da\/butik\/gots-certificeret-bomuld\/\" \/>\n<meta property=\"og:locale\" content=\"da_DK\" \/>\n<meta property=\"og:type\" content=\"article\" \/>\n<meta property=\"og:title\" content=\"100% Cotton Fabric \u2013 Heavyweight\" \/>\n<meta property=\"og:description\" content=\"Sturdy, natural cotton fabric, heavyweight, breathable, and safe for sensitive skin. Great for upholstery, bedding, cushions, and toxin-free DIY creations.\" \/>\n<meta property=\"og:url\" content=\"https:\/\/homeofwool.com\/da\/butik\/gots-certificeret-bomuld\/\" \/>\n<meta property=\"og:site_name\" content=\"Home of Wool\" \/>\n<meta property=\"article:publisher\" content=\"https:\/\/facebook.com\/HomeOfWoolOfficial\" \/>\n<meta property=\"article:modified_time\" content=\"2026-01-15T12:43:18+00:00\" \/>\n<meta property=\"og:image\" content=\"https:\/\/homeofwool.com\/wp-content\/uploads\/2025\/09\/home-of-wool-100-cotton-fabric-heavyweight-1.jpg\" \/>\n\t<meta property=\"og:image:width\" content=\"2000\" \/>\n\t<meta property=\"og:image:height\" content=\"1599\" \/>\n\t<meta property=\"og:image:type\" content=\"image\/jpeg\" \/>\n<meta name=\"twitter:card\" content=\"summary_large_image\" \/>\n<meta name=\"twitter:label1\" content=\"Estimeret l\u00e6setid\" \/>\n\t<meta name=\"twitter:data1\" content=\"1 minut\" \/>\n<script type=\"application\/ld+json\" class=\"yoast-schema-graph\">{\"@context\":\"https:\\\/\\\/schema.org\",\"@graph\":[{\"@type\":\"WebPage\",\"@id\":\"https:\\\/\\\/homeofwool.com\\\/shop\\\/gots-certified-cotton\\\/\",\"url\":\"https:\\\/\\\/homeofwool.com\\\/shop\\\/gots-certified-cotton\\\/\",\"name\":\"Cotton Fabric \u2013 Heavyweight, GOTS Certified, Cut-to-size | Home of Wool\",\"isPartOf\":{\"@id\":\"https:\\\/\\\/homeofwool.com\\\/#website\"},\"primaryImageOfPage\":{\"@id\":\"https:\\\/\\\/homeofwool.com\\\/shop\\\/gots-certified-cotton\\\/#primaryimage\"},\"image\":{\"@id\":\"https:\\\/\\\/homeofwool.com\\\/shop\\\/gots-certified-cotton\\\/#primaryimage\"},\"thumbnailUrl\":\"https:\\\/\\\/homeofwool.com\\\/wp-content\\\/uploads\\\/2025\\\/09\\\/home-of-wool-100-cotton-fabric-heavyweight-1.jpg\",\"datePublished\":\"2025-09-02T12:00:51+00:00\",\"dateModified\":\"2026-01-15T12:43:18+00:00\",\"description\":\"Sturdy, natural cotton fabric, heavyweight, breathable, and safe for sensitive skin. Great for upholstery, bedding, cushions, and toxin-free DIY creations.\",\"breadcrumb\":{\"@id\":\"https:\\\/\\\/homeofwool.com\\\/shop\\\/gots-certified-cotton\\\/#breadcrumb\"},\"inLanguage\":\"da-DK\",\"potentialAction\":[{\"@type\":\"ReadAction\",\"target\":[\"https:\\\/\\\/homeofwool.com\\\/shop\\\/gots-certified-cotton\\\/\"]}]},{\"@type\":\"ImageObject\",\"inLanguage\":\"da-DK\",\"@id\":\"https:\\\/\\\/homeofwool.com\\\/shop\\\/gots-certified-cotton\\\/#primaryimage\",\"url\":\"https:\\\/\\\/homeofwool.com\\\/wp-content\\\/uploads\\\/2025\\\/09\\\/home-of-wool-100-cotton-fabric-heavyweight-1.jpg\",\"contentUrl\":\"https:\\\/\\\/homeofwool.com\\\/wp-content\\\/uploads\\\/2025\\\/09\\\/home-of-wool-100-cotton-fabric-heavyweight-1.jpg\",\"width\":2000,\"height\":1599},{\"@type\":\"BreadcrumbList\",\"@id\":\"https:\\\/\\\/homeofwool.com\\\/shop\\\/gots-certified-cotton\\\/#breadcrumb\",\"itemListElement\":[{\"@type\":\"ListItem\",\"position\":1,\"name\":\"Home\",\"item\":\"https:\\\/\\\/homeofwool.com\\\/\"},{\"@type\":\"ListItem\",\"position\":2,\"name\":\"Products\",\"item\":\"https:\\\/\\\/homeofwool.com\\\/header-search-2\\\/\"},{\"@type\":\"ListItem\",\"position\":3,\"name\":\"100% Cotton Fabric \u2013 Heavyweight\"}]},{\"@type\":\"WebSite\",\"@id\":\"https:\\\/\\\/homeofwool.com\\\/#website\",\"url\":\"https:\\\/\\\/homeofwool.com\\\/\",\"name\":\"Home of Wool\",\"description\":\"\",\"publisher\":{\"@id\":\"https:\\\/\\\/homeofwool.com\\\/#organization\"},\"potentialAction\":[{\"@type\":\"SearchAction\",\"target\":{\"@type\":\"EntryPoint\",\"urlTemplate\":\"https:\\\/\\\/homeofwool.com\\\/?s={search_term_string}\"},\"query-input\":{\"@type\":\"PropertyValueSpecification\",\"valueRequired\":true,\"valueName\":\"search_term_string\"}}],\"inLanguage\":\"da-DK\"},{\"@type\":\"Organization\",\"@id\":\"https:\\\/\\\/homeofwool.com\\\/#organization\",\"name\":\"Home of Wool\",\"url\":\"https:\\\/\\\/homeofwool.com\\\/\",\"logo\":{\"@type\":\"ImageObject\",\"inLanguage\":\"da-DK\",\"@id\":\"https:\\\/\\\/homeofwool.com\\\/#\\\/schema\\\/logo\\\/image\\\/\",\"url\":\"https:\\\/\\\/homeofwool.com\\\/wp-content\\\/uploads\\\/2025\\\/09\\\/WhatsApp-Image-2025-12-02-at-16.23.20.jpeg\",\"contentUrl\":\"https:\\\/\\\/homeofwool.com\\\/wp-content\\\/uploads\\\/2025\\\/09\\\/WhatsApp-Image-2025-12-02-at-16.23.20.jpeg\",\"width\":700,\"height\":247,\"caption\":\"Home of Wool\"},\"image\":{\"@id\":\"https:\\\/\\\/homeofwool.com\\\/#\\\/schema\\\/logo\\\/image\\\/\"},\"sameAs\":[\"https:\\\/\\\/facebook.com\\\/HomeOfWoolOfficial\"]}]}<\/script>\n<!-- \/ Yoast SEO Premium plugin. -->","yoast_head_json":{"title":"Bomuldsstof \u2013 kraftigt, GOTS-certificeret, sk\u00e5ret efter m\u00e5l | Home of Wool","description":"Robust, naturligt bomuldsstof, kraftigt, \u00e5ndbart og sikkert for f\u00f8lsom hud. Perfekt til polstring, senget\u00f8j, puder og giftfri DIY-kreationer.","robots":{"index":"index","follow":"follow","max-snippet":"max-snippet:-1","max-image-preview":"max-image-preview:large","max-video-preview":"max-video-preview:-1"},"canonical":"https:\/\/homeofwool.com\/da\/butik\/gots-certificeret-bomuld\/","og_locale":"da_DK","og_type":"article","og_title":"100% Cotton Fabric \u2013 Heavyweight","og_description":"Sturdy, natural cotton fabric, heavyweight, breathable, and safe for sensitive skin. Great for upholstery, bedding, cushions, and toxin-free DIY creations.","og_url":"https:\/\/homeofwool.com\/da\/butik\/gots-certificeret-bomuld\/","og_site_name":"Home of Wool","article_publisher":"https:\/\/facebook.com\/HomeOfWoolOfficial","article_modified_time":"2026-01-15T12:43:18+00:00","og_image":[{"width":2000,"height":1599,"url":"https:\/\/homeofwool.com\/wp-content\/uploads\/2025\/09\/home-of-wool-100-cotton-fabric-heavyweight-1.jpg","type":"image\/jpeg"}],"twitter_card":"summary_large_image","twitter_misc":{"Estimeret l\u00e6setid":"1 minut"},"schema":{"@context":"https:\/\/schema.org","@graph":[{"@type":"WebPage","@id":"https:\/\/homeofwool.com\/shop\/gots-certified-cotton\/","url":"https:\/\/homeofwool.com\/shop\/gots-certified-cotton\/","name":"Bomuldsstof \u2013 kraftigt, GOTS-certificeret, sk\u00e5ret efter m\u00e5l | Home of Wool","isPartOf":{"@id":"https:\/\/homeofwool.com\/#website"},"primaryImageOfPage":{"@id":"https:\/\/homeofwool.com\/shop\/gots-certified-cotton\/#primaryimage"},"image":{"@id":"https:\/\/homeofwool.com\/shop\/gots-certified-cotton\/#primaryimage"},"thumbnailUrl":"https:\/\/homeofwool.com\/wp-content\/uploads\/2025\/09\/home-of-wool-100-cotton-fabric-heavyweight-1.jpg","datePublished":"2025-09-02T12:00:51+00:00","dateModified":"2026-01-15T12:43:18+00:00","description":"Robust, naturligt bomuldsstof, kraftigt, \u00e5ndbart og sikkert for f\u00f8lsom hud. Perfekt til polstring, senget\u00f8j, puder og giftfri DIY-kreationer.","breadcrumb":{"@id":"https:\/\/homeofwool.com\/shop\/gots-certified-cotton\/#breadcrumb"},"inLanguage":"da-DK","potentialAction":[{"@type":"ReadAction","target":["https:\/\/homeofwool.com\/shop\/gots-certified-cotton\/"]}]},{"@type":"ImageObject","inLanguage":"da-DK","@id":"https:\/\/homeofwool.com\/shop\/gots-certified-cotton\/#primaryimage","url":"https:\/\/homeofwool.com\/wp-content\/uploads\/2025\/09\/home-of-wool-100-cotton-fabric-heavyweight-1.jpg","contentUrl":"https:\/\/homeofwool.com\/wp-content\/uploads\/2025\/09\/home-of-wool-100-cotton-fabric-heavyweight-1.jpg","width":2000,"height":1599},{"@type":"BreadcrumbList","@id":"https:\/\/homeofwool.com\/shop\/gots-certified-cotton\/#breadcrumb","itemListElement":[{"@type":"ListItem","position":1,"name":"Home","item":"https:\/\/homeofwool.com\/"},{"@type":"ListItem","position":2,"name":"Products","item":"https:\/\/homeofwool.com\/header-search-2\/"},{"@type":"ListItem","position":3,"name":"100% Cotton Fabric \u2013 Heavyweight"}]},{"@type":"WebSite","@id":"https:\/\/homeofwool.com\/#website","url":"https:\/\/homeofwool.com\/","name":"Hjemsted for uld","description":"","publisher":{"@id":"https:\/\/homeofwool.com\/#organization"},"potentialAction":[{"@type":"SearchAction","target":{"@type":"EntryPoint","urlTemplate":"https:\/\/homeofwool.com\/?s={search_term_string}"},"query-input":{"@type":"PropertyValueSpecification","valueRequired":true,"valueName":"search_term_string"}}],"inLanguage":"da-DK"},{"@type":"Organization","@id":"https:\/\/homeofwool.com\/#organization","name":"Hjemsted for uld","url":"https:\/\/homeofwool.com\/","logo":{"@type":"ImageObject","inLanguage":"da-DK","@id":"https:\/\/homeofwool.com\/#\/schema\/logo\/image\/","url":"https:\/\/homeofwool.com\/wp-content\/uploads\/2025\/09\/WhatsApp-Image-2025-12-02-at-16.23.20.jpeg","contentUrl":"https:\/\/homeofwool.com\/wp-content\/uploads\/2025\/09\/WhatsApp-Image-2025-12-02-at-16.23.20.jpeg","width":700,"height":247,"caption":"Home of Wool"},"image":{"@id":"https:\/\/homeofwool.com\/#\/schema\/logo\/image\/"},"sameAs":["https:\/\/facebook.com\/HomeOfWoolOfficial"]}]}},"_links":{"self":[{"href":"https:\/\/homeofwool.com\/da\/wp-json\/wp\/v2\/product\/217512","targetHints":{"allow":["GET"]}}],"collection":[{"href":"https:\/\/homeofwool.com\/da\/wp-json\/wp\/v2\/product"}],"about":[{"href":"https:\/\/homeofwool.com\/da\/wp-json\/wp\/v2\/types\/product"}],"version-history":[{"count":1,"href":"https:\/\/homeofwool.com\/da\/wp-json\/wp\/v2\/product\/217512\/revisions"}],"predecessor-version":[{"id":227329,"href":"https:\/\/homeofwool.com\/da\/wp-json\/wp\/v2\/product\/217512\/revisions\/227329"}],"wp:featuredmedia":[{"embeddable":true,"href":"https:\/\/homeofwool.com\/da\/wp-json\/wp\/v2\/media\/227324"}],"wp:attachment":[{"href":"https:\/\/homeofwool.com\/da\/wp-json\/wp\/v2\/media?parent=217512"}],"wp:term":[{"taxonomy":"product_brand","embeddable":true,"href":"https:\/\/homeofwool.com\/da\/wp-json\/wp\/v2\/product_brand?post=217512"},{"taxonomy":"product_cat","embeddable":true,"href":"https:\/\/homeofwool.com\/da\/wp-json\/wp\/v2\/product_cat?post=217512"},{"taxonomy":"product_tag","embeddable":true,"href":"https:\/\/homeofwool.com\/da\/wp-json\/wp\/v2\/product_tag?post=217512"}],"curies":[{"name":"wp","href":"https:\/\/api.w.org\/{rel}","templated":true}]}}