{"id":217509,"date":"2025-09-02T12:00:51","date_gmt":"2025-09-02T12:00:51","guid":{"rendered":"https:\/\/homeofwool.com\/?post_type=product&#038;p=217509"},"modified":"2025-10-23T10:23:59","modified_gmt":"2025-10-23T10:23:59","slug":"grat-stribet-linnedstof","status":"publish","type":"product","link":"https:\/\/homeofwool.com\/da\/shop\/grey-striped-linen-fabric\/","title":{"rendered":"Gr\u00e5stribet linnedstof"},"content":{"rendered":"<p>Vores gr\u00e5stribede linnedstof er et godt valg for alle, der s\u00f8ger sk\u00f8nhed, sundhed og b\u00e6redygtighed i hjemmet. Dette OEKO-TEX-certificerede stof er fremstillet af rene h\u00f8rfibre og er helt fri for bel\u00e6gninger, overfladebehandlinger eller skadelige kemikalier. De diskrete gr\u00e5 striber tilf\u00f8jer et tidl\u00f8st detalje, der passer ind i stort set ethvert interi\u00f8r. Det er luftigt og friskt og perfekt til alle \u00e5rstider.<\/p>\n<p>Dette kemikaliefrie linned er ikke kun sikkert for f\u00f8lsom hud, men ogs\u00e5 allergivenligt, hvilket g\u00f8r det til et fremragende valg for familier med allergi eller astma. Linned er st\u00e6rkt nok til at modst\u00e5 daglig brug. Det er holdbart nok til polstring. Perfekt til pudebetr\u00e6k og gardiner. Med tiden bliver det bl\u00f8dere, men bevarer sin form, s\u00e5 dine tekstiler forbliver smukke i mange \u00e5r fremover.<\/p>\n<p>Vi tilbyder dette skr\u00e6ddersyede linnedstof i sammenh\u00e6ngende l\u00e6ngder, s\u00e5 du kan bestille pr\u00e6cis det, du har brug for til dit projekt uden spild. Da det er et ufarvet linnedstof, der ogs\u00e5 er ubleget, har det den rolige charme, der kendetegner det naturlige liv.<\/p>\n<p><strong>KRYMPNING<\/strong> (efter vask):<br \/>\nL\u00e6ngde: 5%<br \/>\nBredde: 0%<\/p>\n<p>Vask ved sk\u00e5nevask med et mildt vaskemiddel uden blegemidler. Dette er et naturligt stof, s\u00e5 det vil kr\u00f8lle, n\u00e5r det vaskes.<\/p>\n<p><strong>FORDELENE VED LIN<\/strong><\/p>\n<p>Linned er mere modstandsdygtigt over for pletter end noget andet stof, s\u00e5 det er meget nemt at holde stoffet rent. Linned er langt vores mest holdbare stof, meget mere holdbart og st\u00e6rkere end bomuld. Desuden er linned meget modstandsdygtigt over for skimmel.<\/p>\n<ul>\n<li>Linned er 30% st\u00e6rkere end bomuld<\/li>\n<li>St\u00e6rkt smudsafvisende<\/li>\n<li>Har en h\u00f8j fugtabsorberingsevne<\/li>\n<li>Allergivenlig<\/li>\n<li>H\u00f8jt \u00e5ndbarhed<\/li>\n<li>Strukturelt sund fiber, s\u00e5 produkterne bevarer deres form<\/li>\n<li>Milj\u00f8venlig \u2013 mindre vand og kemikalier til dyrkning<\/li>\n<\/ul>","protected":false},"excerpt":{"rendered":"<p>Bring tidl\u00f8s elegance ind i dit hjem med vores gr\u00e5stribede linned. Dette naturlige linnedstof er OEKO-TEX-certificeret, fri for giftstoffer og v\u00e6vet for at sikre styrke og holdbarhed. Det er perfekt til polstring, senget\u00f8j eller hverdagsprojekter og er et sikkert, milj\u00f8venligt linned, der ser lige s\u00e5 godt ud, som det f\u00f8les.<\/p>\n<div class=\"global-icon-set\">\n<div class=\"global-icon-set__items\">\n<div class=\"global-icon-set__item\">\n<div class=\"global-icon-set__image\">\n                                    <img decoding=\"async\" src=\"https:\/\/homeofwool.com\/wp-content\/uploads\/2025\/09\/VOCs-min-300x300.png\" alt=\"Vocs gratis\" \/>\n                                <\/div>\n<div class=\"global-icon-set__title\">Fri for VOC'er<\/div>\n<\/p><\/div>\n<div class=\"global-icon-set__item\">\n<div class=\"global-icon-set__image\">\n                                    <img decoding=\"async\" src=\"https:\/\/homeofwool.com\/wp-content\/uploads\/2025\/09\/Hypoallergenic-min-300x300.png\" alt=\"Hypoallergenisk ikon\" \/>\n                                <\/div>\n<div class=\"global-icon-set__title\">Hypoallergenisk<\/div>\n<\/p><\/div>\n<div class=\"global-icon-set__item\">\n<div class=\"global-icon-set__image\">\n                                    <img decoding=\"async\" src=\"https:\/\/homeofwool.com\/wp-content\/uploads\/2025\/09\/free-of-synthetics-icon-300x300.png\" alt=\"fri for syntetiske stoffer ikon\" \/>\n                                <\/div>\n<div class=\"global-icon-set__title\">Fri for syntetiske stoffer<\/div>\n<\/p><\/div>\n<div class=\"global-icon-set__item\">\n<div class=\"global-icon-set__image\">\n                                    <img decoding=\"async\" src=\"https:\/\/homeofwool.com\/wp-content\/uploads\/2025\/09\/chemical-free-icon-300x300.png\" alt=\"ikon for kemikaliefrihed\" \/>\n                                <\/div>\n<div class=\"global-icon-set__title\">Fri for kemikalier<\/div>\n<\/p><\/div>\n<\/p><\/div>\n<\/p><\/div>","protected":false},"featured_media":222995,"template":"","meta":{"_acf_changed":false},"product_brand":[],"product_cat":[25],"product_tag":[85,86,87,88,90,96,91,92,93,97,94,98,95],"class_list":{"0":"post-217509","1":"product","2":"type-product","3":"status-publish","4":"has-post-thumbnail","6":"product_cat-wool-fabrics-batting","7":"product_tag-craft-supplies","8":"product_tag-eco-friendly-textile","9":"product_tag-flax-linen-fabric","10":"product_tag-flax-linen-fabric-by-the-yard-or-meter","11":"product_tag-linen-fabric","12":"product_tag-linen-fabric-with-stripes","13":"product_tag-natural-linen","14":"product_tag-prewashed-linen","15":"product_tag-pure-flax-linen","16":"product_tag-pure-linen","17":"product_tag-sewing-supply","18":"product_tag-striped-linen-fabric","19":"product_tag-undyed-fibers","21":"first","22":"instock","23":"shipping-taxable","24":"purchasable","25":"product-type-variable"},"acf":[],"yoast_head":"<!-- This site is optimized with the Yoast SEO Premium plugin v27.5 (Yoast SEO v27.5) - https:\/\/yoast.com\/product\/yoast-seo-premium-wordpress\/ -->\n<title>100% Linen Fabric with Grey Stripes \u2013 Certified &amp; Durable | Home of Wool<\/title>\n<meta name=\"description\" content=\"OEKO-TEX linen fabric with subtle grey stripes, eco-friendly, breathable, and long-lasting. Perfect for upholstery, safe DIY projects, and timeless home d\u00e9cor.\" \/>\n<meta name=\"robots\" content=\"index, follow, max-snippet:-1, max-image-preview:large, max-video-preview:-1\" \/>\n<link rel=\"canonical\" href=\"https:\/\/homeofwool.com\/da\/butik\/grat-stribet-linnedstof\/\" \/>\n<meta property=\"og:locale\" content=\"da_DK\" \/>\n<meta property=\"og:type\" content=\"article\" \/>\n<meta property=\"og:title\" content=\"Grey Striped Linen Fabric\" \/>\n<meta property=\"og:description\" content=\"OEKO-TEX linen fabric with subtle grey stripes, eco-friendly, breathable, and long-lasting. Perfect for upholstery, safe DIY projects, and timeless home d\u00e9cor.\" \/>\n<meta property=\"og:url\" content=\"https:\/\/homeofwool.com\/da\/butik\/grat-stribet-linnedstof\/\" \/>\n<meta property=\"og:site_name\" content=\"Home of Wool\" \/>\n<meta property=\"article:publisher\" content=\"https:\/\/facebook.com\/HomeOfWoolOfficial\" \/>\n<meta property=\"article:modified_time\" content=\"2025-10-23T10:23:59+00:00\" \/>\n<meta property=\"og:image\" content=\"https:\/\/homeofwool.com\/wp-content\/uploads\/2025\/09\/home-of-wool-grey-striped-linen-fabric-6.jpg\" \/>\n\t<meta property=\"og:image:width\" content=\"2000\" \/>\n\t<meta property=\"og:image:height\" content=\"1600\" \/>\n\t<meta property=\"og:image:type\" content=\"image\/jpeg\" \/>\n<meta name=\"twitter:card\" content=\"summary_large_image\" \/>\n<meta name=\"twitter:label1\" content=\"Estimeret l\u00e6setid\" \/>\n\t<meta name=\"twitter:data1\" content=\"2 minutter\" \/>\n<script type=\"application\/ld+json\" class=\"yoast-schema-graph\">{\"@context\":\"https:\\\/\\\/schema.org\",\"@graph\":[{\"@type\":\"WebPage\",\"@id\":\"https:\\\/\\\/homeofwool.com\\\/fi\\\/shop\\\/harmaa-raidallinen-pellavakangas\\\/\",\"url\":\"https:\\\/\\\/homeofwool.com\\\/fi\\\/shop\\\/harmaa-raidallinen-pellavakangas\\\/\",\"name\":\"100% Linen Fabric with Grey Stripes \u2013 Certified & Durable | Home of Wool\",\"isPartOf\":{\"@id\":\"https:\\\/\\\/homeofwool.com\\\/#website\"},\"primaryImageOfPage\":{\"@id\":\"https:\\\/\\\/homeofwool.com\\\/fi\\\/shop\\\/harmaa-raidallinen-pellavakangas\\\/#primaryimage\"},\"image\":{\"@id\":\"https:\\\/\\\/homeofwool.com\\\/fi\\\/shop\\\/harmaa-raidallinen-pellavakangas\\\/#primaryimage\"},\"thumbnailUrl\":\"https:\\\/\\\/homeofwool.com\\\/wp-content\\\/uploads\\\/2025\\\/09\\\/home-of-wool-grey-striped-linen-fabric-6.jpg\",\"datePublished\":\"2025-09-02T12:00:51+00:00\",\"dateModified\":\"2025-10-23T10:23:59+00:00\",\"description\":\"OEKO-TEX linen fabric with subtle grey stripes, eco-friendly, breathable, and long-lasting. Perfect for upholstery, safe DIY projects, and timeless home d\u00e9cor.\",\"breadcrumb\":{\"@id\":\"https:\\\/\\\/homeofwool.com\\\/fi\\\/shop\\\/harmaa-raidallinen-pellavakangas\\\/#breadcrumb\"},\"inLanguage\":\"da-DK\",\"potentialAction\":[{\"@type\":\"ReadAction\",\"target\":[\"https:\\\/\\\/homeofwool.com\\\/fi\\\/shop\\\/harmaa-raidallinen-pellavakangas\\\/\"]}]},{\"@type\":\"ImageObject\",\"inLanguage\":\"da-DK\",\"@id\":\"https:\\\/\\\/homeofwool.com\\\/fi\\\/shop\\\/harmaa-raidallinen-pellavakangas\\\/#primaryimage\",\"url\":\"https:\\\/\\\/homeofwool.com\\\/wp-content\\\/uploads\\\/2025\\\/09\\\/home-of-wool-grey-striped-linen-fabric-6.jpg\",\"contentUrl\":\"https:\\\/\\\/homeofwool.com\\\/wp-content\\\/uploads\\\/2025\\\/09\\\/home-of-wool-grey-striped-linen-fabric-6.jpg\",\"width\":2000,\"height\":1600,\"caption\":\"grey striped linen fabric close up showing the pattern\"},{\"@type\":\"BreadcrumbList\",\"@id\":\"https:\\\/\\\/homeofwool.com\\\/fi\\\/shop\\\/harmaa-raidallinen-pellavakangas\\\/#breadcrumb\",\"itemListElement\":[{\"@type\":\"ListItem\",\"position\":1,\"name\":\"Home\",\"item\":\"https:\\\/\\\/homeofwool.com\\\/\"},{\"@type\":\"ListItem\",\"position\":2,\"name\":\"Products\",\"item\":\"https:\\\/\\\/homeofwool.com\\\/header-search-2\\\/\"},{\"@type\":\"ListItem\",\"position\":3,\"name\":\"Grey Striped Linen Fabric\"}]},{\"@type\":\"WebSite\",\"@id\":\"https:\\\/\\\/homeofwool.com\\\/#website\",\"url\":\"https:\\\/\\\/homeofwool.com\\\/\",\"name\":\"Home of Wool\",\"description\":\"\",\"publisher\":{\"@id\":\"https:\\\/\\\/homeofwool.com\\\/#organization\"},\"potentialAction\":[{\"@type\":\"SearchAction\",\"target\":{\"@type\":\"EntryPoint\",\"urlTemplate\":\"https:\\\/\\\/homeofwool.com\\\/?s={search_term_string}\"},\"query-input\":{\"@type\":\"PropertyValueSpecification\",\"valueRequired\":true,\"valueName\":\"search_term_string\"}}],\"inLanguage\":\"da-DK\"},{\"@type\":\"Organization\",\"@id\":\"https:\\\/\\\/homeofwool.com\\\/#organization\",\"name\":\"Home of Wool\",\"url\":\"https:\\\/\\\/homeofwool.com\\\/\",\"logo\":{\"@type\":\"ImageObject\",\"inLanguage\":\"da-DK\",\"@id\":\"https:\\\/\\\/homeofwool.com\\\/#\\\/schema\\\/logo\\\/image\\\/\",\"url\":\"https:\\\/\\\/homeofwool.com\\\/wp-content\\\/uploads\\\/2025\\\/09\\\/WhatsApp-Image-2025-12-02-at-16.23.20.jpeg\",\"contentUrl\":\"https:\\\/\\\/homeofwool.com\\\/wp-content\\\/uploads\\\/2025\\\/09\\\/WhatsApp-Image-2025-12-02-at-16.23.20.jpeg\",\"width\":700,\"height\":247,\"caption\":\"Home of Wool\"},\"image\":{\"@id\":\"https:\\\/\\\/homeofwool.com\\\/#\\\/schema\\\/logo\\\/image\\\/\"},\"sameAs\":[\"https:\\\/\\\/facebook.com\\\/HomeOfWoolOfficial\"]}]}<\/script>\n<!-- \/ Yoast SEO Premium plugin. -->","yoast_head_json":{"title":"100% Linnedstof med gr\u00e5 striber \u2013 certificeret og holdbart | Home of Wool","description":"OEKO-TEX-linnedstof med diskrete gr\u00e5 striber, milj\u00f8venligt, \u00e5ndbart og holdbart. Perfekt til polstring, sikre DIY-projekter og tidl\u00f8s boligindretning.","robots":{"index":"index","follow":"follow","max-snippet":"max-snippet:-1","max-image-preview":"max-image-preview:large","max-video-preview":"max-video-preview:-1"},"canonical":"https:\/\/homeofwool.com\/da\/butik\/grat-stribet-linnedstof\/","og_locale":"da_DK","og_type":"article","og_title":"Grey Striped Linen Fabric","og_description":"OEKO-TEX linen fabric with subtle grey stripes, eco-friendly, breathable, and long-lasting. Perfect for upholstery, safe DIY projects, and timeless home d\u00e9cor.","og_url":"https:\/\/homeofwool.com\/da\/butik\/grat-stribet-linnedstof\/","og_site_name":"Home of Wool","article_publisher":"https:\/\/facebook.com\/HomeOfWoolOfficial","article_modified_time":"2025-10-23T10:23:59+00:00","og_image":[{"width":2000,"height":1600,"url":"https:\/\/homeofwool.com\/wp-content\/uploads\/2025\/09\/home-of-wool-grey-striped-linen-fabric-6.jpg","type":"image\/jpeg"}],"twitter_card":"summary_large_image","twitter_misc":{"Estimeret l\u00e6setid":"2 minutter"},"schema":{"@context":"https:\/\/schema.org","@graph":[{"@type":"WebPage","@id":"https:\/\/homeofwool.com\/fi\/shop\/harmaa-raidallinen-pellavakangas\/","url":"https:\/\/homeofwool.com\/fi\/shop\/harmaa-raidallinen-pellavakangas\/","name":"100% Linnedstof med gr\u00e5 striber \u2013 certificeret og holdbart | Home of Wool","isPartOf":{"@id":"https:\/\/homeofwool.com\/#website"},"primaryImageOfPage":{"@id":"https:\/\/homeofwool.com\/fi\/shop\/harmaa-raidallinen-pellavakangas\/#primaryimage"},"image":{"@id":"https:\/\/homeofwool.com\/fi\/shop\/harmaa-raidallinen-pellavakangas\/#primaryimage"},"thumbnailUrl":"https:\/\/homeofwool.com\/wp-content\/uploads\/2025\/09\/home-of-wool-grey-striped-linen-fabric-6.jpg","datePublished":"2025-09-02T12:00:51+00:00","dateModified":"2025-10-23T10:23:59+00:00","description":"OEKO-TEX-linnedstof med diskrete gr\u00e5 striber, milj\u00f8venligt, \u00e5ndbart og holdbart. Perfekt til polstring, sikre DIY-projekter og tidl\u00f8s boligindretning.","breadcrumb":{"@id":"https:\/\/homeofwool.com\/fi\/shop\/harmaa-raidallinen-pellavakangas\/#breadcrumb"},"inLanguage":"da-DK","potentialAction":[{"@type":"ReadAction","target":["https:\/\/homeofwool.com\/fi\/shop\/harmaa-raidallinen-pellavakangas\/"]}]},{"@type":"ImageObject","inLanguage":"da-DK","@id":"https:\/\/homeofwool.com\/fi\/shop\/harmaa-raidallinen-pellavakangas\/#primaryimage","url":"https:\/\/homeofwool.com\/wp-content\/uploads\/2025\/09\/home-of-wool-grey-striped-linen-fabric-6.jpg","contentUrl":"https:\/\/homeofwool.com\/wp-content\/uploads\/2025\/09\/home-of-wool-grey-striped-linen-fabric-6.jpg","width":2000,"height":1600,"caption":"grey striped linen fabric close up showing the pattern"},{"@type":"BreadcrumbList","@id":"https:\/\/homeofwool.com\/fi\/shop\/harmaa-raidallinen-pellavakangas\/#breadcrumb","itemListElement":[{"@type":"ListItem","position":1,"name":"Home","item":"https:\/\/homeofwool.com\/"},{"@type":"ListItem","position":2,"name":"Products","item":"https:\/\/homeofwool.com\/header-search-2\/"},{"@type":"ListItem","position":3,"name":"Grey Striped Linen Fabric"}]},{"@type":"WebSite","@id":"https:\/\/homeofwool.com\/#website","url":"https:\/\/homeofwool.com\/","name":"Hjemsted for uld","description":"","publisher":{"@id":"https:\/\/homeofwool.com\/#organization"},"potentialAction":[{"@type":"SearchAction","target":{"@type":"EntryPoint","urlTemplate":"https:\/\/homeofwool.com\/?s={search_term_string}"},"query-input":{"@type":"PropertyValueSpecification","valueRequired":true,"valueName":"search_term_string"}}],"inLanguage":"da-DK"},{"@type":"Organization","@id":"https:\/\/homeofwool.com\/#organization","name":"Hjemsted for uld","url":"https:\/\/homeofwool.com\/","logo":{"@type":"ImageObject","inLanguage":"da-DK","@id":"https:\/\/homeofwool.com\/#\/schema\/logo\/image\/","url":"https:\/\/homeofwool.com\/wp-content\/uploads\/2025\/09\/WhatsApp-Image-2025-12-02-at-16.23.20.jpeg","contentUrl":"https:\/\/homeofwool.com\/wp-content\/uploads\/2025\/09\/WhatsApp-Image-2025-12-02-at-16.23.20.jpeg","width":700,"height":247,"caption":"Home of Wool"},"image":{"@id":"https:\/\/homeofwool.com\/#\/schema\/logo\/image\/"},"sameAs":["https:\/\/facebook.com\/HomeOfWoolOfficial"]}]}},"_links":{"self":[{"href":"https:\/\/homeofwool.com\/da\/wp-json\/wp\/v2\/product\/217509","targetHints":{"allow":["GET"]}}],"collection":[{"href":"https:\/\/homeofwool.com\/da\/wp-json\/wp\/v2\/product"}],"about":[{"href":"https:\/\/homeofwool.com\/da\/wp-json\/wp\/v2\/types\/product"}],"version-history":[{"count":0,"href":"https:\/\/homeofwool.com\/da\/wp-json\/wp\/v2\/product\/217509\/revisions"}],"wp:featuredmedia":[{"embeddable":true,"href":"https:\/\/homeofwool.com\/da\/wp-json\/wp\/v2\/media\/222995"}],"wp:attachment":[{"href":"https:\/\/homeofwool.com\/da\/wp-json\/wp\/v2\/media?parent=217509"}],"wp:term":[{"taxonomy":"product_brand","embeddable":true,"href":"https:\/\/homeofwool.com\/da\/wp-json\/wp\/v2\/product_brand?post=217509"},{"taxonomy":"product_cat","embeddable":true,"href":"https:\/\/homeofwool.com\/da\/wp-json\/wp\/v2\/product_cat?post=217509"},{"taxonomy":"product_tag","embeddable":true,"href":"https:\/\/homeofwool.com\/da\/wp-json\/wp\/v2\/product_tag?post=217509"}],"curies":[{"name":"wp","href":"https:\/\/api.w.org\/{rel}","templated":true}]}}