{"id":217506,"date":"2025-09-02T12:00:50","date_gmt":"2025-09-02T12:00:50","guid":{"rendered":"https:\/\/homeofwool.com\/?post_type=product&#038;p=217506"},"modified":"2025-09-26T12:19:46","modified_gmt":"2025-09-26T12:19:46","slug":"rodstribet-linnedstof","status":"publish","type":"product","link":"https:\/\/homeofwool.com\/da\/shop\/red-striped-linen-fabric\/","title":{"rendered":"R\u00f8dstribet linnedstof"},"content":{"rendered":"<p>Det naturlige Home of Wool-linnedstof med v\u00e6vede r\u00f8de striber er fremstillet med omhu for at opfylde de h\u00f8jeste standarder for renhed og holdbarhed. Det er et OEKO-TEX Standard 100-certificeret linnedstof, der ikke indeholder kemiske overfladebehandlinger eller bel\u00e6gninger. Det er det sikreste valg til f\u00f8lsomme husholdninger og et gennemt\u00e6nkt valg til milj\u00f8bevidst levevis. De r\u00f8de striber er v\u00e6vet ind. En enkel detalje, der f\u00f8les naturlig, og en farve, der holder sig flot over tid.<\/p>\n<p>Dette slidst\u00e6rke m\u00f8belstof er st\u00e6rkt nok til daglig brug p\u00e5 m\u00f8bler, samtidig med at det er bl\u00f8dt og \u00e5ndbart. Det fungerer perfekt som stof til puder, betr\u00e6k eller gardiner, og er ogs\u00e5 velegnet som stof til madrasser til dagsenge, s\u00e5 du kan tage en k\u00f8lig og behagelig lur. Med en v\u00e6gt p\u00e5 350 g\/m\u00b2 er stoffet slidst\u00e6rkt og perfekt til m\u00f8belbetr\u00e6k og boligtekstiler. Linned holder sig let frisk. Du beh\u00f8ver ikke g\u00f8re meget for at bevare dets bedste form. Det er modstandsdygtigt over for hverdagens pletter og holder sin form godt over tid, og bliver bedre for hver vask.<\/p>\n<p>Vi tilbyder dette tekstil som skr\u00e6ddersyet linnedstof, s\u00e5 du kan bestille pr\u00e6cis den m\u00e6ngde, du har brug for, i \u00e9t sammenh\u00e6ngende stykke. Uanset om du vil give din yndlingsl\u00e6nestol et nyt look, sy h\u00e5ndlavede pudebetr\u00e6k eller designe milj\u00f8venligt senget\u00f8j, tilbyder dette r\u00f8dstribede linned langvarig kvalitet med en enkel, naturlig charme.<\/p>","protected":false},"excerpt":{"rendered":"<p>Dette r\u00f8dstribede linned kombinerer naturlig styrke med hverdagselegance. Da det er et certificeret linnedstof, er det \u00e5ndbart og allergivenligt. Det er ideelt til polstring, puder eller senget\u00f8j. De fint v\u00e6vede r\u00f8de linjer tilf\u00f8jer en subtil dekorativ accent, der giver stoffet et strejf af karakter.<\/p>\n<div class=\"global-icon-set\">\n<div class=\"global-icon-set__items\">\n<div class=\"global-icon-set__item\">\n<div class=\"global-icon-set__image\">\n                                    <img decoding=\"async\" src=\"https:\/\/homeofwool.com\/wp-content\/uploads\/2025\/09\/VOCs-min-300x300.png\" alt=\"Vocs gratis\" \/>\n                                <\/div>\n<div class=\"global-icon-set__title\">Fri for VOC'er<\/div>\n<\/p><\/div>\n<div class=\"global-icon-set__item\">\n<div class=\"global-icon-set__image\">\n                                    <img decoding=\"async\" src=\"https:\/\/homeofwool.com\/wp-content\/uploads\/2025\/09\/Hypoallergenic-min-300x300.png\" alt=\"Hypoallergenisk ikon\" \/>\n                                <\/div>\n<div class=\"global-icon-set__title\">Hypoallergenisk<\/div>\n<\/p><\/div>\n<div class=\"global-icon-set__item\">\n<div class=\"global-icon-set__image\">\n                                    <img decoding=\"async\" src=\"https:\/\/homeofwool.com\/wp-content\/uploads\/2025\/09\/free-of-synthetics-icon-300x300.png\" alt=\"fri for syntetiske stoffer ikon\" \/>\n                                <\/div>\n<div class=\"global-icon-set__title\">Fri for syntetiske stoffer<\/div>\n<\/p><\/div>\n<div class=\"global-icon-set__item\">\n<div class=\"global-icon-set__image\">\n                                    <img decoding=\"async\" src=\"https:\/\/homeofwool.com\/wp-content\/uploads\/2025\/09\/chemical-free-icon-300x300.png\" alt=\"ikon for kemikaliefrihed\" \/>\n                                <\/div>\n<div class=\"global-icon-set__title\">Fri for kemikalier<\/div>\n<\/p><\/div>\n<\/p><\/div>\n<\/p><\/div>","protected":false},"featured_media":219424,"template":"","meta":{"_acf_changed":false},"product_brand":[],"product_cat":[25],"product_tag":[85,86,87,88,90,96,91,92,93,97,94,98,95],"class_list":{"0":"post-217506","1":"product","2":"type-product","3":"status-publish","4":"has-post-thumbnail","6":"product_cat-wool-fabrics-batting","7":"product_tag-craft-supplies","8":"product_tag-eco-friendly-textile","9":"product_tag-flax-linen-fabric","10":"product_tag-flax-linen-fabric-by-the-yard-or-meter","11":"product_tag-linen-fabric","12":"product_tag-linen-fabric-with-stripes","13":"product_tag-natural-linen","14":"product_tag-prewashed-linen","15":"product_tag-pure-flax-linen","16":"product_tag-pure-linen","17":"product_tag-sewing-supply","18":"product_tag-striped-linen-fabric","19":"product_tag-undyed-fibers","21":"first","22":"instock","23":"shipping-taxable","24":"purchasable","25":"product-type-variable"},"acf":[],"yoast_head":"<!-- This site is optimized with the Yoast SEO Premium plugin v27.4 (Yoast SEO v27.4) - https:\/\/yoast.com\/product\/yoast-seo-premium-wordpress\/ -->\n<title>Linen Fabric with Red Stripes \u2013 Certified &amp; Durable | Home of Wool<\/title>\n<meta name=\"description\" content=\"Timeless and eco-friendly, the Linen Fabric with Red Stripes adds breathable, natural charm to cushions, upholstery, and d\u00e9cor. Durable, chemical-free, and certified for sustainable living.\" \/>\n<meta name=\"robots\" content=\"index, follow, max-snippet:-1, max-image-preview:large, max-video-preview:-1\" \/>\n<link rel=\"canonical\" href=\"https:\/\/homeofwool.com\/da\/butik\/rodstribet-linnedstof\/\" \/>\n<meta property=\"og:locale\" content=\"da_DK\" \/>\n<meta property=\"og:type\" content=\"article\" \/>\n<meta property=\"og:title\" content=\"Red Striped Linen Fabric\" \/>\n<meta property=\"og:description\" content=\"Timeless and eco-friendly, the Linen Fabric with Red Stripes adds breathable, natural charm to cushions, upholstery, and d\u00e9cor. Durable, chemical-free, and certified for sustainable living.\" \/>\n<meta property=\"og:url\" content=\"https:\/\/homeofwool.com\/da\/butik\/rodstribet-linnedstof\/\" \/>\n<meta property=\"og:site_name\" content=\"Home of Wool\" \/>\n<meta property=\"article:publisher\" content=\"https:\/\/facebook.com\/HomeOfWoolOfficial\" \/>\n<meta property=\"article:modified_time\" content=\"2025-09-26T12:19:46+00:00\" \/>\n<meta property=\"og:image\" content=\"https:\/\/homeofwool.com\/wp-content\/uploads\/2025\/09\/home-of-wool-red-striped-linen-fabric-1-main.jpg\" \/>\n\t<meta property=\"og:image:width\" content=\"2000\" \/>\n\t<meta property=\"og:image:height\" content=\"1600\" \/>\n\t<meta property=\"og:image:type\" content=\"image\/jpeg\" \/>\n<meta name=\"twitter:card\" content=\"summary_large_image\" \/>\n<meta name=\"twitter:label1\" content=\"Estimeret l\u00e6setid\" \/>\n\t<meta name=\"twitter:data1\" content=\"2 minutter\" \/>\n<script type=\"application\/ld+json\" class=\"yoast-schema-graph\">{\"@context\":\"https:\\\/\\\/schema.org\",\"@graph\":[{\"@type\":\"WebPage\",\"@id\":\"https:\\\/\\\/homeofwool.com\\\/it\\\/negozio\\\/tessuto-di-lino-a-righe-rosse\\\/\",\"url\":\"https:\\\/\\\/homeofwool.com\\\/it\\\/negozio\\\/tessuto-di-lino-a-righe-rosse\\\/\",\"name\":\"Linen Fabric with Red Stripes \u2013 Certified & Durable | Home of Wool\",\"isPartOf\":{\"@id\":\"https:\\\/\\\/homeofwool.com\\\/#website\"},\"primaryImageOfPage\":{\"@id\":\"https:\\\/\\\/homeofwool.com\\\/it\\\/negozio\\\/tessuto-di-lino-a-righe-rosse\\\/#primaryimage\"},\"image\":{\"@id\":\"https:\\\/\\\/homeofwool.com\\\/it\\\/negozio\\\/tessuto-di-lino-a-righe-rosse\\\/#primaryimage\"},\"thumbnailUrl\":\"https:\\\/\\\/homeofwool.com\\\/wp-content\\\/uploads\\\/2025\\\/09\\\/home-of-wool-red-striped-linen-fabric-1-main.jpg\",\"datePublished\":\"2025-09-02T12:00:50+00:00\",\"dateModified\":\"2025-09-26T12:19:46+00:00\",\"description\":\"Timeless and eco-friendly, the Linen Fabric with Red Stripes adds breathable, natural charm to cushions, upholstery, and d\u00e9cor. Durable, chemical-free, and certified for sustainable living.\",\"breadcrumb\":{\"@id\":\"https:\\\/\\\/homeofwool.com\\\/it\\\/negozio\\\/tessuto-di-lino-a-righe-rosse\\\/#breadcrumb\"},\"inLanguage\":\"da-DK\",\"potentialAction\":[{\"@type\":\"ReadAction\",\"target\":[\"https:\\\/\\\/homeofwool.com\\\/it\\\/negozio\\\/tessuto-di-lino-a-righe-rosse\\\/\"]}]},{\"@type\":\"ImageObject\",\"inLanguage\":\"da-DK\",\"@id\":\"https:\\\/\\\/homeofwool.com\\\/it\\\/negozio\\\/tessuto-di-lino-a-righe-rosse\\\/#primaryimage\",\"url\":\"https:\\\/\\\/homeofwool.com\\\/wp-content\\\/uploads\\\/2025\\\/09\\\/home-of-wool-red-striped-linen-fabric-1-main.jpg\",\"contentUrl\":\"https:\\\/\\\/homeofwool.com\\\/wp-content\\\/uploads\\\/2025\\\/09\\\/home-of-wool-red-striped-linen-fabric-1-main.jpg\",\"width\":2000,\"height\":1600,\"caption\":\"red striped linen fabric close up\"},{\"@type\":\"BreadcrumbList\",\"@id\":\"https:\\\/\\\/homeofwool.com\\\/it\\\/negozio\\\/tessuto-di-lino-a-righe-rosse\\\/#breadcrumb\",\"itemListElement\":[{\"@type\":\"ListItem\",\"position\":1,\"name\":\"Home\",\"item\":\"https:\\\/\\\/homeofwool.com\\\/\"},{\"@type\":\"ListItem\",\"position\":2,\"name\":\"Products\",\"item\":\"https:\\\/\\\/homeofwool.com\\\/header-search-2\\\/\"},{\"@type\":\"ListItem\",\"position\":3,\"name\":\"Red Striped Linen Fabric\"}]},{\"@type\":\"WebSite\",\"@id\":\"https:\\\/\\\/homeofwool.com\\\/#website\",\"url\":\"https:\\\/\\\/homeofwool.com\\\/\",\"name\":\"Home of Wool\",\"description\":\"\",\"publisher\":{\"@id\":\"https:\\\/\\\/homeofwool.com\\\/#organization\"},\"potentialAction\":[{\"@type\":\"SearchAction\",\"target\":{\"@type\":\"EntryPoint\",\"urlTemplate\":\"https:\\\/\\\/homeofwool.com\\\/?s={search_term_string}\"},\"query-input\":{\"@type\":\"PropertyValueSpecification\",\"valueRequired\":true,\"valueName\":\"search_term_string\"}}],\"inLanguage\":\"da-DK\"},{\"@type\":\"Organization\",\"@id\":\"https:\\\/\\\/homeofwool.com\\\/#organization\",\"name\":\"Home of Wool\",\"url\":\"https:\\\/\\\/homeofwool.com\\\/\",\"logo\":{\"@type\":\"ImageObject\",\"inLanguage\":\"da-DK\",\"@id\":\"https:\\\/\\\/homeofwool.com\\\/#\\\/schema\\\/logo\\\/image\\\/\",\"url\":\"https:\\\/\\\/homeofwool.com\\\/wp-content\\\/uploads\\\/2025\\\/09\\\/WhatsApp-Image-2025-12-02-at-16.23.20.jpeg\",\"contentUrl\":\"https:\\\/\\\/homeofwool.com\\\/wp-content\\\/uploads\\\/2025\\\/09\\\/WhatsApp-Image-2025-12-02-at-16.23.20.jpeg\",\"width\":700,\"height\":247,\"caption\":\"Home of Wool\"},\"image\":{\"@id\":\"https:\\\/\\\/homeofwool.com\\\/#\\\/schema\\\/logo\\\/image\\\/\"},\"sameAs\":[\"https:\\\/\\\/facebook.com\\\/HomeOfWoolOfficial\"]}]}<\/script>\n<!-- \/ Yoast SEO Premium plugin. -->","yoast_head_json":{"title":"Linnedstof med r\u00f8de striber \u2013 certificeret og holdbart | Home of Wool","description":"Det tidl\u00f8se og milj\u00f8venlige linnedstof med r\u00f8de striber tilf\u00f8rer puder, polstring og indretning en \u00e5ndbar, naturlig charme. Holdbart, kemikaliefrit og certificeret til b\u00e6redygtig livsstil.","robots":{"index":"index","follow":"follow","max-snippet":"max-snippet:-1","max-image-preview":"max-image-preview:large","max-video-preview":"max-video-preview:-1"},"canonical":"https:\/\/homeofwool.com\/da\/butik\/rodstribet-linnedstof\/","og_locale":"da_DK","og_type":"article","og_title":"Red Striped Linen Fabric","og_description":"Timeless and eco-friendly, the Linen Fabric with Red Stripes adds breathable, natural charm to cushions, upholstery, and d\u00e9cor. Durable, chemical-free, and certified for sustainable living.","og_url":"https:\/\/homeofwool.com\/da\/butik\/rodstribet-linnedstof\/","og_site_name":"Home of Wool","article_publisher":"https:\/\/facebook.com\/HomeOfWoolOfficial","article_modified_time":"2025-09-26T12:19:46+00:00","og_image":[{"width":2000,"height":1600,"url":"https:\/\/homeofwool.com\/wp-content\/uploads\/2025\/09\/home-of-wool-red-striped-linen-fabric-1-main.jpg","type":"image\/jpeg"}],"twitter_card":"summary_large_image","twitter_misc":{"Estimeret l\u00e6setid":"2 minutter"},"schema":{"@context":"https:\/\/schema.org","@graph":[{"@type":"WebPage","@id":"https:\/\/homeofwool.com\/it\/negozio\/tessuto-di-lino-a-righe-rosse\/","url":"https:\/\/homeofwool.com\/it\/negozio\/tessuto-di-lino-a-righe-rosse\/","name":"Linnedstof med r\u00f8de striber \u2013 certificeret og holdbart | Home of Wool","isPartOf":{"@id":"https:\/\/homeofwool.com\/#website"},"primaryImageOfPage":{"@id":"https:\/\/homeofwool.com\/it\/negozio\/tessuto-di-lino-a-righe-rosse\/#primaryimage"},"image":{"@id":"https:\/\/homeofwool.com\/it\/negozio\/tessuto-di-lino-a-righe-rosse\/#primaryimage"},"thumbnailUrl":"https:\/\/homeofwool.com\/wp-content\/uploads\/2025\/09\/home-of-wool-red-striped-linen-fabric-1-main.jpg","datePublished":"2025-09-02T12:00:50+00:00","dateModified":"2025-09-26T12:19:46+00:00","description":"Det tidl\u00f8se og milj\u00f8venlige linnedstof med r\u00f8de striber tilf\u00f8rer puder, polstring og indretning en \u00e5ndbar, naturlig charme. Holdbart, kemikaliefrit og certificeret til b\u00e6redygtig livsstil.","breadcrumb":{"@id":"https:\/\/homeofwool.com\/it\/negozio\/tessuto-di-lino-a-righe-rosse\/#breadcrumb"},"inLanguage":"da-DK","potentialAction":[{"@type":"ReadAction","target":["https:\/\/homeofwool.com\/it\/negozio\/tessuto-di-lino-a-righe-rosse\/"]}]},{"@type":"ImageObject","inLanguage":"da-DK","@id":"https:\/\/homeofwool.com\/it\/negozio\/tessuto-di-lino-a-righe-rosse\/#primaryimage","url":"https:\/\/homeofwool.com\/wp-content\/uploads\/2025\/09\/home-of-wool-red-striped-linen-fabric-1-main.jpg","contentUrl":"https:\/\/homeofwool.com\/wp-content\/uploads\/2025\/09\/home-of-wool-red-striped-linen-fabric-1-main.jpg","width":2000,"height":1600,"caption":"red striped linen fabric close up"},{"@type":"BreadcrumbList","@id":"https:\/\/homeofwool.com\/it\/negozio\/tessuto-di-lino-a-righe-rosse\/#breadcrumb","itemListElement":[{"@type":"ListItem","position":1,"name":"Home","item":"https:\/\/homeofwool.com\/"},{"@type":"ListItem","position":2,"name":"Products","item":"https:\/\/homeofwool.com\/header-search-2\/"},{"@type":"ListItem","position":3,"name":"Red Striped Linen Fabric"}]},{"@type":"WebSite","@id":"https:\/\/homeofwool.com\/#website","url":"https:\/\/homeofwool.com\/","name":"Hjemsted for uld","description":"","publisher":{"@id":"https:\/\/homeofwool.com\/#organization"},"potentialAction":[{"@type":"SearchAction","target":{"@type":"EntryPoint","urlTemplate":"https:\/\/homeofwool.com\/?s={search_term_string}"},"query-input":{"@type":"PropertyValueSpecification","valueRequired":true,"valueName":"search_term_string"}}],"inLanguage":"da-DK"},{"@type":"Organization","@id":"https:\/\/homeofwool.com\/#organization","name":"Hjemsted for uld","url":"https:\/\/homeofwool.com\/","logo":{"@type":"ImageObject","inLanguage":"da-DK","@id":"https:\/\/homeofwool.com\/#\/schema\/logo\/image\/","url":"https:\/\/homeofwool.com\/wp-content\/uploads\/2025\/09\/WhatsApp-Image-2025-12-02-at-16.23.20.jpeg","contentUrl":"https:\/\/homeofwool.com\/wp-content\/uploads\/2025\/09\/WhatsApp-Image-2025-12-02-at-16.23.20.jpeg","width":700,"height":247,"caption":"Home of Wool"},"image":{"@id":"https:\/\/homeofwool.com\/#\/schema\/logo\/image\/"},"sameAs":["https:\/\/facebook.com\/HomeOfWoolOfficial"]}]}},"_links":{"self":[{"href":"https:\/\/homeofwool.com\/da\/wp-json\/wp\/v2\/product\/217506","targetHints":{"allow":["GET"]}}],"collection":[{"href":"https:\/\/homeofwool.com\/da\/wp-json\/wp\/v2\/product"}],"about":[{"href":"https:\/\/homeofwool.com\/da\/wp-json\/wp\/v2\/types\/product"}],"version-history":[{"count":0,"href":"https:\/\/homeofwool.com\/da\/wp-json\/wp\/v2\/product\/217506\/revisions"}],"wp:featuredmedia":[{"embeddable":true,"href":"https:\/\/homeofwool.com\/da\/wp-json\/wp\/v2\/media\/219424"}],"wp:attachment":[{"href":"https:\/\/homeofwool.com\/da\/wp-json\/wp\/v2\/media?parent=217506"}],"wp:term":[{"taxonomy":"product_brand","embeddable":true,"href":"https:\/\/homeofwool.com\/da\/wp-json\/wp\/v2\/product_brand?post=217506"},{"taxonomy":"product_cat","embeddable":true,"href":"https:\/\/homeofwool.com\/da\/wp-json\/wp\/v2\/product_cat?post=217506"},{"taxonomy":"product_tag","embeddable":true,"href":"https:\/\/homeofwool.com\/da\/wp-json\/wp\/v2\/product_tag?post=217506"}],"curies":[{"name":"wp","href":"https:\/\/api.w.org\/{rel}","templated":true}]}}