{"id":217503,"date":"2025-09-02T12:00:50","date_gmt":"2025-09-02T12:00:50","guid":{"rendered":"https:\/\/homeofwool.com\/?post_type=product&#038;p=217503"},"modified":"2025-09-25T13:30:11","modified_gmt":"2025-09-25T13:30:11","slug":"linnedstof","status":"publish","type":"product","link":"https:\/\/homeofwool.com\/da\/shop\/linen-fabric\/","title":{"rendered":"100% Linnedstof"},"content":{"rendered":"<p>Dette tunge tekstil p\u00e5 430 g\/m\u00b2 er v\u00e6vet af rent, b\u00e6redygtigt linned og designet til at v\u00e6re smukt og behageligt i lang tid. Det er testet og godkendt i henhold til OEKO-TEX Standard 100 og indeholder ingen farvestoffer, bel\u00e6gninger eller kemiske finish. Et sikkert og milj\u00f8venligt valg af linned til ethvert interi\u00f8r.<\/p>\n<p>Stoffets naturlige styrke g\u00f8r det ideelt som m\u00f8belstof, da det bevarer sin form ved daglig brug og har en uovertruffen modstandsdygtighed sammenlignet med bomuld. Linned har en naturlig modstandsdygtighed over for pletter og mug. Derfor forbliver det rent og friskt med meget lidt pleje.<\/p>\n<p>Som et \u00e5ndbart linnedstof forbliver det behageligt k\u00f8ligt og friskt i varmt vejr. Det er ogs\u00e5 allergivenligt og sk\u00e5nsomt mod f\u00f8lsom hud.<\/p>\n<p>Dette slidst\u00e6rke linned er alsidigt af natur og passer perfekt til hele hjemmet. Det kan bruges som linned til store puder og som linned til madrasser til voksne. Men du kan ogs\u00e5 bruge det til mindre detaljer som pudebetr\u00e6k eller hovedg\u00e6rdepuder. Perfekt til s\u00e6kkestole og puffer. Hver ordre sk\u00e6res i \u00e9t stykke, hvilket giver en lang r\u00e6kke muligheder.<\/p>\n<p>Linned er ogs\u00e5 et bevidst valg for planeten. H\u00f8r er naturligt nemt at vedligeholde, trives med lidt vand og kr\u00e6ver ingen kemikalier. Et tidl\u00f8st, naturligt m\u00f8belstof, der balancerer b\u00e6redygtighed med varig elegance.<\/p>\n<p><strong>KR\u00d8LLING (efter vask):<\/strong><br \/>\nL\u00e6ngde: 5%<br \/>\nBredde: 0%<\/p>\n<p>Vask ved sk\u00e5nevask med et mildt vaskemiddel uden blegemidler. Dette er et naturligt stof, s\u00e5 det vil kr\u00f8lle, n\u00e5r det vaskes.<\/p>\n<p><strong>FORDELENE VED LIN<\/strong><br \/>\nLinned er mere modstandsdygtigt over for pletter end noget andet stof, s\u00e5 det er meget nemt at holde stoffet rent. Linned er langt vores mest holdbare stof, meget mere holdbart og st\u00e6rkere end bomuld. Desuden er linned meget modstandsdygtigt over for skimmel.<\/p>\n<ul>\n<li>Linned er 30% st\u00e6rkere end bomuld<\/li>\n<li>St\u00e6rkt smudsafvisende<\/li>\n<li>Har en h\u00f8j fugtabsorberingsevne<\/li>\n<li>Allergivenlig<\/li>\n<li>H\u00f8jt \u00e5ndbarhed<\/li>\n<li>Strukturelt sund fiber, s\u00e5 produkterne bevarer deres form<\/li>\n<li>Milj\u00f8venlig \u2013 mindre vand og kemikalier til dyrkning<\/li>\n<\/ul>","protected":false},"excerpt":{"rendered":"<p>Oplev styrken og elegancen i vores linnedstof. Dette slidst\u00e6rke linnedmateriale er naturligt \u00e5ndbart og smudsafvisende. Det er perfekt egnet til polstring. Med det kan du skabe puder, madrasser og forskellige boligindretningsartikler. Uden bel\u00e6gninger eller kemiske behandlinger tilbyder det renhed, men ogs\u00e5 holdbarhed.<\/p>\n<p><strong>V\u00e6gt<\/strong>: 430 g\/m\u00b2<br \/>\n<strong>Bredde<\/strong>: 150 cm (59\u2033)<\/p>\n<p><strong>Find tid<\/strong>: 1-3 dage<br \/>\n<strong>Leveringstid<\/strong>: 1-4 uger<\/p>\n<div class=\"global-icon-set\">\n<div class=\"global-icon-set__items\">\n<div class=\"global-icon-set__item\">\n<div class=\"global-icon-set__image\">\n                                    <img decoding=\"async\" src=\"https:\/\/homeofwool.com\/wp-content\/uploads\/2025\/09\/VOCs-min-300x300.png\" alt=\"Vocs gratis\" \/>\n                                <\/div>\n<div class=\"global-icon-set__title\">Fri for VOC'er<\/div>\n<\/p><\/div>\n<div class=\"global-icon-set__item\">\n<div class=\"global-icon-set__image\">\n                                    <img decoding=\"async\" src=\"https:\/\/homeofwool.com\/wp-content\/uploads\/2025\/09\/Hypoallergenic-min-300x300.png\" alt=\"Hypoallergenisk ikon\" \/>\n                                <\/div>\n<div class=\"global-icon-set__title\">Hypoallergenisk<\/div>\n<\/p><\/div>\n<div class=\"global-icon-set__item\">\n<div class=\"global-icon-set__image\">\n                                    <img decoding=\"async\" src=\"https:\/\/homeofwool.com\/wp-content\/uploads\/2025\/09\/free-of-synthetics-icon-300x300.png\" alt=\"fri for syntetiske stoffer ikon\" \/>\n                                <\/div>\n<div class=\"global-icon-set__title\">Fri for syntetiske stoffer<\/div>\n<\/p><\/div>\n<div class=\"global-icon-set__item\">\n<div class=\"global-icon-set__image\">\n                                    <img decoding=\"async\" src=\"https:\/\/homeofwool.com\/wp-content\/uploads\/2025\/09\/chemical-free-icon-300x300.png\" alt=\"ikon for kemikaliefrihed\" \/>\n                                <\/div>\n<div class=\"global-icon-set__title\">Fri for kemikalier<\/div>\n<\/p><\/div>\n<\/p><\/div>\n<\/p><\/div>","protected":false},"featured_media":219238,"template":"","meta":{"_acf_changed":false},"product_brand":[],"product_cat":[25],"product_tag":[85,86,87,99,90,91,92,93,97,94,95],"class_list":{"0":"post-217503","1":"product","2":"type-product","3":"status-publish","4":"has-post-thumbnail","6":"product_cat-wool-fabrics-batting","7":"product_tag-craft-supplies","8":"product_tag-eco-friendly-textile","9":"product_tag-flax-linen-fabric","10":"product_tag-flax-linen-fabric-by-the-yard-or-metre","11":"product_tag-linen-fabric","12":"product_tag-natural-linen","13":"product_tag-prewashed-linen","14":"product_tag-pure-flax-linen","15":"product_tag-pure-linen","16":"product_tag-sewing-supply","17":"product_tag-undyed-fibers","19":"first","20":"instock","21":"shipping-taxable","22":"purchasable","23":"product-type-variable"},"acf":[],"yoast_head":"<!-- This site is optimized with the Yoast SEO Premium plugin v27.3 (Yoast SEO v27.3) - https:\/\/yoast.com\/product\/yoast-seo-premium-wordpress\/ -->\n<title>100% Natural Linen Fabric \u2013 Certified, Breathable &amp; Durable | Home of Wool<\/title>\n<meta name=\"description\" content=\"Durable and Oeko-Tex certified, the Textured Linen Fabric is breathable and eco-friendly, perfect for cushions, upholstery, and DIY projects where natural comfort and toxin-free quality matter.\" \/>\n<meta name=\"robots\" content=\"index, follow, max-snippet:-1, max-image-preview:large, max-video-preview:-1\" \/>\n<link rel=\"canonical\" href=\"https:\/\/homeofwool.com\/da\/butik\/linnedstof\/\" \/>\n<meta property=\"og:locale\" content=\"da_DK\" \/>\n<meta property=\"og:type\" content=\"article\" \/>\n<meta property=\"og:title\" content=\"100% Linen Fabric\" \/>\n<meta property=\"og:description\" content=\"Durable and Oeko-Tex certified, the Textured Linen Fabric is breathable and eco-friendly, perfect for cushions, upholstery, and DIY projects where natural comfort and toxin-free quality matter.\" \/>\n<meta property=\"og:url\" content=\"https:\/\/homeofwool.com\/da\/butik\/linnedstof\/\" \/>\n<meta property=\"og:site_name\" content=\"Home of Wool\" \/>\n<meta property=\"article:publisher\" content=\"https:\/\/facebook.com\/HomeOfWoolOfficial\" \/>\n<meta property=\"article:modified_time\" content=\"2025-09-25T13:30:11+00:00\" \/>\n<meta property=\"og:image\" content=\"https:\/\/homeofwool.com\/wp-content\/uploads\/2025\/09\/home-of-wool-100-linen-fabric-1-main.jpg\" \/>\n\t<meta property=\"og:image:width\" content=\"1041\" \/>\n\t<meta property=\"og:image:height\" content=\"833\" \/>\n\t<meta property=\"og:image:type\" content=\"image\/jpeg\" \/>\n<meta name=\"twitter:card\" content=\"summary_large_image\" \/>\n<meta name=\"twitter:label1\" content=\"Estimeret l\u00e6setid\" \/>\n\t<meta name=\"twitter:data1\" content=\"2 minutter\" \/>\n<script type=\"application\/ld+json\" class=\"yoast-schema-graph\">{\"@context\":\"https:\\\/\\\/schema.org\",\"@graph\":[{\"@type\":\"WebPage\",\"@id\":\"https:\\\/\\\/homeofwool.com\\\/shop\\\/linen-fabric\\\/\",\"url\":\"https:\\\/\\\/homeofwool.com\\\/shop\\\/linen-fabric\\\/\",\"name\":\"100% Natural Linen Fabric \u2013 Certified, Breathable & Durable | Home of Wool\",\"isPartOf\":{\"@id\":\"https:\\\/\\\/homeofwool.com\\\/#website\"},\"primaryImageOfPage\":{\"@id\":\"https:\\\/\\\/homeofwool.com\\\/shop\\\/linen-fabric\\\/#primaryimage\"},\"image\":{\"@id\":\"https:\\\/\\\/homeofwool.com\\\/shop\\\/linen-fabric\\\/#primaryimage\"},\"thumbnailUrl\":\"https:\\\/\\\/homeofwool.com\\\/wp-content\\\/uploads\\\/2025\\\/09\\\/home-of-wool-100-linen-fabric-1-main.jpg\",\"datePublished\":\"2025-09-02T12:00:50+00:00\",\"dateModified\":\"2025-09-25T13:30:11+00:00\",\"description\":\"Durable and Oeko-Tex certified, the Textured Linen Fabric is breathable and eco-friendly, perfect for cushions, upholstery, and DIY projects where natural comfort and toxin-free quality matter.\",\"breadcrumb\":{\"@id\":\"https:\\\/\\\/homeofwool.com\\\/shop\\\/linen-fabric\\\/#breadcrumb\"},\"inLanguage\":\"da-DK\",\"potentialAction\":[{\"@type\":\"ReadAction\",\"target\":[\"https:\\\/\\\/homeofwool.com\\\/shop\\\/linen-fabric\\\/\"]}]},{\"@type\":\"ImageObject\",\"inLanguage\":\"da-DK\",\"@id\":\"https:\\\/\\\/homeofwool.com\\\/shop\\\/linen-fabric\\\/#primaryimage\",\"url\":\"https:\\\/\\\/homeofwool.com\\\/wp-content\\\/uploads\\\/2025\\\/09\\\/home-of-wool-100-linen-fabric-1-main.jpg\",\"contentUrl\":\"https:\\\/\\\/homeofwool.com\\\/wp-content\\\/uploads\\\/2025\\\/09\\\/home-of-wool-100-linen-fabric-1-main.jpg\",\"width\":1041,\"height\":833,\"caption\":\"100% linen fabric close up\"},{\"@type\":\"BreadcrumbList\",\"@id\":\"https:\\\/\\\/homeofwool.com\\\/shop\\\/linen-fabric\\\/#breadcrumb\",\"itemListElement\":[{\"@type\":\"ListItem\",\"position\":1,\"name\":\"Home\",\"item\":\"https:\\\/\\\/homeofwool.com\\\/\"},{\"@type\":\"ListItem\",\"position\":2,\"name\":\"Products\",\"item\":\"https:\\\/\\\/homeofwool.com\\\/header-search-2\\\/\"},{\"@type\":\"ListItem\",\"position\":3,\"name\":\"100% Linen Fabric\"}]},{\"@type\":\"WebSite\",\"@id\":\"https:\\\/\\\/homeofwool.com\\\/#website\",\"url\":\"https:\\\/\\\/homeofwool.com\\\/\",\"name\":\"Home of Wool\",\"description\":\"\",\"publisher\":{\"@id\":\"https:\\\/\\\/homeofwool.com\\\/#organization\"},\"potentialAction\":[{\"@type\":\"SearchAction\",\"target\":{\"@type\":\"EntryPoint\",\"urlTemplate\":\"https:\\\/\\\/homeofwool.com\\\/?s={search_term_string}\"},\"query-input\":{\"@type\":\"PropertyValueSpecification\",\"valueRequired\":true,\"valueName\":\"search_term_string\"}}],\"inLanguage\":\"da-DK\"},{\"@type\":\"Organization\",\"@id\":\"https:\\\/\\\/homeofwool.com\\\/#organization\",\"name\":\"Home of Wool\",\"url\":\"https:\\\/\\\/homeofwool.com\\\/\",\"logo\":{\"@type\":\"ImageObject\",\"inLanguage\":\"da-DK\",\"@id\":\"https:\\\/\\\/homeofwool.com\\\/#\\\/schema\\\/logo\\\/image\\\/\",\"url\":\"https:\\\/\\\/homeofwool.com\\\/wp-content\\\/uploads\\\/2025\\\/09\\\/WhatsApp-Image-2025-12-02-at-16.23.20.jpeg\",\"contentUrl\":\"https:\\\/\\\/homeofwool.com\\\/wp-content\\\/uploads\\\/2025\\\/09\\\/WhatsApp-Image-2025-12-02-at-16.23.20.jpeg\",\"width\":700,\"height\":247,\"caption\":\"Home of Wool\"},\"image\":{\"@id\":\"https:\\\/\\\/homeofwool.com\\\/#\\\/schema\\\/logo\\\/image\\\/\"},\"sameAs\":[\"https:\\\/\\\/facebook.com\\\/HomeOfWoolOfficial\"]}]}<\/script>\n<!-- \/ Yoast SEO Premium plugin. -->","yoast_head_json":{"title":"100% Naturligt linnedstof \u2013 certificeret, \u00e5ndbart og slidst\u00e6rkt | Home of Wool","description":"Det slidst\u00e6rke og Oeko-Tex-certificerede teksturerede linnedstof er \u00e5ndbart og milj\u00f8venligt og er perfekt til puder, polstring og DIY-projekter, hvor naturlig komfort og giftfri kvalitet er vigtig.","robots":{"index":"index","follow":"follow","max-snippet":"max-snippet:-1","max-image-preview":"max-image-preview:large","max-video-preview":"max-video-preview:-1"},"canonical":"https:\/\/homeofwool.com\/da\/butik\/linnedstof\/","og_locale":"da_DK","og_type":"article","og_title":"100% Linen Fabric","og_description":"Durable and Oeko-Tex certified, the Textured Linen Fabric is breathable and eco-friendly, perfect for cushions, upholstery, and DIY projects where natural comfort and toxin-free quality matter.","og_url":"https:\/\/homeofwool.com\/da\/butik\/linnedstof\/","og_site_name":"Home of Wool","article_publisher":"https:\/\/facebook.com\/HomeOfWoolOfficial","article_modified_time":"2025-09-25T13:30:11+00:00","og_image":[{"width":1041,"height":833,"url":"https:\/\/homeofwool.com\/wp-content\/uploads\/2025\/09\/home-of-wool-100-linen-fabric-1-main.jpg","type":"image\/jpeg"}],"twitter_card":"summary_large_image","twitter_misc":{"Estimeret l\u00e6setid":"2 minutter"},"schema":{"@context":"https:\/\/schema.org","@graph":[{"@type":"WebPage","@id":"https:\/\/homeofwool.com\/shop\/linen-fabric\/","url":"https:\/\/homeofwool.com\/shop\/linen-fabric\/","name":"100% Naturligt linnedstof \u2013 certificeret, \u00e5ndbart og slidst\u00e6rkt | Home of Wool","isPartOf":{"@id":"https:\/\/homeofwool.com\/#website"},"primaryImageOfPage":{"@id":"https:\/\/homeofwool.com\/shop\/linen-fabric\/#primaryimage"},"image":{"@id":"https:\/\/homeofwool.com\/shop\/linen-fabric\/#primaryimage"},"thumbnailUrl":"https:\/\/homeofwool.com\/wp-content\/uploads\/2025\/09\/home-of-wool-100-linen-fabric-1-main.jpg","datePublished":"2025-09-02T12:00:50+00:00","dateModified":"2025-09-25T13:30:11+00:00","description":"Det slidst\u00e6rke og Oeko-Tex-certificerede teksturerede linnedstof er \u00e5ndbart og milj\u00f8venligt og er perfekt til puder, polstring og DIY-projekter, hvor naturlig komfort og giftfri kvalitet er vigtig.","breadcrumb":{"@id":"https:\/\/homeofwool.com\/shop\/linen-fabric\/#breadcrumb"},"inLanguage":"da-DK","potentialAction":[{"@type":"ReadAction","target":["https:\/\/homeofwool.com\/shop\/linen-fabric\/"]}]},{"@type":"ImageObject","inLanguage":"da-DK","@id":"https:\/\/homeofwool.com\/shop\/linen-fabric\/#primaryimage","url":"https:\/\/homeofwool.com\/wp-content\/uploads\/2025\/09\/home-of-wool-100-linen-fabric-1-main.jpg","contentUrl":"https:\/\/homeofwool.com\/wp-content\/uploads\/2025\/09\/home-of-wool-100-linen-fabric-1-main.jpg","width":1041,"height":833,"caption":"100% linen fabric close up"},{"@type":"BreadcrumbList","@id":"https:\/\/homeofwool.com\/shop\/linen-fabric\/#breadcrumb","itemListElement":[{"@type":"ListItem","position":1,"name":"Home","item":"https:\/\/homeofwool.com\/"},{"@type":"ListItem","position":2,"name":"Products","item":"https:\/\/homeofwool.com\/header-search-2\/"},{"@type":"ListItem","position":3,"name":"100% Linen Fabric"}]},{"@type":"WebSite","@id":"https:\/\/homeofwool.com\/#website","url":"https:\/\/homeofwool.com\/","name":"Hjemsted for uld","description":"","publisher":{"@id":"https:\/\/homeofwool.com\/#organization"},"potentialAction":[{"@type":"SearchAction","target":{"@type":"EntryPoint","urlTemplate":"https:\/\/homeofwool.com\/?s={search_term_string}"},"query-input":{"@type":"PropertyValueSpecification","valueRequired":true,"valueName":"search_term_string"}}],"inLanguage":"da-DK"},{"@type":"Organization","@id":"https:\/\/homeofwool.com\/#organization","name":"Hjemsted for uld","url":"https:\/\/homeofwool.com\/","logo":{"@type":"ImageObject","inLanguage":"da-DK","@id":"https:\/\/homeofwool.com\/#\/schema\/logo\/image\/","url":"https:\/\/homeofwool.com\/wp-content\/uploads\/2025\/09\/WhatsApp-Image-2025-12-02-at-16.23.20.jpeg","contentUrl":"https:\/\/homeofwool.com\/wp-content\/uploads\/2025\/09\/WhatsApp-Image-2025-12-02-at-16.23.20.jpeg","width":700,"height":247,"caption":"Home of Wool"},"image":{"@id":"https:\/\/homeofwool.com\/#\/schema\/logo\/image\/"},"sameAs":["https:\/\/facebook.com\/HomeOfWoolOfficial"]}]}},"_links":{"self":[{"href":"https:\/\/homeofwool.com\/da\/wp-json\/wp\/v2\/product\/217503","targetHints":{"allow":["GET"]}}],"collection":[{"href":"https:\/\/homeofwool.com\/da\/wp-json\/wp\/v2\/product"}],"about":[{"href":"https:\/\/homeofwool.com\/da\/wp-json\/wp\/v2\/types\/product"}],"version-history":[{"count":0,"href":"https:\/\/homeofwool.com\/da\/wp-json\/wp\/v2\/product\/217503\/revisions"}],"wp:featuredmedia":[{"embeddable":true,"href":"https:\/\/homeofwool.com\/da\/wp-json\/wp\/v2\/media\/219238"}],"wp:attachment":[{"href":"https:\/\/homeofwool.com\/da\/wp-json\/wp\/v2\/media?parent=217503"}],"wp:term":[{"taxonomy":"product_brand","embeddable":true,"href":"https:\/\/homeofwool.com\/da\/wp-json\/wp\/v2\/product_brand?post=217503"},{"taxonomy":"product_cat","embeddable":true,"href":"https:\/\/homeofwool.com\/da\/wp-json\/wp\/v2\/product_cat?post=217503"},{"taxonomy":"product_tag","embeddable":true,"href":"https:\/\/homeofwool.com\/da\/wp-json\/wp\/v2\/product_tag?post=217503"}],"curies":[{"name":"wp","href":"https:\/\/api.w.org\/{rel}","templated":true}]}}