{"id":217501,"date":"2025-09-02T12:00:50","date_gmt":"2025-09-02T12:00:50","guid":{"rendered":"https:\/\/homeofwool.com\/?post_type=product&#038;p=217501"},"modified":"2026-02-09T13:06:03","modified_gmt":"2026-02-09T13:06:03","slug":"uldprover","status":"publish","type":"product","link":"https:\/\/homeofwool.com\/da\/shop\/wool-samples\/","title":{"rendered":"Uldpr\u00f8ver"},"content":{"rendered":"<p>At v\u00e6lge det rigtige senget\u00f8j eller pudefyld er en meget personlig beslutning, og derfor tilbyder vi uldpr\u00f8ver, s\u00e5 du kan f\u00f8le dig sikker p\u00e5 dit valg. Hver pr\u00f8ve er taget fra den uld, vi bruger i alt vores senget\u00f8j og madrasser. N\u00e5r du holder den i h\u00e5nden, kan du m\u00e6rke fibrenes struktur og den m\u00e5de, hvorp\u00e5 luften kan cirkulere s\u00e5 naturligt.<\/p>\n<p>Vores uldfyldningspr\u00f8ve er is\u00e6r nyttig for personer med allergi, astma eller overf\u00f8lsomhed, der \u00f8nsker at v\u00e6re sikre p\u00e5, at materialet er sikkert og sk\u00e5nsomt. En pr\u00f8ve giver dig ogs\u00e5 mulighed for at m\u00e6rke forskellen mellem uld og syntetisk fyld. Hvis du overvejer at investere i en ny madras, pude eller et specialfremstillet produkt, kan du f\u00f8le dig tryg ved dit valg ved f\u00f8rst at pr\u00f8ve ulden.<\/p>","protected":false},"excerpt":{"rendered":"<p>Vores uldpr\u00f8ver giver dig mulighed for at opleve renheden og fornemmelsen af vores naturlige fyld, inden du forpligter dig til et st\u00f8rre k\u00f8b. Hver uldpr\u00f8ve leveres i en gener\u00f8s h\u00e5ndfuld, s\u00e5 du selv kan r\u00f8re, lugte og se kvaliteten af vores \u00f8kologiske uldfyld.<\/p>\n<div class=\"global-icon-set\">\n<div class=\"global-icon-set__items\">\n<div class=\"global-icon-set__item\">\n<div class=\"global-icon-set__image\">\n                                    <img decoding=\"async\" src=\"https:\/\/homeofwool.com\/wp-content\/uploads\/2025\/09\/VOCs-min-300x300.png\" alt=\"Vocs gratis\" \/>\n                                <\/div>\n<div class=\"global-icon-set__title\">Fri for VOC'er<\/div>\n<\/p><\/div>\n<div class=\"global-icon-set__item\">\n<div class=\"global-icon-set__image\">\n                                    <img decoding=\"async\" src=\"https:\/\/homeofwool.com\/wp-content\/uploads\/2025\/09\/FR-min-300x300.png\" alt=\"Brandh\u00e6mmende ikon\" \/>\n                                <\/div>\n<div class=\"global-icon-set__title\">Flammeh\u00e6mmende<\/div>\n<\/p><\/div>\n<div class=\"global-icon-set__item\">\n<div class=\"global-icon-set__image\">\n                                    <img decoding=\"async\" src=\"https:\/\/homeofwool.com\/wp-content\/uploads\/2025\/09\/Hypoallergenic-min-300x300.png\" alt=\"Hypoallergenisk ikon\" \/>\n                                <\/div>\n<div class=\"global-icon-set__title\">Hypoallergenisk<\/div>\n<\/p><\/div>\n<div class=\"global-icon-set__item\">\n<div class=\"global-icon-set__image\">\n                                    <img decoding=\"async\" src=\"https:\/\/homeofwool.com\/wp-content\/uploads\/2025\/09\/free-of-synthetics-icon-300x300.png\" alt=\"fri for syntetiske stoffer ikon\" \/>\n                                <\/div>\n<div class=\"global-icon-set__title\">Fri for syntetiske stoffer<\/div>\n<\/p><\/div>\n<div class=\"global-icon-set__item\">\n<div class=\"global-icon-set__image\">\n                                    <img decoding=\"async\" src=\"https:\/\/homeofwool.com\/wp-content\/uploads\/2025\/09\/chemical-free-icon-300x300.png\" alt=\"ikon for kemikaliefrihed\" \/>\n                                <\/div>\n<div class=\"global-icon-set__title\">Fri for kemikalier<\/div>\n<\/p><\/div>\n<div class=\"global-icon-set__item\">\n<div class=\"global-icon-set__image\">\n                                    <img decoding=\"async\" src=\"https:\/\/homeofwool.com\/wp-content\/uploads\/2025\/09\/anti-bacterial-icon-300x300.png\" alt=\"Antibakterielt ikon\" \/>\n                                <\/div>\n<div class=\"global-icon-set__title\">Anti-mikrobiel og anti-bakteriel<\/div>\n<\/p><\/div>\n<\/p><\/div>\n<\/p><\/div>","protected":false},"featured_media":219184,"template":"","meta":{"_acf_changed":false},"product_brand":[],"product_cat":[253,25],"product_tag":[72,73,74,75,76,77,1370,78,79,80,81,82],"class_list":{"0":"post-217501","1":"product","2":"type-product","3":"status-publish","4":"has-post-thumbnail","6":"product_cat-product-samples","7":"product_cat-wool-fabrics-batting","8":"product_tag-amigurumi-doll-stuffing","9":"product_tag-carded-wool","10":"product_tag-crafts-supplies","11":"product_tag-crochet-doll-stuffing","12":"product_tag-doll-stuffing","13":"product_tag-loose-wool","14":"product_tag-nosteps","15":"product_tag-pure-sheep-wool","16":"product_tag-sofa-stuffing","17":"product_tag-toy-stuffing","18":"product_tag-waldorf-doll-kit","19":"product_tag-wool-pillow-stuffing","21":"first","22":"instock","23":"shipping-taxable","24":"purchasable","25":"product-type-simple"},"acf":[],"yoast_head":"<!-- This site is optimized with the Yoast SEO Premium plugin v27.5 (Yoast SEO v27.5) - https:\/\/yoast.com\/product\/yoast-seo-premium-wordpress\/ -->\n<title>Wool Stuffing Sample \u2013 All-Natural, Unbleached, Undyed | Home of Wool<\/title>\n<meta name=\"description\" content=\"Pure and natural, the Wool Stuffing Sample lets you feel unbleached, undyed wool before use. Breathable, hypoallergenic, and chemical-free, it\u2019s ideal for crafting, DIY, and safe projects.\" \/>\n<meta name=\"robots\" content=\"index, follow, max-snippet:-1, max-image-preview:large, max-video-preview:-1\" \/>\n<link rel=\"canonical\" href=\"https:\/\/homeofwool.com\/da\/butik\/uldprover\/\" \/>\n<meta property=\"og:locale\" content=\"da_DK\" \/>\n<meta property=\"og:type\" content=\"article\" \/>\n<meta property=\"og:title\" content=\"Wool Samples\" \/>\n<meta property=\"og:description\" content=\"Pure and natural, the Wool Stuffing Sample lets you feel unbleached, undyed wool before use. Breathable, hypoallergenic, and chemical-free, it\u2019s ideal for crafting, DIY, and safe projects.\" \/>\n<meta property=\"og:url\" content=\"https:\/\/homeofwool.com\/da\/butik\/uldprover\/\" \/>\n<meta property=\"og:site_name\" content=\"Home of Wool\" \/>\n<meta property=\"article:publisher\" content=\"https:\/\/facebook.com\/HomeOfWoolOfficial\" \/>\n<meta property=\"article:modified_time\" content=\"2026-02-09T13:06:03+00:00\" \/>\n<meta property=\"og:image\" content=\"https:\/\/homeofwool.com\/wp-content\/uploads\/2025\/09\/home-of-wool-wool-samples-1-main-en.jpg\" \/>\n\t<meta property=\"og:image:width\" content=\"1520\" \/>\n\t<meta property=\"og:image:height\" content=\"1900\" \/>\n\t<meta property=\"og:image:type\" content=\"image\/jpeg\" \/>\n<meta name=\"twitter:card\" content=\"summary_large_image\" \/>\n<meta name=\"twitter:label1\" content=\"Estimeret l\u00e6setid\" \/>\n\t<meta name=\"twitter:data1\" content=\"1 minut\" \/>\n<script type=\"application\/ld+json\" class=\"yoast-schema-graph\">{\"@context\":\"https:\\\/\\\/schema.org\",\"@graph\":[{\"@type\":\"WebPage\",\"@id\":\"https:\\\/\\\/homeofwool.com\\\/de\\\/shop\\\/wollproben\\\/\",\"url\":\"https:\\\/\\\/homeofwool.com\\\/de\\\/shop\\\/wollproben\\\/\",\"name\":\"Wool Stuffing Sample \u2013 All-Natural, Unbleached, Undyed | Home of Wool\",\"isPartOf\":{\"@id\":\"https:\\\/\\\/homeofwool.com\\\/#website\"},\"primaryImageOfPage\":{\"@id\":\"https:\\\/\\\/homeofwool.com\\\/de\\\/shop\\\/wollproben\\\/#primaryimage\"},\"image\":{\"@id\":\"https:\\\/\\\/homeofwool.com\\\/de\\\/shop\\\/wollproben\\\/#primaryimage\"},\"thumbnailUrl\":\"https:\\\/\\\/homeofwool.com\\\/wp-content\\\/uploads\\\/2025\\\/09\\\/home-of-wool-wool-samples-1-main-en.jpg\",\"datePublished\":\"2025-09-02T12:00:50+00:00\",\"dateModified\":\"2026-02-09T13:06:03+00:00\",\"description\":\"Pure and natural, the Wool Stuffing Sample lets you feel unbleached, undyed wool before use. Breathable, hypoallergenic, and chemical-free, it\u2019s ideal for crafting, DIY, and safe projects.\",\"breadcrumb\":{\"@id\":\"https:\\\/\\\/homeofwool.com\\\/de\\\/shop\\\/wollproben\\\/#breadcrumb\"},\"inLanguage\":\"da-DK\",\"potentialAction\":[{\"@type\":\"ReadAction\",\"target\":[\"https:\\\/\\\/homeofwool.com\\\/de\\\/shop\\\/wollproben\\\/\"]}]},{\"@type\":\"ImageObject\",\"inLanguage\":\"da-DK\",\"@id\":\"https:\\\/\\\/homeofwool.com\\\/de\\\/shop\\\/wollproben\\\/#primaryimage\",\"url\":\"https:\\\/\\\/homeofwool.com\\\/wp-content\\\/uploads\\\/2025\\\/09\\\/home-of-wool-wool-samples-1-main-en.jpg\",\"contentUrl\":\"https:\\\/\\\/homeofwool.com\\\/wp-content\\\/uploads\\\/2025\\\/09\\\/home-of-wool-wool-samples-1-main-en.jpg\",\"width\":1520,\"height\":1900,\"caption\":\"handful of wool on a branded cardboard piece tied with jude twine\"},{\"@type\":\"BreadcrumbList\",\"@id\":\"https:\\\/\\\/homeofwool.com\\\/de\\\/shop\\\/wollproben\\\/#breadcrumb\",\"itemListElement\":[{\"@type\":\"ListItem\",\"position\":1,\"name\":\"Home\",\"item\":\"https:\\\/\\\/homeofwool.com\\\/\"},{\"@type\":\"ListItem\",\"position\":2,\"name\":\"Products\",\"item\":\"https:\\\/\\\/homeofwool.com\\\/header-search-2\\\/\"},{\"@type\":\"ListItem\",\"position\":3,\"name\":\"Wool Samples\"}]},{\"@type\":\"WebSite\",\"@id\":\"https:\\\/\\\/homeofwool.com\\\/#website\",\"url\":\"https:\\\/\\\/homeofwool.com\\\/\",\"name\":\"Home of Wool\",\"description\":\"\",\"publisher\":{\"@id\":\"https:\\\/\\\/homeofwool.com\\\/#organization\"},\"potentialAction\":[{\"@type\":\"SearchAction\",\"target\":{\"@type\":\"EntryPoint\",\"urlTemplate\":\"https:\\\/\\\/homeofwool.com\\\/?s={search_term_string}\"},\"query-input\":{\"@type\":\"PropertyValueSpecification\",\"valueRequired\":true,\"valueName\":\"search_term_string\"}}],\"inLanguage\":\"da-DK\"},{\"@type\":\"Organization\",\"@id\":\"https:\\\/\\\/homeofwool.com\\\/#organization\",\"name\":\"Home of Wool\",\"url\":\"https:\\\/\\\/homeofwool.com\\\/\",\"logo\":{\"@type\":\"ImageObject\",\"inLanguage\":\"da-DK\",\"@id\":\"https:\\\/\\\/homeofwool.com\\\/#\\\/schema\\\/logo\\\/image\\\/\",\"url\":\"https:\\\/\\\/homeofwool.com\\\/wp-content\\\/uploads\\\/2025\\\/09\\\/WhatsApp-Image-2025-12-02-at-16.23.20.jpeg\",\"contentUrl\":\"https:\\\/\\\/homeofwool.com\\\/wp-content\\\/uploads\\\/2025\\\/09\\\/WhatsApp-Image-2025-12-02-at-16.23.20.jpeg\",\"width\":700,\"height\":247,\"caption\":\"Home of Wool\"},\"image\":{\"@id\":\"https:\\\/\\\/homeofwool.com\\\/#\\\/schema\\\/logo\\\/image\\\/\"},\"sameAs\":[\"https:\\\/\\\/facebook.com\\\/HomeOfWoolOfficial\"]}]}<\/script>\n<!-- \/ Yoast SEO Premium plugin. -->","yoast_head_json":{"title":"Uldfyldningspr\u00f8ve \u2013 helt naturlig, ubleget, ufarvet | Home of Wool","description":"Uldfyldpr\u00f8ven er ren og naturlig og giver dig mulighed for at m\u00e6rke ubleget, ufarvet uld inden brug. Den er \u00e5ndbar, allergivenlig og fri for kemikalier og er ideel til h\u00e5ndv\u00e6rk, g\u00f8r-det-selv-projekter og sikre projekter.","robots":{"index":"index","follow":"follow","max-snippet":"max-snippet:-1","max-image-preview":"max-image-preview:large","max-video-preview":"max-video-preview:-1"},"canonical":"https:\/\/homeofwool.com\/da\/butik\/uldprover\/","og_locale":"da_DK","og_type":"article","og_title":"Wool Samples","og_description":"Pure and natural, the Wool Stuffing Sample lets you feel unbleached, undyed wool before use. Breathable, hypoallergenic, and chemical-free, it\u2019s ideal for crafting, DIY, and safe projects.","og_url":"https:\/\/homeofwool.com\/da\/butik\/uldprover\/","og_site_name":"Home of Wool","article_publisher":"https:\/\/facebook.com\/HomeOfWoolOfficial","article_modified_time":"2026-02-09T13:06:03+00:00","og_image":[{"width":1520,"height":1900,"url":"https:\/\/homeofwool.com\/wp-content\/uploads\/2025\/09\/home-of-wool-wool-samples-1-main-en.jpg","type":"image\/jpeg"}],"twitter_card":"summary_large_image","twitter_misc":{"Estimeret l\u00e6setid":"1 minut"},"schema":{"@context":"https:\/\/schema.org","@graph":[{"@type":"WebPage","@id":"https:\/\/homeofwool.com\/de\/shop\/wollproben\/","url":"https:\/\/homeofwool.com\/de\/shop\/wollproben\/","name":"Uldfyldningspr\u00f8ve \u2013 helt naturlig, ubleget, ufarvet | Home of Wool","isPartOf":{"@id":"https:\/\/homeofwool.com\/#website"},"primaryImageOfPage":{"@id":"https:\/\/homeofwool.com\/de\/shop\/wollproben\/#primaryimage"},"image":{"@id":"https:\/\/homeofwool.com\/de\/shop\/wollproben\/#primaryimage"},"thumbnailUrl":"https:\/\/homeofwool.com\/wp-content\/uploads\/2025\/09\/home-of-wool-wool-samples-1-main-en.jpg","datePublished":"2025-09-02T12:00:50+00:00","dateModified":"2026-02-09T13:06:03+00:00","description":"Uldfyldpr\u00f8ven er ren og naturlig og giver dig mulighed for at m\u00e6rke ubleget, ufarvet uld inden brug. Den er \u00e5ndbar, allergivenlig og fri for kemikalier og er ideel til h\u00e5ndv\u00e6rk, g\u00f8r-det-selv-projekter og sikre projekter.","breadcrumb":{"@id":"https:\/\/homeofwool.com\/de\/shop\/wollproben\/#breadcrumb"},"inLanguage":"da-DK","potentialAction":[{"@type":"ReadAction","target":["https:\/\/homeofwool.com\/de\/shop\/wollproben\/"]}]},{"@type":"ImageObject","inLanguage":"da-DK","@id":"https:\/\/homeofwool.com\/de\/shop\/wollproben\/#primaryimage","url":"https:\/\/homeofwool.com\/wp-content\/uploads\/2025\/09\/home-of-wool-wool-samples-1-main-en.jpg","contentUrl":"https:\/\/homeofwool.com\/wp-content\/uploads\/2025\/09\/home-of-wool-wool-samples-1-main-en.jpg","width":1520,"height":1900,"caption":"handful of wool on a branded cardboard piece tied with jude twine"},{"@type":"BreadcrumbList","@id":"https:\/\/homeofwool.com\/de\/shop\/wollproben\/#breadcrumb","itemListElement":[{"@type":"ListItem","position":1,"name":"Home","item":"https:\/\/homeofwool.com\/"},{"@type":"ListItem","position":2,"name":"Products","item":"https:\/\/homeofwool.com\/header-search-2\/"},{"@type":"ListItem","position":3,"name":"Wool Samples"}]},{"@type":"WebSite","@id":"https:\/\/homeofwool.com\/#website","url":"https:\/\/homeofwool.com\/","name":"Hjemsted for uld","description":"","publisher":{"@id":"https:\/\/homeofwool.com\/#organization"},"potentialAction":[{"@type":"SearchAction","target":{"@type":"EntryPoint","urlTemplate":"https:\/\/homeofwool.com\/?s={search_term_string}"},"query-input":{"@type":"PropertyValueSpecification","valueRequired":true,"valueName":"search_term_string"}}],"inLanguage":"da-DK"},{"@type":"Organization","@id":"https:\/\/homeofwool.com\/#organization","name":"Hjemsted for uld","url":"https:\/\/homeofwool.com\/","logo":{"@type":"ImageObject","inLanguage":"da-DK","@id":"https:\/\/homeofwool.com\/#\/schema\/logo\/image\/","url":"https:\/\/homeofwool.com\/wp-content\/uploads\/2025\/09\/WhatsApp-Image-2025-12-02-at-16.23.20.jpeg","contentUrl":"https:\/\/homeofwool.com\/wp-content\/uploads\/2025\/09\/WhatsApp-Image-2025-12-02-at-16.23.20.jpeg","width":700,"height":247,"caption":"Home of Wool"},"image":{"@id":"https:\/\/homeofwool.com\/#\/schema\/logo\/image\/"},"sameAs":["https:\/\/facebook.com\/HomeOfWoolOfficial"]}]}},"_links":{"self":[{"href":"https:\/\/homeofwool.com\/da\/wp-json\/wp\/v2\/product\/217501","targetHints":{"allow":["GET"]}}],"collection":[{"href":"https:\/\/homeofwool.com\/da\/wp-json\/wp\/v2\/product"}],"about":[{"href":"https:\/\/homeofwool.com\/da\/wp-json\/wp\/v2\/types\/product"}],"version-history":[{"count":1,"href":"https:\/\/homeofwool.com\/da\/wp-json\/wp\/v2\/product\/217501\/revisions"}],"predecessor-version":[{"id":227507,"href":"https:\/\/homeofwool.com\/da\/wp-json\/wp\/v2\/product\/217501\/revisions\/227507"}],"wp:featuredmedia":[{"embeddable":true,"href":"https:\/\/homeofwool.com\/da\/wp-json\/wp\/v2\/media\/219184"}],"wp:attachment":[{"href":"https:\/\/homeofwool.com\/da\/wp-json\/wp\/v2\/media?parent=217501"}],"wp:term":[{"taxonomy":"product_brand","embeddable":true,"href":"https:\/\/homeofwool.com\/da\/wp-json\/wp\/v2\/product_brand?post=217501"},{"taxonomy":"product_cat","embeddable":true,"href":"https:\/\/homeofwool.com\/da\/wp-json\/wp\/v2\/product_cat?post=217501"},{"taxonomy":"product_tag","embeddable":true,"href":"https:\/\/homeofwool.com\/da\/wp-json\/wp\/v2\/product_tag?post=217501"}],"curies":[{"name":"wp","href":"https:\/\/api.w.org\/{rel}","templated":true}]}}