{"id":217499,"date":"2025-09-02T12:00:50","date_gmt":"2025-09-02T12:00:50","guid":{"rendered":"https:\/\/homeofwool.com\/?post_type=product&#038;p=217499"},"modified":"2026-02-09T10:24:44","modified_gmt":"2026-02-09T10:24:44","slug":"nomad-varmetaeppe","status":"publish","type":"product","link":"https:\/\/homeofwool.com\/da\/shop\/nomad-heat-blanket\/","title":{"rendered":"Tung uldt\u00e6ppe"},"content":{"rendered":"<p>Dette campingt\u00e6ppe blander gammelt h\u00e5ndv\u00e6rk med moderne komfort. Det er lavet af 100% naturuld og har en perfekt balance mellem varme og \u00e5ndbarhed.<\/p>\n<p>Uldens temperaturregulerende egenskaber hj\u00e6lper din krop med at opretholde en behagelig varme uden at blive overophedet. Takket v\u00e6re uldens naturlige modstandsdygtighed over for st\u00f8vmider og bakterier er dette et \u00e6gte allergivenligt t\u00e6ppe. Sikkert, rent og behageligt. Sk\u00e5nsomt mod personer med f\u00f8lsom hud og giver ren komfort, som du virkelig kan slappe af i.<\/p>\n<p>Alle vores produkter er fri for kemikalier. Uanset om det bruges som campingt\u00e6ppe, glamping-t\u00e6ppe eller uldt\u00e6ppe til udend\u00f8rs brug, giver det \u00e6gte komfort og en f\u00f8lelse af n\u00e6rhed til naturen. Vi fremstiller hvert t\u00e6ppe i Bulgarien til vores Nomad Heat-kollektion. Det er designet til rejser og daglig brug. Det er varmt og robust. Lavet til at holde i generationer.<\/p>\n<p><strong>ST\u00d8RRELSESMULIGHEDER:<\/strong><\/p>\n<ul>\n<li>63 x 75\u2033 (160 \u0445 190 cm)<\/li>\n<\/ul>","protected":false},"excerpt":{"rendered":"<p>Pak dig ind i vores tunge uldt\u00e6ppe. Det er v\u00e6vet af rene uldfibre og har det autentiske look og den smukke naturlige uldfarve. Det er temperaturregulerende og \u00e5ndbart og giver en beroligende f\u00f8lelse af tryghed. Det holder dig varm og hyggelig, men aldrig svedig eller indelukket. Ingen farvestoffer eller kemikalier. Kun rene uldfibre, der forvandler k\u00f8lige dage og n\u00e6tter til \u00f8jeblikke af komfort.<\/p>\n<div class=\"global-icon-set\">\n<div class=\"global-icon-set__items\">\n<div class=\"global-icon-set__item\">\n<div class=\"global-icon-set__image\">\n                                    <img decoding=\"async\" src=\"https:\/\/homeofwool.com\/wp-content\/uploads\/2025\/09\/handmade-icon-300x300.png\" alt=\"H\u00e5ndlavet ikon\" \/>\n                                <\/div>\n<div class=\"global-icon-set__title\">H\u00e5ndlavet<\/div>\n<\/p><\/div>\n<div class=\"global-icon-set__item\">\n<div class=\"global-icon-set__image\">\n                                    <img decoding=\"async\" src=\"https:\/\/homeofwool.com\/wp-content\/uploads\/2025\/09\/VOCs-min-300x300.png\" alt=\"Vocs gratis\" \/>\n                                <\/div>\n<div class=\"global-icon-set__title\">Fri for VOC'er<\/div>\n<\/p><\/div>\n<div class=\"global-icon-set__item\">\n<div class=\"global-icon-set__image\">\n                                    <img decoding=\"async\" src=\"https:\/\/homeofwool.com\/wp-content\/uploads\/2025\/09\/FR-min-300x300.png\" alt=\"Brandh\u00e6mmende ikon\" \/>\n                                <\/div>\n<div class=\"global-icon-set__title\">Flammeh\u00e6mmende<\/div>\n<\/p><\/div>\n<div class=\"global-icon-set__item\">\n<div class=\"global-icon-set__image\">\n                                    <img decoding=\"async\" src=\"https:\/\/homeofwool.com\/wp-content\/uploads\/2025\/09\/Hypoallergenic-min-300x300.png\" alt=\"Hypoallergenisk ikon\" \/>\n                                <\/div>\n<div class=\"global-icon-set__title\">Hypoallergenisk<\/div>\n<\/p><\/div>\n<div class=\"global-icon-set__item\">\n<div class=\"global-icon-set__image\">\n                                    <img decoding=\"async\" src=\"https:\/\/homeofwool.com\/wp-content\/uploads\/2025\/09\/free-of-synthetics-icon-300x300.png\" alt=\"fri for syntetiske stoffer ikon\" \/>\n                                <\/div>\n<div class=\"global-icon-set__title\">Fri for syntetiske stoffer<\/div>\n<\/p><\/div>\n<div class=\"global-icon-set__item\">\n<div class=\"global-icon-set__image\">\n                                    <img decoding=\"async\" src=\"https:\/\/homeofwool.com\/wp-content\/uploads\/2025\/09\/chemical-free-icon-300x300.png\" alt=\"ikon for kemikaliefrihed\" \/>\n                                <\/div>\n<div class=\"global-icon-set__title\">Fri for kemikalier<\/div>\n<\/p><\/div>\n<div class=\"global-icon-set__item\">\n<div class=\"global-icon-set__image\">\n                                    <img decoding=\"async\" src=\"https:\/\/homeofwool.com\/wp-content\/uploads\/2025\/09\/certified-materials-icon-300x300.png\" alt=\"ikon for certificerede materialer\" \/>\n                                <\/div>\n<div class=\"global-icon-set__title\">100% rene certificerede materialer<\/div>\n<\/p><\/div>\n<\/p><\/div>\n<\/p><\/div>","protected":false},"featured_media":228005,"template":"","meta":{"_acf_changed":false},"product_brand":[],"product_cat":[1366,60],"product_tag":[61,62,63,64,65,66,67,68,69,70,71],"class_list":{"0":"post-217499","1":"product","2":"type-product","3":"status-publish","4":"has-post-thumbnail","6":"product_cat-womens-day","7":"product_cat-blankets-duvets","8":"product_tag-all-natural-wool-blankets","9":"product_tag-chemical-free-wool-blanket","10":"product_tag-handmade-blanket","11":"product_tag-heavyweight-wool-blanket","12":"product_tag-large-wool-blanket","13":"product_tag-organic-wool-blanket","14":"product_tag-pure-wool-blanket","15":"product_tag-throws-for-beds","16":"product_tag-travel-blanket","17":"product_tag-washable-wool-blanket","18":"product_tag-wool-blanket-camping","20":"first","21":"instock","22":"shipping-taxable","23":"purchasable","24":"product-type-variable"},"acf":[],"yoast_head":"<!-- This site is optimized with the Yoast SEO Premium plugin v27.3 (Yoast SEO v27.3) - https:\/\/yoast.com\/product\/yoast-seo-premium-wordpress\/ -->\n<title>Heavy Wool Blanket \u2013 Organic, Hypoallergenic Throw for Beds | Home of Wool<\/title>\n<meta name=\"description\" content=\"Durable and natural, the Heavy Wool Blanket provides breathable warmth. Hypoallergenic and toxin-free, it ensures sustainable comfort for outdoor adventures, glamping, or cozy nights.\" \/>\n<meta name=\"robots\" content=\"index, follow, max-snippet:-1, max-image-preview:large, max-video-preview:-1\" \/>\n<link rel=\"canonical\" href=\"https:\/\/homeofwool.com\/da\/butik\/nomad-varmetaeppe\/\" \/>\n<meta property=\"og:locale\" content=\"da_DK\" \/>\n<meta property=\"og:type\" content=\"article\" \/>\n<meta property=\"og:title\" content=\"Heavy Wool Blanket\" \/>\n<meta property=\"og:description\" content=\"Durable and natural, the Heavy Wool Blanket provides breathable warmth. Hypoallergenic and toxin-free, it ensures sustainable comfort for outdoor adventures, glamping, or cozy nights.\" \/>\n<meta property=\"og:url\" content=\"https:\/\/homeofwool.com\/da\/butik\/nomad-varmetaeppe\/\" \/>\n<meta property=\"og:site_name\" content=\"Home of Wool\" \/>\n<meta property=\"article:publisher\" content=\"https:\/\/facebook.com\/HomeOfWoolOfficial\" \/>\n<meta property=\"article:modified_time\" content=\"2026-02-09T10:24:44+00:00\" \/>\n<meta property=\"og:image\" content=\"https:\/\/homeofwool.com\/wp-content\/uploads\/2025\/09\/home-of-wool-nomad-heavy-wool-blanket-mainn.jpg\" \/>\n\t<meta property=\"og:image:width\" content=\"1920\" \/>\n\t<meta property=\"og:image:height\" content=\"1536\" \/>\n\t<meta property=\"og:image:type\" content=\"image\/jpeg\" \/>\n<meta name=\"twitter:card\" content=\"summary_large_image\" \/>\n<meta name=\"twitter:label1\" content=\"Estimeret l\u00e6setid\" \/>\n\t<meta name=\"twitter:data1\" content=\"1 minut\" \/>\n<script type=\"application\/ld+json\" class=\"yoast-schema-graph\">{\"@context\":\"https:\\\/\\\/schema.org\",\"@graph\":[{\"@type\":\"WebPage\",\"@id\":\"https:\\\/\\\/homeofwool.com\\\/shop\\\/nomad-heat-blanket\\\/\",\"url\":\"https:\\\/\\\/homeofwool.com\\\/shop\\\/nomad-heat-blanket\\\/\",\"name\":\"Heavy Wool Blanket \u2013 Organic, Hypoallergenic Throw for Beds | Home of Wool\",\"isPartOf\":{\"@id\":\"https:\\\/\\\/homeofwool.com\\\/#website\"},\"primaryImageOfPage\":{\"@id\":\"https:\\\/\\\/homeofwool.com\\\/shop\\\/nomad-heat-blanket\\\/#primaryimage\"},\"image\":{\"@id\":\"https:\\\/\\\/homeofwool.com\\\/shop\\\/nomad-heat-blanket\\\/#primaryimage\"},\"thumbnailUrl\":\"https:\\\/\\\/homeofwool.com\\\/wp-content\\\/uploads\\\/2025\\\/09\\\/home-of-wool-nomad-heavy-wool-blanket-mainn.jpg\",\"datePublished\":\"2025-09-02T12:00:50+00:00\",\"dateModified\":\"2026-02-09T10:24:44+00:00\",\"description\":\"Durable and natural, the Heavy Wool Blanket provides breathable warmth. Hypoallergenic and toxin-free, it ensures sustainable comfort for outdoor adventures, glamping, or cozy nights.\",\"breadcrumb\":{\"@id\":\"https:\\\/\\\/homeofwool.com\\\/shop\\\/nomad-heat-blanket\\\/#breadcrumb\"},\"inLanguage\":\"da-DK\",\"potentialAction\":[{\"@type\":\"ReadAction\",\"target\":[\"https:\\\/\\\/homeofwool.com\\\/shop\\\/nomad-heat-blanket\\\/\"]}]},{\"@type\":\"ImageObject\",\"inLanguage\":\"da-DK\",\"@id\":\"https:\\\/\\\/homeofwool.com\\\/shop\\\/nomad-heat-blanket\\\/#primaryimage\",\"url\":\"https:\\\/\\\/homeofwool.com\\\/wp-content\\\/uploads\\\/2025\\\/09\\\/home-of-wool-nomad-heavy-wool-blanket-mainn.jpg\",\"contentUrl\":\"https:\\\/\\\/homeofwool.com\\\/wp-content\\\/uploads\\\/2025\\\/09\\\/home-of-wool-nomad-heavy-wool-blanket-mainn.jpg\",\"width\":1920,\"height\":1536,\"caption\":\"nomad heat folded heavy wool blanket\"},{\"@type\":\"BreadcrumbList\",\"@id\":\"https:\\\/\\\/homeofwool.com\\\/shop\\\/nomad-heat-blanket\\\/#breadcrumb\",\"itemListElement\":[{\"@type\":\"ListItem\",\"position\":1,\"name\":\"Home\",\"item\":\"https:\\\/\\\/homeofwool.com\\\/\"},{\"@type\":\"ListItem\",\"position\":2,\"name\":\"Products\",\"item\":\"https:\\\/\\\/homeofwool.com\\\/header-search-2\\\/\"},{\"@type\":\"ListItem\",\"position\":3,\"name\":\"Heavy Wool Blanket\"}]},{\"@type\":\"WebSite\",\"@id\":\"https:\\\/\\\/homeofwool.com\\\/#website\",\"url\":\"https:\\\/\\\/homeofwool.com\\\/\",\"name\":\"Home of Wool\",\"description\":\"\",\"publisher\":{\"@id\":\"https:\\\/\\\/homeofwool.com\\\/#organization\"},\"potentialAction\":[{\"@type\":\"SearchAction\",\"target\":{\"@type\":\"EntryPoint\",\"urlTemplate\":\"https:\\\/\\\/homeofwool.com\\\/?s={search_term_string}\"},\"query-input\":{\"@type\":\"PropertyValueSpecification\",\"valueRequired\":true,\"valueName\":\"search_term_string\"}}],\"inLanguage\":\"da-DK\"},{\"@type\":\"Organization\",\"@id\":\"https:\\\/\\\/homeofwool.com\\\/#organization\",\"name\":\"Home of Wool\",\"url\":\"https:\\\/\\\/homeofwool.com\\\/\",\"logo\":{\"@type\":\"ImageObject\",\"inLanguage\":\"da-DK\",\"@id\":\"https:\\\/\\\/homeofwool.com\\\/#\\\/schema\\\/logo\\\/image\\\/\",\"url\":\"https:\\\/\\\/homeofwool.com\\\/wp-content\\\/uploads\\\/2025\\\/09\\\/WhatsApp-Image-2025-12-02-at-16.23.20.jpeg\",\"contentUrl\":\"https:\\\/\\\/homeofwool.com\\\/wp-content\\\/uploads\\\/2025\\\/09\\\/WhatsApp-Image-2025-12-02-at-16.23.20.jpeg\",\"width\":700,\"height\":247,\"caption\":\"Home of Wool\"},\"image\":{\"@id\":\"https:\\\/\\\/homeofwool.com\\\/#\\\/schema\\\/logo\\\/image\\\/\"},\"sameAs\":[\"https:\\\/\\\/facebook.com\\\/HomeOfWoolOfficial\"]}]}<\/script>\n<!-- \/ Yoast SEO Premium plugin. -->","yoast_head_json":{"title":"Tung uldt\u00e6ppe \u2013 \u00d8kologisk, allergivenligt senget\u00e6ppe | Home of Wool","description":"Heavy Wool Blanket er holdbart og naturligt og giver \u00e5ndbar varme. Det er allergivenligt og giftfrit og sikrer b\u00e6redygtig komfort til udend\u00f8rs eventyr, glamping eller hyggelige aftener.","robots":{"index":"index","follow":"follow","max-snippet":"max-snippet:-1","max-image-preview":"max-image-preview:large","max-video-preview":"max-video-preview:-1"},"canonical":"https:\/\/homeofwool.com\/da\/butik\/nomad-varmetaeppe\/","og_locale":"da_DK","og_type":"article","og_title":"Heavy Wool Blanket","og_description":"Durable and natural, the Heavy Wool Blanket provides breathable warmth. Hypoallergenic and toxin-free, it ensures sustainable comfort for outdoor adventures, glamping, or cozy nights.","og_url":"https:\/\/homeofwool.com\/da\/butik\/nomad-varmetaeppe\/","og_site_name":"Home of Wool","article_publisher":"https:\/\/facebook.com\/HomeOfWoolOfficial","article_modified_time":"2026-02-09T10:24:44+00:00","og_image":[{"width":1920,"height":1536,"url":"https:\/\/homeofwool.com\/wp-content\/uploads\/2025\/09\/home-of-wool-nomad-heavy-wool-blanket-mainn.jpg","type":"image\/jpeg"}],"twitter_card":"summary_large_image","twitter_misc":{"Estimeret l\u00e6setid":"1 minut"},"schema":{"@context":"https:\/\/schema.org","@graph":[{"@type":"WebPage","@id":"https:\/\/homeofwool.com\/shop\/nomad-heat-blanket\/","url":"https:\/\/homeofwool.com\/shop\/nomad-heat-blanket\/","name":"Tung uldt\u00e6ppe \u2013 \u00d8kologisk, allergivenligt senget\u00e6ppe | Home of Wool","isPartOf":{"@id":"https:\/\/homeofwool.com\/#website"},"primaryImageOfPage":{"@id":"https:\/\/homeofwool.com\/shop\/nomad-heat-blanket\/#primaryimage"},"image":{"@id":"https:\/\/homeofwool.com\/shop\/nomad-heat-blanket\/#primaryimage"},"thumbnailUrl":"https:\/\/homeofwool.com\/wp-content\/uploads\/2025\/09\/home-of-wool-nomad-heavy-wool-blanket-mainn.jpg","datePublished":"2025-09-02T12:00:50+00:00","dateModified":"2026-02-09T10:24:44+00:00","description":"Heavy Wool Blanket er holdbart og naturligt og giver \u00e5ndbar varme. Det er allergivenligt og giftfrit og sikrer b\u00e6redygtig komfort til udend\u00f8rs eventyr, glamping eller hyggelige aftener.","breadcrumb":{"@id":"https:\/\/homeofwool.com\/shop\/nomad-heat-blanket\/#breadcrumb"},"inLanguage":"da-DK","potentialAction":[{"@type":"ReadAction","target":["https:\/\/homeofwool.com\/shop\/nomad-heat-blanket\/"]}]},{"@type":"ImageObject","inLanguage":"da-DK","@id":"https:\/\/homeofwool.com\/shop\/nomad-heat-blanket\/#primaryimage","url":"https:\/\/homeofwool.com\/wp-content\/uploads\/2025\/09\/home-of-wool-nomad-heavy-wool-blanket-mainn.jpg","contentUrl":"https:\/\/homeofwool.com\/wp-content\/uploads\/2025\/09\/home-of-wool-nomad-heavy-wool-blanket-mainn.jpg","width":1920,"height":1536,"caption":"nomad heat folded heavy wool blanket"},{"@type":"BreadcrumbList","@id":"https:\/\/homeofwool.com\/shop\/nomad-heat-blanket\/#breadcrumb","itemListElement":[{"@type":"ListItem","position":1,"name":"Home","item":"https:\/\/homeofwool.com\/"},{"@type":"ListItem","position":2,"name":"Products","item":"https:\/\/homeofwool.com\/header-search-2\/"},{"@type":"ListItem","position":3,"name":"Heavy Wool Blanket"}]},{"@type":"WebSite","@id":"https:\/\/homeofwool.com\/#website","url":"https:\/\/homeofwool.com\/","name":"Hjemsted for uld","description":"","publisher":{"@id":"https:\/\/homeofwool.com\/#organization"},"potentialAction":[{"@type":"SearchAction","target":{"@type":"EntryPoint","urlTemplate":"https:\/\/homeofwool.com\/?s={search_term_string}"},"query-input":{"@type":"PropertyValueSpecification","valueRequired":true,"valueName":"search_term_string"}}],"inLanguage":"da-DK"},{"@type":"Organization","@id":"https:\/\/homeofwool.com\/#organization","name":"Hjemsted for uld","url":"https:\/\/homeofwool.com\/","logo":{"@type":"ImageObject","inLanguage":"da-DK","@id":"https:\/\/homeofwool.com\/#\/schema\/logo\/image\/","url":"https:\/\/homeofwool.com\/wp-content\/uploads\/2025\/09\/WhatsApp-Image-2025-12-02-at-16.23.20.jpeg","contentUrl":"https:\/\/homeofwool.com\/wp-content\/uploads\/2025\/09\/WhatsApp-Image-2025-12-02-at-16.23.20.jpeg","width":700,"height":247,"caption":"Home of Wool"},"image":{"@id":"https:\/\/homeofwool.com\/#\/schema\/logo\/image\/"},"sameAs":["https:\/\/facebook.com\/HomeOfWoolOfficial"]}]}},"_links":{"self":[{"href":"https:\/\/homeofwool.com\/da\/wp-json\/wp\/v2\/product\/217499","targetHints":{"allow":["GET"]}}],"collection":[{"href":"https:\/\/homeofwool.com\/da\/wp-json\/wp\/v2\/product"}],"about":[{"href":"https:\/\/homeofwool.com\/da\/wp-json\/wp\/v2\/types\/product"}],"version-history":[{"count":4,"href":"https:\/\/homeofwool.com\/da\/wp-json\/wp\/v2\/product\/217499\/revisions"}],"predecessor-version":[{"id":228137,"href":"https:\/\/homeofwool.com\/da\/wp-json\/wp\/v2\/product\/217499\/revisions\/228137"}],"wp:featuredmedia":[{"embeddable":true,"href":"https:\/\/homeofwool.com\/da\/wp-json\/wp\/v2\/media\/228005"}],"wp:attachment":[{"href":"https:\/\/homeofwool.com\/da\/wp-json\/wp\/v2\/media?parent=217499"}],"wp:term":[{"taxonomy":"product_brand","embeddable":true,"href":"https:\/\/homeofwool.com\/da\/wp-json\/wp\/v2\/product_brand?post=217499"},{"taxonomy":"product_cat","embeddable":true,"href":"https:\/\/homeofwool.com\/da\/wp-json\/wp\/v2\/product_cat?post=217499"},{"taxonomy":"product_tag","embeddable":true,"href":"https:\/\/homeofwool.com\/da\/wp-json\/wp\/v2\/product_tag?post=217499"}],"curies":[{"name":"wp","href":"https:\/\/api.w.org\/{rel}","templated":true}]}}