{"id":220073,"date":"2025-09-27T08:35:33","date_gmt":"2025-09-27T08:35:33","guid":{"rendered":"https:\/\/homeofwool.com\/our-mission\/"},"modified":"2025-11-28T10:00:59","modified_gmt":"2025-11-28T10:00:59","slug":"vores-mission","status":"publish","type":"page","link":"https:\/\/homeofwool.com\/da\/our-mission\/","title":{"rendered":"Vores mission"},"content":{"rendered":"<div data-elementor-type=\"wp-page\" data-elementor-id=\"220073\" class=\"elementor elementor-220073\" data-elementor-post-type=\"page\">\n\t\t\t\t<div class=\"elementor-element elementor-element-001a216 page_content e-flex e-con-boxed e-con e-parent\" data-id=\"001a216\" data-element_type=\"container\" data-e-type=\"container\">\n\t\t\t\t\t<div class=\"e-con-inner\">\n\t\t\t\t<div class=\"elementor-element elementor-element-a47db14 elementor-widget elementor-widget-heading\" data-id=\"a47db14\" data-element_type=\"widget\" data-e-type=\"widget\" data-widget_type=\"heading.default\">\n\t\t\t\t\t<h1 class=\"elementor-heading-title elementor-size-default\">Vores mission\n<\/h1>\t\t\t\t<\/div>\n\t\t\t\t<div class=\"elementor-element elementor-element-f22df8f elementor-widget elementor-widget-text-editor\" data-id=\"f22df8f\" data-element_type=\"widget\" data-e-type=\"widget\" data-widget_type=\"text-editor.default\">\n\t\t\t\t\t\t\t\t\t<p>Hos Home of Wool er vi dedikerede til at fremstille skr\u00e6ddersyede, rene \u00f8kologiske madrasser, senget\u00f8j, b\u00f8rnetekstiler og dekorative tekstiler, der redefinerer begrebet komfort og velv\u00e6re i dit hjem.<\/p><p>Du fortjener at sove godt, v\u00e5gne op udhvilet og bo i et sundt hjem. Vi mener, at din sundhed aldrig b\u00f8r kompromitteres som f\u00f8lge af de skadelige virkninger af giftige syntetiske stoffer og kemikalier, der findes i almindeligt senget\u00f8j og m\u00f8bler.<\/p><p>Kernen i vores arbejde er tanken om, at naturen giver os alt, hvad vi har brug for, for at skabe en uovertruffen komfort, der overg\u00e5r ethvert syntetisk alternativ. Vores produkter er luksuri\u00f8se, helt naturlige og omhyggeligt h\u00e5ndlavede og er skabt til at skabe sunde hjem, hvor du og din familie kan nyde de uendelige fordele ved ren uld, h\u00f8r, silke og \u00f8kologisk bomuld.<\/p><p>Vi fremstiller kun produkter uden syntetiske stoffer, kemikalier og toksiner, og bruger rene, naturlige materialer som \u00f8kologisk bomuld, uld, h\u00f8r og silke, der fremmer et sundt milj\u00f8 til at leve, sove og slappe af i, s\u00e5 du kan v\u00e6re tryg ved, at du har valgt den sundeste l\u00f8sning for dig og dine k\u00e6re!<\/p><p>Vi skr\u00e6ddersyr alt, s\u00e5 det passer til dig, dit rum og dine behov. Alle er forskellige, s\u00e5 vi tager os tid til at forst\u00e5 dine behov og pr\u00e6ferencer, og vi samarbejder med dig om at skabe en skr\u00e6ddersyet l\u00f8sning, der er perfekt for dig.<\/p><p>Vi er en familieejet virksomhed, der br\u00e6nder for at give dig de bedst mulige produkter og oplevelser. Vi er dedikerede til kundetilfredshed og arbejder konstant p\u00e5 at innovere og finde nye m\u00e5der at forbedre vores produkter p\u00e5.<\/p><p>Vores produkter er fremstillet p\u00e5 en b\u00e6redygtig m\u00e5de med minimal indvirkning p\u00e5 milj\u00f8et fra start til slut, da de er dyrket p\u00e5 en b\u00e6redygtig m\u00e5de og er fuldt biologisk nedbrydelige. De er designet, s\u00e5 de let kan lappes og repareres. Hver gang du k\u00f8ber et af vores produkter, kan du v\u00e6re sikker p\u00e5, at du har en positiv indvirkning p\u00e5 planeten og f\u00e5r et milj\u00f8venligt produkt, der er lavet til at holde hele livet.<\/p><p>Vi v\u00e6rds\u00e6tter at give tilbage til samfundet og st\u00f8tter flere velg\u00f8rende organisationer.<\/p><p>Vi er overbeviste om, at vores produkter kan hj\u00e6lpe dig med at sove bedre, leve sundere og skabe et mere behageligt hjem. Vi inviterer dig til at deltage i vores mission ved at tage et skridt mod at forvandle din s\u00f8vn og dit hjem!<\/p>\t\t\t\t\t\t\t\t<\/div>\n\t\t\t\t\t<\/div>\n\t\t\t\t<\/div>\n\t\t\t\t<\/div>","protected":false},"excerpt":{"rendered":"<p>Our Mission At Home of Wool, we are dedicated to crafting custom pure organic mattresses, bedding, kids, and d\u00e9cor textile pieces that redefine the concept of comfort and well-being within your home. You deserve to sleep soundly, wake up feeling refreshed, and live in a healthy home. We believe that your health should never be [&hellip;]<\/p>\n","protected":false},"author":1,"featured_media":0,"parent":0,"menu_order":0,"comment_status":"closed","ping_status":"closed","template":"elementor_header_footer","meta":{"_acf_changed":false,"footnotes":""},"class_list":["post-220073","page","type-page","status-publish","hentry"],"acf":[],"yoast_head":"<!-- This site is optimized with the Yoast SEO Premium plugin v27.4 (Yoast SEO v27.4) - https:\/\/yoast.com\/product\/yoast-seo-premium-wordpress\/ -->\n<title>Our Mission \u2013 Natural, Ethical, Zero-Waste Wool Living | Home of Wool<\/title>\n<meta name=\"description\" content=\"Learn about our mission to create healthier homes with all-natural, toxin-free wool products. We craft responsibly, reduce waste, and design lasting pieces that honour people, animals, and the planet.\" \/>\n<meta name=\"robots\" content=\"index, follow, max-snippet:-1, max-image-preview:large, max-video-preview:-1\" \/>\n<link rel=\"canonical\" href=\"https:\/\/homeofwool.com\/da\/vores-mission\/\" \/>\n<meta property=\"og:locale\" content=\"da_DK\" \/>\n<meta property=\"og:type\" content=\"article\" \/>\n<meta property=\"og:title\" content=\"Our Mission\" \/>\n<meta property=\"og:description\" content=\"Learn about our mission to create healthier homes with all-natural, toxin-free wool products. We craft responsibly, reduce waste, and design lasting pieces that honour people, animals, and the planet.\" \/>\n<meta property=\"og:url\" content=\"https:\/\/homeofwool.com\/da\/vores-mission\/\" \/>\n<meta property=\"og:site_name\" content=\"Home of Wool\" \/>\n<meta property=\"article:publisher\" content=\"https:\/\/facebook.com\/HomeOfWoolOfficial\" \/>\n<meta property=\"article:modified_time\" content=\"2025-11-28T10:00:59+00:00\" \/>\n<meta name=\"twitter:card\" content=\"summary_large_image\" \/>\n<meta name=\"twitter:label1\" content=\"Estimeret l\u00e6setid\" \/>\n\t<meta name=\"twitter:data1\" content=\"2 minutter\" \/>\n<script type=\"application\/ld+json\" class=\"yoast-schema-graph\">{\"@context\":\"https:\\\/\\\/schema.org\",\"@graph\":[{\"@type\":\"WebPage\",\"@id\":\"https:\\\/\\\/homeofwool.com\\\/our-mission\\\/\",\"url\":\"https:\\\/\\\/homeofwool.com\\\/our-mission\\\/\",\"name\":\"Our Mission \u2013 Natural, Ethical, Zero-Waste Wool Living | Home of Wool\",\"isPartOf\":{\"@id\":\"https:\\\/\\\/homeofwool.com\\\/#website\"},\"datePublished\":\"2025-09-27T08:35:33+00:00\",\"dateModified\":\"2025-11-28T10:00:59+00:00\",\"description\":\"Learn about our mission to create healthier homes with all-natural, toxin-free wool products. We craft responsibly, reduce waste, and design lasting pieces that honour people, animals, and the planet.\",\"breadcrumb\":{\"@id\":\"https:\\\/\\\/homeofwool.com\\\/our-mission\\\/#breadcrumb\"},\"inLanguage\":\"da-DK\",\"potentialAction\":[{\"@type\":\"ReadAction\",\"target\":[\"https:\\\/\\\/homeofwool.com\\\/our-mission\\\/\"]}]},{\"@type\":\"BreadcrumbList\",\"@id\":\"https:\\\/\\\/homeofwool.com\\\/our-mission\\\/#breadcrumb\",\"itemListElement\":[{\"@type\":\"ListItem\",\"position\":1,\"name\":\"Home\",\"item\":\"https:\\\/\\\/homeofwool.com\\\/\"},{\"@type\":\"ListItem\",\"position\":2,\"name\":\"Our Mission\"}]},{\"@type\":\"WebSite\",\"@id\":\"https:\\\/\\\/homeofwool.com\\\/#website\",\"url\":\"https:\\\/\\\/homeofwool.com\\\/\",\"name\":\"Home of Wool\",\"description\":\"\",\"publisher\":{\"@id\":\"https:\\\/\\\/homeofwool.com\\\/#organization\"},\"potentialAction\":[{\"@type\":\"SearchAction\",\"target\":{\"@type\":\"EntryPoint\",\"urlTemplate\":\"https:\\\/\\\/homeofwool.com\\\/?s={search_term_string}\"},\"query-input\":{\"@type\":\"PropertyValueSpecification\",\"valueRequired\":true,\"valueName\":\"search_term_string\"}}],\"inLanguage\":\"da-DK\"},{\"@type\":\"Organization\",\"@id\":\"https:\\\/\\\/homeofwool.com\\\/#organization\",\"name\":\"Home of Wool\",\"url\":\"https:\\\/\\\/homeofwool.com\\\/\",\"logo\":{\"@type\":\"ImageObject\",\"inLanguage\":\"da-DK\",\"@id\":\"https:\\\/\\\/homeofwool.com\\\/#\\\/schema\\\/logo\\\/image\\\/\",\"url\":\"https:\\\/\\\/homeofwool.com\\\/wp-content\\\/uploads\\\/2025\\\/09\\\/WhatsApp-Image-2025-12-02-at-16.23.20.jpeg\",\"contentUrl\":\"https:\\\/\\\/homeofwool.com\\\/wp-content\\\/uploads\\\/2025\\\/09\\\/WhatsApp-Image-2025-12-02-at-16.23.20.jpeg\",\"width\":700,\"height\":247,\"caption\":\"Home of Wool\"},\"image\":{\"@id\":\"https:\\\/\\\/homeofwool.com\\\/#\\\/schema\\\/logo\\\/image\\\/\"},\"sameAs\":[\"https:\\\/\\\/facebook.com\\\/HomeOfWoolOfficial\"]}]}<\/script>\n<!-- \/ Yoast SEO Premium plugin. -->","yoast_head_json":{"title":"Vores mission \u2013 Naturligt, etisk, affaldsfrit liv med uld | Home of Wool","description":"L\u00e6r mere om vores mission om at skabe sundere hjem med helt naturlige, giftfri uldprodukter. Vi fremstiller vores produkter p\u00e5 ansvarlig vis, reducerer affald og designer holdbare produkter, der respekterer mennesker, dyr og planeten.","robots":{"index":"index","follow":"follow","max-snippet":"max-snippet:-1","max-image-preview":"max-image-preview:large","max-video-preview":"max-video-preview:-1"},"canonical":"https:\/\/homeofwool.com\/da\/vores-mission\/","og_locale":"da_DK","og_type":"article","og_title":"Our Mission","og_description":"Learn about our mission to create healthier homes with all-natural, toxin-free wool products. We craft responsibly, reduce waste, and design lasting pieces that honour people, animals, and the planet.","og_url":"https:\/\/homeofwool.com\/da\/vores-mission\/","og_site_name":"Home of Wool","article_publisher":"https:\/\/facebook.com\/HomeOfWoolOfficial","article_modified_time":"2025-11-28T10:00:59+00:00","twitter_card":"summary_large_image","twitter_misc":{"Estimeret l\u00e6setid":"2 minutter"},"schema":{"@context":"https:\/\/schema.org","@graph":[{"@type":"WebPage","@id":"https:\/\/homeofwool.com\/our-mission\/","url":"https:\/\/homeofwool.com\/our-mission\/","name":"Vores mission \u2013 Naturligt, etisk, affaldsfrit liv med uld | Home of Wool","isPartOf":{"@id":"https:\/\/homeofwool.com\/#website"},"datePublished":"2025-09-27T08:35:33+00:00","dateModified":"2025-11-28T10:00:59+00:00","description":"L\u00e6r mere om vores mission om at skabe sundere hjem med helt naturlige, giftfri uldprodukter. Vi fremstiller vores produkter p\u00e5 ansvarlig vis, reducerer affald og designer holdbare produkter, der respekterer mennesker, dyr og planeten.","breadcrumb":{"@id":"https:\/\/homeofwool.com\/our-mission\/#breadcrumb"},"inLanguage":"da-DK","potentialAction":[{"@type":"ReadAction","target":["https:\/\/homeofwool.com\/our-mission\/"]}]},{"@type":"BreadcrumbList","@id":"https:\/\/homeofwool.com\/our-mission\/#breadcrumb","itemListElement":[{"@type":"ListItem","position":1,"name":"Home","item":"https:\/\/homeofwool.com\/"},{"@type":"ListItem","position":2,"name":"Our Mission"}]},{"@type":"WebSite","@id":"https:\/\/homeofwool.com\/#website","url":"https:\/\/homeofwool.com\/","name":"Hjemsted for uld","description":"","publisher":{"@id":"https:\/\/homeofwool.com\/#organization"},"potentialAction":[{"@type":"SearchAction","target":{"@type":"EntryPoint","urlTemplate":"https:\/\/homeofwool.com\/?s={search_term_string}"},"query-input":{"@type":"PropertyValueSpecification","valueRequired":true,"valueName":"search_term_string"}}],"inLanguage":"da-DK"},{"@type":"Organization","@id":"https:\/\/homeofwool.com\/#organization","name":"Hjemsted for uld","url":"https:\/\/homeofwool.com\/","logo":{"@type":"ImageObject","inLanguage":"da-DK","@id":"https:\/\/homeofwool.com\/#\/schema\/logo\/image\/","url":"https:\/\/homeofwool.com\/wp-content\/uploads\/2025\/09\/WhatsApp-Image-2025-12-02-at-16.23.20.jpeg","contentUrl":"https:\/\/homeofwool.com\/wp-content\/uploads\/2025\/09\/WhatsApp-Image-2025-12-02-at-16.23.20.jpeg","width":700,"height":247,"caption":"Home of Wool"},"image":{"@id":"https:\/\/homeofwool.com\/#\/schema\/logo\/image\/"},"sameAs":["https:\/\/facebook.com\/HomeOfWoolOfficial"]}]}},"_links":{"self":[{"href":"https:\/\/homeofwool.com\/da\/wp-json\/wp\/v2\/pages\/220073","targetHints":{"allow":["GET"]}}],"collection":[{"href":"https:\/\/homeofwool.com\/da\/wp-json\/wp\/v2\/pages"}],"about":[{"href":"https:\/\/homeofwool.com\/da\/wp-json\/wp\/v2\/types\/page"}],"author":[{"embeddable":true,"href":"https:\/\/homeofwool.com\/da\/wp-json\/wp\/v2\/users\/1"}],"replies":[{"embeddable":true,"href":"https:\/\/homeofwool.com\/da\/wp-json\/wp\/v2\/comments?post=220073"}],"version-history":[{"count":0,"href":"https:\/\/homeofwool.com\/da\/wp-json\/wp\/v2\/pages\/220073\/revisions"}],"wp:attachment":[{"href":"https:\/\/homeofwool.com\/da\/wp-json\/wp\/v2\/media?parent=220073"}],"curies":[{"name":"wp","href":"https:\/\/api.w.org\/{rel}","templated":true}]}}