{"id":220010,"date":"2025-09-27T08:34:26","date_gmt":"2025-09-27T08:34:26","guid":{"rendered":"https:\/\/homeofwool.com\/certifications\/"},"modified":"2026-01-30T10:28:12","modified_gmt":"2026-01-30T10:28:12","slug":"certificeringer","status":"publish","type":"page","link":"https:\/\/homeofwool.com\/da\/certifications\/","title":{"rendered":"Certificeringer"},"content":{"rendered":"<div data-elementor-type=\"wp-page\" data-elementor-id=\"220010\" class=\"elementor elementor-220010\" data-elementor-post-type=\"page\">\n\t\t\t\t<div class=\"elementor-element elementor-element-197bf27 page_content e-flex e-con-boxed e-con e-parent\" data-id=\"197bf27\" data-element_type=\"container\" data-e-type=\"container\">\n\t\t\t\t\t<div class=\"e-con-inner\">\n\t\t<div class=\"elementor-element elementor-element-47cfffe e-con-full e-flex e-con e-child\" data-id=\"47cfffe\" data-element_type=\"container\" data-e-type=\"container\">\n\t\t\t\t<div class=\"elementor-element elementor-element-3ff1eb8 elementor-widget elementor-widget-heading\" data-id=\"3ff1eb8\" data-element_type=\"widget\" data-e-type=\"widget\" data-widget_type=\"heading.default\">\n\t\t\t\t\t<h1 class=\"elementor-heading-title elementor-size-default\">Certificeringer<\/h1>\t\t\t\t<\/div>\n\t\t\t\t<div class=\"elementor-element elementor-element-06e1019 elementor-widget elementor-widget-image\" data-id=\"06e1019\" data-element_type=\"widget\" data-e-type=\"widget\" data-widget_type=\"image.default\">\n\t\t\t\t\t\t\t\t\t\t\t\t\t\t\t<img fetchpriority=\"high\" decoding=\"async\" width=\"1300\" height=\"639\" src=\"https:\/\/homeofwool.com\/wp-content\/uploads\/2025\/09\/Home-of-Wool-fabrics-and-wool-certifications.jpg\" class=\"attachment-full size-full wp-image-220011\" alt=\"\" srcset=\"https:\/\/homeofwool.com\/wp-content\/uploads\/2025\/09\/Home-of-Wool-fabrics-and-wool-certifications.jpg 1300w, https:\/\/homeofwool.com\/wp-content\/uploads\/2025\/09\/Home-of-Wool-fabrics-and-wool-certifications-400x197.jpg 400w, https:\/\/homeofwool.com\/wp-content\/uploads\/2025\/09\/Home-of-Wool-fabrics-and-wool-certifications-150x74.jpg 150w, https:\/\/homeofwool.com\/wp-content\/uploads\/2025\/09\/Home-of-Wool-fabrics-and-wool-certifications-1024x503.jpg 1024w, https:\/\/homeofwool.com\/wp-content\/uploads\/2025\/09\/Home-of-Wool-fabrics-and-wool-certifications-300x147.jpg 300w, https:\/\/homeofwool.com\/wp-content\/uploads\/2025\/09\/Home-of-Wool-fabrics-and-wool-certifications-768x378.jpg 768w, https:\/\/homeofwool.com\/wp-content\/uploads\/2025\/09\/Home-of-Wool-fabrics-and-wool-certifications-18x9.jpg 18w, https:\/\/homeofwool.com\/wp-content\/uploads\/2025\/09\/Home-of-Wool-fabrics-and-wool-certifications-990x487.jpg 990w, https:\/\/homeofwool.com\/wp-content\/uploads\/2025\/09\/Home-of-Wool-fabrics-and-wool-certifications-441x217.jpg 441w\" sizes=\"(max-width: 1300px) 100vw, 1300px\" \/>\t\t\t\t\t\t\t\t\t\t\t\t\t\t\t<\/div>\n\t\t\t\t<div class=\"elementor-element elementor-element-077d1f9 elementor-position-right elementor-vertical-align-middle elementor-widget elementor-widget-image-box\" data-id=\"077d1f9\" data-element_type=\"widget\" data-e-type=\"widget\" data-widget_type=\"image-box.default\">\n\t\t\t\t\t<div class=\"elementor-image-box-wrapper\"><figure class=\"elementor-image-box-img\"><img decoding=\"async\" width=\"265\" height=\"265\" src=\"https:\/\/homeofwool.com\/wp-content\/uploads\/2025\/09\/GOTS-Global-Organic-Textile-Standard-logo.jpg\" class=\"attachment-full size-full wp-image-220012\" alt=\"\" srcset=\"https:\/\/homeofwool.com\/wp-content\/uploads\/2025\/09\/GOTS-Global-Organic-Textile-Standard-logo.jpg 265w, https:\/\/homeofwool.com\/wp-content\/uploads\/2025\/09\/GOTS-Global-Organic-Textile-Standard-logo-150x150.jpg 150w, https:\/\/homeofwool.com\/wp-content\/uploads\/2025\/09\/GOTS-Global-Organic-Textile-Standard-logo-12x12.jpg 12w, https:\/\/homeofwool.com\/wp-content\/uploads\/2025\/09\/GOTS-Global-Organic-Textile-Standard-logo-100x100.jpg 100w\" sizes=\"(max-width: 265px) 100vw, 265px\" \/><\/figure><div class=\"elementor-image-box-content\"><h2 class=\"elementor-image-box-title\">OEKO-TEX STANDARD 100<\/h2><p class=\"elementor-image-box-description\">Oeko-Tex STANDARD 100 garanterer, at det endelige produkt er fuldst\u00e6ndig fri for giftige kemikalier, der er skadelige for menneskers sundhed. Alle Oeko-Tex STANDARD 100-tekstiler er testet for op til 100 farlige stoffer og verificeret og certificeret af en uafh\u00e6ngig tredjepart. Tekstilerne er velegnede til voksne, b\u00f8rn og babyer og er ogs\u00e5 sikre for personer med kemisk f\u00f8lsomhed, herunder MSC.<\/p><\/div><\/div>\t\t\t\t<\/div>\n\t\t\t\t<div class=\"elementor-element elementor-element-4787d5e elementor-position-left elementor-vertical-align-top elementor-widget elementor-widget-image-box\" data-id=\"4787d5e\" data-element_type=\"widget\" data-e-type=\"widget\" data-widget_type=\"image-box.default\">\n\t\t\t\t\t<div class=\"elementor-image-box-wrapper\"><figure class=\"elementor-image-box-img\"><img decoding=\"async\" width=\"250\" height=\"250\" src=\"https:\/\/homeofwool.com\/wp-content\/uploads\/2025\/09\/Oeko-Tex-logo-updated.jpg\" class=\"attachment-full size-full wp-image-220013\" alt=\"\" srcset=\"https:\/\/homeofwool.com\/wp-content\/uploads\/2025\/09\/Oeko-Tex-logo-updated.jpg 250w, https:\/\/homeofwool.com\/wp-content\/uploads\/2025\/09\/Oeko-Tex-logo-updated-150x150.jpg 150w, https:\/\/homeofwool.com\/wp-content\/uploads\/2025\/09\/Oeko-Tex-logo-updated-12x12.jpg 12w, https:\/\/homeofwool.com\/wp-content\/uploads\/2025\/09\/Oeko-Tex-logo-updated-100x100.jpg 100w\" sizes=\"(max-width: 250px) 100vw, 250px\" \/><\/figure><div class=\"elementor-image-box-content\"><h2 class=\"elementor-image-box-title\">Oeko-Tex Standard 100<\/h2><p class=\"elementor-image-box-description\">Oeko-Tex er en af de \u00e6ldste og mest p\u00e5lidelige standarder p\u00e5 markedet. Selvom den er mindre kendt blandt kunder uden for Europa, kan du v\u00e6re sikker p\u00e5, at et produkt, der b\u00e6rer m\u00e6rket, er testet for hundredvis af kemikalier og skadelige stoffer. Dette omfatter stoffer i det f\u00e6rdige produkt, men ogs\u00e5 stoffer, der aktiveres og bliver skadelige under normal brug af produktet.\n<br><br>\nDet kr\u00e6ver lav emission af flygtige organiske forbindelser (VOC) og formaldehyd fra skum, samtidig med at det forbyder brugen af visse kemiske flammeh\u00e6mmere, farvestoffer og allergifremkaldende farvestoffer.\n<br><br>\nOeko-Tex Standard 100 indeholder regler vedr\u00f8rende forbudte azofarvestoffer, formaldehyd, nikkel osv. Kemikalier, der er sundhedsskadelige, testes ogs\u00e5, hvis de endnu ikke er lovregulerede. Kravene tager ogs\u00e5 h\u00f8jde for tekstilernes anvendelsesform\u00e5l. Jo mere intensiv hudkontakt et tekstilprodukt har, jo strengere er gr\u00e6nsev\u00e6rdierne for hver produktklasse.\n<br><br>\nProduktklasse I: Artikler til sp\u00e6db\u00f8rn og sm\u00e5b\u00f8rn<br>\nProduktklasse II: Artikler, der anvendes t\u00e6t p\u00e5 huden<br>\nProduktklasse III: Artikler, der anvendes uden direkte hudkontakt<br>\nProduktklasse IV: Materialer\n<br><br>\nDette certifikat udstedes kun af Oeko-Tex selv, hvilket sikrer, at ovenst\u00e5ende strenge kriterier er opfyldt, og giver kunderne tillid.<\/p><\/div><\/div>\t\t\t\t<\/div>\n\t\t\t\t<\/div>\n\t\t\t\t\t<\/div>\n\t\t\t\t<\/div>\n\t\t\t\t<\/div>","protected":false},"excerpt":{"rendered":"<p>Certifications OEKO-TEX STANDARD 100 The Oeko-Tex STANDARD 100 guarantees the final product is completely free of toxic chemicals harmful to human health. Tested for up to 100 hazardous substances, all Oeko-Tex STANDARD 100 textiles are verified and certified by an independent third party. Suitable for adults, children, and babies, the textiles are also safe for [&hellip;]<\/p>\n","protected":false},"author":1,"featured_media":0,"parent":0,"menu_order":0,"comment_status":"closed","ping_status":"closed","template":"elementor_header_footer","meta":{"_acf_changed":false,"footnotes":""},"class_list":["post-220010","page","type-page","status-publish","hentry"],"acf":[],"yoast_head":"<!-- This site is optimized with the Yoast SEO Premium plugin v27.4 (Yoast SEO v27.4) - https:\/\/yoast.com\/product\/yoast-seo-premium-wordpress\/ -->\n<title>Certifications | Home of Wool<\/title>\n<meta name=\"robots\" content=\"index, follow, max-snippet:-1, max-image-preview:large, max-video-preview:-1\" \/>\n<link rel=\"canonical\" href=\"https:\/\/homeofwool.com\/da\/certificeringer\/\" \/>\n<meta property=\"og:locale\" content=\"da_DK\" \/>\n<meta property=\"og:type\" content=\"article\" \/>\n<meta property=\"og:title\" content=\"Certifications\" \/>\n<meta property=\"og:description\" content=\"Certifications OEKO-TEX STANDARD 100 The Oeko-Tex STANDARD 100 guarantees the final product is completely free of toxic chemicals harmful to human health. Tested for up to 100 hazardous substances, all Oeko-Tex STANDARD 100 textiles are verified and certified by an independent third party. Suitable for adults, children, and babies, the textiles are also safe for [&hellip;]\" \/>\n<meta property=\"og:url\" content=\"https:\/\/homeofwool.com\/da\/certificeringer\/\" \/>\n<meta property=\"og:site_name\" content=\"Home of Wool\" \/>\n<meta property=\"article:publisher\" content=\"https:\/\/facebook.com\/HomeOfWoolOfficial\" \/>\n<meta property=\"article:modified_time\" content=\"2026-01-30T10:28:12+00:00\" \/>\n<meta property=\"og:image\" content=\"https:\/\/homeofwool.com\/wp-content\/uploads\/2025\/09\/Home-of-Wool-fabrics-and-wool-certifications.jpg\" \/>\n<meta name=\"twitter:card\" content=\"summary_large_image\" \/>\n<meta name=\"twitter:label1\" content=\"Estimeret l\u00e6setid\" \/>\n\t<meta name=\"twitter:data1\" content=\"2 minutter\" \/>\n<script type=\"application\/ld+json\" class=\"yoast-schema-graph\">{\"@context\":\"https:\\\/\\\/schema.org\",\"@graph\":[{\"@type\":\"WebPage\",\"@id\":\"https:\\\/\\\/homeofwool.com\\\/it\\\/certificazioni\\\/\",\"url\":\"https:\\\/\\\/homeofwool.com\\\/it\\\/certificazioni\\\/\",\"name\":\"Certifications | Home of Wool\",\"isPartOf\":{\"@id\":\"https:\\\/\\\/homeofwool.com\\\/#website\"},\"primaryImageOfPage\":{\"@id\":\"https:\\\/\\\/homeofwool.com\\\/it\\\/certificazioni\\\/#primaryimage\"},\"image\":{\"@id\":\"https:\\\/\\\/homeofwool.com\\\/it\\\/certificazioni\\\/#primaryimage\"},\"thumbnailUrl\":\"https:\\\/\\\/homeofwool.com\\\/wp-content\\\/uploads\\\/2025\\\/09\\\/Home-of-Wool-fabrics-and-wool-certifications.jpg\",\"datePublished\":\"2025-09-27T08:34:26+00:00\",\"dateModified\":\"2026-01-30T10:28:12+00:00\",\"breadcrumb\":{\"@id\":\"https:\\\/\\\/homeofwool.com\\\/it\\\/certificazioni\\\/#breadcrumb\"},\"inLanguage\":\"da-DK\",\"potentialAction\":[{\"@type\":\"ReadAction\",\"target\":[\"https:\\\/\\\/homeofwool.com\\\/it\\\/certificazioni\\\/\"]}]},{\"@type\":\"ImageObject\",\"inLanguage\":\"da-DK\",\"@id\":\"https:\\\/\\\/homeofwool.com\\\/it\\\/certificazioni\\\/#primaryimage\",\"url\":\"https:\\\/\\\/homeofwool.com\\\/wp-content\\\/uploads\\\/2025\\\/09\\\/Home-of-Wool-fabrics-and-wool-certifications.jpg\",\"contentUrl\":\"https:\\\/\\\/homeofwool.com\\\/wp-content\\\/uploads\\\/2025\\\/09\\\/Home-of-Wool-fabrics-and-wool-certifications.jpg\"},{\"@type\":\"BreadcrumbList\",\"@id\":\"https:\\\/\\\/homeofwool.com\\\/it\\\/certificazioni\\\/#breadcrumb\",\"itemListElement\":[{\"@type\":\"ListItem\",\"position\":1,\"name\":\"Home\",\"item\":\"https:\\\/\\\/homeofwool.com\\\/\"},{\"@type\":\"ListItem\",\"position\":2,\"name\":\"Certifications\"}]},{\"@type\":\"WebSite\",\"@id\":\"https:\\\/\\\/homeofwool.com\\\/#website\",\"url\":\"https:\\\/\\\/homeofwool.com\\\/\",\"name\":\"Home of Wool\",\"description\":\"\",\"publisher\":{\"@id\":\"https:\\\/\\\/homeofwool.com\\\/#organization\"},\"potentialAction\":[{\"@type\":\"SearchAction\",\"target\":{\"@type\":\"EntryPoint\",\"urlTemplate\":\"https:\\\/\\\/homeofwool.com\\\/?s={search_term_string}\"},\"query-input\":{\"@type\":\"PropertyValueSpecification\",\"valueRequired\":true,\"valueName\":\"search_term_string\"}}],\"inLanguage\":\"da-DK\"},{\"@type\":\"Organization\",\"@id\":\"https:\\\/\\\/homeofwool.com\\\/#organization\",\"name\":\"Home of Wool\",\"url\":\"https:\\\/\\\/homeofwool.com\\\/\",\"logo\":{\"@type\":\"ImageObject\",\"inLanguage\":\"da-DK\",\"@id\":\"https:\\\/\\\/homeofwool.com\\\/#\\\/schema\\\/logo\\\/image\\\/\",\"url\":\"https:\\\/\\\/homeofwool.com\\\/wp-content\\\/uploads\\\/2025\\\/09\\\/WhatsApp-Image-2025-12-02-at-16.23.20.jpeg\",\"contentUrl\":\"https:\\\/\\\/homeofwool.com\\\/wp-content\\\/uploads\\\/2025\\\/09\\\/WhatsApp-Image-2025-12-02-at-16.23.20.jpeg\",\"width\":700,\"height\":247,\"caption\":\"Home of Wool\"},\"image\":{\"@id\":\"https:\\\/\\\/homeofwool.com\\\/#\\\/schema\\\/logo\\\/image\\\/\"},\"sameAs\":[\"https:\\\/\\\/facebook.com\\\/HomeOfWoolOfficial\"]}]}<\/script>\n<!-- \/ Yoast SEO Premium plugin. -->","yoast_head_json":{"title":"Certificeringer | Home of Wool","robots":{"index":"index","follow":"follow","max-snippet":"max-snippet:-1","max-image-preview":"max-image-preview:large","max-video-preview":"max-video-preview:-1"},"canonical":"https:\/\/homeofwool.com\/da\/certificeringer\/","og_locale":"da_DK","og_type":"article","og_title":"Certifications","og_description":"Certifications OEKO-TEX STANDARD 100 The Oeko-Tex STANDARD 100 guarantees the final product is completely free of toxic chemicals harmful to human health. Tested for up to 100 hazardous substances, all Oeko-Tex STANDARD 100 textiles are verified and certified by an independent third party. Suitable for adults, children, and babies, the textiles are also safe for [&hellip;]","og_url":"https:\/\/homeofwool.com\/da\/certificeringer\/","og_site_name":"Home of Wool","article_publisher":"https:\/\/facebook.com\/HomeOfWoolOfficial","article_modified_time":"2026-01-30T10:28:12+00:00","og_image":[{"url":"https:\/\/homeofwool.com\/wp-content\/uploads\/2025\/09\/Home-of-Wool-fabrics-and-wool-certifications.jpg","type":"","width":"","height":""}],"twitter_card":"summary_large_image","twitter_misc":{"Estimeret l\u00e6setid":"2 minutter"},"schema":{"@context":"https:\/\/schema.org","@graph":[{"@type":"WebPage","@id":"https:\/\/homeofwool.com\/it\/certificazioni\/","url":"https:\/\/homeofwool.com\/it\/certificazioni\/","name":"Certificeringer | Home of Wool","isPartOf":{"@id":"https:\/\/homeofwool.com\/#website"},"primaryImageOfPage":{"@id":"https:\/\/homeofwool.com\/it\/certificazioni\/#primaryimage"},"image":{"@id":"https:\/\/homeofwool.com\/it\/certificazioni\/#primaryimage"},"thumbnailUrl":"https:\/\/homeofwool.com\/wp-content\/uploads\/2025\/09\/Home-of-Wool-fabrics-and-wool-certifications.jpg","datePublished":"2025-09-27T08:34:26+00:00","dateModified":"2026-01-30T10:28:12+00:00","breadcrumb":{"@id":"https:\/\/homeofwool.com\/it\/certificazioni\/#breadcrumb"},"inLanguage":"da-DK","potentialAction":[{"@type":"ReadAction","target":["https:\/\/homeofwool.com\/it\/certificazioni\/"]}]},{"@type":"ImageObject","inLanguage":"da-DK","@id":"https:\/\/homeofwool.com\/it\/certificazioni\/#primaryimage","url":"https:\/\/homeofwool.com\/wp-content\/uploads\/2025\/09\/Home-of-Wool-fabrics-and-wool-certifications.jpg","contentUrl":"https:\/\/homeofwool.com\/wp-content\/uploads\/2025\/09\/Home-of-Wool-fabrics-and-wool-certifications.jpg"},{"@type":"BreadcrumbList","@id":"https:\/\/homeofwool.com\/it\/certificazioni\/#breadcrumb","itemListElement":[{"@type":"ListItem","position":1,"name":"Home","item":"https:\/\/homeofwool.com\/"},{"@type":"ListItem","position":2,"name":"Certifications"}]},{"@type":"WebSite","@id":"https:\/\/homeofwool.com\/#website","url":"https:\/\/homeofwool.com\/","name":"Hjemsted for uld","description":"","publisher":{"@id":"https:\/\/homeofwool.com\/#organization"},"potentialAction":[{"@type":"SearchAction","target":{"@type":"EntryPoint","urlTemplate":"https:\/\/homeofwool.com\/?s={search_term_string}"},"query-input":{"@type":"PropertyValueSpecification","valueRequired":true,"valueName":"search_term_string"}}],"inLanguage":"da-DK"},{"@type":"Organization","@id":"https:\/\/homeofwool.com\/#organization","name":"Hjemsted for uld","url":"https:\/\/homeofwool.com\/","logo":{"@type":"ImageObject","inLanguage":"da-DK","@id":"https:\/\/homeofwool.com\/#\/schema\/logo\/image\/","url":"https:\/\/homeofwool.com\/wp-content\/uploads\/2025\/09\/WhatsApp-Image-2025-12-02-at-16.23.20.jpeg","contentUrl":"https:\/\/homeofwool.com\/wp-content\/uploads\/2025\/09\/WhatsApp-Image-2025-12-02-at-16.23.20.jpeg","width":700,"height":247,"caption":"Home of Wool"},"image":{"@id":"https:\/\/homeofwool.com\/#\/schema\/logo\/image\/"},"sameAs":["https:\/\/facebook.com\/HomeOfWoolOfficial"]}]}},"_links":{"self":[{"href":"https:\/\/homeofwool.com\/da\/wp-json\/wp\/v2\/pages\/220010","targetHints":{"allow":["GET"]}}],"collection":[{"href":"https:\/\/homeofwool.com\/da\/wp-json\/wp\/v2\/pages"}],"about":[{"href":"https:\/\/homeofwool.com\/da\/wp-json\/wp\/v2\/types\/page"}],"author":[{"embeddable":true,"href":"https:\/\/homeofwool.com\/da\/wp-json\/wp\/v2\/users\/1"}],"replies":[{"embeddable":true,"href":"https:\/\/homeofwool.com\/da\/wp-json\/wp\/v2\/comments?post=220010"}],"version-history":[{"count":6,"href":"https:\/\/homeofwool.com\/da\/wp-json\/wp\/v2\/pages\/220010\/revisions"}],"predecessor-version":[{"id":227824,"href":"https:\/\/homeofwool.com\/da\/wp-json\/wp\/v2\/pages\/220010\/revisions\/227824"}],"wp:attachment":[{"href":"https:\/\/homeofwool.com\/da\/wp-json\/wp\/v2\/media?parent=220010"}],"curies":[{"name":"wp","href":"https:\/\/api.w.org\/{rel}","templated":true}]}}